{"id":3849,"date":"2021-12-01T18:31:11","date_gmt":"2021-12-01T17:31:11","guid":{"rendered":"https:\/\/meozen.com\/fr\/?post_type=product&#038;p=3849"},"modified":"2023-06-17T02:39:19","modified_gmt":"2023-06-17T00:39:19","slug":"formation-100-heures-yin-yoga-bali","status":"publish","type":"product","link":"https:\/\/meozen.com\/fr\/produit\/formation-100-heures-yin-yoga-bali\/","title":{"rendered":"Formation 100 heures de Yin Yoga \u00e0 Bali"},"content":{"rendered":"<ul>\n<li>D\u00e9finition et th\u00e9orie du Yin Yoga<\/li>\n<li>Pratique de la pleine conscience en Yin Yoga<\/li>\n<li>Apprentissage des 35 poses de Yin Yoga<\/li>\n<li>L\u2019art d\u2019enseigner le Yin Yoga<\/li>\n<li>Th\u00e9rapie Yin<\/li>\n<li>Anatomie<\/li>\n<\/ul>\n","protected":false},"excerpt":{"rendered":"<p><strong style=\"font-size: 22px;\"> Une formation de Yin Yoga \u00e0 Ubud, Bali.<\/strong><\/p>\n<p>Cette formation de professeur est organis\u00e9e par Yin Yoga Therapy Teacher Training. Elle vous apportera une solide compr\u00e9hension du Yin Yoga afin de le pratiquer mais aussi de l\u2019enseigner. Vous allez vous concentrer sur la fa\u00e7on d&rsquo;int\u00e9grer les aspects th\u00e9rapeutiques et de pleine conscience qui font la particularit\u00e9 de ce style de yoga.<\/p>\n<p>Vous serez log\u00e9 12 nuits au Suly Resort and Spa, situ\u00e9 au milieu de magnifiques rizi\u00e8res balinaises et d&rsquo;une v\u00e9g\u00e9tation luxuriante. L\u2019\u00e9tablissement vous offrira le summum de la paix et de la tranquillit\u00e9. Il dispose d&rsquo;un restaurant v\u00e9g\u00e9talien\/v\u00e9g\u00e9tarien, de deux piscines, d&rsquo;un spa et de salles de yoga. Vous serez \u00e0 15 minutes de route de la for\u00eat des singes d&rsquo;Ubud et des lieux d\u2019int\u00e9r\u00eats comme les restaurants, les mus\u00e9es et les galeries d&rsquo;art.<\/p>\n<p><strong>Formation \u00e0 partir de 1399 euros.<\/strong><\/p>\n","protected":false},"featured_media":3858,"comment_status":"open","ping_status":"closed","template":"","meta":{"_mo_disable_npp":""},"product_brand":[],"product_cat":[82,131],"product_tag":[],"class_list":{"0":"post-3849","1":"product","2":"type-product","3":"status-publish","4":"has-post-thumbnail","6":"product_cat-formation-yin-yoga","7":"product_cat-formation-yoga","9":"first","10":"instock","11":"taxable","12":"shipping-taxable","13":"product-type-external"},"yoast_head":"<!-- This site is optimized with the Yoast SEO plugin v26.8 - https:\/\/yoast.com\/product\/yoast-seo-wordpress\/ -->\n<title>Formation 100 heures de Yin Yoga \u00e0 Bali<\/title>\n<meta name=\"description\" content=\"R\u00e9servez d\u00e8s maintenant votre Formation 100 heures de Yin Yoga \u00e0 Bali avec Meozen. \u00c9vadez-vous du quotidien avec ce s\u00e9jour unique. Dur\u00e9e, conditions, prix... Cliquez pour d\u00e9couvrir !\" \/>\n<meta name=\"robots\" content=\"index, follow, max-snippet:-1, max-image-preview:large, max-video-preview:-1\" \/>\n<link rel=\"canonical\" href=\"https:\/\/meozen.com\/fr\/produit\/formation-100-heures-yin-yoga-bali\/\" \/>\n<meta property=\"og:locale\" content=\"fr_FR\" \/>\n<meta property=\"og:type\" content=\"article\" \/>\n<meta property=\"og:title\" content=\"Formation 100 heures de Yin Yoga \u00e0 Bali\" \/>\n<meta property=\"og:description\" content=\"R\u00e9servez d\u00e8s maintenant votre Formation 100 heures de Yin Yoga \u00e0 Bali avec Meozen. \u00c9vadez-vous du quotidien avec ce s\u00e9jour unique. Dur\u00e9e, conditions, prix... Cliquez pour d\u00e9couvrir !\" \/>\n<meta property=\"og:url\" content=\"https:\/\/meozen.com\/fr\/produit\/formation-100-heures-yin-yoga-bali\/\" \/>\n<meta property=\"og:site_name\" content=\"Meozen - Votre portail bien-\u00eatre\" \/>\n<meta property=\"article:publisher\" content=\"https:\/\/www.facebook.com\/MeozenFr\/\" \/>\n<meta property=\"article:modified_time\" content=\"2023-06-17T00:39:19+00:00\" \/>\n<meta property=\"og:image\" content=\"https:\/\/meozen.com\/fr\/wp-content\/uploads\/sites\/2\/2021\/12\/formation-yin-yoga-therapy-100-heures-ubud-bali-1.jpg\" \/>\n\t<meta property=\"og:image:width\" content=\"653\" \/>\n\t<meta property=\"og:image:height\" content=\"490\" \/>\n\t<meta property=\"og:image:type\" content=\"image\/jpeg\" \/>\n<meta name=\"twitter:card\" content=\"summary_large_image\" \/>\n<script type=\"application\/ld+json\" class=\"yoast-schema-graph\">{\"@context\":\"https:\/\/schema.org\",\"@graph\":[{\"@type\":\"WebPage\",\"@id\":\"https:\/\/meozen.com\/fr\/produit\/formation-100-heures-yin-yoga-bali\/\",\"url\":\"https:\/\/meozen.com\/fr\/produit\/formation-100-heures-yin-yoga-bali\/\",\"name\":\"Formation 100 heures de Yin Yoga \u00e0 Bali\",\"isPartOf\":{\"@id\":\"https:\/\/meozen.com\/fr\/#website\"},\"primaryImageOfPage\":{\"@id\":\"https:\/\/meozen.com\/fr\/produit\/formation-100-heures-yin-yoga-bali\/#primaryimage\"},\"image\":{\"@id\":\"https:\/\/meozen.com\/fr\/produit\/formation-100-heures-yin-yoga-bali\/#primaryimage\"},\"thumbnailUrl\":\"https:\/\/meozen.com\/fr\/wp-content\/uploads\/sites\/2\/2021\/12\/formation-yin-yoga-therapy-100-heures-ubud-bali-1.jpg\",\"datePublished\":\"2021-12-01T17:31:11+00:00\",\"dateModified\":\"2023-06-17T00:39:19+00:00\",\"description\":\"R\u00e9servez d\u00e8s maintenant votre Formation 100 heures de Yin Yoga \u00e0 Bali avec Meozen. \u00c9vadez-vous du quotidien avec ce s\u00e9jour unique. Dur\u00e9e, conditions, prix... Cliquez pour d\u00e9couvrir !\",\"breadcrumb\":{\"@id\":\"https:\/\/meozen.com\/fr\/produit\/formation-100-heures-yin-yoga-bali\/#breadcrumb\"},\"inLanguage\":\"fr-FR\",\"potentialAction\":[{\"@type\":\"ReadAction\",\"target\":[\"https:\/\/meozen.com\/fr\/produit\/formation-100-heures-yin-yoga-bali\/\"]}]},{\"@type\":\"ImageObject\",\"inLanguage\":\"fr-FR\",\"@id\":\"https:\/\/meozen.com\/fr\/produit\/formation-100-heures-yin-yoga-bali\/#primaryimage\",\"url\":\"https:\/\/meozen.com\/fr\/wp-content\/uploads\/sites\/2\/2021\/12\/formation-yin-yoga-therapy-100-heures-ubud-bali-1.jpg\",\"contentUrl\":\"https:\/\/meozen.com\/fr\/wp-content\/uploads\/sites\/2\/2021\/12\/formation-yin-yoga-therapy-100-heures-ubud-bali-1.jpg\",\"width\":653,\"height\":490},{\"@type\":\"BreadcrumbList\",\"@id\":\"https:\/\/meozen.com\/fr\/produit\/formation-100-heures-yin-yoga-bali\/#breadcrumb\",\"itemListElement\":[{\"@type\":\"ListItem\",\"position\":1,\"name\":\"Accueil\",\"item\":\"https:\/\/meozen.com\/fr\/\"},{\"@type\":\"ListItem\",\"position\":2,\"name\":\"Boutique\",\"item\":\"https:\/\/meozen.com\/fr\/boutique\/\"},{\"@type\":\"ListItem\",\"position\":3,\"name\":\"Formation 100 heures de Yin Yoga \u00e0 Bali\"}]},{\"@type\":\"WebSite\",\"@id\":\"https:\/\/meozen.com\/fr\/#website\",\"url\":\"https:\/\/meozen.com\/fr\/\",\"name\":\"Meozen - Votre portail bien-\u00eatre\",\"description\":\"D\u00e9couvrez tout l&#039;univers du bien-\u00eatre, yoga, m\u00e9ditation, trouvez les meilleures retraites et formations bien-\u00eatre\",\"publisher\":{\"@id\":\"https:\/\/meozen.com\/fr\/#organization\"},\"potentialAction\":[{\"@type\":\"SearchAction\",\"target\":{\"@type\":\"EntryPoint\",\"urlTemplate\":\"https:\/\/meozen.com\/fr\/?s={search_term_string}\"},\"query-input\":{\"@type\":\"PropertyValueSpecification\",\"valueRequired\":true,\"valueName\":\"search_term_string\"}}],\"inLanguage\":\"fr-FR\"},{\"@type\":\"Organization\",\"@id\":\"https:\/\/meozen.com\/fr\/#organization\",\"name\":\"Meozen\",\"url\":\"https:\/\/meozen.com\/fr\/\",\"logo\":{\"@type\":\"ImageObject\",\"inLanguage\":\"fr-FR\",\"@id\":\"https:\/\/meozen.com\/fr\/#\/schema\/logo\/image\/\",\"url\":\"https:\/\/meozen.com\/fr\/wp-content\/uploads\/sites\/2\/2021\/06\/logo-meozen-push.jpg\",\"contentUrl\":\"https:\/\/meozen.com\/fr\/wp-content\/uploads\/sites\/2\/2021\/06\/logo-meozen-push.jpg\",\"width\":384,\"height\":384,\"caption\":\"Meozen\"},\"image\":{\"@id\":\"https:\/\/meozen.com\/fr\/#\/schema\/logo\/image\/\"},\"sameAs\":[\"https:\/\/www.facebook.com\/MeozenFr\/\",\"https:\/\/www.pinterest.fr\/meozen_officiel\/\",\"https:\/\/www.instagram.com\/meozen_officiel\/\"]}]}<\/script>\n<!-- \/ Yoast SEO plugin. -->","yoast_head_json":{"title":"Formation 100 heures de Yin Yoga \u00e0 Bali","description":"R\u00e9servez d\u00e8s maintenant votre Formation 100 heures de Yin Yoga \u00e0 Bali avec Meozen. \u00c9vadez-vous du quotidien avec ce s\u00e9jour unique. Dur\u00e9e, conditions, prix... Cliquez pour d\u00e9couvrir !","robots":{"index":"index","follow":"follow","max-snippet":"max-snippet:-1","max-image-preview":"max-image-preview:large","max-video-preview":"max-video-preview:-1"},"canonical":"https:\/\/meozen.com\/fr\/produit\/formation-100-heures-yin-yoga-bali\/","og_locale":"fr_FR","og_type":"article","og_title":"Formation 100 heures de Yin Yoga \u00e0 Bali","og_description":"R\u00e9servez d\u00e8s maintenant votre Formation 100 heures de Yin Yoga \u00e0 Bali avec Meozen. \u00c9vadez-vous du quotidien avec ce s\u00e9jour unique. Dur\u00e9e, conditions, prix... Cliquez pour d\u00e9couvrir !","og_url":"https:\/\/meozen.com\/fr\/produit\/formation-100-heures-yin-yoga-bali\/","og_site_name":"Meozen - Votre portail bien-\u00eatre","article_publisher":"https:\/\/www.facebook.com\/MeozenFr\/","article_modified_time":"2023-06-17T00:39:19+00:00","og_image":[{"width":653,"height":490,"url":"https:\/\/meozen.com\/fr\/wp-content\/uploads\/sites\/2\/2021\/12\/formation-yin-yoga-therapy-100-heures-ubud-bali-1.jpg","type":"image\/jpeg"}],"twitter_card":"summary_large_image","schema":{"@context":"https:\/\/schema.org","@graph":[{"@type":"WebPage","@id":"https:\/\/meozen.com\/fr\/produit\/formation-100-heures-yin-yoga-bali\/","url":"https:\/\/meozen.com\/fr\/produit\/formation-100-heures-yin-yoga-bali\/","name":"Formation 100 heures de Yin Yoga \u00e0 Bali","isPartOf":{"@id":"https:\/\/meozen.com\/fr\/#website"},"primaryImageOfPage":{"@id":"https:\/\/meozen.com\/fr\/produit\/formation-100-heures-yin-yoga-bali\/#primaryimage"},"image":{"@id":"https:\/\/meozen.com\/fr\/produit\/formation-100-heures-yin-yoga-bali\/#primaryimage"},"thumbnailUrl":"https:\/\/meozen.com\/fr\/wp-content\/uploads\/sites\/2\/2021\/12\/formation-yin-yoga-therapy-100-heures-ubud-bali-1.jpg","datePublished":"2021-12-01T17:31:11+00:00","dateModified":"2023-06-17T00:39:19+00:00","description":"R\u00e9servez d\u00e8s maintenant votre Formation 100 heures de Yin Yoga \u00e0 Bali avec Meozen. \u00c9vadez-vous du quotidien avec ce s\u00e9jour unique. Dur\u00e9e, conditions, prix... Cliquez pour d\u00e9couvrir !","breadcrumb":{"@id":"https:\/\/meozen.com\/fr\/produit\/formation-100-heures-yin-yoga-bali\/#breadcrumb"},"inLanguage":"fr-FR","potentialAction":[{"@type":"ReadAction","target":["https:\/\/meozen.com\/fr\/produit\/formation-100-heures-yin-yoga-bali\/"]}]},{"@type":"ImageObject","inLanguage":"fr-FR","@id":"https:\/\/meozen.com\/fr\/produit\/formation-100-heures-yin-yoga-bali\/#primaryimage","url":"https:\/\/meozen.com\/fr\/wp-content\/uploads\/sites\/2\/2021\/12\/formation-yin-yoga-therapy-100-heures-ubud-bali-1.jpg","contentUrl":"https:\/\/meozen.com\/fr\/wp-content\/uploads\/sites\/2\/2021\/12\/formation-yin-yoga-therapy-100-heures-ubud-bali-1.jpg","width":653,"height":490},{"@type":"BreadcrumbList","@id":"https:\/\/meozen.com\/fr\/produit\/formation-100-heures-yin-yoga-bali\/#breadcrumb","itemListElement":[{"@type":"ListItem","position":1,"name":"Accueil","item":"https:\/\/meozen.com\/fr\/"},{"@type":"ListItem","position":2,"name":"Boutique","item":"https:\/\/meozen.com\/fr\/boutique\/"},{"@type":"ListItem","position":3,"name":"Formation 100 heures de Yin Yoga \u00e0 Bali"}]},{"@type":"WebSite","@id":"https:\/\/meozen.com\/fr\/#website","url":"https:\/\/meozen.com\/fr\/","name":"Meozen - Votre portail bien-\u00eatre","description":"D\u00e9couvrez tout l&#039;univers du bien-\u00eatre, yoga, m\u00e9ditation, trouvez les meilleures retraites et formations bien-\u00eatre","publisher":{"@id":"https:\/\/meozen.com\/fr\/#organization"},"potentialAction":[{"@type":"SearchAction","target":{"@type":"EntryPoint","urlTemplate":"https:\/\/meozen.com\/fr\/?s={search_term_string}"},"query-input":{"@type":"PropertyValueSpecification","valueRequired":true,"valueName":"search_term_string"}}],"inLanguage":"fr-FR"},{"@type":"Organization","@id":"https:\/\/meozen.com\/fr\/#organization","name":"Meozen","url":"https:\/\/meozen.com\/fr\/","logo":{"@type":"ImageObject","inLanguage":"fr-FR","@id":"https:\/\/meozen.com\/fr\/#\/schema\/logo\/image\/","url":"https:\/\/meozen.com\/fr\/wp-content\/uploads\/sites\/2\/2021\/06\/logo-meozen-push.jpg","contentUrl":"https:\/\/meozen.com\/fr\/wp-content\/uploads\/sites\/2\/2021\/06\/logo-meozen-push.jpg","width":384,"height":384,"caption":"Meozen"},"image":{"@id":"https:\/\/meozen.com\/fr\/#\/schema\/logo\/image\/"},"sameAs":["https:\/\/www.facebook.com\/MeozenFr\/","https:\/\/www.pinterest.fr\/meozen_officiel\/","https:\/\/www.instagram.com\/meozen_officiel\/"]}]}},"_links":{"self":[{"href":"https:\/\/meozen.com\/fr\/wp-json\/wp\/v2\/product\/3849","targetHints":{"allow":["GET"]}}],"collection":[{"href":"https:\/\/meozen.com\/fr\/wp-json\/wp\/v2\/product"}],"about":[{"href":"https:\/\/meozen.com\/fr\/wp-json\/wp\/v2\/types\/product"}],"replies":[{"embeddable":true,"href":"https:\/\/meozen.com\/fr\/wp-json\/wp\/v2\/comments?post=3849"}],"wp:featuredmedia":[{"embeddable":true,"href":"https:\/\/meozen.com\/fr\/wp-json\/wp\/v2\/media\/3858"}],"wp:attachment":[{"href":"https:\/\/meozen.com\/fr\/wp-json\/wp\/v2\/media?parent=3849"}],"wp:term":[{"taxonomy":"product_brand","embeddable":true,"href":"https:\/\/meozen.com\/fr\/wp-json\/wp\/v2\/product_brand?post=3849"},{"taxonomy":"product_cat","embeddable":true,"href":"https:\/\/meozen.com\/fr\/wp-json\/wp\/v2\/product_cat?post=3849"},{"taxonomy":"product_tag","embeddable":true,"href":"https:\/\/meozen.com\/fr\/wp-json\/wp\/v2\/product_tag?post=3849"}],"curies":[{"name":"wp","href":"https:\/\/api.w.org\/{rel}","templated":true}]}}