{"id":4945,"date":"2022-09-14T14:52:11","date_gmt":"2022-09-14T12:52:11","guid":{"rendered":"https:\/\/meozen.com\/fr\/?post_type=product&#038;p=4945"},"modified":"2023-06-17T02:45:07","modified_gmt":"2023-06-17T00:45:07","slug":"retraite-tao-yoga-meditation-qigong-4-jours-3-nuits-en-ariege","status":"publish","type":"product","link":"https:\/\/meozen.com\/fr\/produit\/retraite-tao-yoga-meditation-qigong-4-jours-3-nuits-en-ariege\/","title":{"rendered":"Retraite Tao Yoga, M\u00e9ditation &#038; Qigong &#8211; 4 jours \/ 3 nuits en Ari\u00e8ge"},"content":{"rendered":"<ul>\n<li>Programme vari\u00e9 adapt\u00e9 \u00e0 tous les niveaux<\/li>\n<li>Deux s\u00e9ances de Tao Yoga, Qigong et M\u00e9ditation par jour d&rsquo;environ 90 minutes<\/li>\n<li>Un entretien pour d\u00e9terminer vos besoins et vos aspirations pour la retraite<\/li>\n<li>Petit d\u00e9jeuner, repas de midi et du soir tous les jours (normal, v\u00e9g\u00e9tarien, vegan ou sans gluten)<\/li>\n<\/ul>\n","protected":false},"excerpt":{"rendered":"<p><strong style=\"font-size: 22px;\">Une retraite de Tao Yoga, M\u00e9ditation &amp; Qigong en Ari\u00e8ge.<\/strong><\/p>\n<p>Prenez du temps pour vous et rejoignez cette retraite dans le sud de la France pour r\u00e9duire votre niveau de stress et augmenter votre niveau d&rsquo;\u00e9nergie ! \u00c0 long terme, les pratiques que vous apprendrez soutiendront votre clart\u00e9 et adouciront vos \u00e9motions, la bonne forme de votre corps physique.<\/p>\n<p>Vous serez h\u00e9berg\u00e9 durant 3 nuits dans une maison de ma\u00eetre r\u00e9nov\u00e9e, spacieuse et confortable. Situ\u00e9e dans la vall\u00e9e d&rsquo;Artillac, elle est compos\u00e9e de grandes chambres priv\u00e9es avec salle de bain attenante, de vues naturelles depuis toutes les chambres, d&rsquo;une biblioth\u00e8que, de deux salons et de deux salles \u00e0 manger. La rivi\u00e8re traverse le parc de la maison.<\/p>\n<p>Sur votre temps libre : balades dans la for\u00eat locale, sites historiques, march\u00e9s locaux. Des v\u00e9los sont \u00e0 disposition.<\/p>\n<p><strong> S\u00e9jour \u00e0 partir de 460 euros.<\/strong><\/p>\n","protected":false},"featured_media":4946,"comment_status":"open","ping_status":"closed","template":"","meta":{"_mo_disable_npp":""},"product_brand":[],"product_cat":[44,120,43,91],"product_tag":[],"class_list":{"0":"post-4945","1":"product","2":"type-product","3":"status-publish","4":"has-post-thumbnail","6":"product_cat-retraite-4-jours-yoga","7":"product_cat-retraite-yoga","8":"product_cat-retraite-yoga-france","9":"product_cat-retraite-yoga-occitanie","11":"first","12":"instock","13":"taxable","14":"shipping-taxable","15":"product-type-external"},"yoast_head":"<!-- This site is optimized with the Yoast SEO plugin v26.8 - https:\/\/yoast.com\/product\/yoast-seo-wordpress\/ -->\n<title>Retraite Tao Yoga, M\u00e9ditation &amp; Qigong - 4 jours \/ 3 nuits en Ari\u00e8ge<\/title>\n<meta name=\"description\" content=\"R\u00e9servez d\u00e8s maintenant votre Retraite Tao Yoga, M\u00e9ditation &amp; Qigong - 4 jours \/ 3 nuits en Ari\u00e8ge avec Meozen. \u00c9vadez-vous du quotidien avec ce s\u00e9jour unique. Dur\u00e9e, conditions, prix... Cliquez pour d\u00e9couvrir !\" \/>\n<meta name=\"robots\" content=\"index, follow, max-snippet:-1, max-image-preview:large, max-video-preview:-1\" \/>\n<link rel=\"canonical\" href=\"https:\/\/meozen.com\/fr\/produit\/retraite-tao-yoga-meditation-qigong-4-jours-3-nuits-en-ariege\/\" \/>\n<meta property=\"og:locale\" content=\"fr_FR\" \/>\n<meta property=\"og:type\" content=\"article\" \/>\n<meta property=\"og:title\" content=\"Retraite Tao Yoga, M\u00e9ditation &amp; Qigong - 4 jours \/ 3 nuits en Ari\u00e8ge\" \/>\n<meta property=\"og:description\" content=\"R\u00e9servez d\u00e8s maintenant votre Retraite Tao Yoga, M\u00e9ditation &amp; Qigong - 4 jours \/ 3 nuits en Ari\u00e8ge avec Meozen. \u00c9vadez-vous du quotidien avec ce s\u00e9jour unique. Dur\u00e9e, conditions, prix... Cliquez pour d\u00e9couvrir !\" \/>\n<meta property=\"og:url\" content=\"https:\/\/meozen.com\/fr\/produit\/retraite-tao-yoga-meditation-qigong-4-jours-3-nuits-en-ariege\/\" \/>\n<meta property=\"og:site_name\" content=\"Meozen - Votre portail bien-\u00eatre\" \/>\n<meta property=\"article:publisher\" content=\"https:\/\/www.facebook.com\/MeozenFr\/\" \/>\n<meta property=\"article:modified_time\" content=\"2023-06-17T00:45:07+00:00\" \/>\n<meta property=\"og:image\" content=\"https:\/\/meozen.com\/fr\/wp-content\/uploads\/sites\/2\/2022\/09\/tao-meditation-retraite-yoga-ariege-1.jpeg\" \/>\n\t<meta property=\"og:image:width\" content=\"653\" \/>\n\t<meta property=\"og:image:height\" content=\"490\" \/>\n\t<meta property=\"og:image:type\" content=\"image\/jpeg\" \/>\n<meta name=\"twitter:card\" content=\"summary_large_image\" \/>\n<meta name=\"twitter:label1\" content=\"Dur\u00e9e de lecture estim\u00e9e\" \/>\n\t<meta name=\"twitter:data1\" content=\"1 minute\" \/>\n<script type=\"application\/ld+json\" class=\"yoast-schema-graph\">{\"@context\":\"https:\/\/schema.org\",\"@graph\":[{\"@type\":\"WebPage\",\"@id\":\"https:\/\/meozen.com\/fr\/produit\/retraite-tao-yoga-meditation-qigong-4-jours-3-nuits-en-ariege\/\",\"url\":\"https:\/\/meozen.com\/fr\/produit\/retraite-tao-yoga-meditation-qigong-4-jours-3-nuits-en-ariege\/\",\"name\":\"Retraite Tao Yoga, M\u00e9ditation & Qigong - 4 jours \/ 3 nuits en Ari\u00e8ge\",\"isPartOf\":{\"@id\":\"https:\/\/meozen.com\/fr\/#website\"},\"primaryImageOfPage\":{\"@id\":\"https:\/\/meozen.com\/fr\/produit\/retraite-tao-yoga-meditation-qigong-4-jours-3-nuits-en-ariege\/#primaryimage\"},\"image\":{\"@id\":\"https:\/\/meozen.com\/fr\/produit\/retraite-tao-yoga-meditation-qigong-4-jours-3-nuits-en-ariege\/#primaryimage\"},\"thumbnailUrl\":\"https:\/\/meozen.com\/fr\/wp-content\/uploads\/sites\/2\/2022\/09\/tao-meditation-retraite-yoga-ariege-1.jpeg\",\"datePublished\":\"2022-09-14T12:52:11+00:00\",\"dateModified\":\"2023-06-17T00:45:07+00:00\",\"description\":\"R\u00e9servez d\u00e8s maintenant votre Retraite Tao Yoga, M\u00e9ditation & Qigong - 4 jours \/ 3 nuits en Ari\u00e8ge avec Meozen. \u00c9vadez-vous du quotidien avec ce s\u00e9jour unique. Dur\u00e9e, conditions, prix... Cliquez pour d\u00e9couvrir !\",\"breadcrumb\":{\"@id\":\"https:\/\/meozen.com\/fr\/produit\/retraite-tao-yoga-meditation-qigong-4-jours-3-nuits-en-ariege\/#breadcrumb\"},\"inLanguage\":\"fr-FR\",\"potentialAction\":[{\"@type\":\"ReadAction\",\"target\":[\"https:\/\/meozen.com\/fr\/produit\/retraite-tao-yoga-meditation-qigong-4-jours-3-nuits-en-ariege\/\"]}]},{\"@type\":\"ImageObject\",\"inLanguage\":\"fr-FR\",\"@id\":\"https:\/\/meozen.com\/fr\/produit\/retraite-tao-yoga-meditation-qigong-4-jours-3-nuits-en-ariege\/#primaryimage\",\"url\":\"https:\/\/meozen.com\/fr\/wp-content\/uploads\/sites\/2\/2022\/09\/tao-meditation-retraite-yoga-ariege-1.jpeg\",\"contentUrl\":\"https:\/\/meozen.com\/fr\/wp-content\/uploads\/sites\/2\/2022\/09\/tao-meditation-retraite-yoga-ariege-1.jpeg\",\"width\":653,\"height\":490},{\"@type\":\"BreadcrumbList\",\"@id\":\"https:\/\/meozen.com\/fr\/produit\/retraite-tao-yoga-meditation-qigong-4-jours-3-nuits-en-ariege\/#breadcrumb\",\"itemListElement\":[{\"@type\":\"ListItem\",\"position\":1,\"name\":\"Accueil\",\"item\":\"https:\/\/meozen.com\/fr\/\"},{\"@type\":\"ListItem\",\"position\":2,\"name\":\"Boutique\",\"item\":\"https:\/\/meozen.com\/fr\/boutique\/\"},{\"@type\":\"ListItem\",\"position\":3,\"name\":\"Retraite Tao Yoga, M\u00e9ditation &#038; Qigong &#8211; 4 jours \/ 3 nuits en Ari\u00e8ge\"}]},{\"@type\":\"WebSite\",\"@id\":\"https:\/\/meozen.com\/fr\/#website\",\"url\":\"https:\/\/meozen.com\/fr\/\",\"name\":\"Meozen - Votre portail bien-\u00eatre\",\"description\":\"D\u00e9couvrez tout l&#039;univers du bien-\u00eatre, yoga, m\u00e9ditation, trouvez les meilleures retraites et formations bien-\u00eatre\",\"publisher\":{\"@id\":\"https:\/\/meozen.com\/fr\/#organization\"},\"potentialAction\":[{\"@type\":\"SearchAction\",\"target\":{\"@type\":\"EntryPoint\",\"urlTemplate\":\"https:\/\/meozen.com\/fr\/?s={search_term_string}\"},\"query-input\":{\"@type\":\"PropertyValueSpecification\",\"valueRequired\":true,\"valueName\":\"search_term_string\"}}],\"inLanguage\":\"fr-FR\"},{\"@type\":\"Organization\",\"@id\":\"https:\/\/meozen.com\/fr\/#organization\",\"name\":\"Meozen\",\"url\":\"https:\/\/meozen.com\/fr\/\",\"logo\":{\"@type\":\"ImageObject\",\"inLanguage\":\"fr-FR\",\"@id\":\"https:\/\/meozen.com\/fr\/#\/schema\/logo\/image\/\",\"url\":\"https:\/\/meozen.com\/fr\/wp-content\/uploads\/sites\/2\/2021\/06\/logo-meozen-push.jpg\",\"contentUrl\":\"https:\/\/meozen.com\/fr\/wp-content\/uploads\/sites\/2\/2021\/06\/logo-meozen-push.jpg\",\"width\":384,\"height\":384,\"caption\":\"Meozen\"},\"image\":{\"@id\":\"https:\/\/meozen.com\/fr\/#\/schema\/logo\/image\/\"},\"sameAs\":[\"https:\/\/www.facebook.com\/MeozenFr\/\",\"https:\/\/www.pinterest.fr\/meozen_officiel\/\",\"https:\/\/www.instagram.com\/meozen_officiel\/\"]}]}<\/script>\n<!-- \/ Yoast SEO plugin. -->","yoast_head_json":{"title":"Retraite Tao Yoga, M\u00e9ditation & Qigong - 4 jours \/ 3 nuits en Ari\u00e8ge","description":"R\u00e9servez d\u00e8s maintenant votre Retraite Tao Yoga, M\u00e9ditation & Qigong - 4 jours \/ 3 nuits en Ari\u00e8ge avec Meozen. \u00c9vadez-vous du quotidien avec ce s\u00e9jour unique. Dur\u00e9e, conditions, prix... Cliquez pour d\u00e9couvrir !","robots":{"index":"index","follow":"follow","max-snippet":"max-snippet:-1","max-image-preview":"max-image-preview:large","max-video-preview":"max-video-preview:-1"},"canonical":"https:\/\/meozen.com\/fr\/produit\/retraite-tao-yoga-meditation-qigong-4-jours-3-nuits-en-ariege\/","og_locale":"fr_FR","og_type":"article","og_title":"Retraite Tao Yoga, M\u00e9ditation & Qigong - 4 jours \/ 3 nuits en Ari\u00e8ge","og_description":"R\u00e9servez d\u00e8s maintenant votre Retraite Tao Yoga, M\u00e9ditation & Qigong - 4 jours \/ 3 nuits en Ari\u00e8ge avec Meozen. \u00c9vadez-vous du quotidien avec ce s\u00e9jour unique. Dur\u00e9e, conditions, prix... Cliquez pour d\u00e9couvrir !","og_url":"https:\/\/meozen.com\/fr\/produit\/retraite-tao-yoga-meditation-qigong-4-jours-3-nuits-en-ariege\/","og_site_name":"Meozen - Votre portail bien-\u00eatre","article_publisher":"https:\/\/www.facebook.com\/MeozenFr\/","article_modified_time":"2023-06-17T00:45:07+00:00","og_image":[{"width":653,"height":490,"url":"https:\/\/meozen.com\/fr\/wp-content\/uploads\/sites\/2\/2022\/09\/tao-meditation-retraite-yoga-ariege-1.jpeg","type":"image\/jpeg"}],"twitter_card":"summary_large_image","twitter_misc":{"Dur\u00e9e de lecture estim\u00e9e":"1 minute"},"schema":{"@context":"https:\/\/schema.org","@graph":[{"@type":"WebPage","@id":"https:\/\/meozen.com\/fr\/produit\/retraite-tao-yoga-meditation-qigong-4-jours-3-nuits-en-ariege\/","url":"https:\/\/meozen.com\/fr\/produit\/retraite-tao-yoga-meditation-qigong-4-jours-3-nuits-en-ariege\/","name":"Retraite Tao Yoga, M\u00e9ditation & Qigong - 4 jours \/ 3 nuits en Ari\u00e8ge","isPartOf":{"@id":"https:\/\/meozen.com\/fr\/#website"},"primaryImageOfPage":{"@id":"https:\/\/meozen.com\/fr\/produit\/retraite-tao-yoga-meditation-qigong-4-jours-3-nuits-en-ariege\/#primaryimage"},"image":{"@id":"https:\/\/meozen.com\/fr\/produit\/retraite-tao-yoga-meditation-qigong-4-jours-3-nuits-en-ariege\/#primaryimage"},"thumbnailUrl":"https:\/\/meozen.com\/fr\/wp-content\/uploads\/sites\/2\/2022\/09\/tao-meditation-retraite-yoga-ariege-1.jpeg","datePublished":"2022-09-14T12:52:11+00:00","dateModified":"2023-06-17T00:45:07+00:00","description":"R\u00e9servez d\u00e8s maintenant votre Retraite Tao Yoga, M\u00e9ditation & Qigong - 4 jours \/ 3 nuits en Ari\u00e8ge avec Meozen. \u00c9vadez-vous du quotidien avec ce s\u00e9jour unique. Dur\u00e9e, conditions, prix... Cliquez pour d\u00e9couvrir !","breadcrumb":{"@id":"https:\/\/meozen.com\/fr\/produit\/retraite-tao-yoga-meditation-qigong-4-jours-3-nuits-en-ariege\/#breadcrumb"},"inLanguage":"fr-FR","potentialAction":[{"@type":"ReadAction","target":["https:\/\/meozen.com\/fr\/produit\/retraite-tao-yoga-meditation-qigong-4-jours-3-nuits-en-ariege\/"]}]},{"@type":"ImageObject","inLanguage":"fr-FR","@id":"https:\/\/meozen.com\/fr\/produit\/retraite-tao-yoga-meditation-qigong-4-jours-3-nuits-en-ariege\/#primaryimage","url":"https:\/\/meozen.com\/fr\/wp-content\/uploads\/sites\/2\/2022\/09\/tao-meditation-retraite-yoga-ariege-1.jpeg","contentUrl":"https:\/\/meozen.com\/fr\/wp-content\/uploads\/sites\/2\/2022\/09\/tao-meditation-retraite-yoga-ariege-1.jpeg","width":653,"height":490},{"@type":"BreadcrumbList","@id":"https:\/\/meozen.com\/fr\/produit\/retraite-tao-yoga-meditation-qigong-4-jours-3-nuits-en-ariege\/#breadcrumb","itemListElement":[{"@type":"ListItem","position":1,"name":"Accueil","item":"https:\/\/meozen.com\/fr\/"},{"@type":"ListItem","position":2,"name":"Boutique","item":"https:\/\/meozen.com\/fr\/boutique\/"},{"@type":"ListItem","position":3,"name":"Retraite Tao Yoga, M\u00e9ditation &#038; Qigong &#8211; 4 jours \/ 3 nuits en Ari\u00e8ge"}]},{"@type":"WebSite","@id":"https:\/\/meozen.com\/fr\/#website","url":"https:\/\/meozen.com\/fr\/","name":"Meozen - Votre portail bien-\u00eatre","description":"D\u00e9couvrez tout l&#039;univers du bien-\u00eatre, yoga, m\u00e9ditation, trouvez les meilleures retraites et formations bien-\u00eatre","publisher":{"@id":"https:\/\/meozen.com\/fr\/#organization"},"potentialAction":[{"@type":"SearchAction","target":{"@type":"EntryPoint","urlTemplate":"https:\/\/meozen.com\/fr\/?s={search_term_string}"},"query-input":{"@type":"PropertyValueSpecification","valueRequired":true,"valueName":"search_term_string"}}],"inLanguage":"fr-FR"},{"@type":"Organization","@id":"https:\/\/meozen.com\/fr\/#organization","name":"Meozen","url":"https:\/\/meozen.com\/fr\/","logo":{"@type":"ImageObject","inLanguage":"fr-FR","@id":"https:\/\/meozen.com\/fr\/#\/schema\/logo\/image\/","url":"https:\/\/meozen.com\/fr\/wp-content\/uploads\/sites\/2\/2021\/06\/logo-meozen-push.jpg","contentUrl":"https:\/\/meozen.com\/fr\/wp-content\/uploads\/sites\/2\/2021\/06\/logo-meozen-push.jpg","width":384,"height":384,"caption":"Meozen"},"image":{"@id":"https:\/\/meozen.com\/fr\/#\/schema\/logo\/image\/"},"sameAs":["https:\/\/www.facebook.com\/MeozenFr\/","https:\/\/www.pinterest.fr\/meozen_officiel\/","https:\/\/www.instagram.com\/meozen_officiel\/"]}]}},"_links":{"self":[{"href":"https:\/\/meozen.com\/fr\/wp-json\/wp\/v2\/product\/4945","targetHints":{"allow":["GET"]}}],"collection":[{"href":"https:\/\/meozen.com\/fr\/wp-json\/wp\/v2\/product"}],"about":[{"href":"https:\/\/meozen.com\/fr\/wp-json\/wp\/v2\/types\/product"}],"replies":[{"embeddable":true,"href":"https:\/\/meozen.com\/fr\/wp-json\/wp\/v2\/comments?post=4945"}],"wp:featuredmedia":[{"embeddable":true,"href":"https:\/\/meozen.com\/fr\/wp-json\/wp\/v2\/media\/4946"}],"wp:attachment":[{"href":"https:\/\/meozen.com\/fr\/wp-json\/wp\/v2\/media?parent=4945"}],"wp:term":[{"taxonomy":"product_brand","embeddable":true,"href":"https:\/\/meozen.com\/fr\/wp-json\/wp\/v2\/product_brand?post=4945"},{"taxonomy":"product_cat","embeddable":true,"href":"https:\/\/meozen.com\/fr\/wp-json\/wp\/v2\/product_cat?post=4945"},{"taxonomy":"product_tag","embeddable":true,"href":"https:\/\/meozen.com\/fr\/wp-json\/wp\/v2\/product_tag?post=4945"}],"curies":[{"name":"wp","href":"https:\/\/api.w.org\/{rel}","templated":true}]}}