{"id":5082,"date":"2022-10-12T16:09:13","date_gmt":"2022-10-12T14:09:13","guid":{"rendered":"https:\/\/meozen.com\/fr\/?post_type=product&#038;p=5082"},"modified":"2023-06-27T21:17:23","modified_gmt":"2023-06-27T19:17:23","slug":"ytt-200-heures-a-saint-martin-caraibes","status":"publish","type":"product","link":"https:\/\/meozen.com\/fr\/produit\/ytt-200-heures-a-saint-martin-caraibes\/","title":{"rendered":"YTT 200 heures \u00e0 Saint-Martin, Cara\u00efbes"},"content":{"rendered":"<ul>\n<li>Cours d&rsquo;asanas et de philosophie du yoga donn\u00e9s par des professeurs indiens<\/li>\n<li>Suivi individuel des progr\u00e8s<\/li>\n<li>Mat\u00e9riel de cours, pot neti et tapis de yoga fournis<\/li>\n<li>Atelier d\u00e9couverte kin\u00e9siologie \/anatomie \u00e9motionnelle (en option)<\/li>\n<li>Excursions et pique-niques<\/li>\n<li>Pension compl\u00e8te : 3 repas v\u00e9g\u00e9tariens tous les jours<\/li>\n<li>21 nuits d&rsquo;h\u00e9bergement<\/li>\n<li>Tous niveaux<\/li>\n<li>12 participants maximum<\/li>\n<li>Cours en fran\u00e7ais et\/ou en anglais<\/li>\n<\/ul>\n","protected":false},"excerpt":{"rendered":"<p><strong style=\"font-size: 22px;\"> Une formation de yoga \u00e0 Saint-Martin, proche de la Guadeloupe.<\/strong><\/p>\n<p>D\u00e9couvrez cette formation de Professeur de Yoga (200 heures) de trois semaines intensives dans les Cara\u00efbes !<\/p>\n<p>Au programme de la formation donn\u00e9e par Coinspire : asanas, pranayamas, mantras, cours d&rsquo;anatomie et de physiologie, Karma Yoga, philosophie, m\u00e9ditation et bien s\u00fbr m\u00e9thodologie p\u00e9dagogique afin d&rsquo;apprendre l&rsquo;art d&rsquo;enseigner.<\/p>\n<p>Une option de cours \u00ab\u00a0Anatomie \u00e9motionnelle et intelligence bas\u00e9es sur le test de kin\u00e9siologie\u00a0\u00bb est disponible.<\/p>\n<p>Vous serez h\u00e9berg\u00e9 dans une chaleureuse maison tropicale en bois et immerg\u00e9e dans la verdure. Les chambres sont partag\u00e9es (2 \u00e9tudiants) ou individuelles sur demande.<\/p>\n<p>Les samedi apr\u00e8s-midi et les dimanche sont des journ\u00e9es libres. Vous aurez ainsi la possibilit\u00e9 de faire des excursions culturelles et des promenades sur les plages de sable blanc.<\/p>\n<p><strong>Formation \u00e0 partir de 2650 euros.<\/strong><\/p>\n","protected":false},"featured_media":5083,"comment_status":"open","ping_status":"closed","template":"","meta":{"_mo_disable_npp":""},"product_brand":[],"product_cat":[131,32,140,95],"product_tag":[],"class_list":{"0":"post-5082","1":"product","2":"type-product","3":"status-publish","4":"has-post-thumbnail","6":"product_cat-formation-yoga","7":"product_cat-formation-ytt-200","8":"product_cat-ytt","9":"product_cat-ytt-200-caraibes","11":"first","12":"instock","13":"taxable","14":"shipping-taxable","15":"product-type-external"},"yoast_head":"<!-- This site is optimized with the Yoast SEO plugin v26.8 - https:\/\/yoast.com\/product\/yoast-seo-wordpress\/ -->\n<title>YTT 200 heures \u00e0 Saint-Martin, Cara\u00efbes<\/title>\n<meta name=\"description\" content=\"R\u00e9servez d\u00e8s maintenant votre YTT 200 heures \u00e0 Saint-Martin, Cara\u00efbes avec Meozen. \u00c9vadez-vous du quotidien avec ce s\u00e9jour unique. Dur\u00e9e, conditions, prix... Cliquez pour d\u00e9couvrir !\" \/>\n<meta name=\"robots\" content=\"index, follow, max-snippet:-1, max-image-preview:large, max-video-preview:-1\" \/>\n<link rel=\"canonical\" href=\"https:\/\/meozen.com\/fr\/produit\/ytt-200-heures-a-saint-martin-caraibes\/\" \/>\n<meta property=\"og:locale\" content=\"fr_FR\" \/>\n<meta property=\"og:type\" content=\"article\" \/>\n<meta property=\"og:title\" content=\"YTT 200 heures \u00e0 Saint-Martin, Cara\u00efbes\" \/>\n<meta property=\"og:description\" content=\"R\u00e9servez d\u00e8s maintenant votre YTT 200 heures \u00e0 Saint-Martin, Cara\u00efbes avec Meozen. \u00c9vadez-vous du quotidien avec ce s\u00e9jour unique. Dur\u00e9e, conditions, prix... Cliquez pour d\u00e9couvrir !\" \/>\n<meta property=\"og:url\" content=\"https:\/\/meozen.com\/fr\/produit\/ytt-200-heures-a-saint-martin-caraibes\/\" \/>\n<meta property=\"og:site_name\" content=\"Meozen - Votre portail bien-\u00eatre\" \/>\n<meta property=\"article:publisher\" content=\"https:\/\/www.facebook.com\/MeozenFr\/\" \/>\n<meta property=\"article:modified_time\" content=\"2023-06-27T19:17:23+00:00\" \/>\n<meta property=\"og:image\" content=\"https:\/\/meozen.com\/fr\/wp-content\/uploads\/sites\/2\/2022\/10\/coinspire-ytt-200-saint-martin-1.jpeg\" \/>\n\t<meta property=\"og:image:width\" content=\"653\" \/>\n\t<meta property=\"og:image:height\" content=\"490\" \/>\n\t<meta property=\"og:image:type\" content=\"image\/jpeg\" \/>\n<meta name=\"twitter:card\" content=\"summary_large_image\" \/>\n<meta name=\"twitter:label1\" content=\"Dur\u00e9e de lecture estim\u00e9e\" \/>\n\t<meta name=\"twitter:data1\" content=\"1 minute\" \/>\n<script type=\"application\/ld+json\" class=\"yoast-schema-graph\">{\"@context\":\"https:\/\/schema.org\",\"@graph\":[{\"@type\":\"WebPage\",\"@id\":\"https:\/\/meozen.com\/fr\/produit\/ytt-200-heures-a-saint-martin-caraibes\/\",\"url\":\"https:\/\/meozen.com\/fr\/produit\/ytt-200-heures-a-saint-martin-caraibes\/\",\"name\":\"YTT 200 heures \u00e0 Saint-Martin, Cara\u00efbes\",\"isPartOf\":{\"@id\":\"https:\/\/meozen.com\/fr\/#website\"},\"primaryImageOfPage\":{\"@id\":\"https:\/\/meozen.com\/fr\/produit\/ytt-200-heures-a-saint-martin-caraibes\/#primaryimage\"},\"image\":{\"@id\":\"https:\/\/meozen.com\/fr\/produit\/ytt-200-heures-a-saint-martin-caraibes\/#primaryimage\"},\"thumbnailUrl\":\"https:\/\/meozen.com\/fr\/wp-content\/uploads\/sites\/2\/2022\/10\/coinspire-ytt-200-saint-martin-1.jpeg\",\"datePublished\":\"2022-10-12T14:09:13+00:00\",\"dateModified\":\"2023-06-27T19:17:23+00:00\",\"description\":\"R\u00e9servez d\u00e8s maintenant votre YTT 200 heures \u00e0 Saint-Martin, Cara\u00efbes avec Meozen. \u00c9vadez-vous du quotidien avec ce s\u00e9jour unique. Dur\u00e9e, conditions, prix... Cliquez pour d\u00e9couvrir !\",\"breadcrumb\":{\"@id\":\"https:\/\/meozen.com\/fr\/produit\/ytt-200-heures-a-saint-martin-caraibes\/#breadcrumb\"},\"inLanguage\":\"fr-FR\",\"potentialAction\":[{\"@type\":\"ReadAction\",\"target\":[\"https:\/\/meozen.com\/fr\/produit\/ytt-200-heures-a-saint-martin-caraibes\/\"]}]},{\"@type\":\"ImageObject\",\"inLanguage\":\"fr-FR\",\"@id\":\"https:\/\/meozen.com\/fr\/produit\/ytt-200-heures-a-saint-martin-caraibes\/#primaryimage\",\"url\":\"https:\/\/meozen.com\/fr\/wp-content\/uploads\/sites\/2\/2022\/10\/coinspire-ytt-200-saint-martin-1.jpeg\",\"contentUrl\":\"https:\/\/meozen.com\/fr\/wp-content\/uploads\/sites\/2\/2022\/10\/coinspire-ytt-200-saint-martin-1.jpeg\",\"width\":653,\"height\":490},{\"@type\":\"BreadcrumbList\",\"@id\":\"https:\/\/meozen.com\/fr\/produit\/ytt-200-heures-a-saint-martin-caraibes\/#breadcrumb\",\"itemListElement\":[{\"@type\":\"ListItem\",\"position\":1,\"name\":\"Accueil\",\"item\":\"https:\/\/meozen.com\/fr\/\"},{\"@type\":\"ListItem\",\"position\":2,\"name\":\"Boutique\",\"item\":\"https:\/\/meozen.com\/fr\/boutique\/\"},{\"@type\":\"ListItem\",\"position\":3,\"name\":\"YTT 200 heures \u00e0 Saint-Martin, Cara\u00efbes\"}]},{\"@type\":\"WebSite\",\"@id\":\"https:\/\/meozen.com\/fr\/#website\",\"url\":\"https:\/\/meozen.com\/fr\/\",\"name\":\"Meozen - Votre portail bien-\u00eatre\",\"description\":\"D\u00e9couvrez tout l&#039;univers du bien-\u00eatre, yoga, m\u00e9ditation, trouvez les meilleures retraites et formations bien-\u00eatre\",\"publisher\":{\"@id\":\"https:\/\/meozen.com\/fr\/#organization\"},\"potentialAction\":[{\"@type\":\"SearchAction\",\"target\":{\"@type\":\"EntryPoint\",\"urlTemplate\":\"https:\/\/meozen.com\/fr\/?s={search_term_string}\"},\"query-input\":{\"@type\":\"PropertyValueSpecification\",\"valueRequired\":true,\"valueName\":\"search_term_string\"}}],\"inLanguage\":\"fr-FR\"},{\"@type\":\"Organization\",\"@id\":\"https:\/\/meozen.com\/fr\/#organization\",\"name\":\"Meozen\",\"url\":\"https:\/\/meozen.com\/fr\/\",\"logo\":{\"@type\":\"ImageObject\",\"inLanguage\":\"fr-FR\",\"@id\":\"https:\/\/meozen.com\/fr\/#\/schema\/logo\/image\/\",\"url\":\"https:\/\/meozen.com\/fr\/wp-content\/uploads\/sites\/2\/2021\/06\/logo-meozen-push.jpg\",\"contentUrl\":\"https:\/\/meozen.com\/fr\/wp-content\/uploads\/sites\/2\/2021\/06\/logo-meozen-push.jpg\",\"width\":384,\"height\":384,\"caption\":\"Meozen\"},\"image\":{\"@id\":\"https:\/\/meozen.com\/fr\/#\/schema\/logo\/image\/\"},\"sameAs\":[\"https:\/\/www.facebook.com\/MeozenFr\/\",\"https:\/\/www.pinterest.fr\/meozen_officiel\/\",\"https:\/\/www.instagram.com\/meozen_officiel\/\"]}]}<\/script>\n<!-- \/ Yoast SEO plugin. -->","yoast_head_json":{"title":"YTT 200 heures \u00e0 Saint-Martin, Cara\u00efbes","description":"R\u00e9servez d\u00e8s maintenant votre YTT 200 heures \u00e0 Saint-Martin, Cara\u00efbes avec Meozen. \u00c9vadez-vous du quotidien avec ce s\u00e9jour unique. Dur\u00e9e, conditions, prix... Cliquez pour d\u00e9couvrir !","robots":{"index":"index","follow":"follow","max-snippet":"max-snippet:-1","max-image-preview":"max-image-preview:large","max-video-preview":"max-video-preview:-1"},"canonical":"https:\/\/meozen.com\/fr\/produit\/ytt-200-heures-a-saint-martin-caraibes\/","og_locale":"fr_FR","og_type":"article","og_title":"YTT 200 heures \u00e0 Saint-Martin, Cara\u00efbes","og_description":"R\u00e9servez d\u00e8s maintenant votre YTT 200 heures \u00e0 Saint-Martin, Cara\u00efbes avec Meozen. \u00c9vadez-vous du quotidien avec ce s\u00e9jour unique. Dur\u00e9e, conditions, prix... Cliquez pour d\u00e9couvrir !","og_url":"https:\/\/meozen.com\/fr\/produit\/ytt-200-heures-a-saint-martin-caraibes\/","og_site_name":"Meozen - Votre portail bien-\u00eatre","article_publisher":"https:\/\/www.facebook.com\/MeozenFr\/","article_modified_time":"2023-06-27T19:17:23+00:00","og_image":[{"width":653,"height":490,"url":"https:\/\/meozen.com\/fr\/wp-content\/uploads\/sites\/2\/2022\/10\/coinspire-ytt-200-saint-martin-1.jpeg","type":"image\/jpeg"}],"twitter_card":"summary_large_image","twitter_misc":{"Dur\u00e9e de lecture estim\u00e9e":"1 minute"},"schema":{"@context":"https:\/\/schema.org","@graph":[{"@type":"WebPage","@id":"https:\/\/meozen.com\/fr\/produit\/ytt-200-heures-a-saint-martin-caraibes\/","url":"https:\/\/meozen.com\/fr\/produit\/ytt-200-heures-a-saint-martin-caraibes\/","name":"YTT 200 heures \u00e0 Saint-Martin, Cara\u00efbes","isPartOf":{"@id":"https:\/\/meozen.com\/fr\/#website"},"primaryImageOfPage":{"@id":"https:\/\/meozen.com\/fr\/produit\/ytt-200-heures-a-saint-martin-caraibes\/#primaryimage"},"image":{"@id":"https:\/\/meozen.com\/fr\/produit\/ytt-200-heures-a-saint-martin-caraibes\/#primaryimage"},"thumbnailUrl":"https:\/\/meozen.com\/fr\/wp-content\/uploads\/sites\/2\/2022\/10\/coinspire-ytt-200-saint-martin-1.jpeg","datePublished":"2022-10-12T14:09:13+00:00","dateModified":"2023-06-27T19:17:23+00:00","description":"R\u00e9servez d\u00e8s maintenant votre YTT 200 heures \u00e0 Saint-Martin, Cara\u00efbes avec Meozen. \u00c9vadez-vous du quotidien avec ce s\u00e9jour unique. Dur\u00e9e, conditions, prix... Cliquez pour d\u00e9couvrir !","breadcrumb":{"@id":"https:\/\/meozen.com\/fr\/produit\/ytt-200-heures-a-saint-martin-caraibes\/#breadcrumb"},"inLanguage":"fr-FR","potentialAction":[{"@type":"ReadAction","target":["https:\/\/meozen.com\/fr\/produit\/ytt-200-heures-a-saint-martin-caraibes\/"]}]},{"@type":"ImageObject","inLanguage":"fr-FR","@id":"https:\/\/meozen.com\/fr\/produit\/ytt-200-heures-a-saint-martin-caraibes\/#primaryimage","url":"https:\/\/meozen.com\/fr\/wp-content\/uploads\/sites\/2\/2022\/10\/coinspire-ytt-200-saint-martin-1.jpeg","contentUrl":"https:\/\/meozen.com\/fr\/wp-content\/uploads\/sites\/2\/2022\/10\/coinspire-ytt-200-saint-martin-1.jpeg","width":653,"height":490},{"@type":"BreadcrumbList","@id":"https:\/\/meozen.com\/fr\/produit\/ytt-200-heures-a-saint-martin-caraibes\/#breadcrumb","itemListElement":[{"@type":"ListItem","position":1,"name":"Accueil","item":"https:\/\/meozen.com\/fr\/"},{"@type":"ListItem","position":2,"name":"Boutique","item":"https:\/\/meozen.com\/fr\/boutique\/"},{"@type":"ListItem","position":3,"name":"YTT 200 heures \u00e0 Saint-Martin, Cara\u00efbes"}]},{"@type":"WebSite","@id":"https:\/\/meozen.com\/fr\/#website","url":"https:\/\/meozen.com\/fr\/","name":"Meozen - Votre portail bien-\u00eatre","description":"D\u00e9couvrez tout l&#039;univers du bien-\u00eatre, yoga, m\u00e9ditation, trouvez les meilleures retraites et formations bien-\u00eatre","publisher":{"@id":"https:\/\/meozen.com\/fr\/#organization"},"potentialAction":[{"@type":"SearchAction","target":{"@type":"EntryPoint","urlTemplate":"https:\/\/meozen.com\/fr\/?s={search_term_string}"},"query-input":{"@type":"PropertyValueSpecification","valueRequired":true,"valueName":"search_term_string"}}],"inLanguage":"fr-FR"},{"@type":"Organization","@id":"https:\/\/meozen.com\/fr\/#organization","name":"Meozen","url":"https:\/\/meozen.com\/fr\/","logo":{"@type":"ImageObject","inLanguage":"fr-FR","@id":"https:\/\/meozen.com\/fr\/#\/schema\/logo\/image\/","url":"https:\/\/meozen.com\/fr\/wp-content\/uploads\/sites\/2\/2021\/06\/logo-meozen-push.jpg","contentUrl":"https:\/\/meozen.com\/fr\/wp-content\/uploads\/sites\/2\/2021\/06\/logo-meozen-push.jpg","width":384,"height":384,"caption":"Meozen"},"image":{"@id":"https:\/\/meozen.com\/fr\/#\/schema\/logo\/image\/"},"sameAs":["https:\/\/www.facebook.com\/MeozenFr\/","https:\/\/www.pinterest.fr\/meozen_officiel\/","https:\/\/www.instagram.com\/meozen_officiel\/"]}]}},"_links":{"self":[{"href":"https:\/\/meozen.com\/fr\/wp-json\/wp\/v2\/product\/5082","targetHints":{"allow":["GET"]}}],"collection":[{"href":"https:\/\/meozen.com\/fr\/wp-json\/wp\/v2\/product"}],"about":[{"href":"https:\/\/meozen.com\/fr\/wp-json\/wp\/v2\/types\/product"}],"replies":[{"embeddable":true,"href":"https:\/\/meozen.com\/fr\/wp-json\/wp\/v2\/comments?post=5082"}],"wp:featuredmedia":[{"embeddable":true,"href":"https:\/\/meozen.com\/fr\/wp-json\/wp\/v2\/media\/5083"}],"wp:attachment":[{"href":"https:\/\/meozen.com\/fr\/wp-json\/wp\/v2\/media?parent=5082"}],"wp:term":[{"taxonomy":"product_brand","embeddable":true,"href":"https:\/\/meozen.com\/fr\/wp-json\/wp\/v2\/product_brand?post=5082"},{"taxonomy":"product_cat","embeddable":true,"href":"https:\/\/meozen.com\/fr\/wp-json\/wp\/v2\/product_cat?post=5082"},{"taxonomy":"product_tag","embeddable":true,"href":"https:\/\/meozen.com\/fr\/wp-json\/wp\/v2\/product_tag?post=5082"}],"curies":[{"name":"wp","href":"https:\/\/api.w.org\/{rel}","templated":true}]}}