{"id":5119,"date":"2022-11-11T16:08:01","date_gmt":"2022-11-11T15:08:01","guid":{"rendered":"https:\/\/meozen.com\/fr\/?post_type=product&#038;p=5119"},"modified":"2023-06-27T21:17:23","modified_gmt":"2023-06-27T19:17:23","slug":"ytt-200-heures-a-mios-pres-de-bordeaux","status":"publish","type":"product","link":"https:\/\/meozen.com\/fr\/produit\/ytt-200-heures-a-mios-pres-de-bordeaux\/","title":{"rendered":"YTT 200 heures \u00e0 Mios, pr\u00e8s de Bordeaux"},"content":{"rendered":"<ul>\n<li>Formation pour niveau interm\u00e9diaire et avanc\u00e9<\/li>\n<li>Admissibilit\u00e9 \u00e0 s&rsquo;inscrire aupr\u00e8s de Yoga Alliance \u00e0 la fin de la formation<\/li>\n<li>Formation priv\u00e9e pour 3 participants maximum<\/li>\n<li>Cours th\u00e9oriques quotidiens (philosophie, \u00e9tude des Yoga Sutra)<\/li>\n<li>M\u00e9ditation et pranayama quotidienne<\/li>\n<li>Cours pratiques, cours de m\u00e9thodologie, anatomie et physiologie<\/li>\n<li>Pension compl\u00e8te, alimentation v\u00e9g\u00e9tarienne<\/li>\n<li>17 nuits d&rsquo;h\u00e9bergement en chambre priv\u00e9e<\/li>\n<li>1 heure de Karma Yoga par jour<\/li>\n<\/ul>\n","protected":false},"excerpt":{"rendered":"<p><strong style=\"font-size: 22px;\"> Une formation de yoga \u00e0 \ud83d\udccd Mios, proche de Bordeaux et du Bassin d&rsquo;Arcachon.<\/strong><\/p>\n<p>D\u00e9couvrez cette formation de Professeur de Yoga (200 heures) de 18 jours intensifs con\u00e7ue pour r\u00e9pondre aux exigences de ce qu&rsquo;est un \u2705 bon Prof de Yoga !<\/p>\n<p>\u2728 Au programme de la formation organis\u00e9e par Anne, yogi accomplie :<br \/>\n&#8211; Cours th\u00e9oriques quotidiens (philosophie, \u00e9tude des Yoga Sutra)<br \/>\n&#8211; M\u00e9ditation et pranayama<br \/>\n&#8211; Cours pratiques de Hatha, Vinyasa &amp; restauratif<br \/>\n&#8211; Cours pratiques en condition r\u00e9elle o\u00f9 vous serez amen\u00e9 \u00e0 faire le cours \u00e0 de vrais \u00e9l\u00e8ves<br \/>\n&#8211; Cours de m\u00e9thodologie o\u00f9 vous apprendrez \u00e0 construire une s\u00e9quence, enseigner postures et pranayama, ajuster correctement<br \/>\n&#8211; Anatomie et physiologie<\/p>\n<p>Une heure de Karma Yoga par jour fait partie du programme, aide \u00e0 la pr\u00e9paration des repas, \u00e0 la pr\u00e9paration du studio pour les \u00e9l\u00e8ves.<\/p>\n<p>\ud83c\udfe0 Vous serez h\u00e9berg\u00e9 dans une chaleureuse maison familiale dont les terrasses en bois invitent \u00e0 la d\u00e9tente. Chambre priv\u00e9e avec salle de bain partag\u00e9e. Le studio est attenant \u00e0 la maison, vous pourrez ainsi profiter des cours avec vue sur la piscine. Dans une ambiance chaleureuse vous appr\u00e9cierez les \u00e9changes, le partage.<\/p>\n<p><strong>Formation \u00e0 partir de 3490 euros.<\/strong><\/p>\n","protected":false},"featured_media":5120,"comment_status":"open","ping_status":"closed","template":"","meta":{"_mo_disable_npp":""},"product_brand":[],"product_cat":[131,32,140,69,96],"product_tag":[],"class_list":{"0":"post-5119","1":"product","2":"type-product","3":"status-publish","4":"has-post-thumbnail","6":"product_cat-formation-yoga","7":"product_cat-formation-ytt-200","8":"product_cat-ytt","9":"product_cat-ytt-200-france","10":"product_cat-ytt-200-gironde","12":"first","13":"instock","14":"taxable","15":"shipping-taxable","16":"product-type-external"},"yoast_head":"<!-- This site is optimized with the Yoast SEO plugin v26.8 - https:\/\/yoast.com\/product\/yoast-seo-wordpress\/ -->\n<title>YTT 200 heures \u00e0 Mios, pr\u00e8s de Bordeaux<\/title>\n<meta name=\"description\" content=\"R\u00e9servez d\u00e8s maintenant votre YTT 200 heures \u00e0 Mios, pr\u00e8s de Bordeaux avec Meozen. \u00c9vadez-vous du quotidien avec ce s\u00e9jour unique. Dur\u00e9e, conditions, prix... Cliquez pour d\u00e9couvrir !\" \/>\n<meta name=\"robots\" content=\"index, follow, max-snippet:-1, max-image-preview:large, max-video-preview:-1\" \/>\n<link rel=\"canonical\" href=\"https:\/\/meozen.com\/fr\/produit\/ytt-200-heures-a-mios-pres-de-bordeaux\/\" \/>\n<meta property=\"og:locale\" content=\"fr_FR\" \/>\n<meta property=\"og:type\" content=\"article\" \/>\n<meta property=\"og:title\" content=\"YTT 200 heures \u00e0 Mios, pr\u00e8s de Bordeaux\" \/>\n<meta property=\"og:description\" content=\"R\u00e9servez d\u00e8s maintenant votre YTT 200 heures \u00e0 Mios, pr\u00e8s de Bordeaux avec Meozen. \u00c9vadez-vous du quotidien avec ce s\u00e9jour unique. Dur\u00e9e, conditions, prix... Cliquez pour d\u00e9couvrir !\" \/>\n<meta property=\"og:url\" content=\"https:\/\/meozen.com\/fr\/produit\/ytt-200-heures-a-mios-pres-de-bordeaux\/\" \/>\n<meta property=\"og:site_name\" content=\"Meozen - Votre portail bien-\u00eatre\" \/>\n<meta property=\"article:publisher\" content=\"https:\/\/www.facebook.com\/MeozenFr\/\" \/>\n<meta property=\"article:modified_time\" content=\"2023-06-27T19:17:23+00:00\" \/>\n<meta property=\"og:image\" content=\"https:\/\/meozen.com\/fr\/wp-content\/uploads\/sites\/2\/2022\/11\/anne-lahaye-ytt-200-mios-1.jpeg\" \/>\n\t<meta property=\"og:image:width\" content=\"653\" \/>\n\t<meta property=\"og:image:height\" content=\"490\" \/>\n\t<meta property=\"og:image:type\" content=\"image\/jpeg\" \/>\n<meta name=\"twitter:card\" content=\"summary_large_image\" \/>\n<meta name=\"twitter:label1\" content=\"Dur\u00e9e de lecture estim\u00e9e\" \/>\n\t<meta name=\"twitter:data1\" content=\"1 minute\" \/>\n<script type=\"application\/ld+json\" class=\"yoast-schema-graph\">{\"@context\":\"https:\/\/schema.org\",\"@graph\":[{\"@type\":\"WebPage\",\"@id\":\"https:\/\/meozen.com\/fr\/produit\/ytt-200-heures-a-mios-pres-de-bordeaux\/\",\"url\":\"https:\/\/meozen.com\/fr\/produit\/ytt-200-heures-a-mios-pres-de-bordeaux\/\",\"name\":\"YTT 200 heures \u00e0 Mios, pr\u00e8s de Bordeaux\",\"isPartOf\":{\"@id\":\"https:\/\/meozen.com\/fr\/#website\"},\"primaryImageOfPage\":{\"@id\":\"https:\/\/meozen.com\/fr\/produit\/ytt-200-heures-a-mios-pres-de-bordeaux\/#primaryimage\"},\"image\":{\"@id\":\"https:\/\/meozen.com\/fr\/produit\/ytt-200-heures-a-mios-pres-de-bordeaux\/#primaryimage\"},\"thumbnailUrl\":\"https:\/\/meozen.com\/fr\/wp-content\/uploads\/sites\/2\/2022\/11\/anne-lahaye-ytt-200-mios-1.jpeg\",\"datePublished\":\"2022-11-11T15:08:01+00:00\",\"dateModified\":\"2023-06-27T19:17:23+00:00\",\"description\":\"R\u00e9servez d\u00e8s maintenant votre YTT 200 heures \u00e0 Mios, pr\u00e8s de Bordeaux avec Meozen. \u00c9vadez-vous du quotidien avec ce s\u00e9jour unique. Dur\u00e9e, conditions, prix... Cliquez pour d\u00e9couvrir !\",\"breadcrumb\":{\"@id\":\"https:\/\/meozen.com\/fr\/produit\/ytt-200-heures-a-mios-pres-de-bordeaux\/#breadcrumb\"},\"inLanguage\":\"fr-FR\",\"potentialAction\":[{\"@type\":\"ReadAction\",\"target\":[\"https:\/\/meozen.com\/fr\/produit\/ytt-200-heures-a-mios-pres-de-bordeaux\/\"]}]},{\"@type\":\"ImageObject\",\"inLanguage\":\"fr-FR\",\"@id\":\"https:\/\/meozen.com\/fr\/produit\/ytt-200-heures-a-mios-pres-de-bordeaux\/#primaryimage\",\"url\":\"https:\/\/meozen.com\/fr\/wp-content\/uploads\/sites\/2\/2022\/11\/anne-lahaye-ytt-200-mios-1.jpeg\",\"contentUrl\":\"https:\/\/meozen.com\/fr\/wp-content\/uploads\/sites\/2\/2022\/11\/anne-lahaye-ytt-200-mios-1.jpeg\",\"width\":653,\"height\":490},{\"@type\":\"BreadcrumbList\",\"@id\":\"https:\/\/meozen.com\/fr\/produit\/ytt-200-heures-a-mios-pres-de-bordeaux\/#breadcrumb\",\"itemListElement\":[{\"@type\":\"ListItem\",\"position\":1,\"name\":\"Accueil\",\"item\":\"https:\/\/meozen.com\/fr\/\"},{\"@type\":\"ListItem\",\"position\":2,\"name\":\"Boutique\",\"item\":\"https:\/\/meozen.com\/fr\/boutique\/\"},{\"@type\":\"ListItem\",\"position\":3,\"name\":\"YTT 200 heures \u00e0 Mios, pr\u00e8s de Bordeaux\"}]},{\"@type\":\"WebSite\",\"@id\":\"https:\/\/meozen.com\/fr\/#website\",\"url\":\"https:\/\/meozen.com\/fr\/\",\"name\":\"Meozen - Votre portail bien-\u00eatre\",\"description\":\"D\u00e9couvrez tout l&#039;univers du bien-\u00eatre, yoga, m\u00e9ditation, trouvez les meilleures retraites et formations bien-\u00eatre\",\"publisher\":{\"@id\":\"https:\/\/meozen.com\/fr\/#organization\"},\"potentialAction\":[{\"@type\":\"SearchAction\",\"target\":{\"@type\":\"EntryPoint\",\"urlTemplate\":\"https:\/\/meozen.com\/fr\/?s={search_term_string}\"},\"query-input\":{\"@type\":\"PropertyValueSpecification\",\"valueRequired\":true,\"valueName\":\"search_term_string\"}}],\"inLanguage\":\"fr-FR\"},{\"@type\":\"Organization\",\"@id\":\"https:\/\/meozen.com\/fr\/#organization\",\"name\":\"Meozen\",\"url\":\"https:\/\/meozen.com\/fr\/\",\"logo\":{\"@type\":\"ImageObject\",\"inLanguage\":\"fr-FR\",\"@id\":\"https:\/\/meozen.com\/fr\/#\/schema\/logo\/image\/\",\"url\":\"https:\/\/meozen.com\/fr\/wp-content\/uploads\/sites\/2\/2021\/06\/logo-meozen-push.jpg\",\"contentUrl\":\"https:\/\/meozen.com\/fr\/wp-content\/uploads\/sites\/2\/2021\/06\/logo-meozen-push.jpg\",\"width\":384,\"height\":384,\"caption\":\"Meozen\"},\"image\":{\"@id\":\"https:\/\/meozen.com\/fr\/#\/schema\/logo\/image\/\"},\"sameAs\":[\"https:\/\/www.facebook.com\/MeozenFr\/\",\"https:\/\/www.pinterest.fr\/meozen_officiel\/\",\"https:\/\/www.instagram.com\/meozen_officiel\/\"]}]}<\/script>\n<!-- \/ Yoast SEO plugin. -->","yoast_head_json":{"title":"YTT 200 heures \u00e0 Mios, pr\u00e8s de Bordeaux","description":"R\u00e9servez d\u00e8s maintenant votre YTT 200 heures \u00e0 Mios, pr\u00e8s de Bordeaux avec Meozen. \u00c9vadez-vous du quotidien avec ce s\u00e9jour unique. Dur\u00e9e, conditions, prix... Cliquez pour d\u00e9couvrir !","robots":{"index":"index","follow":"follow","max-snippet":"max-snippet:-1","max-image-preview":"max-image-preview:large","max-video-preview":"max-video-preview:-1"},"canonical":"https:\/\/meozen.com\/fr\/produit\/ytt-200-heures-a-mios-pres-de-bordeaux\/","og_locale":"fr_FR","og_type":"article","og_title":"YTT 200 heures \u00e0 Mios, pr\u00e8s de Bordeaux","og_description":"R\u00e9servez d\u00e8s maintenant votre YTT 200 heures \u00e0 Mios, pr\u00e8s de Bordeaux avec Meozen. \u00c9vadez-vous du quotidien avec ce s\u00e9jour unique. Dur\u00e9e, conditions, prix... Cliquez pour d\u00e9couvrir !","og_url":"https:\/\/meozen.com\/fr\/produit\/ytt-200-heures-a-mios-pres-de-bordeaux\/","og_site_name":"Meozen - Votre portail bien-\u00eatre","article_publisher":"https:\/\/www.facebook.com\/MeozenFr\/","article_modified_time":"2023-06-27T19:17:23+00:00","og_image":[{"width":653,"height":490,"url":"https:\/\/meozen.com\/fr\/wp-content\/uploads\/sites\/2\/2022\/11\/anne-lahaye-ytt-200-mios-1.jpeg","type":"image\/jpeg"}],"twitter_card":"summary_large_image","twitter_misc":{"Dur\u00e9e de lecture estim\u00e9e":"1 minute"},"schema":{"@context":"https:\/\/schema.org","@graph":[{"@type":"WebPage","@id":"https:\/\/meozen.com\/fr\/produit\/ytt-200-heures-a-mios-pres-de-bordeaux\/","url":"https:\/\/meozen.com\/fr\/produit\/ytt-200-heures-a-mios-pres-de-bordeaux\/","name":"YTT 200 heures \u00e0 Mios, pr\u00e8s de Bordeaux","isPartOf":{"@id":"https:\/\/meozen.com\/fr\/#website"},"primaryImageOfPage":{"@id":"https:\/\/meozen.com\/fr\/produit\/ytt-200-heures-a-mios-pres-de-bordeaux\/#primaryimage"},"image":{"@id":"https:\/\/meozen.com\/fr\/produit\/ytt-200-heures-a-mios-pres-de-bordeaux\/#primaryimage"},"thumbnailUrl":"https:\/\/meozen.com\/fr\/wp-content\/uploads\/sites\/2\/2022\/11\/anne-lahaye-ytt-200-mios-1.jpeg","datePublished":"2022-11-11T15:08:01+00:00","dateModified":"2023-06-27T19:17:23+00:00","description":"R\u00e9servez d\u00e8s maintenant votre YTT 200 heures \u00e0 Mios, pr\u00e8s de Bordeaux avec Meozen. \u00c9vadez-vous du quotidien avec ce s\u00e9jour unique. Dur\u00e9e, conditions, prix... Cliquez pour d\u00e9couvrir !","breadcrumb":{"@id":"https:\/\/meozen.com\/fr\/produit\/ytt-200-heures-a-mios-pres-de-bordeaux\/#breadcrumb"},"inLanguage":"fr-FR","potentialAction":[{"@type":"ReadAction","target":["https:\/\/meozen.com\/fr\/produit\/ytt-200-heures-a-mios-pres-de-bordeaux\/"]}]},{"@type":"ImageObject","inLanguage":"fr-FR","@id":"https:\/\/meozen.com\/fr\/produit\/ytt-200-heures-a-mios-pres-de-bordeaux\/#primaryimage","url":"https:\/\/meozen.com\/fr\/wp-content\/uploads\/sites\/2\/2022\/11\/anne-lahaye-ytt-200-mios-1.jpeg","contentUrl":"https:\/\/meozen.com\/fr\/wp-content\/uploads\/sites\/2\/2022\/11\/anne-lahaye-ytt-200-mios-1.jpeg","width":653,"height":490},{"@type":"BreadcrumbList","@id":"https:\/\/meozen.com\/fr\/produit\/ytt-200-heures-a-mios-pres-de-bordeaux\/#breadcrumb","itemListElement":[{"@type":"ListItem","position":1,"name":"Accueil","item":"https:\/\/meozen.com\/fr\/"},{"@type":"ListItem","position":2,"name":"Boutique","item":"https:\/\/meozen.com\/fr\/boutique\/"},{"@type":"ListItem","position":3,"name":"YTT 200 heures \u00e0 Mios, pr\u00e8s de Bordeaux"}]},{"@type":"WebSite","@id":"https:\/\/meozen.com\/fr\/#website","url":"https:\/\/meozen.com\/fr\/","name":"Meozen - Votre portail bien-\u00eatre","description":"D\u00e9couvrez tout l&#039;univers du bien-\u00eatre, yoga, m\u00e9ditation, trouvez les meilleures retraites et formations bien-\u00eatre","publisher":{"@id":"https:\/\/meozen.com\/fr\/#organization"},"potentialAction":[{"@type":"SearchAction","target":{"@type":"EntryPoint","urlTemplate":"https:\/\/meozen.com\/fr\/?s={search_term_string}"},"query-input":{"@type":"PropertyValueSpecification","valueRequired":true,"valueName":"search_term_string"}}],"inLanguage":"fr-FR"},{"@type":"Organization","@id":"https:\/\/meozen.com\/fr\/#organization","name":"Meozen","url":"https:\/\/meozen.com\/fr\/","logo":{"@type":"ImageObject","inLanguage":"fr-FR","@id":"https:\/\/meozen.com\/fr\/#\/schema\/logo\/image\/","url":"https:\/\/meozen.com\/fr\/wp-content\/uploads\/sites\/2\/2021\/06\/logo-meozen-push.jpg","contentUrl":"https:\/\/meozen.com\/fr\/wp-content\/uploads\/sites\/2\/2021\/06\/logo-meozen-push.jpg","width":384,"height":384,"caption":"Meozen"},"image":{"@id":"https:\/\/meozen.com\/fr\/#\/schema\/logo\/image\/"},"sameAs":["https:\/\/www.facebook.com\/MeozenFr\/","https:\/\/www.pinterest.fr\/meozen_officiel\/","https:\/\/www.instagram.com\/meozen_officiel\/"]}]}},"_links":{"self":[{"href":"https:\/\/meozen.com\/fr\/wp-json\/wp\/v2\/product\/5119","targetHints":{"allow":["GET"]}}],"collection":[{"href":"https:\/\/meozen.com\/fr\/wp-json\/wp\/v2\/product"}],"about":[{"href":"https:\/\/meozen.com\/fr\/wp-json\/wp\/v2\/types\/product"}],"replies":[{"embeddable":true,"href":"https:\/\/meozen.com\/fr\/wp-json\/wp\/v2\/comments?post=5119"}],"wp:featuredmedia":[{"embeddable":true,"href":"https:\/\/meozen.com\/fr\/wp-json\/wp\/v2\/media\/5120"}],"wp:attachment":[{"href":"https:\/\/meozen.com\/fr\/wp-json\/wp\/v2\/media?parent=5119"}],"wp:term":[{"taxonomy":"product_brand","embeddable":true,"href":"https:\/\/meozen.com\/fr\/wp-json\/wp\/v2\/product_brand?post=5119"},{"taxonomy":"product_cat","embeddable":true,"href":"https:\/\/meozen.com\/fr\/wp-json\/wp\/v2\/product_cat?post=5119"},{"taxonomy":"product_tag","embeddable":true,"href":"https:\/\/meozen.com\/fr\/wp-json\/wp\/v2\/product_tag?post=5119"}],"curies":[{"name":"wp","href":"https:\/\/api.w.org\/{rel}","templated":true}]}}