{"id":5225,"date":"2023-03-09T16:34:54","date_gmt":"2023-03-09T15:34:54","guid":{"rendered":"https:\/\/meozen.com\/fr\/?post_type=product&#038;p=5225"},"modified":"2023-05-24T14:17:03","modified_gmt":"2023-05-24T12:17:03","slug":"retraite-yoga-detente-plantes-sauvages-3-jours-2-nuits-en-ariege-mai-2023","status":"publish","type":"product","link":"https:\/\/meozen.com\/fr\/produit\/retraite-yoga-detente-plantes-sauvages-3-jours-2-nuits-en-ariege-mai-2023\/","title":{"rendered":"Retraite Yoga, D\u00e9tente &#038; Plantes sauvages &#8211; 3 jours \/ 2 nuits en Ari\u00e8ge (Mai 2023)"},"content":{"rendered":"<ul>\n<li>Programme adapt\u00e9 \u00e0 tous les niveaux<\/li>\n<li>Inclus le petit d\u00e9jeuner, repas de midi et du soir (bio, v\u00e9g\u00e9tarien et local dans la mesure du possible)<\/li>\n<li>Retraite intimiste : places limit\u00e9es \u00e0 5 \u00e0 7 personnes<\/li>\n<li>Chambres partag\u00e9es<\/li>\n<\/ul>\n<p>&nbsp;<\/p>\n<p><strong>Programme d\u00e9taill\u00e9<\/strong><\/p>\n<p class=\"p1\"><span class=\"s1\">Arriv\u00e9e le vendredi \u00e0 partir de 18 h :<\/span><\/p>\n<ul>\n<li class=\"p1\">Cercle d&rsquo;ouverture \u00e0 l&rsquo;arriv\u00e9e des participant.e.s<\/li>\n<li class=\"p1\">Hatha Yoga et Pranayama<\/li>\n<li class=\"p1\">Installation dans les chambres triples ou doubles<\/li>\n<li class=\"p1\">Repas convivial<\/li>\n<li class=\"p1\">Chant mantra, m\u00e9ditation du soir, voyage sonore<\/li>\n<\/ul>\n<p class=\"p1\"><span class=\"s1\">Le samedi :<\/span><\/p>\n<ul>\n<li class=\"p1\">7h : R\u00e9veil m\u00e9ditatif et yoga du matin (pour r\u00e9veiller en douceur le corps)<\/li>\n<li class=\"p1\">8h : Petit d\u00e9jeuner\/ temps libre<\/li>\n<li class=\"p1\">10h : Vinyasa flow yoga 1 (pratique plus intensive)<\/li>\n<li class=\"p1\">12h : Repas &amp; temps libre<\/li>\n<li class=\"p1\">14h\/17h : Balade et cueillette de plantes sauvages<\/li>\n<li class=\"p1\">Temps libre\/ espace bien-\u00eatre sauna<\/li>\n<li class=\"p1\">19h : Yin Yoga et Pranayama<\/li>\n<li class=\"p1\">20h : Repas \u00e0 base de plantes sauvages r\u00e9colt\u00e9es<\/li>\n<li class=\"p1\">22h : Yoga Nidra et bain sonore<\/li>\n<li class=\"p1\">\u00c0 partir de 22 h : Bain nordique de nuit<\/li>\n<\/ul>\n<p class=\"p1\"><span class=\"s1\">Le dimanche :<\/span><\/p>\n<ul>\n<li class=\"p1\">7h : R\u00e9veil m\u00e9ditatif et yoga du matin<\/li>\n<li class=\"p1\">8h : Petit d\u00e9jeuner\/temps libre<\/li>\n<li class=\"p1\">10h : Vinyasa flow yoga 2 (pratique plus intensive)<\/li>\n<li class=\"p1\">12h : Repas<\/li>\n<li class=\"p1\">Jusqu&rsquo;\u00e0 17h les participants.es pourront terminer leur s\u00e9jour par l&rsquo;utilisation de l&rsquo;espace bien-\u00eatre ou participer \u00e0 un Asana Lab (sorte d&rsquo;atelier postural, selon l&rsquo;\u00e9nergie et l&rsquo;envie).<\/li>\n<\/ul>\n","protected":false},"excerpt":{"rendered":"<p><strong style=\"font-size: 22px;\">Une retraite de Yoga, D\u00e9tente &amp; Plantes sauvage en Ari\u00e8ge.<\/strong><\/p>\n<p>Prenez du temps pour vous et vivez une retraite intimiste dans un cadre naturel et exceptionnel en Ari\u00e8ge. Cette retraite a pour but de r\u00e9veiller progressivement vos \u00e9nergies mises au ralenti pendant l&rsquo;hiver.<\/p>\n<p>Vous vous initierez \u00e0 plusieurs styles de yoga avec Nad\u00e8ge (Professeur de Yoga certifi\u00e9e et passionn\u00e9e de yoga depuis 20 ans) et d\u00e9couvrirez les plantes sauvages comestibles au travers de balades immersives !<\/p>\n<p>Vous serez h\u00e9berg\u00e9 durant 2 nuits dans un g\u00eete confortable, en pleine nature et entour\u00e9 d&rsquo;animaux (chevaux, ch\u00e8vres, chats).<\/p>\n<p>Enfin sur votre temps libre, vous pourrez profiter d&rsquo;un sauna mis \u00e0 disposition et d&rsquo;un bain nordique en pleine nature.<\/p>\n<p><strong>Date :<\/strong> du 19 au 21 mai 2023 (autre date disponible en <a href=\"https:\/\/meozen.com\/fr\/produit\/retraite-yoga-detente-plantes-sauvages-3-jours-2-nuits-en-ariege\/\">avril 2023<\/a>)<\/p>\n<p><strong> Tarif du s\u00e9jour : <\/strong>340 euros<\/p>\n<p><strong>S\u00e9curisez votre place facilement pour 1 euro sur Meozen.com : <\/strong>il vous suffit d&rsquo;entrer le code <strong>RESARRIEGE-03<\/strong> au moment de la r\u00e9servation\u00a0en ligne et payez le reste sur place \u00e0 votre arriv\u00e9e !<\/p>\n","protected":false},"featured_media":5186,"comment_status":"open","ping_status":"closed","template":"","meta":{"_mo_disable_npp":""},"product_brand":[],"product_cat":[50,43,91],"product_tag":[],"class_list":{"0":"post-5225","1":"product","2":"type-product","3":"status-publish","4":"has-post-thumbnail","6":"product_cat-retraite-3-jours-yoga","7":"product_cat-retraite-yoga-france","8":"product_cat-retraite-yoga-occitanie","10":"first","11":"outofstock","12":"taxable","13":"shipping-taxable","14":"purchasable","15":"product-type-simple"},"yoast_head":"<!-- This site is optimized with the Yoast SEO plugin v26.8 - https:\/\/yoast.com\/product\/yoast-seo-wordpress\/ -->\n<title>Retraite Yoga, D\u00e9tente &amp; Plantes sauvages - 3 jours \/ 2 nuits en Ari\u00e8ge<\/title>\n<meta name=\"description\" content=\"R\u00e9servez d\u00e8s maintenant votre Retraite Yoga, D\u00e9tente &amp; Plantes sauvages - 3 jours \/ 2 nuits en Ari\u00e8ge (Mai 2023) avec Meozen. \u00c9vadez-vous du quotidien avec ce s\u00e9jour unique. Dur\u00e9e, conditions, prix... Cliquez pour d\u00e9couvrir !\" \/>\n<meta name=\"robots\" content=\"index, follow, max-snippet:-1, max-image-preview:large, max-video-preview:-1\" \/>\n<link rel=\"canonical\" href=\"https:\/\/meozen.com\/fr\/produit\/retraite-yoga-detente-plantes-sauvages-3-jours-2-nuits-en-ariege-mai-2023\/\" \/>\n<meta property=\"og:locale\" content=\"fr_FR\" \/>\n<meta property=\"og:type\" content=\"article\" \/>\n<meta property=\"og:title\" content=\"Retraite Yoga, D\u00e9tente &amp; Plantes sauvages - 3 jours \/ 2 nuits en Ari\u00e8ge\" \/>\n<meta property=\"og:description\" content=\"R\u00e9servez d\u00e8s maintenant votre Retraite Yoga, D\u00e9tente &amp; Plantes sauvages - 3 jours \/ 2 nuits en Ari\u00e8ge (Mai 2023) avec Meozen. \u00c9vadez-vous du quotidien avec ce s\u00e9jour unique. Dur\u00e9e, conditions, prix... Cliquez pour d\u00e9couvrir !\" \/>\n<meta property=\"og:url\" content=\"https:\/\/meozen.com\/fr\/produit\/retraite-yoga-detente-plantes-sauvages-3-jours-2-nuits-en-ariege-mai-2023\/\" \/>\n<meta property=\"og:site_name\" content=\"Meozen - Votre portail bien-\u00eatre\" \/>\n<meta property=\"article:publisher\" content=\"https:\/\/www.facebook.com\/MeozenFr\/\" \/>\n<meta property=\"article:modified_time\" content=\"2023-05-24T12:17:03+00:00\" \/>\n<meta property=\"og:image\" content=\"https:\/\/meozen.com\/fr\/wp-content\/uploads\/sites\/2\/2023\/03\/retraite-yoga-plantes-sauvages-ariege-1.jpeg\" \/>\n\t<meta property=\"og:image:width\" content=\"640\" \/>\n\t<meta property=\"og:image:height\" content=\"480\" \/>\n\t<meta property=\"og:image:type\" content=\"image\/jpeg\" \/>\n<meta name=\"twitter:card\" content=\"summary_large_image\" \/>\n<meta name=\"twitter:label1\" content=\"Dur\u00e9e de lecture estim\u00e9e\" \/>\n\t<meta name=\"twitter:data1\" content=\"1 minute\" \/>\n<script type=\"application\/ld+json\" class=\"yoast-schema-graph\">{\"@context\":\"https:\/\/schema.org\",\"@graph\":[{\"@type\":\"WebPage\",\"@id\":\"https:\/\/meozen.com\/fr\/produit\/retraite-yoga-detente-plantes-sauvages-3-jours-2-nuits-en-ariege-mai-2023\/\",\"url\":\"https:\/\/meozen.com\/fr\/produit\/retraite-yoga-detente-plantes-sauvages-3-jours-2-nuits-en-ariege-mai-2023\/\",\"name\":\"Retraite Yoga, D\u00e9tente & Plantes sauvages - 3 jours \/ 2 nuits en Ari\u00e8ge\",\"isPartOf\":{\"@id\":\"https:\/\/meozen.com\/fr\/#website\"},\"primaryImageOfPage\":{\"@id\":\"https:\/\/meozen.com\/fr\/produit\/retraite-yoga-detente-plantes-sauvages-3-jours-2-nuits-en-ariege-mai-2023\/#primaryimage\"},\"image\":{\"@id\":\"https:\/\/meozen.com\/fr\/produit\/retraite-yoga-detente-plantes-sauvages-3-jours-2-nuits-en-ariege-mai-2023\/#primaryimage\"},\"thumbnailUrl\":\"https:\/\/meozen.com\/fr\/wp-content\/uploads\/sites\/2\/2023\/03\/retraite-yoga-plantes-sauvages-ariege-1.jpeg\",\"datePublished\":\"2023-03-09T15:34:54+00:00\",\"dateModified\":\"2023-05-24T12:17:03+00:00\",\"description\":\"R\u00e9servez d\u00e8s maintenant votre Retraite Yoga, D\u00e9tente & Plantes sauvages - 3 jours \/ 2 nuits en Ari\u00e8ge (Mai 2023) avec Meozen. \u00c9vadez-vous du quotidien avec ce s\u00e9jour unique. Dur\u00e9e, conditions, prix... Cliquez pour d\u00e9couvrir !\",\"breadcrumb\":{\"@id\":\"https:\/\/meozen.com\/fr\/produit\/retraite-yoga-detente-plantes-sauvages-3-jours-2-nuits-en-ariege-mai-2023\/#breadcrumb\"},\"inLanguage\":\"fr-FR\",\"potentialAction\":[{\"@type\":\"ReadAction\",\"target\":[\"https:\/\/meozen.com\/fr\/produit\/retraite-yoga-detente-plantes-sauvages-3-jours-2-nuits-en-ariege-mai-2023\/\"]}]},{\"@type\":\"ImageObject\",\"inLanguage\":\"fr-FR\",\"@id\":\"https:\/\/meozen.com\/fr\/produit\/retraite-yoga-detente-plantes-sauvages-3-jours-2-nuits-en-ariege-mai-2023\/#primaryimage\",\"url\":\"https:\/\/meozen.com\/fr\/wp-content\/uploads\/sites\/2\/2023\/03\/retraite-yoga-plantes-sauvages-ariege-1.jpeg\",\"contentUrl\":\"https:\/\/meozen.com\/fr\/wp-content\/uploads\/sites\/2\/2023\/03\/retraite-yoga-plantes-sauvages-ariege-1.jpeg\",\"width\":640,\"height\":480},{\"@type\":\"BreadcrumbList\",\"@id\":\"https:\/\/meozen.com\/fr\/produit\/retraite-yoga-detente-plantes-sauvages-3-jours-2-nuits-en-ariege-mai-2023\/#breadcrumb\",\"itemListElement\":[{\"@type\":\"ListItem\",\"position\":1,\"name\":\"Accueil\",\"item\":\"https:\/\/meozen.com\/fr\/\"},{\"@type\":\"ListItem\",\"position\":2,\"name\":\"Boutique\",\"item\":\"https:\/\/meozen.com\/fr\/boutique\/\"},{\"@type\":\"ListItem\",\"position\":3,\"name\":\"Retraite Yoga, D\u00e9tente &#038; Plantes sauvages &#8211; 3 jours \/ 2 nuits en Ari\u00e8ge (Mai 2023)\"}]},{\"@type\":\"WebSite\",\"@id\":\"https:\/\/meozen.com\/fr\/#website\",\"url\":\"https:\/\/meozen.com\/fr\/\",\"name\":\"Meozen - Votre portail bien-\u00eatre\",\"description\":\"D\u00e9couvrez tout l&#039;univers du bien-\u00eatre, yoga, m\u00e9ditation, trouvez les meilleures retraites et formations bien-\u00eatre\",\"publisher\":{\"@id\":\"https:\/\/meozen.com\/fr\/#organization\"},\"potentialAction\":[{\"@type\":\"SearchAction\",\"target\":{\"@type\":\"EntryPoint\",\"urlTemplate\":\"https:\/\/meozen.com\/fr\/?s={search_term_string}\"},\"query-input\":{\"@type\":\"PropertyValueSpecification\",\"valueRequired\":true,\"valueName\":\"search_term_string\"}}],\"inLanguage\":\"fr-FR\"},{\"@type\":\"Organization\",\"@id\":\"https:\/\/meozen.com\/fr\/#organization\",\"name\":\"Meozen\",\"url\":\"https:\/\/meozen.com\/fr\/\",\"logo\":{\"@type\":\"ImageObject\",\"inLanguage\":\"fr-FR\",\"@id\":\"https:\/\/meozen.com\/fr\/#\/schema\/logo\/image\/\",\"url\":\"https:\/\/meozen.com\/fr\/wp-content\/uploads\/sites\/2\/2021\/06\/logo-meozen-push.jpg\",\"contentUrl\":\"https:\/\/meozen.com\/fr\/wp-content\/uploads\/sites\/2\/2021\/06\/logo-meozen-push.jpg\",\"width\":384,\"height\":384,\"caption\":\"Meozen\"},\"image\":{\"@id\":\"https:\/\/meozen.com\/fr\/#\/schema\/logo\/image\/\"},\"sameAs\":[\"https:\/\/www.facebook.com\/MeozenFr\/\",\"https:\/\/www.pinterest.fr\/meozen_officiel\/\",\"https:\/\/www.instagram.com\/meozen_officiel\/\"]}]}<\/script>\n<!-- \/ Yoast SEO plugin. -->","yoast_head_json":{"title":"Retraite Yoga, D\u00e9tente & Plantes sauvages - 3 jours \/ 2 nuits en Ari\u00e8ge","description":"R\u00e9servez d\u00e8s maintenant votre Retraite Yoga, D\u00e9tente & Plantes sauvages - 3 jours \/ 2 nuits en Ari\u00e8ge (Mai 2023) avec Meozen. \u00c9vadez-vous du quotidien avec ce s\u00e9jour unique. Dur\u00e9e, conditions, prix... Cliquez pour d\u00e9couvrir !","robots":{"index":"index","follow":"follow","max-snippet":"max-snippet:-1","max-image-preview":"max-image-preview:large","max-video-preview":"max-video-preview:-1"},"canonical":"https:\/\/meozen.com\/fr\/produit\/retraite-yoga-detente-plantes-sauvages-3-jours-2-nuits-en-ariege-mai-2023\/","og_locale":"fr_FR","og_type":"article","og_title":"Retraite Yoga, D\u00e9tente & Plantes sauvages - 3 jours \/ 2 nuits en Ari\u00e8ge","og_description":"R\u00e9servez d\u00e8s maintenant votre Retraite Yoga, D\u00e9tente & Plantes sauvages - 3 jours \/ 2 nuits en Ari\u00e8ge (Mai 2023) avec Meozen. \u00c9vadez-vous du quotidien avec ce s\u00e9jour unique. Dur\u00e9e, conditions, prix... Cliquez pour d\u00e9couvrir !","og_url":"https:\/\/meozen.com\/fr\/produit\/retraite-yoga-detente-plantes-sauvages-3-jours-2-nuits-en-ariege-mai-2023\/","og_site_name":"Meozen - Votre portail bien-\u00eatre","article_publisher":"https:\/\/www.facebook.com\/MeozenFr\/","article_modified_time":"2023-05-24T12:17:03+00:00","og_image":[{"width":640,"height":480,"url":"https:\/\/meozen.com\/fr\/wp-content\/uploads\/sites\/2\/2023\/03\/retraite-yoga-plantes-sauvages-ariege-1.jpeg","type":"image\/jpeg"}],"twitter_card":"summary_large_image","twitter_misc":{"Dur\u00e9e de lecture estim\u00e9e":"1 minute"},"schema":{"@context":"https:\/\/schema.org","@graph":[{"@type":"WebPage","@id":"https:\/\/meozen.com\/fr\/produit\/retraite-yoga-detente-plantes-sauvages-3-jours-2-nuits-en-ariege-mai-2023\/","url":"https:\/\/meozen.com\/fr\/produit\/retraite-yoga-detente-plantes-sauvages-3-jours-2-nuits-en-ariege-mai-2023\/","name":"Retraite Yoga, D\u00e9tente & Plantes sauvages - 3 jours \/ 2 nuits en Ari\u00e8ge","isPartOf":{"@id":"https:\/\/meozen.com\/fr\/#website"},"primaryImageOfPage":{"@id":"https:\/\/meozen.com\/fr\/produit\/retraite-yoga-detente-plantes-sauvages-3-jours-2-nuits-en-ariege-mai-2023\/#primaryimage"},"image":{"@id":"https:\/\/meozen.com\/fr\/produit\/retraite-yoga-detente-plantes-sauvages-3-jours-2-nuits-en-ariege-mai-2023\/#primaryimage"},"thumbnailUrl":"https:\/\/meozen.com\/fr\/wp-content\/uploads\/sites\/2\/2023\/03\/retraite-yoga-plantes-sauvages-ariege-1.jpeg","datePublished":"2023-03-09T15:34:54+00:00","dateModified":"2023-05-24T12:17:03+00:00","description":"R\u00e9servez d\u00e8s maintenant votre Retraite Yoga, D\u00e9tente & Plantes sauvages - 3 jours \/ 2 nuits en Ari\u00e8ge (Mai 2023) avec Meozen. \u00c9vadez-vous du quotidien avec ce s\u00e9jour unique. Dur\u00e9e, conditions, prix... Cliquez pour d\u00e9couvrir !","breadcrumb":{"@id":"https:\/\/meozen.com\/fr\/produit\/retraite-yoga-detente-plantes-sauvages-3-jours-2-nuits-en-ariege-mai-2023\/#breadcrumb"},"inLanguage":"fr-FR","potentialAction":[{"@type":"ReadAction","target":["https:\/\/meozen.com\/fr\/produit\/retraite-yoga-detente-plantes-sauvages-3-jours-2-nuits-en-ariege-mai-2023\/"]}]},{"@type":"ImageObject","inLanguage":"fr-FR","@id":"https:\/\/meozen.com\/fr\/produit\/retraite-yoga-detente-plantes-sauvages-3-jours-2-nuits-en-ariege-mai-2023\/#primaryimage","url":"https:\/\/meozen.com\/fr\/wp-content\/uploads\/sites\/2\/2023\/03\/retraite-yoga-plantes-sauvages-ariege-1.jpeg","contentUrl":"https:\/\/meozen.com\/fr\/wp-content\/uploads\/sites\/2\/2023\/03\/retraite-yoga-plantes-sauvages-ariege-1.jpeg","width":640,"height":480},{"@type":"BreadcrumbList","@id":"https:\/\/meozen.com\/fr\/produit\/retraite-yoga-detente-plantes-sauvages-3-jours-2-nuits-en-ariege-mai-2023\/#breadcrumb","itemListElement":[{"@type":"ListItem","position":1,"name":"Accueil","item":"https:\/\/meozen.com\/fr\/"},{"@type":"ListItem","position":2,"name":"Boutique","item":"https:\/\/meozen.com\/fr\/boutique\/"},{"@type":"ListItem","position":3,"name":"Retraite Yoga, D\u00e9tente &#038; Plantes sauvages &#8211; 3 jours \/ 2 nuits en Ari\u00e8ge (Mai 2023)"}]},{"@type":"WebSite","@id":"https:\/\/meozen.com\/fr\/#website","url":"https:\/\/meozen.com\/fr\/","name":"Meozen - Votre portail bien-\u00eatre","description":"D\u00e9couvrez tout l&#039;univers du bien-\u00eatre, yoga, m\u00e9ditation, trouvez les meilleures retraites et formations bien-\u00eatre","publisher":{"@id":"https:\/\/meozen.com\/fr\/#organization"},"potentialAction":[{"@type":"SearchAction","target":{"@type":"EntryPoint","urlTemplate":"https:\/\/meozen.com\/fr\/?s={search_term_string}"},"query-input":{"@type":"PropertyValueSpecification","valueRequired":true,"valueName":"search_term_string"}}],"inLanguage":"fr-FR"},{"@type":"Organization","@id":"https:\/\/meozen.com\/fr\/#organization","name":"Meozen","url":"https:\/\/meozen.com\/fr\/","logo":{"@type":"ImageObject","inLanguage":"fr-FR","@id":"https:\/\/meozen.com\/fr\/#\/schema\/logo\/image\/","url":"https:\/\/meozen.com\/fr\/wp-content\/uploads\/sites\/2\/2021\/06\/logo-meozen-push.jpg","contentUrl":"https:\/\/meozen.com\/fr\/wp-content\/uploads\/sites\/2\/2021\/06\/logo-meozen-push.jpg","width":384,"height":384,"caption":"Meozen"},"image":{"@id":"https:\/\/meozen.com\/fr\/#\/schema\/logo\/image\/"},"sameAs":["https:\/\/www.facebook.com\/MeozenFr\/","https:\/\/www.pinterest.fr\/meozen_officiel\/","https:\/\/www.instagram.com\/meozen_officiel\/"]}]}},"_links":{"self":[{"href":"https:\/\/meozen.com\/fr\/wp-json\/wp\/v2\/product\/5225","targetHints":{"allow":["GET"]}}],"collection":[{"href":"https:\/\/meozen.com\/fr\/wp-json\/wp\/v2\/product"}],"about":[{"href":"https:\/\/meozen.com\/fr\/wp-json\/wp\/v2\/types\/product"}],"replies":[{"embeddable":true,"href":"https:\/\/meozen.com\/fr\/wp-json\/wp\/v2\/comments?post=5225"}],"wp:featuredmedia":[{"embeddable":true,"href":"https:\/\/meozen.com\/fr\/wp-json\/wp\/v2\/media\/5186"}],"wp:attachment":[{"href":"https:\/\/meozen.com\/fr\/wp-json\/wp\/v2\/media?parent=5225"}],"wp:term":[{"taxonomy":"product_brand","embeddable":true,"href":"https:\/\/meozen.com\/fr\/wp-json\/wp\/v2\/product_brand?post=5225"},{"taxonomy":"product_cat","embeddable":true,"href":"https:\/\/meozen.com\/fr\/wp-json\/wp\/v2\/product_cat?post=5225"},{"taxonomy":"product_tag","embeddable":true,"href":"https:\/\/meozen.com\/fr\/wp-json\/wp\/v2\/product_tag?post=5225"}],"curies":[{"name":"wp","href":"https:\/\/api.w.org\/{rel}","templated":true}]}}