{"id":5227,"date":"2023-03-09T18:44:45","date_gmt":"2023-03-09T17:44:45","guid":{"rendered":"https:\/\/meozen.com\/fr\/?post_type=product&#038;p=5227"},"modified":"2023-05-11T10:15:08","modified_gmt":"2023-05-11T08:15:08","slug":"retraite-yoga-meditation-voyage-sonore-randonnee-4-jours-3-nuits-dans-le-tarne-mars-2023","status":"publish","type":"product","link":"https:\/\/meozen.com\/fr\/produit\/retraite-yoga-meditation-voyage-sonore-randonnee-4-jours-3-nuits-dans-le-tarne-mars-2023\/","title":{"rendered":"Retraite Yoga, M\u00e9ditation, Voyage Sonore &amp; Randonn\u00e9e &#8211; 4 jours \/ 3 nuits dans le Tarne (Mars 2023)"},"content":{"rendered":"<ul>\n<li>Programme adapt\u00e9 \u00e0 tous les niveaux<\/li>\n<li>Inclus le petit d\u00e9jeuner, repas de midi et du soir (v\u00e9g\u00e9tarien, ingr\u00e9dients provenant du jardin)<\/li>\n<li>Chambres partag\u00e9es (draps et serviettes fournis)<\/li>\n<\/ul>\n<p>&nbsp;<\/p>\n<p><strong>Programme d\u00e9taill\u00e9<\/strong><\/p>\n<p class=\"p1\"><span class=\"s1\">Arriv\u00e9e le jeudi 30 mars :<\/span><\/p>\n<ul>\n<li class=\"p1\">16h45 : Cercle d&rsquo;ouverture<\/li>\n<li class=\"p1\">17h &#8211; 18h30 : Hatha &amp; Yin Yoga, relaxation sonore<\/li>\n<li class=\"p1\">19h : D\u00eener<\/li>\n<\/ul>\n<p class=\"p1\"><span class=\"s1\">Le vendredi 31 mars :<\/span><\/p>\n<ul>\n<li class=\"p1\">7h : M\u00e9ditation et \u00e9veil des sens<\/li>\n<li class=\"p1\">8h : Petit d\u00e9jeuner<\/li>\n<li class=\"p1\">9h : Hatha Yoga<\/li>\n<li class=\"p1\">12h : D\u00e9jeuner &amp; temps libre<\/li>\n<li class=\"p1\">17h15 : Yin Yoga et relaxation sonore<\/li>\n<li class=\"p1\">19h : D\u00eener<\/li>\n<\/ul>\n<p class=\"p1\"><span class=\"s1\">Le samedi 1er avril :<\/span><\/p>\n<ul>\n<li class=\"p1\">7h : M\u00e9ditation et pranayama<\/li>\n<li class=\"p1\">8h : Petit d\u00e9jeuner<\/li>\n<li class=\"p1\">9h : Flexibility Vinyasa Yoga<\/li>\n<li class=\"p1\">12h : D\u00e9jeuner puis randonn\u00e9e (libre)<\/li>\n<li class=\"p1\">19h : D\u00eener<\/li>\n<li>20h30 : M\u00e9ditation \u00e0 la bougie &amp; voyage sonore<\/li>\n<\/ul>\n<p class=\"p1\"><span class=\"s1\">Le dimanche 2 avril :<\/span><\/p>\n<ul>\n<li class=\"p1\">7h : M\u00e9ditation et \u00e9veil des sens<\/li>\n<li class=\"p1\">8h : Petit d\u00e9jeuner<\/li>\n<li class=\"p1\">9h : Hatha Yoga, \u00e9nergie Yang et relaxation sonore<\/li>\n<li class=\"p1\">11h : Cercle de fermeture<\/li>\n<\/ul>\n","protected":false},"excerpt":{"rendered":"<p><strong style=\"font-size: 22px\">Une retraite de Yoga, Voyage Sonore &amp; Randonn\u00e9e dans le Tarne.<\/strong><\/p>\n<p>Avec la retraite \u00ab\u00a0Explore your senses\u00a0\u00bb, Gilles (Professeur de Yoga, Sonoth\u00e9rapeute et Th\u00e9rapeute Praticien PNL) vous accueille et vous propose une immersion au coeur de vos cinq sens dans le parc r\u00e9gional du haut Languedoc.<\/p>\n<p class=\"p1\">Un programme rythm\u00e9 \u00e0 la fois sur l&rsquo;intensit\u00e9 et l&rsquo;\u00e9nergie Yang et l&rsquo;\u00e9nergie Yin, l&rsquo;\u00e9coute profonde de soi, la concentration et le ressenti des vibrations sonores.<\/p>\n<p class=\"p1\">\u00c0 l&rsquo;or\u00e9e d&rsquo;une vaste for\u00eat, vous serez log\u00e9 au sein de cette ancienne ferme tarnaise b\u00e2tie en 1816. Vous jouirez d&rsquo;une vue imprenable sur l&rsquo;\u00e9nigmatique Montagne noire, en profitant du calme du lieu et aussi de l&rsquo;accueil chaleureux de nos h\u00f4tes B\u00e9n\u00e9dicte et Fr\u00e9d\u00e9ric. Un endroit propice \u00e0 la d\u00e9tente et la connexion \u00e0 soi. Sans oublier la gourmandise avec de bons petits plats dont les ingr\u00e9dients proviennent exclusivement du jardin.<\/p>\n<p><strong>Date :<\/strong> du 30 mars au 2 avril 2023<\/p>\n<p><strong> Tarif du s\u00e9jour : <\/strong>480 euros<\/p>\n<p><strong>S\u00e9curisez votre place facilement pour 1 euro sur Meozen.com : <\/strong>il vous suffit d&rsquo;entrer le code <strong>RESATARNE-03<\/strong>\u00a0au moment de la r\u00e9servation\u00a0en ligne et payez le reste sur place \u00e0 votre arriv\u00e9e !<\/p>\n","protected":false},"featured_media":5229,"comment_status":"open","ping_status":"closed","template":"","meta":{"_mo_disable_npp":""},"product_brand":[],"product_cat":[44,43,91],"product_tag":[],"class_list":{"0":"post-5227","1":"product","2":"type-product","3":"status-publish","4":"has-post-thumbnail","6":"product_cat-retraite-4-jours-yoga","7":"product_cat-retraite-yoga-france","8":"product_cat-retraite-yoga-occitanie","10":"first","11":"outofstock","12":"taxable","13":"shipping-taxable","14":"purchasable","15":"product-type-simple"},"yoast_head":"<!-- This site is optimized with the Yoast SEO plugin v26.8 - https:\/\/yoast.com\/product\/yoast-seo-wordpress\/ -->\n<title>Retraite Yoga, M\u00e9ditation, Voyage Sonore &amp; Randonn\u00e9e - 4 jours \/ 3 nuits dans le Tarne (Mars 2023)<\/title>\n<meta name=\"description\" content=\"R\u00e9servez d\u00e8s maintenant votre Retraite Yoga, M\u00e9ditation, Voyage Sonore &amp; Randonn\u00e9e - 4 jours \/ 3 nuits dans le Tarne (Mars 2023) avec Meozen. \u00c9vadez-vous du quotidien avec ce s\u00e9jour unique. Dur\u00e9e, conditions, prix... Cliquez pour d\u00e9couvrir !\" \/>\n<meta name=\"robots\" content=\"index, follow, max-snippet:-1, max-image-preview:large, max-video-preview:-1\" \/>\n<link rel=\"canonical\" href=\"https:\/\/meozen.com\/fr\/produit\/retraite-yoga-meditation-voyage-sonore-randonnee-4-jours-3-nuits-dans-le-tarne-mars-2023\/\" \/>\n<meta property=\"og:locale\" content=\"fr_FR\" \/>\n<meta property=\"og:type\" content=\"article\" \/>\n<meta property=\"og:title\" content=\"Retraite Yoga, M\u00e9ditation, Voyage Sonore &amp; Randonn\u00e9e - 4 jours \/ 3 nuits dans le Tarne (Mars 2023)\" \/>\n<meta property=\"og:description\" content=\"R\u00e9servez d\u00e8s maintenant votre Retraite Yoga, M\u00e9ditation, Voyage Sonore &amp; Randonn\u00e9e - 4 jours \/ 3 nuits dans le Tarne (Mars 2023) avec Meozen. \u00c9vadez-vous du quotidien avec ce s\u00e9jour unique. Dur\u00e9e, conditions, prix... Cliquez pour d\u00e9couvrir !\" \/>\n<meta property=\"og:url\" content=\"https:\/\/meozen.com\/fr\/produit\/retraite-yoga-meditation-voyage-sonore-randonnee-4-jours-3-nuits-dans-le-tarne-mars-2023\/\" \/>\n<meta property=\"og:site_name\" content=\"Meozen - Votre portail bien-\u00eatre\" \/>\n<meta property=\"article:publisher\" content=\"https:\/\/www.facebook.com\/MeozenFr\/\" \/>\n<meta property=\"article:modified_time\" content=\"2023-05-11T08:15:08+00:00\" \/>\n<meta property=\"og:image\" content=\"https:\/\/meozen.com\/fr\/wp-content\/uploads\/sites\/2\/2023\/03\/retraite-yoga-meditation-sonotherapie-tarne-1.jpg\" \/>\n\t<meta property=\"og:image:width\" content=\"1600\" \/>\n\t<meta property=\"og:image:height\" content=\"1066\" \/>\n\t<meta property=\"og:image:type\" content=\"image\/jpeg\" \/>\n<meta name=\"twitter:card\" content=\"summary_large_image\" \/>\n<meta name=\"twitter:label1\" content=\"Dur\u00e9e de lecture estim\u00e9e\" \/>\n\t<meta name=\"twitter:data1\" content=\"1 minute\" \/>\n<script type=\"application\/ld+json\" class=\"yoast-schema-graph\">{\"@context\":\"https:\/\/schema.org\",\"@graph\":[{\"@type\":\"WebPage\",\"@id\":\"https:\/\/meozen.com\/fr\/produit\/retraite-yoga-meditation-voyage-sonore-randonnee-4-jours-3-nuits-dans-le-tarne-mars-2023\/\",\"url\":\"https:\/\/meozen.com\/fr\/produit\/retraite-yoga-meditation-voyage-sonore-randonnee-4-jours-3-nuits-dans-le-tarne-mars-2023\/\",\"name\":\"Retraite Yoga, M\u00e9ditation, Voyage Sonore & Randonn\u00e9e - 4 jours \/ 3 nuits dans le Tarne (Mars 2023)\",\"isPartOf\":{\"@id\":\"https:\/\/meozen.com\/fr\/#website\"},\"primaryImageOfPage\":{\"@id\":\"https:\/\/meozen.com\/fr\/produit\/retraite-yoga-meditation-voyage-sonore-randonnee-4-jours-3-nuits-dans-le-tarne-mars-2023\/#primaryimage\"},\"image\":{\"@id\":\"https:\/\/meozen.com\/fr\/produit\/retraite-yoga-meditation-voyage-sonore-randonnee-4-jours-3-nuits-dans-le-tarne-mars-2023\/#primaryimage\"},\"thumbnailUrl\":\"https:\/\/meozen.com\/fr\/wp-content\/uploads\/sites\/2\/2023\/03\/retraite-yoga-meditation-sonotherapie-tarne-1.jpg\",\"datePublished\":\"2023-03-09T17:44:45+00:00\",\"dateModified\":\"2023-05-11T08:15:08+00:00\",\"description\":\"R\u00e9servez d\u00e8s maintenant votre Retraite Yoga, M\u00e9ditation, Voyage Sonore &amp; Randonn\u00e9e - 4 jours \/ 3 nuits dans le Tarne (Mars 2023) avec Meozen. \u00c9vadez-vous du quotidien avec ce s\u00e9jour unique. Dur\u00e9e, conditions, prix... Cliquez pour d\u00e9couvrir !\",\"breadcrumb\":{\"@id\":\"https:\/\/meozen.com\/fr\/produit\/retraite-yoga-meditation-voyage-sonore-randonnee-4-jours-3-nuits-dans-le-tarne-mars-2023\/#breadcrumb\"},\"inLanguage\":\"fr-FR\",\"potentialAction\":[{\"@type\":\"ReadAction\",\"target\":[\"https:\/\/meozen.com\/fr\/produit\/retraite-yoga-meditation-voyage-sonore-randonnee-4-jours-3-nuits-dans-le-tarne-mars-2023\/\"]}]},{\"@type\":\"ImageObject\",\"inLanguage\":\"fr-FR\",\"@id\":\"https:\/\/meozen.com\/fr\/produit\/retraite-yoga-meditation-voyage-sonore-randonnee-4-jours-3-nuits-dans-le-tarne-mars-2023\/#primaryimage\",\"url\":\"https:\/\/meozen.com\/fr\/wp-content\/uploads\/sites\/2\/2023\/03\/retraite-yoga-meditation-sonotherapie-tarne-1.jpg\",\"contentUrl\":\"https:\/\/meozen.com\/fr\/wp-content\/uploads\/sites\/2\/2023\/03\/retraite-yoga-meditation-sonotherapie-tarne-1.jpg\",\"width\":1600,\"height\":1066},{\"@type\":\"BreadcrumbList\",\"@id\":\"https:\/\/meozen.com\/fr\/produit\/retraite-yoga-meditation-voyage-sonore-randonnee-4-jours-3-nuits-dans-le-tarne-mars-2023\/#breadcrumb\",\"itemListElement\":[{\"@type\":\"ListItem\",\"position\":1,\"name\":\"Accueil\",\"item\":\"https:\/\/meozen.com\/fr\/\"},{\"@type\":\"ListItem\",\"position\":2,\"name\":\"Boutique\",\"item\":\"https:\/\/meozen.com\/fr\/boutique\/\"},{\"@type\":\"ListItem\",\"position\":3,\"name\":\"Retraite Yoga, M\u00e9ditation, Voyage Sonore &amp; Randonn\u00e9e &#8211; 4 jours \/ 3 nuits dans le Tarne (Mars 2023)\"}]},{\"@type\":\"WebSite\",\"@id\":\"https:\/\/meozen.com\/fr\/#website\",\"url\":\"https:\/\/meozen.com\/fr\/\",\"name\":\"Meozen - Votre portail bien-\u00eatre\",\"description\":\"D\u00e9couvrez tout l&#039;univers du bien-\u00eatre, yoga, m\u00e9ditation, trouvez les meilleures retraites et formations bien-\u00eatre\",\"publisher\":{\"@id\":\"https:\/\/meozen.com\/fr\/#organization\"},\"potentialAction\":[{\"@type\":\"SearchAction\",\"target\":{\"@type\":\"EntryPoint\",\"urlTemplate\":\"https:\/\/meozen.com\/fr\/?s={search_term_string}\"},\"query-input\":{\"@type\":\"PropertyValueSpecification\",\"valueRequired\":true,\"valueName\":\"search_term_string\"}}],\"inLanguage\":\"fr-FR\"},{\"@type\":\"Organization\",\"@id\":\"https:\/\/meozen.com\/fr\/#organization\",\"name\":\"Meozen\",\"url\":\"https:\/\/meozen.com\/fr\/\",\"logo\":{\"@type\":\"ImageObject\",\"inLanguage\":\"fr-FR\",\"@id\":\"https:\/\/meozen.com\/fr\/#\/schema\/logo\/image\/\",\"url\":\"https:\/\/meozen.com\/fr\/wp-content\/uploads\/sites\/2\/2021\/06\/logo-meozen-push.jpg\",\"contentUrl\":\"https:\/\/meozen.com\/fr\/wp-content\/uploads\/sites\/2\/2021\/06\/logo-meozen-push.jpg\",\"width\":384,\"height\":384,\"caption\":\"Meozen\"},\"image\":{\"@id\":\"https:\/\/meozen.com\/fr\/#\/schema\/logo\/image\/\"},\"sameAs\":[\"https:\/\/www.facebook.com\/MeozenFr\/\",\"https:\/\/www.pinterest.fr\/meozen_officiel\/\",\"https:\/\/www.instagram.com\/meozen_officiel\/\"]}]}<\/script>\n<!-- \/ Yoast SEO plugin. -->","yoast_head_json":{"title":"Retraite Yoga, M\u00e9ditation, Voyage Sonore & Randonn\u00e9e - 4 jours \/ 3 nuits dans le Tarne (Mars 2023)","description":"R\u00e9servez d\u00e8s maintenant votre Retraite Yoga, M\u00e9ditation, Voyage Sonore &amp; Randonn\u00e9e - 4 jours \/ 3 nuits dans le Tarne (Mars 2023) avec Meozen. \u00c9vadez-vous du quotidien avec ce s\u00e9jour unique. Dur\u00e9e, conditions, prix... Cliquez pour d\u00e9couvrir !","robots":{"index":"index","follow":"follow","max-snippet":"max-snippet:-1","max-image-preview":"max-image-preview:large","max-video-preview":"max-video-preview:-1"},"canonical":"https:\/\/meozen.com\/fr\/produit\/retraite-yoga-meditation-voyage-sonore-randonnee-4-jours-3-nuits-dans-le-tarne-mars-2023\/","og_locale":"fr_FR","og_type":"article","og_title":"Retraite Yoga, M\u00e9ditation, Voyage Sonore & Randonn\u00e9e - 4 jours \/ 3 nuits dans le Tarne (Mars 2023)","og_description":"R\u00e9servez d\u00e8s maintenant votre Retraite Yoga, M\u00e9ditation, Voyage Sonore &amp; Randonn\u00e9e - 4 jours \/ 3 nuits dans le Tarne (Mars 2023) avec Meozen. \u00c9vadez-vous du quotidien avec ce s\u00e9jour unique. Dur\u00e9e, conditions, prix... Cliquez pour d\u00e9couvrir !","og_url":"https:\/\/meozen.com\/fr\/produit\/retraite-yoga-meditation-voyage-sonore-randonnee-4-jours-3-nuits-dans-le-tarne-mars-2023\/","og_site_name":"Meozen - Votre portail bien-\u00eatre","article_publisher":"https:\/\/www.facebook.com\/MeozenFr\/","article_modified_time":"2023-05-11T08:15:08+00:00","og_image":[{"width":1600,"height":1066,"url":"https:\/\/meozen.com\/fr\/wp-content\/uploads\/sites\/2\/2023\/03\/retraite-yoga-meditation-sonotherapie-tarne-1.jpg","type":"image\/jpeg"}],"twitter_card":"summary_large_image","twitter_misc":{"Dur\u00e9e de lecture estim\u00e9e":"1 minute"},"schema":{"@context":"https:\/\/schema.org","@graph":[{"@type":"WebPage","@id":"https:\/\/meozen.com\/fr\/produit\/retraite-yoga-meditation-voyage-sonore-randonnee-4-jours-3-nuits-dans-le-tarne-mars-2023\/","url":"https:\/\/meozen.com\/fr\/produit\/retraite-yoga-meditation-voyage-sonore-randonnee-4-jours-3-nuits-dans-le-tarne-mars-2023\/","name":"Retraite Yoga, M\u00e9ditation, Voyage Sonore & Randonn\u00e9e - 4 jours \/ 3 nuits dans le Tarne (Mars 2023)","isPartOf":{"@id":"https:\/\/meozen.com\/fr\/#website"},"primaryImageOfPage":{"@id":"https:\/\/meozen.com\/fr\/produit\/retraite-yoga-meditation-voyage-sonore-randonnee-4-jours-3-nuits-dans-le-tarne-mars-2023\/#primaryimage"},"image":{"@id":"https:\/\/meozen.com\/fr\/produit\/retraite-yoga-meditation-voyage-sonore-randonnee-4-jours-3-nuits-dans-le-tarne-mars-2023\/#primaryimage"},"thumbnailUrl":"https:\/\/meozen.com\/fr\/wp-content\/uploads\/sites\/2\/2023\/03\/retraite-yoga-meditation-sonotherapie-tarne-1.jpg","datePublished":"2023-03-09T17:44:45+00:00","dateModified":"2023-05-11T08:15:08+00:00","description":"R\u00e9servez d\u00e8s maintenant votre Retraite Yoga, M\u00e9ditation, Voyage Sonore &amp; Randonn\u00e9e - 4 jours \/ 3 nuits dans le Tarne (Mars 2023) avec Meozen. \u00c9vadez-vous du quotidien avec ce s\u00e9jour unique. Dur\u00e9e, conditions, prix... Cliquez pour d\u00e9couvrir !","breadcrumb":{"@id":"https:\/\/meozen.com\/fr\/produit\/retraite-yoga-meditation-voyage-sonore-randonnee-4-jours-3-nuits-dans-le-tarne-mars-2023\/#breadcrumb"},"inLanguage":"fr-FR","potentialAction":[{"@type":"ReadAction","target":["https:\/\/meozen.com\/fr\/produit\/retraite-yoga-meditation-voyage-sonore-randonnee-4-jours-3-nuits-dans-le-tarne-mars-2023\/"]}]},{"@type":"ImageObject","inLanguage":"fr-FR","@id":"https:\/\/meozen.com\/fr\/produit\/retraite-yoga-meditation-voyage-sonore-randonnee-4-jours-3-nuits-dans-le-tarne-mars-2023\/#primaryimage","url":"https:\/\/meozen.com\/fr\/wp-content\/uploads\/sites\/2\/2023\/03\/retraite-yoga-meditation-sonotherapie-tarne-1.jpg","contentUrl":"https:\/\/meozen.com\/fr\/wp-content\/uploads\/sites\/2\/2023\/03\/retraite-yoga-meditation-sonotherapie-tarne-1.jpg","width":1600,"height":1066},{"@type":"BreadcrumbList","@id":"https:\/\/meozen.com\/fr\/produit\/retraite-yoga-meditation-voyage-sonore-randonnee-4-jours-3-nuits-dans-le-tarne-mars-2023\/#breadcrumb","itemListElement":[{"@type":"ListItem","position":1,"name":"Accueil","item":"https:\/\/meozen.com\/fr\/"},{"@type":"ListItem","position":2,"name":"Boutique","item":"https:\/\/meozen.com\/fr\/boutique\/"},{"@type":"ListItem","position":3,"name":"Retraite Yoga, M\u00e9ditation, Voyage Sonore &amp; Randonn\u00e9e &#8211; 4 jours \/ 3 nuits dans le Tarne (Mars 2023)"}]},{"@type":"WebSite","@id":"https:\/\/meozen.com\/fr\/#website","url":"https:\/\/meozen.com\/fr\/","name":"Meozen - Votre portail bien-\u00eatre","description":"D\u00e9couvrez tout l&#039;univers du bien-\u00eatre, yoga, m\u00e9ditation, trouvez les meilleures retraites et formations bien-\u00eatre","publisher":{"@id":"https:\/\/meozen.com\/fr\/#organization"},"potentialAction":[{"@type":"SearchAction","target":{"@type":"EntryPoint","urlTemplate":"https:\/\/meozen.com\/fr\/?s={search_term_string}"},"query-input":{"@type":"PropertyValueSpecification","valueRequired":true,"valueName":"search_term_string"}}],"inLanguage":"fr-FR"},{"@type":"Organization","@id":"https:\/\/meozen.com\/fr\/#organization","name":"Meozen","url":"https:\/\/meozen.com\/fr\/","logo":{"@type":"ImageObject","inLanguage":"fr-FR","@id":"https:\/\/meozen.com\/fr\/#\/schema\/logo\/image\/","url":"https:\/\/meozen.com\/fr\/wp-content\/uploads\/sites\/2\/2021\/06\/logo-meozen-push.jpg","contentUrl":"https:\/\/meozen.com\/fr\/wp-content\/uploads\/sites\/2\/2021\/06\/logo-meozen-push.jpg","width":384,"height":384,"caption":"Meozen"},"image":{"@id":"https:\/\/meozen.com\/fr\/#\/schema\/logo\/image\/"},"sameAs":["https:\/\/www.facebook.com\/MeozenFr\/","https:\/\/www.pinterest.fr\/meozen_officiel\/","https:\/\/www.instagram.com\/meozen_officiel\/"]}]}},"_links":{"self":[{"href":"https:\/\/meozen.com\/fr\/wp-json\/wp\/v2\/product\/5227","targetHints":{"allow":["GET"]}}],"collection":[{"href":"https:\/\/meozen.com\/fr\/wp-json\/wp\/v2\/product"}],"about":[{"href":"https:\/\/meozen.com\/fr\/wp-json\/wp\/v2\/types\/product"}],"replies":[{"embeddable":true,"href":"https:\/\/meozen.com\/fr\/wp-json\/wp\/v2\/comments?post=5227"}],"wp:featuredmedia":[{"embeddable":true,"href":"https:\/\/meozen.com\/fr\/wp-json\/wp\/v2\/media\/5229"}],"wp:attachment":[{"href":"https:\/\/meozen.com\/fr\/wp-json\/wp\/v2\/media?parent=5227"}],"wp:term":[{"taxonomy":"product_brand","embeddable":true,"href":"https:\/\/meozen.com\/fr\/wp-json\/wp\/v2\/product_brand?post=5227"},{"taxonomy":"product_cat","embeddable":true,"href":"https:\/\/meozen.com\/fr\/wp-json\/wp\/v2\/product_cat?post=5227"},{"taxonomy":"product_tag","embeddable":true,"href":"https:\/\/meozen.com\/fr\/wp-json\/wp\/v2\/product_tag?post=5227"}],"curies":[{"name":"wp","href":"https:\/\/api.w.org\/{rel}","templated":true}]}}