{"id":5455,"date":"2023-05-16T13:57:30","date_gmt":"2023-05-16T11:57:30","guid":{"rendered":"https:\/\/meozen.com\/fr\/?post_type=product&#038;p=5455"},"modified":"2023-06-17T02:43:32","modified_gmt":"2023-06-17T00:43:32","slug":"retraite-yoga-meditation-randonnee-7-jours-6-nuits-au-lac-dannecy-en-haute-savoie-mai-2023","status":"publish","type":"product","link":"https:\/\/meozen.com\/fr\/produit\/retraite-yoga-meditation-randonnee-7-jours-6-nuits-au-lac-dannecy-en-haute-savoie-mai-2023\/","title":{"rendered":"Retraite Yoga, M\u00e9ditation &#038; Randonn\u00e9e &#8211; 7 jours \/ 6 nuits au Lac d\u2019Annecy en Haute-Savoie (Mai 2023)"},"content":{"rendered":"<ul>\n<li style=\"font-weight: 400;\"><span style=\"font-weight: 400;\">Programme adapt\u00e9 \u00e0 tous les niveaux<\/span><\/li>\n<li style=\"font-weight: 400;\"><span style=\"font-weight: 400;\">Inclus le petit d\u00e9jeuner, repas de midi et du soir (v\u00e9g\u00e9tarien) sauf le repas du vendredi soir<\/span><\/li>\n<li style=\"font-weight: 400;\"><span style=\"font-weight: 400;\">Chambres individuelles disponibles (draps et serviettes fournis)\u00a0<\/span><\/li>\n<\/ul>\n<p>&nbsp;<\/p>\n<p><b>Programme d\u00e9taill\u00e9 :<\/b><\/p>\n<p><span style=\"font-weight: 400;\">Arriv\u00e9e le dimanche 28 mai :<\/span><\/p>\n<ul>\n<li style=\"list-style-type: none;\">\n<ul>\n<li style=\"font-weight: 400;\"><span style=\"font-weight: 400;\">Arriv\u00e9e \u00e0 partir de 17:00<\/span><\/li>\n<li style=\"font-weight: 400;\"><span style=\"font-weight: 400;\">Installation et repos<\/span><\/li>\n<li style=\"font-weight: 400;\"><span style=\"font-weight: 400;\">18:30 Cercle d\u2019ouverture, une pratique de bienvenue et pr\u00e9sentation du programme sur la terrasse de la villa<\/span><\/li>\n<li style=\"font-weight: 400;\"><span style=\"font-weight: 400;\">19:30 D\u00eener et temps libre<\/span><\/li>\n<\/ul>\n<\/li>\n<\/ul>\n<p>&nbsp;<\/p>\n<p><strong>Journ\u00e9e type :\u00a0<\/strong><\/p>\n<p><span style=\"font-weight: 400;\">Le lundi 29 mai au jeudi 1 juin\u00a0 :<\/span><\/p>\n<ul>\n<li style=\"font-weight: 400;\"><span style=\"font-weight: 400;\">Collation l\u00e9g\u00e8re<\/span><\/li>\n<li style=\"font-weight: 400;\"><span style=\"font-weight: 400;\">09:00 &#8211; 10:45 : M\u00e9ditation, yoga dynamique, cr\u00e9atif et souffle conscient (fusion vinyasa &amp; hatha yoga)<\/span><\/li>\n<li style=\"font-weight: 400;\"><span style=\"font-weight: 400;\">11:00 : Brunch<\/span><\/li>\n<li style=\"font-weight: 400;\"><span style=\"font-weight: 400;\">12:00 : Randonn\u00e9es, fun time et temps libre (repos, piscine, balades, activit\u00e9s, visites)<\/span><\/li>\n<li style=\"font-weight: 400;\"><span style=\"font-weight: 400;\">18:00 &#8211; 19:30 : Yoga restauratif &amp; M\u00e9ditation, relaxation et d\u00e9tente (yin yoga, yoga nidra)<\/span><\/li>\n<li style=\"font-weight: 400;\"><span style=\"font-weight: 400;\">19:45 : D\u00eener et temps libre<\/span><\/li>\n<\/ul>\n<p><span style=\"font-weight: 400;\">Le vendredi 2 juin :\u00a0<\/span><\/p>\n<ul>\n<li style=\"font-weight: 400;\"><span style=\"font-weight: 400;\">M\u00eame journ\u00e9e type puis :<\/span><\/li>\n<li style=\"font-weight: 400;\"><span style=\"font-weight: 400;\">18:00 : Pratique m\u00e9ditative profonde allong\u00e9e sans effort<\/span><\/li>\n<li style=\"font-weight: 400;\"><span style=\"font-weight: 400;\">18:30 : Cercle de fermeture (\u00e9change et discussion)<\/span><\/li>\n<li style=\"font-weight: 400;\"><span style=\"font-weight: 400;\">19:45 : D\u00eener au restaurant du lac pour cl\u00f4turer en beaut\u00e9<\/span><\/li>\n<\/ul>\n<p><span style=\"font-weight: 400;\">Le samedi 3 juin :\u00a0<\/span><\/p>\n<ul>\n<li style=\"font-weight: 400;\"><span style=\"font-weight: 400;\">08:30 : Petit d\u00e9jeuner<\/span><\/li>\n<li style=\"font-weight: 400;\"><span style=\"font-weight: 400;\">09:30 &#8211; 10:00 : D\u00e9part des participants en pleine forme<\/span><\/li>\n<\/ul>\n","protected":false},"excerpt":{"rendered":"<p><strong style=\"font-size: 22px;\">Une retraite de Yoga &amp; Randonn\u00e9e au \ud83d\udccd Lac d\u2019Annecy en Haute-Savoie.<\/strong><\/p>\n<p>Avec la retraite \u00ab\u00a0Deep connexion &amp; Joy\u00a0\u00bb, Anastasia (Professeur de Yoga et m\u00e9diation, Coach certifi\u00e9e) vous accueille et vous propose une immersion au c\u0153ur de l\u2019instant pr\u00e9sent au Lac d\u2019Annecy en Haute-Savoie.<\/p>\n<p class=\"p1\">\u2728 Un programme rythm\u00e9 \u00e0 la fois sur l&rsquo;intensit\u00e9 et l&rsquo;\u00e9nergie du yoga Vinyasa, l&rsquo;\u00e9coute profonde de soi avec des pratiques de Nidra et de yoga Yin, de quoi vivre une r\u00e9elle transformation.<\/p>\n<p class=\"p1\">\ud83c\udfe0 La Villa est id\u00e9alement situ\u00e9e sur la rive droite du Lac d\u2019Annecy aussi appel\u00e9e \u201cla Rive Plein Soleil\u00a0\u00bb.<\/p>\n<p class=\"p1\">Profitez pendant 7 jours, d&rsquo;une vue imprenable au bord du lac d\u2019Annecy, en profitant du calme du lieu et aussi d\u2019une villa d&rsquo;exception en pleine nature avec une piscine chauff\u00e9e, un bain nordique et l&rsquo;acc\u00e8s au lac. Un endroit propice \u00e0 la d\u00e9tente et la connexion \u00e0 soi. Sans oublier les diverses pratiques de yoga et m\u00e9ditation, les randonn\u00e9es, le v\u00e9lo et d&rsquo;autres activit\u00e9s autour du lac.<\/p>\n<p><strong>Date :<\/strong> du 28 mai au 3 juin 2023<\/p>\n<p><strong>S\u00e9jour \u00e0 partir de 1 250 euros<\/strong><\/p>\n","protected":false},"featured_media":5506,"comment_status":"open","ping_status":"closed","template":"","meta":{"_mo_disable_npp":""},"product_brand":[],"product_cat":[27,120,105,43],"product_tag":[],"class_list":{"0":"post-5455","1":"product","2":"type-product","3":"status-publish","4":"has-post-thumbnail","6":"product_cat-retraite-7-jours","7":"product_cat-retraite-yoga","8":"product_cat-retraite-de-yoga-haute-savoie","9":"product_cat-retraite-yoga-france","11":"first","12":"instock","13":"taxable","14":"shipping-taxable","15":"product-type-external"},"yoast_head":"<!-- This site is optimized with the Yoast SEO plugin v26.8 - https:\/\/yoast.com\/product\/yoast-seo-wordpress\/ -->\n<title>Retraite Yoga, M\u00e9ditation &amp; Randonn\u00e9e - 7 jours \/ 6 nuits au Lac d\u2019Annecy en Haute-Savoie (Mai 2023) - Meozen - Votre portail bien-\u00eatre<\/title>\n<meta name=\"description\" content=\"R\u00e9servez d\u00e8s maintenant votre Retraite Yoga, M\u00e9ditation &amp; Randonn\u00e9e - 7 jours \/ 6 nuits au Lac d\u2019Annecy en Haute-Savoie (Mai 2023) avec Meozen. \u00c9vadez-vous du quotidien avec ce s\u00e9jour unique. Dur\u00e9e, conditions, prix... Cliquez pour d\u00e9couvrir !\" \/>\n<meta name=\"robots\" content=\"index, follow, max-snippet:-1, max-image-preview:large, max-video-preview:-1\" \/>\n<link rel=\"canonical\" href=\"https:\/\/meozen.com\/fr\/produit\/retraite-yoga-meditation-randonnee-7-jours-6-nuits-au-lac-dannecy-en-haute-savoie-mai-2023\/\" \/>\n<meta property=\"og:locale\" content=\"fr_FR\" \/>\n<meta property=\"og:type\" content=\"article\" \/>\n<meta property=\"og:title\" content=\"Retraite Yoga, M\u00e9ditation &amp; Randonn\u00e9e - 7 jours \/ 6 nuits au Lac d\u2019Annecy en Haute-Savoie (Mai 2023) - Meozen - Votre portail bien-\u00eatre\" \/>\n<meta property=\"og:description\" content=\"R\u00e9servez d\u00e8s maintenant votre Retraite Yoga, M\u00e9ditation &amp; Randonn\u00e9e - 7 jours \/ 6 nuits au Lac d\u2019Annecy en Haute-Savoie (Mai 2023) avec Meozen. \u00c9vadez-vous du quotidien avec ce s\u00e9jour unique. Dur\u00e9e, conditions, prix... Cliquez pour d\u00e9couvrir !\" \/>\n<meta property=\"og:url\" content=\"https:\/\/meozen.com\/fr\/produit\/retraite-yoga-meditation-randonnee-7-jours-6-nuits-au-lac-dannecy-en-haute-savoie-mai-2023\/\" \/>\n<meta property=\"og:site_name\" content=\"Meozen - Votre portail bien-\u00eatre\" \/>\n<meta property=\"article:publisher\" content=\"https:\/\/www.facebook.com\/MeozenFr\/\" \/>\n<meta property=\"article:modified_time\" content=\"2023-06-17T00:43:32+00:00\" \/>\n<meta property=\"og:image\" content=\"https:\/\/meozen.com\/fr\/wp-content\/uploads\/sites\/2\/2023\/05\/retraite-yoga-randonnee-lac-annecy-1.jpeg\" \/>\n\t<meta property=\"og:image:width\" content=\"653\" \/>\n\t<meta property=\"og:image:height\" content=\"490\" \/>\n\t<meta property=\"og:image:type\" content=\"image\/jpeg\" \/>\n<meta name=\"twitter:card\" content=\"summary_large_image\" \/>\n<meta name=\"twitter:label1\" content=\"Dur\u00e9e de lecture estim\u00e9e\" \/>\n\t<meta name=\"twitter:data1\" content=\"1 minute\" \/>\n<script type=\"application\/ld+json\" class=\"yoast-schema-graph\">{\"@context\":\"https:\/\/schema.org\",\"@graph\":[{\"@type\":\"WebPage\",\"@id\":\"https:\/\/meozen.com\/fr\/produit\/retraite-yoga-meditation-randonnee-7-jours-6-nuits-au-lac-dannecy-en-haute-savoie-mai-2023\/\",\"url\":\"https:\/\/meozen.com\/fr\/produit\/retraite-yoga-meditation-randonnee-7-jours-6-nuits-au-lac-dannecy-en-haute-savoie-mai-2023\/\",\"name\":\"Retraite Yoga, M\u00e9ditation & Randonn\u00e9e - 7 jours \/ 6 nuits au Lac d\u2019Annecy en Haute-Savoie (Mai 2023) - Meozen - Votre portail bien-\u00eatre\",\"isPartOf\":{\"@id\":\"https:\/\/meozen.com\/fr\/#website\"},\"primaryImageOfPage\":{\"@id\":\"https:\/\/meozen.com\/fr\/produit\/retraite-yoga-meditation-randonnee-7-jours-6-nuits-au-lac-dannecy-en-haute-savoie-mai-2023\/#primaryimage\"},\"image\":{\"@id\":\"https:\/\/meozen.com\/fr\/produit\/retraite-yoga-meditation-randonnee-7-jours-6-nuits-au-lac-dannecy-en-haute-savoie-mai-2023\/#primaryimage\"},\"thumbnailUrl\":\"https:\/\/meozen.com\/fr\/wp-content\/uploads\/sites\/2\/2023\/05\/retraite-yoga-randonnee-lac-annecy-1.jpeg\",\"datePublished\":\"2023-05-16T11:57:30+00:00\",\"dateModified\":\"2023-06-17T00:43:32+00:00\",\"description\":\"R\u00e9servez d\u00e8s maintenant votre Retraite Yoga, M\u00e9ditation & Randonn\u00e9e - 7 jours \/ 6 nuits au Lac d\u2019Annecy en Haute-Savoie (Mai 2023) avec Meozen. \u00c9vadez-vous du quotidien avec ce s\u00e9jour unique. Dur\u00e9e, conditions, prix... Cliquez pour d\u00e9couvrir !\",\"breadcrumb\":{\"@id\":\"https:\/\/meozen.com\/fr\/produit\/retraite-yoga-meditation-randonnee-7-jours-6-nuits-au-lac-dannecy-en-haute-savoie-mai-2023\/#breadcrumb\"},\"inLanguage\":\"fr-FR\",\"potentialAction\":[{\"@type\":\"ReadAction\",\"target\":[\"https:\/\/meozen.com\/fr\/produit\/retraite-yoga-meditation-randonnee-7-jours-6-nuits-au-lac-dannecy-en-haute-savoie-mai-2023\/\"]}]},{\"@type\":\"ImageObject\",\"inLanguage\":\"fr-FR\",\"@id\":\"https:\/\/meozen.com\/fr\/produit\/retraite-yoga-meditation-randonnee-7-jours-6-nuits-au-lac-dannecy-en-haute-savoie-mai-2023\/#primaryimage\",\"url\":\"https:\/\/meozen.com\/fr\/wp-content\/uploads\/sites\/2\/2023\/05\/retraite-yoga-randonnee-lac-annecy-1.jpeg\",\"contentUrl\":\"https:\/\/meozen.com\/fr\/wp-content\/uploads\/sites\/2\/2023\/05\/retraite-yoga-randonnee-lac-annecy-1.jpeg\",\"width\":653,\"height\":490},{\"@type\":\"BreadcrumbList\",\"@id\":\"https:\/\/meozen.com\/fr\/produit\/retraite-yoga-meditation-randonnee-7-jours-6-nuits-au-lac-dannecy-en-haute-savoie-mai-2023\/#breadcrumb\",\"itemListElement\":[{\"@type\":\"ListItem\",\"position\":1,\"name\":\"Accueil\",\"item\":\"https:\/\/meozen.com\/fr\/\"},{\"@type\":\"ListItem\",\"position\":2,\"name\":\"Boutique\",\"item\":\"https:\/\/meozen.com\/fr\/boutique\/\"},{\"@type\":\"ListItem\",\"position\":3,\"name\":\"Retraite Yoga, M\u00e9ditation &#038; Randonn\u00e9e &#8211; 7 jours \/ 6 nuits au Lac d\u2019Annecy en Haute-Savoie (Mai 2023)\"}]},{\"@type\":\"WebSite\",\"@id\":\"https:\/\/meozen.com\/fr\/#website\",\"url\":\"https:\/\/meozen.com\/fr\/\",\"name\":\"Meozen - Votre portail bien-\u00eatre\",\"description\":\"D\u00e9couvrez tout l&#039;univers du bien-\u00eatre, yoga, m\u00e9ditation, trouvez les meilleures retraites et formations bien-\u00eatre\",\"publisher\":{\"@id\":\"https:\/\/meozen.com\/fr\/#organization\"},\"potentialAction\":[{\"@type\":\"SearchAction\",\"target\":{\"@type\":\"EntryPoint\",\"urlTemplate\":\"https:\/\/meozen.com\/fr\/?s={search_term_string}\"},\"query-input\":{\"@type\":\"PropertyValueSpecification\",\"valueRequired\":true,\"valueName\":\"search_term_string\"}}],\"inLanguage\":\"fr-FR\"},{\"@type\":\"Organization\",\"@id\":\"https:\/\/meozen.com\/fr\/#organization\",\"name\":\"Meozen\",\"url\":\"https:\/\/meozen.com\/fr\/\",\"logo\":{\"@type\":\"ImageObject\",\"inLanguage\":\"fr-FR\",\"@id\":\"https:\/\/meozen.com\/fr\/#\/schema\/logo\/image\/\",\"url\":\"https:\/\/meozen.com\/fr\/wp-content\/uploads\/sites\/2\/2021\/06\/logo-meozen-push.jpg\",\"contentUrl\":\"https:\/\/meozen.com\/fr\/wp-content\/uploads\/sites\/2\/2021\/06\/logo-meozen-push.jpg\",\"width\":384,\"height\":384,\"caption\":\"Meozen\"},\"image\":{\"@id\":\"https:\/\/meozen.com\/fr\/#\/schema\/logo\/image\/\"},\"sameAs\":[\"https:\/\/www.facebook.com\/MeozenFr\/\",\"https:\/\/www.pinterest.fr\/meozen_officiel\/\",\"https:\/\/www.instagram.com\/meozen_officiel\/\"]}]}<\/script>\n<!-- \/ Yoast SEO plugin. -->","yoast_head_json":{"title":"Retraite Yoga, M\u00e9ditation & Randonn\u00e9e - 7 jours \/ 6 nuits au Lac d\u2019Annecy en Haute-Savoie (Mai 2023) - Meozen - Votre portail bien-\u00eatre","description":"R\u00e9servez d\u00e8s maintenant votre Retraite Yoga, M\u00e9ditation & Randonn\u00e9e - 7 jours \/ 6 nuits au Lac d\u2019Annecy en Haute-Savoie (Mai 2023) avec Meozen. \u00c9vadez-vous du quotidien avec ce s\u00e9jour unique. Dur\u00e9e, conditions, prix... Cliquez pour d\u00e9couvrir !","robots":{"index":"index","follow":"follow","max-snippet":"max-snippet:-1","max-image-preview":"max-image-preview:large","max-video-preview":"max-video-preview:-1"},"canonical":"https:\/\/meozen.com\/fr\/produit\/retraite-yoga-meditation-randonnee-7-jours-6-nuits-au-lac-dannecy-en-haute-savoie-mai-2023\/","og_locale":"fr_FR","og_type":"article","og_title":"Retraite Yoga, M\u00e9ditation & Randonn\u00e9e - 7 jours \/ 6 nuits au Lac d\u2019Annecy en Haute-Savoie (Mai 2023) - Meozen - Votre portail bien-\u00eatre","og_description":"R\u00e9servez d\u00e8s maintenant votre Retraite Yoga, M\u00e9ditation & Randonn\u00e9e - 7 jours \/ 6 nuits au Lac d\u2019Annecy en Haute-Savoie (Mai 2023) avec Meozen. \u00c9vadez-vous du quotidien avec ce s\u00e9jour unique. Dur\u00e9e, conditions, prix... Cliquez pour d\u00e9couvrir !","og_url":"https:\/\/meozen.com\/fr\/produit\/retraite-yoga-meditation-randonnee-7-jours-6-nuits-au-lac-dannecy-en-haute-savoie-mai-2023\/","og_site_name":"Meozen - Votre portail bien-\u00eatre","article_publisher":"https:\/\/www.facebook.com\/MeozenFr\/","article_modified_time":"2023-06-17T00:43:32+00:00","og_image":[{"width":653,"height":490,"url":"https:\/\/meozen.com\/fr\/wp-content\/uploads\/sites\/2\/2023\/05\/retraite-yoga-randonnee-lac-annecy-1.jpeg","type":"image\/jpeg"}],"twitter_card":"summary_large_image","twitter_misc":{"Dur\u00e9e de lecture estim\u00e9e":"1 minute"},"schema":{"@context":"https:\/\/schema.org","@graph":[{"@type":"WebPage","@id":"https:\/\/meozen.com\/fr\/produit\/retraite-yoga-meditation-randonnee-7-jours-6-nuits-au-lac-dannecy-en-haute-savoie-mai-2023\/","url":"https:\/\/meozen.com\/fr\/produit\/retraite-yoga-meditation-randonnee-7-jours-6-nuits-au-lac-dannecy-en-haute-savoie-mai-2023\/","name":"Retraite Yoga, M\u00e9ditation & Randonn\u00e9e - 7 jours \/ 6 nuits au Lac d\u2019Annecy en Haute-Savoie (Mai 2023) - Meozen - Votre portail bien-\u00eatre","isPartOf":{"@id":"https:\/\/meozen.com\/fr\/#website"},"primaryImageOfPage":{"@id":"https:\/\/meozen.com\/fr\/produit\/retraite-yoga-meditation-randonnee-7-jours-6-nuits-au-lac-dannecy-en-haute-savoie-mai-2023\/#primaryimage"},"image":{"@id":"https:\/\/meozen.com\/fr\/produit\/retraite-yoga-meditation-randonnee-7-jours-6-nuits-au-lac-dannecy-en-haute-savoie-mai-2023\/#primaryimage"},"thumbnailUrl":"https:\/\/meozen.com\/fr\/wp-content\/uploads\/sites\/2\/2023\/05\/retraite-yoga-randonnee-lac-annecy-1.jpeg","datePublished":"2023-05-16T11:57:30+00:00","dateModified":"2023-06-17T00:43:32+00:00","description":"R\u00e9servez d\u00e8s maintenant votre Retraite Yoga, M\u00e9ditation & Randonn\u00e9e - 7 jours \/ 6 nuits au Lac d\u2019Annecy en Haute-Savoie (Mai 2023) avec Meozen. \u00c9vadez-vous du quotidien avec ce s\u00e9jour unique. Dur\u00e9e, conditions, prix... Cliquez pour d\u00e9couvrir !","breadcrumb":{"@id":"https:\/\/meozen.com\/fr\/produit\/retraite-yoga-meditation-randonnee-7-jours-6-nuits-au-lac-dannecy-en-haute-savoie-mai-2023\/#breadcrumb"},"inLanguage":"fr-FR","potentialAction":[{"@type":"ReadAction","target":["https:\/\/meozen.com\/fr\/produit\/retraite-yoga-meditation-randonnee-7-jours-6-nuits-au-lac-dannecy-en-haute-savoie-mai-2023\/"]}]},{"@type":"ImageObject","inLanguage":"fr-FR","@id":"https:\/\/meozen.com\/fr\/produit\/retraite-yoga-meditation-randonnee-7-jours-6-nuits-au-lac-dannecy-en-haute-savoie-mai-2023\/#primaryimage","url":"https:\/\/meozen.com\/fr\/wp-content\/uploads\/sites\/2\/2023\/05\/retraite-yoga-randonnee-lac-annecy-1.jpeg","contentUrl":"https:\/\/meozen.com\/fr\/wp-content\/uploads\/sites\/2\/2023\/05\/retraite-yoga-randonnee-lac-annecy-1.jpeg","width":653,"height":490},{"@type":"BreadcrumbList","@id":"https:\/\/meozen.com\/fr\/produit\/retraite-yoga-meditation-randonnee-7-jours-6-nuits-au-lac-dannecy-en-haute-savoie-mai-2023\/#breadcrumb","itemListElement":[{"@type":"ListItem","position":1,"name":"Accueil","item":"https:\/\/meozen.com\/fr\/"},{"@type":"ListItem","position":2,"name":"Boutique","item":"https:\/\/meozen.com\/fr\/boutique\/"},{"@type":"ListItem","position":3,"name":"Retraite Yoga, M\u00e9ditation &#038; Randonn\u00e9e &#8211; 7 jours \/ 6 nuits au Lac d\u2019Annecy en Haute-Savoie (Mai 2023)"}]},{"@type":"WebSite","@id":"https:\/\/meozen.com\/fr\/#website","url":"https:\/\/meozen.com\/fr\/","name":"Meozen - Votre portail bien-\u00eatre","description":"D\u00e9couvrez tout l&#039;univers du bien-\u00eatre, yoga, m\u00e9ditation, trouvez les meilleures retraites et formations bien-\u00eatre","publisher":{"@id":"https:\/\/meozen.com\/fr\/#organization"},"potentialAction":[{"@type":"SearchAction","target":{"@type":"EntryPoint","urlTemplate":"https:\/\/meozen.com\/fr\/?s={search_term_string}"},"query-input":{"@type":"PropertyValueSpecification","valueRequired":true,"valueName":"search_term_string"}}],"inLanguage":"fr-FR"},{"@type":"Organization","@id":"https:\/\/meozen.com\/fr\/#organization","name":"Meozen","url":"https:\/\/meozen.com\/fr\/","logo":{"@type":"ImageObject","inLanguage":"fr-FR","@id":"https:\/\/meozen.com\/fr\/#\/schema\/logo\/image\/","url":"https:\/\/meozen.com\/fr\/wp-content\/uploads\/sites\/2\/2021\/06\/logo-meozen-push.jpg","contentUrl":"https:\/\/meozen.com\/fr\/wp-content\/uploads\/sites\/2\/2021\/06\/logo-meozen-push.jpg","width":384,"height":384,"caption":"Meozen"},"image":{"@id":"https:\/\/meozen.com\/fr\/#\/schema\/logo\/image\/"},"sameAs":["https:\/\/www.facebook.com\/MeozenFr\/","https:\/\/www.pinterest.fr\/meozen_officiel\/","https:\/\/www.instagram.com\/meozen_officiel\/"]}]}},"_links":{"self":[{"href":"https:\/\/meozen.com\/fr\/wp-json\/wp\/v2\/product\/5455","targetHints":{"allow":["GET"]}}],"collection":[{"href":"https:\/\/meozen.com\/fr\/wp-json\/wp\/v2\/product"}],"about":[{"href":"https:\/\/meozen.com\/fr\/wp-json\/wp\/v2\/types\/product"}],"replies":[{"embeddable":true,"href":"https:\/\/meozen.com\/fr\/wp-json\/wp\/v2\/comments?post=5455"}],"wp:featuredmedia":[{"embeddable":true,"href":"https:\/\/meozen.com\/fr\/wp-json\/wp\/v2\/media\/5506"}],"wp:attachment":[{"href":"https:\/\/meozen.com\/fr\/wp-json\/wp\/v2\/media?parent=5455"}],"wp:term":[{"taxonomy":"product_brand","embeddable":true,"href":"https:\/\/meozen.com\/fr\/wp-json\/wp\/v2\/product_brand?post=5455"},{"taxonomy":"product_cat","embeddable":true,"href":"https:\/\/meozen.com\/fr\/wp-json\/wp\/v2\/product_cat?post=5455"},{"taxonomy":"product_tag","embeddable":true,"href":"https:\/\/meozen.com\/fr\/wp-json\/wp\/v2\/product_tag?post=5455"}],"curies":[{"name":"wp","href":"https:\/\/api.w.org\/{rel}","templated":true}]}}