{"id":5458,"date":"2023-05-24T14:24:18","date_gmt":"2023-05-24T12:24:18","guid":{"rendered":"https:\/\/meozen.com\/fr\/?post_type=product&#038;p=5458"},"modified":"2023-06-17T02:43:30","modified_gmt":"2023-06-17T00:43:30","slug":"retraite-yoga-vinyasa-yin-meditation-4-jours-3-nuits-a-chamonix-mai-juin-2023","status":"publish","type":"product","link":"https:\/\/meozen.com\/fr\/produit\/retraite-yoga-vinyasa-yin-meditation-4-jours-3-nuits-a-chamonix-mai-juin-2023\/","title":{"rendered":"Retraite Yoga Vinyasa, Yin &#038; M\u00e9ditation &#8211; 4 jours \/ 3 nuits \u00e0 Chamonix (Mai &#8211; Juin 2023)"},"content":{"rendered":"<ul>\n<li style=\"font-weight: 400;\"><span style=\"font-weight: 400;\">Programme adapt\u00e9 \u00e0 tous les niveaux<\/span><\/li>\n<li style=\"font-weight: 400;\"><span style=\"font-weight: 400;\">Inclus brunch et <\/span><span style=\"font-weight: 400;\">repas du soir (v\u00e9g\u00e9tarien, <\/span><span style=\"font-weight: 400;\">ingr\u00e9dients de saisons et r\u00e9gionaux)<\/span><\/li>\n<li style=\"font-weight: 400;\"><span style=\"font-weight: 400;\">Chambres individuelles disponibles (draps et serviettes fournis)<\/span><\/li>\n<\/ul>\n<p><strong>Une journ\u00e9e typique<\/strong><\/p>\n<ul>\n<li>08:00 M\u00e9ditation matinale ou marche silencieuse dans les montagnes.<\/li>\n<li>09:00 Pratique matinale (pratique revigorante)<\/li>\n<li>11:00 Temps de yoga ou atelier<\/li>\n<li>12:00 Brunch ou d\u00e9jeuner<\/li>\n<li>Temps libre pour se d\u00e9tendre, travailler, faire des randonn\u00e9es, etc.<\/li>\n<li>17:00 &#8211; 18:00 Pratique du soir (yoga lent ou yin yoga)<\/li>\n<li>19:00 D\u00eener<\/li>\n<li>Activit\u00e9s du soir (lecture, cercles, lecture de cartes, musique etc.)<\/li>\n<\/ul>\n","protected":false},"excerpt":{"rendered":"<p><strong style=\"font-size: 22px;\">Une retraite de Yoga Vinyasa, Yin &amp; m\u00e9ditation <strong>\ud83d\udccd <\/strong>\u00e0 Chamonix.<\/strong><\/p>\n<p>Avec cette retraite, les professeurs de Yoga et de m\u00e9ditation (Mathias, Caroline, Emilie et Charline) vous accueillent et vous proposent un moment pour vous reposer et vous d\u00e9tendre au coeur du Massif du Mont Blanc.<\/p>\n<p class=\"p1\">\u2728\u00a0 Un programme enclin \u00e0 se d\u00e9tendre avec des pratiques yogiques pour profiter et s&rsquo;impr\u00e9gner des vibrations de ce lieu et de la magie des montagnes de Chamonix.<\/p>\n<p class=\"p1\">\ud83c\udfe0 Entour\u00e9 par la nature et surplombant le Mont Blanc et ses c\u00e9l\u00e8bres sommets, Edelweiss Yoga Chalet est un h\u00e9bergement local typique.<\/p>\n<p class=\"p1\">Profitez des beaux jours, dans l&rsquo;atmosph\u00e8re accueillante et chaleureuse du chalet. L&rsquo;endroit id\u00e9al pour profiter du grand air de la montagne et \u00e9tablir un lien profond avec la nature environnante. Parmi les activit\u00e9s possibles, il y a la randonn\u00e9e, l&rsquo;escalade et le sauna.<\/p>\n<p><strong>Date :<\/strong> Retraite disponible durant les mois de mai et juin 2023<\/p>\n<p><strong> S\u00e9jour \u00e0 partir de 550 euros<\/strong><\/p>\n","protected":false},"featured_media":5555,"comment_status":"open","ping_status":"closed","template":"","meta":{"_mo_disable_npp":""},"product_brand":[],"product_cat":[44,120,105,43],"product_tag":[],"class_list":{"0":"post-5458","1":"product","2":"type-product","3":"status-publish","4":"has-post-thumbnail","6":"product_cat-retraite-4-jours-yoga","7":"product_cat-retraite-yoga","8":"product_cat-retraite-de-yoga-haute-savoie","9":"product_cat-retraite-yoga-france","11":"first","12":"instock","13":"taxable","14":"shipping-taxable","15":"product-type-external"},"yoast_head":"<!-- This site is optimized with the Yoast SEO plugin v26.8 - https:\/\/yoast.com\/product\/yoast-seo-wordpress\/ -->\n<title>Retraite Yoga Vinyasa, Yin &amp; M\u00e9ditation - 4 jours \/ 3 nuits \u00e0 Chamonix (Mai - Juin 2023) - Meozen - Votre portail bien-\u00eatre<\/title>\n<meta name=\"description\" content=\"R\u00e9servez d\u00e8s maintenant votre Retraite Yoga Vinyasa, Yin &amp; M\u00e9ditation - 4 jours \/ 3 nuits \u00e0 Chamonix (Mai - Juin 2023) avec Meozen. \u00c9vadez-vous du quotidien avec ce s\u00e9jour unique. Dur\u00e9e, conditions, prix... Cliquez pour d\u00e9couvrir !\" \/>\n<meta name=\"robots\" content=\"index, follow, max-snippet:-1, max-image-preview:large, max-video-preview:-1\" \/>\n<link rel=\"canonical\" href=\"https:\/\/meozen.com\/fr\/produit\/retraite-yoga-vinyasa-yin-meditation-4-jours-3-nuits-a-chamonix-mai-juin-2023\/\" \/>\n<meta property=\"og:locale\" content=\"fr_FR\" \/>\n<meta property=\"og:type\" content=\"article\" \/>\n<meta property=\"og:title\" content=\"Retraite Yoga Vinyasa, Yin &amp; M\u00e9ditation - 4 jours \/ 3 nuits \u00e0 Chamonix (Mai - Juin 2023) - Meozen - Votre portail bien-\u00eatre\" \/>\n<meta property=\"og:description\" content=\"R\u00e9servez d\u00e8s maintenant votre Retraite Yoga Vinyasa, Yin &amp; M\u00e9ditation - 4 jours \/ 3 nuits \u00e0 Chamonix (Mai - Juin 2023) avec Meozen. \u00c9vadez-vous du quotidien avec ce s\u00e9jour unique. Dur\u00e9e, conditions, prix... Cliquez pour d\u00e9couvrir !\" \/>\n<meta property=\"og:url\" content=\"https:\/\/meozen.com\/fr\/produit\/retraite-yoga-vinyasa-yin-meditation-4-jours-3-nuits-a-chamonix-mai-juin-2023\/\" \/>\n<meta property=\"og:site_name\" content=\"Meozen - Votre portail bien-\u00eatre\" \/>\n<meta property=\"article:publisher\" content=\"https:\/\/www.facebook.com\/MeozenFr\/\" \/>\n<meta property=\"article:modified_time\" content=\"2023-06-17T00:43:30+00:00\" \/>\n<meta property=\"og:image\" content=\"https:\/\/meozen.com\/fr\/wp-content\/uploads\/sites\/2\/2023\/05\/retraite-yoga-edelweiss-chalet-chamonix-1.jpeg\" \/>\n\t<meta property=\"og:image:width\" content=\"653\" \/>\n\t<meta property=\"og:image:height\" content=\"490\" \/>\n\t<meta property=\"og:image:type\" content=\"image\/jpeg\" \/>\n<meta name=\"twitter:card\" content=\"summary_large_image\" \/>\n<meta name=\"twitter:label1\" content=\"Dur\u00e9e de lecture estim\u00e9e\" \/>\n\t<meta name=\"twitter:data1\" content=\"1 minute\" \/>\n<script type=\"application\/ld+json\" class=\"yoast-schema-graph\">{\"@context\":\"https:\/\/schema.org\",\"@graph\":[{\"@type\":\"WebPage\",\"@id\":\"https:\/\/meozen.com\/fr\/produit\/retraite-yoga-vinyasa-yin-meditation-4-jours-3-nuits-a-chamonix-mai-juin-2023\/\",\"url\":\"https:\/\/meozen.com\/fr\/produit\/retraite-yoga-vinyasa-yin-meditation-4-jours-3-nuits-a-chamonix-mai-juin-2023\/\",\"name\":\"Retraite Yoga Vinyasa, Yin & M\u00e9ditation - 4 jours \/ 3 nuits \u00e0 Chamonix (Mai - Juin 2023) - Meozen - Votre portail bien-\u00eatre\",\"isPartOf\":{\"@id\":\"https:\/\/meozen.com\/fr\/#website\"},\"primaryImageOfPage\":{\"@id\":\"https:\/\/meozen.com\/fr\/produit\/retraite-yoga-vinyasa-yin-meditation-4-jours-3-nuits-a-chamonix-mai-juin-2023\/#primaryimage\"},\"image\":{\"@id\":\"https:\/\/meozen.com\/fr\/produit\/retraite-yoga-vinyasa-yin-meditation-4-jours-3-nuits-a-chamonix-mai-juin-2023\/#primaryimage\"},\"thumbnailUrl\":\"https:\/\/meozen.com\/fr\/wp-content\/uploads\/sites\/2\/2023\/05\/retraite-yoga-edelweiss-chalet-chamonix-1.jpeg\",\"datePublished\":\"2023-05-24T12:24:18+00:00\",\"dateModified\":\"2023-06-17T00:43:30+00:00\",\"description\":\"R\u00e9servez d\u00e8s maintenant votre Retraite Yoga Vinyasa, Yin & M\u00e9ditation - 4 jours \/ 3 nuits \u00e0 Chamonix (Mai - Juin 2023) avec Meozen. \u00c9vadez-vous du quotidien avec ce s\u00e9jour unique. Dur\u00e9e, conditions, prix... Cliquez pour d\u00e9couvrir !\",\"breadcrumb\":{\"@id\":\"https:\/\/meozen.com\/fr\/produit\/retraite-yoga-vinyasa-yin-meditation-4-jours-3-nuits-a-chamonix-mai-juin-2023\/#breadcrumb\"},\"inLanguage\":\"fr-FR\",\"potentialAction\":[{\"@type\":\"ReadAction\",\"target\":[\"https:\/\/meozen.com\/fr\/produit\/retraite-yoga-vinyasa-yin-meditation-4-jours-3-nuits-a-chamonix-mai-juin-2023\/\"]}]},{\"@type\":\"ImageObject\",\"inLanguage\":\"fr-FR\",\"@id\":\"https:\/\/meozen.com\/fr\/produit\/retraite-yoga-vinyasa-yin-meditation-4-jours-3-nuits-a-chamonix-mai-juin-2023\/#primaryimage\",\"url\":\"https:\/\/meozen.com\/fr\/wp-content\/uploads\/sites\/2\/2023\/05\/retraite-yoga-edelweiss-chalet-chamonix-1.jpeg\",\"contentUrl\":\"https:\/\/meozen.com\/fr\/wp-content\/uploads\/sites\/2\/2023\/05\/retraite-yoga-edelweiss-chalet-chamonix-1.jpeg\",\"width\":653,\"height\":490},{\"@type\":\"BreadcrumbList\",\"@id\":\"https:\/\/meozen.com\/fr\/produit\/retraite-yoga-vinyasa-yin-meditation-4-jours-3-nuits-a-chamonix-mai-juin-2023\/#breadcrumb\",\"itemListElement\":[{\"@type\":\"ListItem\",\"position\":1,\"name\":\"Accueil\",\"item\":\"https:\/\/meozen.com\/fr\/\"},{\"@type\":\"ListItem\",\"position\":2,\"name\":\"Boutique\",\"item\":\"https:\/\/meozen.com\/fr\/boutique\/\"},{\"@type\":\"ListItem\",\"position\":3,\"name\":\"Retraite Yoga Vinyasa, Yin &#038; M\u00e9ditation &#8211; 4 jours \/ 3 nuits \u00e0 Chamonix (Mai &#8211; Juin 2023)\"}]},{\"@type\":\"WebSite\",\"@id\":\"https:\/\/meozen.com\/fr\/#website\",\"url\":\"https:\/\/meozen.com\/fr\/\",\"name\":\"Meozen - Votre portail bien-\u00eatre\",\"description\":\"D\u00e9couvrez tout l&#039;univers du bien-\u00eatre, yoga, m\u00e9ditation, trouvez les meilleures retraites et formations bien-\u00eatre\",\"publisher\":{\"@id\":\"https:\/\/meozen.com\/fr\/#organization\"},\"potentialAction\":[{\"@type\":\"SearchAction\",\"target\":{\"@type\":\"EntryPoint\",\"urlTemplate\":\"https:\/\/meozen.com\/fr\/?s={search_term_string}\"},\"query-input\":{\"@type\":\"PropertyValueSpecification\",\"valueRequired\":true,\"valueName\":\"search_term_string\"}}],\"inLanguage\":\"fr-FR\"},{\"@type\":\"Organization\",\"@id\":\"https:\/\/meozen.com\/fr\/#organization\",\"name\":\"Meozen\",\"url\":\"https:\/\/meozen.com\/fr\/\",\"logo\":{\"@type\":\"ImageObject\",\"inLanguage\":\"fr-FR\",\"@id\":\"https:\/\/meozen.com\/fr\/#\/schema\/logo\/image\/\",\"url\":\"https:\/\/meozen.com\/fr\/wp-content\/uploads\/sites\/2\/2021\/06\/logo-meozen-push.jpg\",\"contentUrl\":\"https:\/\/meozen.com\/fr\/wp-content\/uploads\/sites\/2\/2021\/06\/logo-meozen-push.jpg\",\"width\":384,\"height\":384,\"caption\":\"Meozen\"},\"image\":{\"@id\":\"https:\/\/meozen.com\/fr\/#\/schema\/logo\/image\/\"},\"sameAs\":[\"https:\/\/www.facebook.com\/MeozenFr\/\",\"https:\/\/www.pinterest.fr\/meozen_officiel\/\",\"https:\/\/www.instagram.com\/meozen_officiel\/\"]}]}<\/script>\n<!-- \/ Yoast SEO plugin. -->","yoast_head_json":{"title":"Retraite Yoga Vinyasa, Yin & M\u00e9ditation - 4 jours \/ 3 nuits \u00e0 Chamonix (Mai - Juin 2023) - Meozen - Votre portail bien-\u00eatre","description":"R\u00e9servez d\u00e8s maintenant votre Retraite Yoga Vinyasa, Yin & M\u00e9ditation - 4 jours \/ 3 nuits \u00e0 Chamonix (Mai - Juin 2023) avec Meozen. \u00c9vadez-vous du quotidien avec ce s\u00e9jour unique. Dur\u00e9e, conditions, prix... Cliquez pour d\u00e9couvrir !","robots":{"index":"index","follow":"follow","max-snippet":"max-snippet:-1","max-image-preview":"max-image-preview:large","max-video-preview":"max-video-preview:-1"},"canonical":"https:\/\/meozen.com\/fr\/produit\/retraite-yoga-vinyasa-yin-meditation-4-jours-3-nuits-a-chamonix-mai-juin-2023\/","og_locale":"fr_FR","og_type":"article","og_title":"Retraite Yoga Vinyasa, Yin & M\u00e9ditation - 4 jours \/ 3 nuits \u00e0 Chamonix (Mai - Juin 2023) - Meozen - Votre portail bien-\u00eatre","og_description":"R\u00e9servez d\u00e8s maintenant votre Retraite Yoga Vinyasa, Yin & M\u00e9ditation - 4 jours \/ 3 nuits \u00e0 Chamonix (Mai - Juin 2023) avec Meozen. \u00c9vadez-vous du quotidien avec ce s\u00e9jour unique. Dur\u00e9e, conditions, prix... Cliquez pour d\u00e9couvrir !","og_url":"https:\/\/meozen.com\/fr\/produit\/retraite-yoga-vinyasa-yin-meditation-4-jours-3-nuits-a-chamonix-mai-juin-2023\/","og_site_name":"Meozen - Votre portail bien-\u00eatre","article_publisher":"https:\/\/www.facebook.com\/MeozenFr\/","article_modified_time":"2023-06-17T00:43:30+00:00","og_image":[{"width":653,"height":490,"url":"https:\/\/meozen.com\/fr\/wp-content\/uploads\/sites\/2\/2023\/05\/retraite-yoga-edelweiss-chalet-chamonix-1.jpeg","type":"image\/jpeg"}],"twitter_card":"summary_large_image","twitter_misc":{"Dur\u00e9e de lecture estim\u00e9e":"1 minute"},"schema":{"@context":"https:\/\/schema.org","@graph":[{"@type":"WebPage","@id":"https:\/\/meozen.com\/fr\/produit\/retraite-yoga-vinyasa-yin-meditation-4-jours-3-nuits-a-chamonix-mai-juin-2023\/","url":"https:\/\/meozen.com\/fr\/produit\/retraite-yoga-vinyasa-yin-meditation-4-jours-3-nuits-a-chamonix-mai-juin-2023\/","name":"Retraite Yoga Vinyasa, Yin & M\u00e9ditation - 4 jours \/ 3 nuits \u00e0 Chamonix (Mai - Juin 2023) - Meozen - Votre portail bien-\u00eatre","isPartOf":{"@id":"https:\/\/meozen.com\/fr\/#website"},"primaryImageOfPage":{"@id":"https:\/\/meozen.com\/fr\/produit\/retraite-yoga-vinyasa-yin-meditation-4-jours-3-nuits-a-chamonix-mai-juin-2023\/#primaryimage"},"image":{"@id":"https:\/\/meozen.com\/fr\/produit\/retraite-yoga-vinyasa-yin-meditation-4-jours-3-nuits-a-chamonix-mai-juin-2023\/#primaryimage"},"thumbnailUrl":"https:\/\/meozen.com\/fr\/wp-content\/uploads\/sites\/2\/2023\/05\/retraite-yoga-edelweiss-chalet-chamonix-1.jpeg","datePublished":"2023-05-24T12:24:18+00:00","dateModified":"2023-06-17T00:43:30+00:00","description":"R\u00e9servez d\u00e8s maintenant votre Retraite Yoga Vinyasa, Yin & M\u00e9ditation - 4 jours \/ 3 nuits \u00e0 Chamonix (Mai - Juin 2023) avec Meozen. \u00c9vadez-vous du quotidien avec ce s\u00e9jour unique. Dur\u00e9e, conditions, prix... Cliquez pour d\u00e9couvrir !","breadcrumb":{"@id":"https:\/\/meozen.com\/fr\/produit\/retraite-yoga-vinyasa-yin-meditation-4-jours-3-nuits-a-chamonix-mai-juin-2023\/#breadcrumb"},"inLanguage":"fr-FR","potentialAction":[{"@type":"ReadAction","target":["https:\/\/meozen.com\/fr\/produit\/retraite-yoga-vinyasa-yin-meditation-4-jours-3-nuits-a-chamonix-mai-juin-2023\/"]}]},{"@type":"ImageObject","inLanguage":"fr-FR","@id":"https:\/\/meozen.com\/fr\/produit\/retraite-yoga-vinyasa-yin-meditation-4-jours-3-nuits-a-chamonix-mai-juin-2023\/#primaryimage","url":"https:\/\/meozen.com\/fr\/wp-content\/uploads\/sites\/2\/2023\/05\/retraite-yoga-edelweiss-chalet-chamonix-1.jpeg","contentUrl":"https:\/\/meozen.com\/fr\/wp-content\/uploads\/sites\/2\/2023\/05\/retraite-yoga-edelweiss-chalet-chamonix-1.jpeg","width":653,"height":490},{"@type":"BreadcrumbList","@id":"https:\/\/meozen.com\/fr\/produit\/retraite-yoga-vinyasa-yin-meditation-4-jours-3-nuits-a-chamonix-mai-juin-2023\/#breadcrumb","itemListElement":[{"@type":"ListItem","position":1,"name":"Accueil","item":"https:\/\/meozen.com\/fr\/"},{"@type":"ListItem","position":2,"name":"Boutique","item":"https:\/\/meozen.com\/fr\/boutique\/"},{"@type":"ListItem","position":3,"name":"Retraite Yoga Vinyasa, Yin &#038; M\u00e9ditation &#8211; 4 jours \/ 3 nuits \u00e0 Chamonix (Mai &#8211; Juin 2023)"}]},{"@type":"WebSite","@id":"https:\/\/meozen.com\/fr\/#website","url":"https:\/\/meozen.com\/fr\/","name":"Meozen - Votre portail bien-\u00eatre","description":"D\u00e9couvrez tout l&#039;univers du bien-\u00eatre, yoga, m\u00e9ditation, trouvez les meilleures retraites et formations bien-\u00eatre","publisher":{"@id":"https:\/\/meozen.com\/fr\/#organization"},"potentialAction":[{"@type":"SearchAction","target":{"@type":"EntryPoint","urlTemplate":"https:\/\/meozen.com\/fr\/?s={search_term_string}"},"query-input":{"@type":"PropertyValueSpecification","valueRequired":true,"valueName":"search_term_string"}}],"inLanguage":"fr-FR"},{"@type":"Organization","@id":"https:\/\/meozen.com\/fr\/#organization","name":"Meozen","url":"https:\/\/meozen.com\/fr\/","logo":{"@type":"ImageObject","inLanguage":"fr-FR","@id":"https:\/\/meozen.com\/fr\/#\/schema\/logo\/image\/","url":"https:\/\/meozen.com\/fr\/wp-content\/uploads\/sites\/2\/2021\/06\/logo-meozen-push.jpg","contentUrl":"https:\/\/meozen.com\/fr\/wp-content\/uploads\/sites\/2\/2021\/06\/logo-meozen-push.jpg","width":384,"height":384,"caption":"Meozen"},"image":{"@id":"https:\/\/meozen.com\/fr\/#\/schema\/logo\/image\/"},"sameAs":["https:\/\/www.facebook.com\/MeozenFr\/","https:\/\/www.pinterest.fr\/meozen_officiel\/","https:\/\/www.instagram.com\/meozen_officiel\/"]}]}},"_links":{"self":[{"href":"https:\/\/meozen.com\/fr\/wp-json\/wp\/v2\/product\/5458","targetHints":{"allow":["GET"]}}],"collection":[{"href":"https:\/\/meozen.com\/fr\/wp-json\/wp\/v2\/product"}],"about":[{"href":"https:\/\/meozen.com\/fr\/wp-json\/wp\/v2\/types\/product"}],"replies":[{"embeddable":true,"href":"https:\/\/meozen.com\/fr\/wp-json\/wp\/v2\/comments?post=5458"}],"wp:featuredmedia":[{"embeddable":true,"href":"https:\/\/meozen.com\/fr\/wp-json\/wp\/v2\/media\/5555"}],"wp:attachment":[{"href":"https:\/\/meozen.com\/fr\/wp-json\/wp\/v2\/media?parent=5458"}],"wp:term":[{"taxonomy":"product_brand","embeddable":true,"href":"https:\/\/meozen.com\/fr\/wp-json\/wp\/v2\/product_brand?post=5458"},{"taxonomy":"product_cat","embeddable":true,"href":"https:\/\/meozen.com\/fr\/wp-json\/wp\/v2\/product_cat?post=5458"},{"taxonomy":"product_tag","embeddable":true,"href":"https:\/\/meozen.com\/fr\/wp-json\/wp\/v2\/product_tag?post=5458"}],"curies":[{"name":"wp","href":"https:\/\/api.w.org\/{rel}","templated":true}]}}