{"id":5479,"date":"2023-05-12T11:04:33","date_gmt":"2023-05-12T09:04:33","guid":{"rendered":"https:\/\/meozen.com\/fr\/?post_type=product&#038;p=5479"},"modified":"2023-06-09T11:44:56","modified_gmt":"2023-06-09T09:44:56","slug":"retraite-yoga-les-5-elements-3-jours-2-nuits-arriere-pays-nicois-septembre-2023","status":"publish","type":"product","link":"https:\/\/meozen.com\/fr\/produit\/retraite-yoga-les-5-elements-3-jours-2-nuits-arriere-pays-nicois-septembre-2023\/","title":{"rendered":"Retraite Yoga &#038; les 5 \u00e9l\u00e9ments &#8211; 3 jours \/ 2 nuits dans l&rsquo;Arri\u00e8re Pays-Ni\u00e7ois (Septembre 2023)"},"content":{"rendered":"<p><b>\ud83d\uddd3\ufe0f Programme d\u00e9taill\u00e9 :<\/b><\/p>\n<p><strong>\u2705 Jour 1 :<\/strong><\/p>\n<ul>\n<li><span style=\"font-weight: 400;\">Arriv\u00e9e et installation \u00e0 partir de 16:00\u00a0<\/span><\/li>\n<li>17:00 D\u00e9couverte du lieu<\/li>\n<li><span style=\"font-weight: 400;\">18:00-19:30<\/span><span style=\"font-weight: 400;\"> Cercle d\u2019ouverture et Hatha Yoga<\/span><\/li>\n<li><span style=\"font-weight: 400;\">19:30 D\u00eener<\/span><\/li>\n<li>20:30 Introduction aux chakras<\/li>\n<\/ul>\n<p><strong>\u2705 Jour 2 :<\/strong><\/p>\n<ul>\n<li style=\"font-weight: 400;\"><span style=\"font-weight: 400;\">08:00 Petit d\u00e9jeuner\u00a0<\/span><\/li>\n<li style=\"font-weight: 400;\"><span style=\"font-weight: 400;\">09:00 &#8211; 12:00 Hatha Yoga &#8211; 1er chakra\u00a0<\/span><\/li>\n<li style=\"font-weight: 400;\"><span style=\"font-weight: 400;\">12:30 D\u00e9jeuner<\/span><\/li>\n<li style=\"font-weight: 400;\"><span style=\"font-weight: 400;\">14:30-18:30 Randonn\u00e9e et pratique \u00e0 la cascade &#8211; 2\u00e8me chakra\u00a0\u00a0<\/span><\/li>\n<li style=\"font-weight: 400;\"><span style=\"font-weight: 400;\">19:00 D\u00eener<\/span><\/li>\n<li style=\"font-weight: 400;\"><span style=\"font-weight: 400;\">20:30 Pratique autour du Feu &#8211; 3\u00e8me chakra\u00a0<\/span><\/li>\n<\/ul>\n<p><strong>\u2705 Jour 3 :<\/strong><\/p>\n<ul>\n<li><span style=\"font-weight: 400;\">08:00 Petit d\u00e9jeuner\u00a0<\/span><\/li>\n<li><span style=\"font-weight: 400;\">09:00-10:45 Hatha Yoga &#8211; 4\u00e8me chakra\u00a0<\/span><\/li>\n<li><span style=\"font-weight: 400;\">11:00 Documentaire &#8211; 4\u00e8me chakra<\/span><\/li>\n<li><span style=\"font-weight: 400;\">13:00 D\u00e9jeuner\u00a0<\/span><\/li>\n<li>15:00 Cercle de fermeture et chants &#8211; 5\u00e8me chakra<\/li>\n<\/ul>\n","protected":false},"excerpt":{"rendered":"<p><strong style=\"font-size: 22px;\">Une retraite de Yoga &amp; les 5 \u00e9l\u00e9ments <strong>\ud83d\udccd<\/strong> dans l&rsquo;Arri\u00e8re-pays Ni\u00e7ois.<\/strong><\/p>\n<p>Votre Professeur de Yoga, Marie, vous accueille et vous propose un doux voyage d&rsquo;immersion entre vous et la nature dans l&rsquo;arri\u00e8re-pays Ni\u00e7ois.<\/p>\n<p class=\"p1\">\u2728 Un programme rythm\u00e9 par le yoga, la connexion \u00e0 la nature et \u00e0 vos chakras. Venez \u00e9veiller vos sens \u00e0 la d\u00e9couverte de votre corps \u00e0 travers diff\u00e9rents ateliers (yoga, randonn\u00e9e, cercles de discussion&#8230;)<\/p>\n<p class=\"p1\">\ud83c\udf33 Profitez d&rsquo;un espace de pratique au coeur de la for\u00eat ! Vous serez h\u00e9berg\u00e9 en bergerie ou en tente selon vos souhaits. De bons petits plats maison vous seront cuisin\u00e9s, dont les ingr\u00e9dients sont bio et proviennent exclusivement de la r\u00e9gion.<\/p>\n<p>&nbsp;<\/p>\n<p><strong>\ud83d\udcc5 Date de s\u00e9jour :<\/strong><\/p>\n<ul>\n<li>Du 15 septembre au 17 septembre 2023<\/li>\n<\/ul>\n<p>&nbsp;<\/p>\n<p><strong> \ud83d\udfe1 Tarif du s\u00e9jour : <\/strong><\/p>\n<ul>\n<li>310 euros en chambre double partag\u00e9e<\/li>\n<li>450 euros en chambre double priv\u00e9e<\/li>\n<\/ul>\n<p>\ud83d\udca1<em> Pour r\u00e9server, un acompte correspondant \u00e0 15% du prix total est requis. Celui-ci est non-remboursable si vous annulez votre r\u00e9servation. Le reste du paiement d\u00fb (85%) se fera directement aupr\u00e8s de l&rsquo;organisateur \u00e0 votre arriv\u00e9e.<\/em><\/p>\n<p>&nbsp;<\/p>\n<p>\u2705<strong> Le tarif comprend :<\/strong><\/p>\n<ul>\n<li>2 nuit\u00e9es en bergerie ou en tente<\/li>\n<li>Pension compl\u00e8te : petits d\u00e9jeuners, d\u00e9jeuners, d\u00eeners + collations<\/li>\n<li>3 cours de yoga<\/li>\n<li>1 pratique autour du feu<\/li>\n<li>1 introduction aux chakras<\/li>\n<li>1 randonn\u00e9e \u00e0 la cascade<\/li>\n<li>1 documentaire-discussion<\/li>\n<li>Cercles, discussions et partages<\/li>\n<li>Et d\u2019autres surprises \ud83c\udf89<\/li>\n<\/ul>\n<p>&nbsp;<\/p>\n<p><strong>\u274c Le tarif ne comprend pas :<\/strong><\/p>\n<ul>\n<li>Le linge de lit (90cms) et serviette<\/li>\n<li>L\u2019adh\u00e9sion annuelle \u00e0 l\u2019association (prix libre et conscient)<\/li>\n<\/ul>\n<p>&nbsp;<\/p>\n<p class=\"p1\"><strong>Comment r\u00e9server mon s\u00e9jour sur Meozen ?<\/strong><\/p>\n<p>1\ufe0f\u20e3 Je fais ma demande de r\u00e9servation sur le formulaire en cliquant sur le bouton \u00ab R\u00e9server d\u00e8s maintenant \u00bb<\/p>\n<p>2\ufe0f\u20e3 Meozen prend contact avec l\u2019organisateur du s\u00e9jour et v\u00e9rifie le nombre de places disponibles<\/p>\n<p>3\ufe0f\u20e3 Meozen revient vers vous pour vous donner une r\u00e9ponse. Si celle-ci est favorable, un lien de paiement correspondant \u00e0 un acompte de 15% vous sera envoy\u00e9 pour r\u00e9server votre place.<\/p>\n<p>4\ufe0f\u20e3 Une fois le paiement de 15% r\u00e9alis\u00e9 aupr\u00e8s de Meozen, vous serez redirig\u00e9 vers l\u2019organisateur du s\u00e9jour et nous vous communiquerons l\u2019ensemble de ses coordonn\u00e9es. L\u2019organisateur sera ensuite votre interlocuteur principal pour finaliser l\u2019organisation de votre voyage et poser vos questions.<\/p>\n<p>5\ufe0f\u20e3 Vous r\u00e9glez la somme restante due (85%) directement aupr\u00e8s de l&rsquo;organisateur selon ses modalit\u00e9s (avant votre arriv\u00e9e ou \u00e0 votre arriv\u00e9e).<\/p>\n","protected":false},"featured_media":5475,"comment_status":"open","ping_status":"closed","template":"","meta":{"_mo_disable_npp":""},"product_brand":[],"product_cat":[50,110,43],"product_tag":[114],"class_list":{"0":"post-5479","1":"product","2":"type-product","3":"status-publish","4":"has-post-thumbnail","6":"product_cat-retraite-3-jours-yoga","7":"product_cat-retraite-provence-alpes-cote-dazur","8":"product_cat-retraite-yoga-france","9":"product_tag-doublon","11":"first","12":"instock","13":"taxable","14":"shipping-taxable","15":"product-type-external"},"yoast_head":"<!-- This site is optimized with the Yoast SEO plugin v26.8 - https:\/\/yoast.com\/product\/yoast-seo-wordpress\/ -->\n<title>Retraite Yoga, M\u00e9ditation, Voyage Sonore &amp; Randonn\u00e9e - 4 jours \/ 3 nuits dans le Tarne (Mars 2023)<\/title>\n<meta name=\"description\" content=\"R\u00e9servez d\u00e8s maintenant votre Retraite Yoga &amp; les 5 \u00e9l\u00e9ments - 3 jours \/ 2 nuits dans l&#039;Arri\u00e8re Pays-Ni\u00e7ois (Septembre 2023) avec Meozen. \u00c9vadez-vous du quotidien avec ce s\u00e9jour unique. Dur\u00e9e, conditions, prix... Cliquez pour d\u00e9couvrir !\" \/>\n<meta name=\"robots\" content=\"index, follow, max-snippet:-1, max-image-preview:large, max-video-preview:-1\" \/>\n<link rel=\"canonical\" href=\"https:\/\/meozen.com\/fr\/produit\/retraite-yoga-les-5-elements-3-jours-2-nuits-arriere-pays-nicois-septembre-2023\/\" \/>\n<meta property=\"og:locale\" content=\"fr_FR\" \/>\n<meta property=\"og:type\" content=\"article\" \/>\n<meta property=\"og:title\" content=\"Retraite Yoga, M\u00e9ditation, Voyage Sonore &amp; Randonn\u00e9e - 4 jours \/ 3 nuits dans le Tarne (Mars 2023)\" \/>\n<meta property=\"og:description\" content=\"R\u00e9servez d\u00e8s maintenant votre Retraite Yoga &amp; les 5 \u00e9l\u00e9ments - 3 jours \/ 2 nuits dans l&#039;Arri\u00e8re Pays-Ni\u00e7ois (Septembre 2023) avec Meozen. \u00c9vadez-vous du quotidien avec ce s\u00e9jour unique. Dur\u00e9e, conditions, prix... Cliquez pour d\u00e9couvrir !\" \/>\n<meta property=\"og:url\" content=\"https:\/\/meozen.com\/fr\/produit\/retraite-yoga-les-5-elements-3-jours-2-nuits-arriere-pays-nicois-septembre-2023\/\" \/>\n<meta property=\"og:site_name\" content=\"Meozen - Votre portail bien-\u00eatre\" \/>\n<meta property=\"article:publisher\" content=\"https:\/\/www.facebook.com\/MeozenFr\/\" \/>\n<meta property=\"article:modified_time\" content=\"2023-06-09T09:44:56+00:00\" \/>\n<meta property=\"og:image\" content=\"https:\/\/meozen.com\/fr\/wp-content\/uploads\/sites\/2\/2023\/05\/retraite-yoga-5-element-arriere-pays-nicois-1-2.jpg\" \/>\n\t<meta property=\"og:image:width\" content=\"768\" \/>\n\t<meta property=\"og:image:height\" content=\"1024\" \/>\n\t<meta property=\"og:image:type\" content=\"image\/jpeg\" \/>\n<meta name=\"twitter:card\" content=\"summary_large_image\" \/>\n<meta name=\"twitter:label1\" content=\"Dur\u00e9e de lecture estim\u00e9e\" \/>\n\t<meta name=\"twitter:data1\" content=\"1 minute\" \/>\n<script type=\"application\/ld+json\" class=\"yoast-schema-graph\">{\"@context\":\"https:\/\/schema.org\",\"@graph\":[{\"@type\":\"WebPage\",\"@id\":\"https:\/\/meozen.com\/fr\/produit\/retraite-yoga-les-5-elements-3-jours-2-nuits-arriere-pays-nicois-septembre-2023\/\",\"url\":\"https:\/\/meozen.com\/fr\/produit\/retraite-yoga-les-5-elements-3-jours-2-nuits-arriere-pays-nicois-septembre-2023\/\",\"name\":\"Retraite Yoga, M\u00e9ditation, Voyage Sonore & Randonn\u00e9e - 4 jours \/ 3 nuits dans le Tarne (Mars 2023)\",\"isPartOf\":{\"@id\":\"https:\/\/meozen.com\/fr\/#website\"},\"primaryImageOfPage\":{\"@id\":\"https:\/\/meozen.com\/fr\/produit\/retraite-yoga-les-5-elements-3-jours-2-nuits-arriere-pays-nicois-septembre-2023\/#primaryimage\"},\"image\":{\"@id\":\"https:\/\/meozen.com\/fr\/produit\/retraite-yoga-les-5-elements-3-jours-2-nuits-arriere-pays-nicois-septembre-2023\/#primaryimage\"},\"thumbnailUrl\":\"https:\/\/meozen.com\/fr\/wp-content\/uploads\/sites\/2\/2023\/05\/retraite-yoga-5-element-arriere-pays-nicois-1-2.jpg\",\"datePublished\":\"2023-05-12T09:04:33+00:00\",\"dateModified\":\"2023-06-09T09:44:56+00:00\",\"description\":\"R\u00e9servez d\u00e8s maintenant votre Retraite Yoga & les 5 \u00e9l\u00e9ments - 3 jours \/ 2 nuits dans l'Arri\u00e8re Pays-Ni\u00e7ois (Septembre 2023) avec Meozen. \u00c9vadez-vous du quotidien avec ce s\u00e9jour unique. Dur\u00e9e, conditions, prix... Cliquez pour d\u00e9couvrir !\",\"breadcrumb\":{\"@id\":\"https:\/\/meozen.com\/fr\/produit\/retraite-yoga-les-5-elements-3-jours-2-nuits-arriere-pays-nicois-septembre-2023\/#breadcrumb\"},\"inLanguage\":\"fr-FR\",\"potentialAction\":[{\"@type\":\"ReadAction\",\"target\":[\"https:\/\/meozen.com\/fr\/produit\/retraite-yoga-les-5-elements-3-jours-2-nuits-arriere-pays-nicois-septembre-2023\/\"]}]},{\"@type\":\"ImageObject\",\"inLanguage\":\"fr-FR\",\"@id\":\"https:\/\/meozen.com\/fr\/produit\/retraite-yoga-les-5-elements-3-jours-2-nuits-arriere-pays-nicois-septembre-2023\/#primaryimage\",\"url\":\"https:\/\/meozen.com\/fr\/wp-content\/uploads\/sites\/2\/2023\/05\/retraite-yoga-5-element-arriere-pays-nicois-1-2.jpg\",\"contentUrl\":\"https:\/\/meozen.com\/fr\/wp-content\/uploads\/sites\/2\/2023\/05\/retraite-yoga-5-element-arriere-pays-nicois-1-2.jpg\",\"width\":768,\"height\":1024},{\"@type\":\"BreadcrumbList\",\"@id\":\"https:\/\/meozen.com\/fr\/produit\/retraite-yoga-les-5-elements-3-jours-2-nuits-arriere-pays-nicois-septembre-2023\/#breadcrumb\",\"itemListElement\":[{\"@type\":\"ListItem\",\"position\":1,\"name\":\"Accueil\",\"item\":\"https:\/\/meozen.com\/fr\/\"},{\"@type\":\"ListItem\",\"position\":2,\"name\":\"Boutique\",\"item\":\"https:\/\/meozen.com\/fr\/boutique\/\"},{\"@type\":\"ListItem\",\"position\":3,\"name\":\"Retraite Yoga &#038; les 5 \u00e9l\u00e9ments &#8211; 3 jours \/ 2 nuits dans l&rsquo;Arri\u00e8re Pays-Ni\u00e7ois (Septembre 2023)\"}]},{\"@type\":\"WebSite\",\"@id\":\"https:\/\/meozen.com\/fr\/#website\",\"url\":\"https:\/\/meozen.com\/fr\/\",\"name\":\"Meozen - Votre portail bien-\u00eatre\",\"description\":\"D\u00e9couvrez tout l&#039;univers du bien-\u00eatre, yoga, m\u00e9ditation, trouvez les meilleures retraites et formations bien-\u00eatre\",\"publisher\":{\"@id\":\"https:\/\/meozen.com\/fr\/#organization\"},\"potentialAction\":[{\"@type\":\"SearchAction\",\"target\":{\"@type\":\"EntryPoint\",\"urlTemplate\":\"https:\/\/meozen.com\/fr\/?s={search_term_string}\"},\"query-input\":{\"@type\":\"PropertyValueSpecification\",\"valueRequired\":true,\"valueName\":\"search_term_string\"}}],\"inLanguage\":\"fr-FR\"},{\"@type\":\"Organization\",\"@id\":\"https:\/\/meozen.com\/fr\/#organization\",\"name\":\"Meozen\",\"url\":\"https:\/\/meozen.com\/fr\/\",\"logo\":{\"@type\":\"ImageObject\",\"inLanguage\":\"fr-FR\",\"@id\":\"https:\/\/meozen.com\/fr\/#\/schema\/logo\/image\/\",\"url\":\"https:\/\/meozen.com\/fr\/wp-content\/uploads\/sites\/2\/2021\/06\/logo-meozen-push.jpg\",\"contentUrl\":\"https:\/\/meozen.com\/fr\/wp-content\/uploads\/sites\/2\/2021\/06\/logo-meozen-push.jpg\",\"width\":384,\"height\":384,\"caption\":\"Meozen\"},\"image\":{\"@id\":\"https:\/\/meozen.com\/fr\/#\/schema\/logo\/image\/\"},\"sameAs\":[\"https:\/\/www.facebook.com\/MeozenFr\/\",\"https:\/\/www.pinterest.fr\/meozen_officiel\/\",\"https:\/\/www.instagram.com\/meozen_officiel\/\"]}]}<\/script>\n<!-- \/ Yoast SEO plugin. -->","yoast_head_json":{"title":"Retraite Yoga, M\u00e9ditation, Voyage Sonore & Randonn\u00e9e - 4 jours \/ 3 nuits dans le Tarne (Mars 2023)","description":"R\u00e9servez d\u00e8s maintenant votre Retraite Yoga & les 5 \u00e9l\u00e9ments - 3 jours \/ 2 nuits dans l'Arri\u00e8re Pays-Ni\u00e7ois (Septembre 2023) avec Meozen. \u00c9vadez-vous du quotidien avec ce s\u00e9jour unique. Dur\u00e9e, conditions, prix... Cliquez pour d\u00e9couvrir !","robots":{"index":"index","follow":"follow","max-snippet":"max-snippet:-1","max-image-preview":"max-image-preview:large","max-video-preview":"max-video-preview:-1"},"canonical":"https:\/\/meozen.com\/fr\/produit\/retraite-yoga-les-5-elements-3-jours-2-nuits-arriere-pays-nicois-septembre-2023\/","og_locale":"fr_FR","og_type":"article","og_title":"Retraite Yoga, M\u00e9ditation, Voyage Sonore & Randonn\u00e9e - 4 jours \/ 3 nuits dans le Tarne (Mars 2023)","og_description":"R\u00e9servez d\u00e8s maintenant votre Retraite Yoga & les 5 \u00e9l\u00e9ments - 3 jours \/ 2 nuits dans l'Arri\u00e8re Pays-Ni\u00e7ois (Septembre 2023) avec Meozen. \u00c9vadez-vous du quotidien avec ce s\u00e9jour unique. Dur\u00e9e, conditions, prix... Cliquez pour d\u00e9couvrir !","og_url":"https:\/\/meozen.com\/fr\/produit\/retraite-yoga-les-5-elements-3-jours-2-nuits-arriere-pays-nicois-septembre-2023\/","og_site_name":"Meozen - Votre portail bien-\u00eatre","article_publisher":"https:\/\/www.facebook.com\/MeozenFr\/","article_modified_time":"2023-06-09T09:44:56+00:00","og_image":[{"width":768,"height":1024,"url":"https:\/\/meozen.com\/fr\/wp-content\/uploads\/sites\/2\/2023\/05\/retraite-yoga-5-element-arriere-pays-nicois-1-2.jpg","type":"image\/jpeg"}],"twitter_card":"summary_large_image","twitter_misc":{"Dur\u00e9e de lecture estim\u00e9e":"1 minute"},"schema":{"@context":"https:\/\/schema.org","@graph":[{"@type":"WebPage","@id":"https:\/\/meozen.com\/fr\/produit\/retraite-yoga-les-5-elements-3-jours-2-nuits-arriere-pays-nicois-septembre-2023\/","url":"https:\/\/meozen.com\/fr\/produit\/retraite-yoga-les-5-elements-3-jours-2-nuits-arriere-pays-nicois-septembre-2023\/","name":"Retraite Yoga, M\u00e9ditation, Voyage Sonore & Randonn\u00e9e - 4 jours \/ 3 nuits dans le Tarne (Mars 2023)","isPartOf":{"@id":"https:\/\/meozen.com\/fr\/#website"},"primaryImageOfPage":{"@id":"https:\/\/meozen.com\/fr\/produit\/retraite-yoga-les-5-elements-3-jours-2-nuits-arriere-pays-nicois-septembre-2023\/#primaryimage"},"image":{"@id":"https:\/\/meozen.com\/fr\/produit\/retraite-yoga-les-5-elements-3-jours-2-nuits-arriere-pays-nicois-septembre-2023\/#primaryimage"},"thumbnailUrl":"https:\/\/meozen.com\/fr\/wp-content\/uploads\/sites\/2\/2023\/05\/retraite-yoga-5-element-arriere-pays-nicois-1-2.jpg","datePublished":"2023-05-12T09:04:33+00:00","dateModified":"2023-06-09T09:44:56+00:00","description":"R\u00e9servez d\u00e8s maintenant votre Retraite Yoga & les 5 \u00e9l\u00e9ments - 3 jours \/ 2 nuits dans l'Arri\u00e8re Pays-Ni\u00e7ois (Septembre 2023) avec Meozen. \u00c9vadez-vous du quotidien avec ce s\u00e9jour unique. Dur\u00e9e, conditions, prix... Cliquez pour d\u00e9couvrir !","breadcrumb":{"@id":"https:\/\/meozen.com\/fr\/produit\/retraite-yoga-les-5-elements-3-jours-2-nuits-arriere-pays-nicois-septembre-2023\/#breadcrumb"},"inLanguage":"fr-FR","potentialAction":[{"@type":"ReadAction","target":["https:\/\/meozen.com\/fr\/produit\/retraite-yoga-les-5-elements-3-jours-2-nuits-arriere-pays-nicois-septembre-2023\/"]}]},{"@type":"ImageObject","inLanguage":"fr-FR","@id":"https:\/\/meozen.com\/fr\/produit\/retraite-yoga-les-5-elements-3-jours-2-nuits-arriere-pays-nicois-septembre-2023\/#primaryimage","url":"https:\/\/meozen.com\/fr\/wp-content\/uploads\/sites\/2\/2023\/05\/retraite-yoga-5-element-arriere-pays-nicois-1-2.jpg","contentUrl":"https:\/\/meozen.com\/fr\/wp-content\/uploads\/sites\/2\/2023\/05\/retraite-yoga-5-element-arriere-pays-nicois-1-2.jpg","width":768,"height":1024},{"@type":"BreadcrumbList","@id":"https:\/\/meozen.com\/fr\/produit\/retraite-yoga-les-5-elements-3-jours-2-nuits-arriere-pays-nicois-septembre-2023\/#breadcrumb","itemListElement":[{"@type":"ListItem","position":1,"name":"Accueil","item":"https:\/\/meozen.com\/fr\/"},{"@type":"ListItem","position":2,"name":"Boutique","item":"https:\/\/meozen.com\/fr\/boutique\/"},{"@type":"ListItem","position":3,"name":"Retraite Yoga &#038; les 5 \u00e9l\u00e9ments &#8211; 3 jours \/ 2 nuits dans l&rsquo;Arri\u00e8re Pays-Ni\u00e7ois (Septembre 2023)"}]},{"@type":"WebSite","@id":"https:\/\/meozen.com\/fr\/#website","url":"https:\/\/meozen.com\/fr\/","name":"Meozen - Votre portail bien-\u00eatre","description":"D\u00e9couvrez tout l&#039;univers du bien-\u00eatre, yoga, m\u00e9ditation, trouvez les meilleures retraites et formations bien-\u00eatre","publisher":{"@id":"https:\/\/meozen.com\/fr\/#organization"},"potentialAction":[{"@type":"SearchAction","target":{"@type":"EntryPoint","urlTemplate":"https:\/\/meozen.com\/fr\/?s={search_term_string}"},"query-input":{"@type":"PropertyValueSpecification","valueRequired":true,"valueName":"search_term_string"}}],"inLanguage":"fr-FR"},{"@type":"Organization","@id":"https:\/\/meozen.com\/fr\/#organization","name":"Meozen","url":"https:\/\/meozen.com\/fr\/","logo":{"@type":"ImageObject","inLanguage":"fr-FR","@id":"https:\/\/meozen.com\/fr\/#\/schema\/logo\/image\/","url":"https:\/\/meozen.com\/fr\/wp-content\/uploads\/sites\/2\/2021\/06\/logo-meozen-push.jpg","contentUrl":"https:\/\/meozen.com\/fr\/wp-content\/uploads\/sites\/2\/2021\/06\/logo-meozen-push.jpg","width":384,"height":384,"caption":"Meozen"},"image":{"@id":"https:\/\/meozen.com\/fr\/#\/schema\/logo\/image\/"},"sameAs":["https:\/\/www.facebook.com\/MeozenFr\/","https:\/\/www.pinterest.fr\/meozen_officiel\/","https:\/\/www.instagram.com\/meozen_officiel\/"]}]}},"_links":{"self":[{"href":"https:\/\/meozen.com\/fr\/wp-json\/wp\/v2\/product\/5479","targetHints":{"allow":["GET"]}}],"collection":[{"href":"https:\/\/meozen.com\/fr\/wp-json\/wp\/v2\/product"}],"about":[{"href":"https:\/\/meozen.com\/fr\/wp-json\/wp\/v2\/types\/product"}],"replies":[{"embeddable":true,"href":"https:\/\/meozen.com\/fr\/wp-json\/wp\/v2\/comments?post=5479"}],"wp:featuredmedia":[{"embeddable":true,"href":"https:\/\/meozen.com\/fr\/wp-json\/wp\/v2\/media\/5475"}],"wp:attachment":[{"href":"https:\/\/meozen.com\/fr\/wp-json\/wp\/v2\/media?parent=5479"}],"wp:term":[{"taxonomy":"product_brand","embeddable":true,"href":"https:\/\/meozen.com\/fr\/wp-json\/wp\/v2\/product_brand?post=5479"},{"taxonomy":"product_cat","embeddable":true,"href":"https:\/\/meozen.com\/fr\/wp-json\/wp\/v2\/product_cat?post=5479"},{"taxonomy":"product_tag","embeddable":true,"href":"https:\/\/meozen.com\/fr\/wp-json\/wp\/v2\/product_tag?post=5479"}],"curies":[{"name":"wp","href":"https:\/\/api.w.org\/{rel}","templated":true}]}}