{"id":5491,"date":"2023-05-15T13:48:58","date_gmt":"2023-05-15T11:48:58","guid":{"rendered":"https:\/\/meozen.com\/fr\/?post_type=product&#038;p=5491"},"modified":"2023-06-17T02:43:33","modified_gmt":"2023-06-17T00:43:33","slug":"retraite-yoga-hatha-vinyasa-yin-meditation-4-jours-3-nuits-ile-de-re-juin-septembre-2023","status":"publish","type":"product","link":"https:\/\/meozen.com\/fr\/produit\/retraite-yoga-hatha-vinyasa-yin-meditation-4-jours-3-nuits-ile-de-re-juin-septembre-2023\/","title":{"rendered":"Retraite Yoga Hatha, Vinyasa, Yin &#038; M\u00e9ditation &#8211; 4 jours \/ 3 nuits \u00e0 l&rsquo;\u00cele de R\u00e9 (Juin &#8211; Septembre 2023)"},"content":{"rendered":"<ul>\n<li style=\"font-weight: 400;\"><span style=\"font-weight: 400;\">Programme adapt\u00e9 \u00e0 tous les niveaux<\/span><\/li>\n<li style=\"font-weight: 400;\"><span style=\"font-weight: 400;\">Inclus petits-d\u00e9jeuners\/brunchs et d\u00eeners <\/span><span style=\"font-weight: 400;\">(v\u00e9g\u00e9tarien, vegan<\/span><span style=\"font-weight: 400;\">) sauf le d\u00eener du samedi soir.\u00a0<\/span><\/li>\n<li style=\"font-weight: 400;\"><span style=\"font-weight: 400;\">Chambres individuelles disponibles (draps et serviettes fournis)\u00a0<\/span><\/li>\n<\/ul>\n<p>&nbsp;<\/p>\n<h3 class=\"subtitle\">Jeudi<\/h3>\n<ul>\n<li>Arriv\u00e9e \u00e0 partir de 16:30<\/li>\n<li>18:00 Yin Yang yoga et journaling<\/li>\n<li>20:30 Faire connaissance autour d&rsquo;un ap\u00e9ritif d\u00eenatoire<\/li>\n<\/ul>\n<h3 class=\"subtitle\">Vendredi<\/h3>\n<ul>\n<li>08:30 Yoga<\/li>\n<li>10:30 Brunch<\/li>\n<li>12:00 Balade en v\u00e9lo sur l\u2019\u00eele (Marais Salants, Port d\u2019Ars en R\u00e9, Phare des Baleines, Pause Ice Cream, Plage de la Conche, etc)<\/li>\n<li>Temps libre<\/li>\n<li>19:15 Yin Yoga Sunset<\/li>\n<li>21h D\u00eener Th\u00e8me Mexico !<\/li>\n<\/ul>\n<h3 class=\"subtitle\">Samedi<\/h3>\n<ul>\n<li>09:00 Yoga<\/li>\n<li>11:00 Brunch<\/li>\n<li>Temps libre<\/li>\n<li>17:00 Atelier DIY &#8211; Cr\u00e9er son propre sel de bain aromatique avec le sel de l\u2019Ile de R\u00e9<\/li>\n<li>18:00 Yin yoga<\/li>\n<li>19:30 D\u00eener en ext\u00e9rieur ensemble ou libre (non inclus)<\/li>\n<\/ul>\n<h3 class=\"subtitle\">Dimanche<\/h3>\n<ul>\n<li>09:00 Yoga<\/li>\n<li>11:00 Brunch<\/li>\n<li>Balade au march\u00e9<\/li>\n<li>Temps libre<\/li>\n<\/ul>\n<p>D\u00e9part lorsque vous le souhaitez dans l\u2019apr\u00e8s-midi ou la soir\u00e9e.<\/p>\n","protected":false},"excerpt":{"rendered":"<p><strong style=\"font-size: 22px;\">Une retraite de Yoga Hatha, Vinyasa, Yin &amp; M\u00e9ditation <strong>\ud83d\udccd <\/strong>\u00e0 l&rsquo;\u00cele-de-R\u00e9 en Charente Maritime.<\/strong><\/p>\n<p>Durant cette retraite, Marianne vous accueille et vous propose un moment pour vous reposer au c\u0153ur de l&rsquo;\u00cele-de-R\u00e9.<\/p>\n<p class=\"p1\">\u2728 Un programme enclin \u00e0 se d\u00e9tendre avec diff\u00e9rents styles de yoga : Hatha, Vinyasa, Yin, Yin yang ainsi que d&rsquo;autres activit\u00e9s pour d\u00e9couvrir les environs.<\/p>\n<p class=\"p1\">Ressourcez-vous et d\u00e9connectez-vous gr\u00e2ce \u00e0 la plage \u00e0 seulement 50 m\u00e8tres de l&rsquo;h\u00f4tel. \ud83c\udfe0<\/p>\n<p class=\"p1\">Profitez de ce long week-end, dans l&rsquo;atmosph\u00e8re accueillante de Marianne. L&rsquo;endroit id\u00e9al pour profiter et d\u00e9couvrir de nouvelles activit\u00e9s comme un Atelier DIY pour cr\u00e9er son propre sel de bain aromatique avec le sel de l\u2019\u00eele de R\u00e9, un peu de Journaling et du tirage d&rsquo;oracle. Un moment de d\u00e9connexion possible gr\u00e2ce \u00e0 la plage, les deux piscines chauff\u00e9es et les sublimes paysages de l&rsquo;\u00eele !<\/p>\n<p><strong>Date :<\/strong>\u00a0 S\u00e9jour disponible en juin 2023 ou en septembre 2023<\/p>\n<p><strong> S\u00e9jour \u00e0 partir de 345 euros<\/strong><\/p>\n","protected":false},"featured_media":5564,"comment_status":"open","ping_status":"closed","template":"","meta":{"_mo_disable_npp":""},"product_brand":[],"product_cat":[44,120,43,112],"product_tag":[],"class_list":{"0":"post-5491","1":"product","2":"type-product","3":"status-publish","4":"has-post-thumbnail","6":"product_cat-retraite-4-jours-yoga","7":"product_cat-retraite-yoga","8":"product_cat-retraite-yoga-france","9":"product_cat-retraite-yoga-ile-de-re","11":"first","12":"instock","13":"taxable","14":"shipping-taxable","15":"product-type-external"},"yoast_head":"<!-- This site is optimized with the Yoast SEO plugin v26.8 - https:\/\/yoast.com\/product\/yoast-seo-wordpress\/ -->\n<title>Retraite Yoga Hatha, Vinyasa, Yin &amp; M\u00e9ditation - 4 jours \/ 3 nuits \u00e0 l&#039;\u00cele de R\u00e9 (Juin - Septembre 2023) - Meozen - Votre portail bien-\u00eatre<\/title>\n<meta name=\"description\" content=\"R\u00e9servez d\u00e8s maintenant votre Retraite Yoga Hatha, Vinyasa, Yin &amp; M\u00e9ditation - 4 jours \/ 3 nuits \u00e0 l&#039;\u00cele de R\u00e9 (Juin - Septembre 2023) avec Meozen. \u00c9vadez-vous du quotidien avec ce s\u00e9jour unique. Dur\u00e9e, conditions, prix... Cliquez pour d\u00e9couvrir !\" \/>\n<meta name=\"robots\" content=\"index, follow, max-snippet:-1, max-image-preview:large, max-video-preview:-1\" \/>\n<link rel=\"canonical\" href=\"https:\/\/meozen.com\/fr\/produit\/retraite-yoga-hatha-vinyasa-yin-meditation-4-jours-3-nuits-ile-de-re-juin-septembre-2023\/\" \/>\n<meta property=\"og:locale\" content=\"fr_FR\" \/>\n<meta property=\"og:type\" content=\"article\" \/>\n<meta property=\"og:title\" content=\"Retraite Yoga Hatha, Vinyasa, Yin &amp; M\u00e9ditation - 4 jours \/ 3 nuits \u00e0 l&#039;\u00cele de R\u00e9 (Juin - Septembre 2023) - Meozen - Votre portail bien-\u00eatre\" \/>\n<meta property=\"og:description\" content=\"R\u00e9servez d\u00e8s maintenant votre Retraite Yoga Hatha, Vinyasa, Yin &amp; M\u00e9ditation - 4 jours \/ 3 nuits \u00e0 l&#039;\u00cele de R\u00e9 (Juin - Septembre 2023) avec Meozen. \u00c9vadez-vous du quotidien avec ce s\u00e9jour unique. Dur\u00e9e, conditions, prix... Cliquez pour d\u00e9couvrir !\" \/>\n<meta property=\"og:url\" content=\"https:\/\/meozen.com\/fr\/produit\/retraite-yoga-hatha-vinyasa-yin-meditation-4-jours-3-nuits-ile-de-re-juin-septembre-2023\/\" \/>\n<meta property=\"og:site_name\" content=\"Meozen - Votre portail bien-\u00eatre\" \/>\n<meta property=\"article:publisher\" content=\"https:\/\/www.facebook.com\/MeozenFr\/\" \/>\n<meta property=\"article:modified_time\" content=\"2023-06-17T00:43:33+00:00\" \/>\n<meta property=\"og:image\" content=\"https:\/\/meozen.com\/fr\/wp-content\/uploads\/sites\/2\/2023\/05\/retraite-yoga-phare-ile-de-re-1.jpeg\" \/>\n\t<meta property=\"og:image:width\" content=\"653\" \/>\n\t<meta property=\"og:image:height\" content=\"490\" \/>\n\t<meta property=\"og:image:type\" content=\"image\/jpeg\" \/>\n<meta name=\"twitter:card\" content=\"summary_large_image\" \/>\n<meta name=\"twitter:label1\" content=\"Dur\u00e9e de lecture estim\u00e9e\" \/>\n\t<meta name=\"twitter:data1\" content=\"1 minute\" \/>\n<script type=\"application\/ld+json\" class=\"yoast-schema-graph\">{\"@context\":\"https:\/\/schema.org\",\"@graph\":[{\"@type\":\"WebPage\",\"@id\":\"https:\/\/meozen.com\/fr\/produit\/retraite-yoga-hatha-vinyasa-yin-meditation-4-jours-3-nuits-ile-de-re-juin-septembre-2023\/\",\"url\":\"https:\/\/meozen.com\/fr\/produit\/retraite-yoga-hatha-vinyasa-yin-meditation-4-jours-3-nuits-ile-de-re-juin-septembre-2023\/\",\"name\":\"Retraite Yoga Hatha, Vinyasa, Yin & M\u00e9ditation - 4 jours \/ 3 nuits \u00e0 l'\u00cele de R\u00e9 (Juin - Septembre 2023) - Meozen - Votre portail bien-\u00eatre\",\"isPartOf\":{\"@id\":\"https:\/\/meozen.com\/fr\/#website\"},\"primaryImageOfPage\":{\"@id\":\"https:\/\/meozen.com\/fr\/produit\/retraite-yoga-hatha-vinyasa-yin-meditation-4-jours-3-nuits-ile-de-re-juin-septembre-2023\/#primaryimage\"},\"image\":{\"@id\":\"https:\/\/meozen.com\/fr\/produit\/retraite-yoga-hatha-vinyasa-yin-meditation-4-jours-3-nuits-ile-de-re-juin-septembre-2023\/#primaryimage\"},\"thumbnailUrl\":\"https:\/\/meozen.com\/fr\/wp-content\/uploads\/sites\/2\/2023\/05\/retraite-yoga-phare-ile-de-re-1.jpeg\",\"datePublished\":\"2023-05-15T11:48:58+00:00\",\"dateModified\":\"2023-06-17T00:43:33+00:00\",\"description\":\"R\u00e9servez d\u00e8s maintenant votre Retraite Yoga Hatha, Vinyasa, Yin & M\u00e9ditation - 4 jours \/ 3 nuits \u00e0 l'\u00cele de R\u00e9 (Juin - Septembre 2023) avec Meozen. \u00c9vadez-vous du quotidien avec ce s\u00e9jour unique. Dur\u00e9e, conditions, prix... Cliquez pour d\u00e9couvrir !\",\"breadcrumb\":{\"@id\":\"https:\/\/meozen.com\/fr\/produit\/retraite-yoga-hatha-vinyasa-yin-meditation-4-jours-3-nuits-ile-de-re-juin-septembre-2023\/#breadcrumb\"},\"inLanguage\":\"fr-FR\",\"potentialAction\":[{\"@type\":\"ReadAction\",\"target\":[\"https:\/\/meozen.com\/fr\/produit\/retraite-yoga-hatha-vinyasa-yin-meditation-4-jours-3-nuits-ile-de-re-juin-septembre-2023\/\"]}]},{\"@type\":\"ImageObject\",\"inLanguage\":\"fr-FR\",\"@id\":\"https:\/\/meozen.com\/fr\/produit\/retraite-yoga-hatha-vinyasa-yin-meditation-4-jours-3-nuits-ile-de-re-juin-septembre-2023\/#primaryimage\",\"url\":\"https:\/\/meozen.com\/fr\/wp-content\/uploads\/sites\/2\/2023\/05\/retraite-yoga-phare-ile-de-re-1.jpeg\",\"contentUrl\":\"https:\/\/meozen.com\/fr\/wp-content\/uploads\/sites\/2\/2023\/05\/retraite-yoga-phare-ile-de-re-1.jpeg\",\"width\":653,\"height\":490},{\"@type\":\"BreadcrumbList\",\"@id\":\"https:\/\/meozen.com\/fr\/produit\/retraite-yoga-hatha-vinyasa-yin-meditation-4-jours-3-nuits-ile-de-re-juin-septembre-2023\/#breadcrumb\",\"itemListElement\":[{\"@type\":\"ListItem\",\"position\":1,\"name\":\"Accueil\",\"item\":\"https:\/\/meozen.com\/fr\/\"},{\"@type\":\"ListItem\",\"position\":2,\"name\":\"Boutique\",\"item\":\"https:\/\/meozen.com\/fr\/boutique\/\"},{\"@type\":\"ListItem\",\"position\":3,\"name\":\"Retraite Yoga Hatha, Vinyasa, Yin &#038; M\u00e9ditation &#8211; 4 jours \/ 3 nuits \u00e0 l&rsquo;\u00cele de R\u00e9 (Juin &#8211; Septembre 2023)\"}]},{\"@type\":\"WebSite\",\"@id\":\"https:\/\/meozen.com\/fr\/#website\",\"url\":\"https:\/\/meozen.com\/fr\/\",\"name\":\"Meozen - Votre portail bien-\u00eatre\",\"description\":\"D\u00e9couvrez tout l&#039;univers du bien-\u00eatre, yoga, m\u00e9ditation, trouvez les meilleures retraites et formations bien-\u00eatre\",\"publisher\":{\"@id\":\"https:\/\/meozen.com\/fr\/#organization\"},\"potentialAction\":[{\"@type\":\"SearchAction\",\"target\":{\"@type\":\"EntryPoint\",\"urlTemplate\":\"https:\/\/meozen.com\/fr\/?s={search_term_string}\"},\"query-input\":{\"@type\":\"PropertyValueSpecification\",\"valueRequired\":true,\"valueName\":\"search_term_string\"}}],\"inLanguage\":\"fr-FR\"},{\"@type\":\"Organization\",\"@id\":\"https:\/\/meozen.com\/fr\/#organization\",\"name\":\"Meozen\",\"url\":\"https:\/\/meozen.com\/fr\/\",\"logo\":{\"@type\":\"ImageObject\",\"inLanguage\":\"fr-FR\",\"@id\":\"https:\/\/meozen.com\/fr\/#\/schema\/logo\/image\/\",\"url\":\"https:\/\/meozen.com\/fr\/wp-content\/uploads\/sites\/2\/2021\/06\/logo-meozen-push.jpg\",\"contentUrl\":\"https:\/\/meozen.com\/fr\/wp-content\/uploads\/sites\/2\/2021\/06\/logo-meozen-push.jpg\",\"width\":384,\"height\":384,\"caption\":\"Meozen\"},\"image\":{\"@id\":\"https:\/\/meozen.com\/fr\/#\/schema\/logo\/image\/\"},\"sameAs\":[\"https:\/\/www.facebook.com\/MeozenFr\/\",\"https:\/\/www.pinterest.fr\/meozen_officiel\/\",\"https:\/\/www.instagram.com\/meozen_officiel\/\"]}]}<\/script>\n<!-- \/ Yoast SEO plugin. -->","yoast_head_json":{"title":"Retraite Yoga Hatha, Vinyasa, Yin & M\u00e9ditation - 4 jours \/ 3 nuits \u00e0 l'\u00cele de R\u00e9 (Juin - Septembre 2023) - Meozen - Votre portail bien-\u00eatre","description":"R\u00e9servez d\u00e8s maintenant votre Retraite Yoga Hatha, Vinyasa, Yin & M\u00e9ditation - 4 jours \/ 3 nuits \u00e0 l'\u00cele de R\u00e9 (Juin - Septembre 2023) avec Meozen. \u00c9vadez-vous du quotidien avec ce s\u00e9jour unique. Dur\u00e9e, conditions, prix... Cliquez pour d\u00e9couvrir !","robots":{"index":"index","follow":"follow","max-snippet":"max-snippet:-1","max-image-preview":"max-image-preview:large","max-video-preview":"max-video-preview:-1"},"canonical":"https:\/\/meozen.com\/fr\/produit\/retraite-yoga-hatha-vinyasa-yin-meditation-4-jours-3-nuits-ile-de-re-juin-septembre-2023\/","og_locale":"fr_FR","og_type":"article","og_title":"Retraite Yoga Hatha, Vinyasa, Yin & M\u00e9ditation - 4 jours \/ 3 nuits \u00e0 l'\u00cele de R\u00e9 (Juin - Septembre 2023) - Meozen - Votre portail bien-\u00eatre","og_description":"R\u00e9servez d\u00e8s maintenant votre Retraite Yoga Hatha, Vinyasa, Yin & M\u00e9ditation - 4 jours \/ 3 nuits \u00e0 l'\u00cele de R\u00e9 (Juin - Septembre 2023) avec Meozen. \u00c9vadez-vous du quotidien avec ce s\u00e9jour unique. Dur\u00e9e, conditions, prix... Cliquez pour d\u00e9couvrir !","og_url":"https:\/\/meozen.com\/fr\/produit\/retraite-yoga-hatha-vinyasa-yin-meditation-4-jours-3-nuits-ile-de-re-juin-septembre-2023\/","og_site_name":"Meozen - Votre portail bien-\u00eatre","article_publisher":"https:\/\/www.facebook.com\/MeozenFr\/","article_modified_time":"2023-06-17T00:43:33+00:00","og_image":[{"width":653,"height":490,"url":"https:\/\/meozen.com\/fr\/wp-content\/uploads\/sites\/2\/2023\/05\/retraite-yoga-phare-ile-de-re-1.jpeg","type":"image\/jpeg"}],"twitter_card":"summary_large_image","twitter_misc":{"Dur\u00e9e de lecture estim\u00e9e":"1 minute"},"schema":{"@context":"https:\/\/schema.org","@graph":[{"@type":"WebPage","@id":"https:\/\/meozen.com\/fr\/produit\/retraite-yoga-hatha-vinyasa-yin-meditation-4-jours-3-nuits-ile-de-re-juin-septembre-2023\/","url":"https:\/\/meozen.com\/fr\/produit\/retraite-yoga-hatha-vinyasa-yin-meditation-4-jours-3-nuits-ile-de-re-juin-septembre-2023\/","name":"Retraite Yoga Hatha, Vinyasa, Yin & M\u00e9ditation - 4 jours \/ 3 nuits \u00e0 l'\u00cele de R\u00e9 (Juin - Septembre 2023) - Meozen - Votre portail bien-\u00eatre","isPartOf":{"@id":"https:\/\/meozen.com\/fr\/#website"},"primaryImageOfPage":{"@id":"https:\/\/meozen.com\/fr\/produit\/retraite-yoga-hatha-vinyasa-yin-meditation-4-jours-3-nuits-ile-de-re-juin-septembre-2023\/#primaryimage"},"image":{"@id":"https:\/\/meozen.com\/fr\/produit\/retraite-yoga-hatha-vinyasa-yin-meditation-4-jours-3-nuits-ile-de-re-juin-septembre-2023\/#primaryimage"},"thumbnailUrl":"https:\/\/meozen.com\/fr\/wp-content\/uploads\/sites\/2\/2023\/05\/retraite-yoga-phare-ile-de-re-1.jpeg","datePublished":"2023-05-15T11:48:58+00:00","dateModified":"2023-06-17T00:43:33+00:00","description":"R\u00e9servez d\u00e8s maintenant votre Retraite Yoga Hatha, Vinyasa, Yin & M\u00e9ditation - 4 jours \/ 3 nuits \u00e0 l'\u00cele de R\u00e9 (Juin - Septembre 2023) avec Meozen. \u00c9vadez-vous du quotidien avec ce s\u00e9jour unique. Dur\u00e9e, conditions, prix... Cliquez pour d\u00e9couvrir !","breadcrumb":{"@id":"https:\/\/meozen.com\/fr\/produit\/retraite-yoga-hatha-vinyasa-yin-meditation-4-jours-3-nuits-ile-de-re-juin-septembre-2023\/#breadcrumb"},"inLanguage":"fr-FR","potentialAction":[{"@type":"ReadAction","target":["https:\/\/meozen.com\/fr\/produit\/retraite-yoga-hatha-vinyasa-yin-meditation-4-jours-3-nuits-ile-de-re-juin-septembre-2023\/"]}]},{"@type":"ImageObject","inLanguage":"fr-FR","@id":"https:\/\/meozen.com\/fr\/produit\/retraite-yoga-hatha-vinyasa-yin-meditation-4-jours-3-nuits-ile-de-re-juin-septembre-2023\/#primaryimage","url":"https:\/\/meozen.com\/fr\/wp-content\/uploads\/sites\/2\/2023\/05\/retraite-yoga-phare-ile-de-re-1.jpeg","contentUrl":"https:\/\/meozen.com\/fr\/wp-content\/uploads\/sites\/2\/2023\/05\/retraite-yoga-phare-ile-de-re-1.jpeg","width":653,"height":490},{"@type":"BreadcrumbList","@id":"https:\/\/meozen.com\/fr\/produit\/retraite-yoga-hatha-vinyasa-yin-meditation-4-jours-3-nuits-ile-de-re-juin-septembre-2023\/#breadcrumb","itemListElement":[{"@type":"ListItem","position":1,"name":"Accueil","item":"https:\/\/meozen.com\/fr\/"},{"@type":"ListItem","position":2,"name":"Boutique","item":"https:\/\/meozen.com\/fr\/boutique\/"},{"@type":"ListItem","position":3,"name":"Retraite Yoga Hatha, Vinyasa, Yin &#038; M\u00e9ditation &#8211; 4 jours \/ 3 nuits \u00e0 l&rsquo;\u00cele de R\u00e9 (Juin &#8211; Septembre 2023)"}]},{"@type":"WebSite","@id":"https:\/\/meozen.com\/fr\/#website","url":"https:\/\/meozen.com\/fr\/","name":"Meozen - Votre portail bien-\u00eatre","description":"D\u00e9couvrez tout l&#039;univers du bien-\u00eatre, yoga, m\u00e9ditation, trouvez les meilleures retraites et formations bien-\u00eatre","publisher":{"@id":"https:\/\/meozen.com\/fr\/#organization"},"potentialAction":[{"@type":"SearchAction","target":{"@type":"EntryPoint","urlTemplate":"https:\/\/meozen.com\/fr\/?s={search_term_string}"},"query-input":{"@type":"PropertyValueSpecification","valueRequired":true,"valueName":"search_term_string"}}],"inLanguage":"fr-FR"},{"@type":"Organization","@id":"https:\/\/meozen.com\/fr\/#organization","name":"Meozen","url":"https:\/\/meozen.com\/fr\/","logo":{"@type":"ImageObject","inLanguage":"fr-FR","@id":"https:\/\/meozen.com\/fr\/#\/schema\/logo\/image\/","url":"https:\/\/meozen.com\/fr\/wp-content\/uploads\/sites\/2\/2021\/06\/logo-meozen-push.jpg","contentUrl":"https:\/\/meozen.com\/fr\/wp-content\/uploads\/sites\/2\/2021\/06\/logo-meozen-push.jpg","width":384,"height":384,"caption":"Meozen"},"image":{"@id":"https:\/\/meozen.com\/fr\/#\/schema\/logo\/image\/"},"sameAs":["https:\/\/www.facebook.com\/MeozenFr\/","https:\/\/www.pinterest.fr\/meozen_officiel\/","https:\/\/www.instagram.com\/meozen_officiel\/"]}]}},"_links":{"self":[{"href":"https:\/\/meozen.com\/fr\/wp-json\/wp\/v2\/product\/5491","targetHints":{"allow":["GET"]}}],"collection":[{"href":"https:\/\/meozen.com\/fr\/wp-json\/wp\/v2\/product"}],"about":[{"href":"https:\/\/meozen.com\/fr\/wp-json\/wp\/v2\/types\/product"}],"replies":[{"embeddable":true,"href":"https:\/\/meozen.com\/fr\/wp-json\/wp\/v2\/comments?post=5491"}],"wp:featuredmedia":[{"embeddable":true,"href":"https:\/\/meozen.com\/fr\/wp-json\/wp\/v2\/media\/5564"}],"wp:attachment":[{"href":"https:\/\/meozen.com\/fr\/wp-json\/wp\/v2\/media?parent=5491"}],"wp:term":[{"taxonomy":"product_brand","embeddable":true,"href":"https:\/\/meozen.com\/fr\/wp-json\/wp\/v2\/product_brand?post=5491"},{"taxonomy":"product_cat","embeddable":true,"href":"https:\/\/meozen.com\/fr\/wp-json\/wp\/v2\/product_cat?post=5491"},{"taxonomy":"product_tag","embeddable":true,"href":"https:\/\/meozen.com\/fr\/wp-json\/wp\/v2\/product_tag?post=5491"}],"curies":[{"name":"wp","href":"https:\/\/api.w.org\/{rel}","templated":true}]}}