{"id":5546,"date":"2023-05-22T14:57:11","date_gmt":"2023-05-22T12:57:11","guid":{"rendered":"https:\/\/meozen.com\/fr\/?post_type=product&#038;p=5546"},"modified":"2023-06-17T02:43:31","modified_gmt":"2023-06-17T00:43:31","slug":"retraite-yoga-tai-chi-qi-gong-3-jours-2-nuits-hautes-pyrenees-juin-aout-2023","status":"publish","type":"product","link":"https:\/\/meozen.com\/fr\/produit\/retraite-yoga-tai-chi-qi-gong-3-jours-2-nuits-hautes-pyrenees-juin-aout-2023\/","title":{"rendered":"Retraite Yoga, Tai-chi &#038; Qi gong &#8211; 3 jours \/ 2 nuits dans les Hautes Pyr\u00e9n\u00e9es (Juin &#8211; Ao\u00fbt 2023)"},"content":{"rendered":"<ul>\n<li><span style=\"font-weight: 400;\">Programme adapt\u00e9 \u00e0 tous les niveaux<\/span><\/li>\n<li style=\"font-weight: 400;\"><span style=\"font-weight: 400;\">Inclus petits-d\u00e9jeuners\/brunchs et d\u00eeners (ingr\u00e9dient bio, locaux et selon saison avec des l\u00e9gumes qui ont pouss\u00e9 dans le potager en permaculture du Soleil du Pibeste.)\u00a0<\/span><\/li>\n<li style=\"font-weight: 400;\"><span style=\"font-weight: 400;\">Chambres individuelles (draps et serviettes inclus)\u00a0<\/span><\/li>\n<\/ul>\n<p class=\"subtitle\"><strong>Vendredi<\/strong><\/p>\n<ul>\n<li>Arriv\u00e9e \u00e0 partir de 15:00<\/li>\n<li>20:00 Un ap\u00e9ritif et un repas<\/li>\n<\/ul>\n<p class=\"subtitle\"><strong>Samedi<\/strong><\/p>\n<ul>\n<li>09:00 &#8211; 11:30 : Yin yoga et EFT<\/li>\n<li>12:00 Repas<\/li>\n<li>14:00 &#8211; 16:00 Do-in et yoga th\u00e9rapie<\/li>\n<\/ul>\n<p class=\"subtitle\"><strong>Dimanche<\/strong><\/p>\n<ul>\n<li>Petit-d\u00e9jeuner servis au chalet<\/li>\n<li>09:00 &#8211; 10:00 M\u00e9ditation harmonie et sonore<\/li>\n<li>10:00 &#8211; 11:30 Qi gong ouverture des m\u00e9ridiens<\/li>\n<li>12:00 Repas<\/li>\n<li>14:00 &#8211; 16:00 Tai-chi forme yang 24 mouvements et double \u00e9ventail<\/li>\n<li>16:30 D\u00e9part<\/li>\n<\/ul>\n","protected":false},"excerpt":{"rendered":"<p><strong style=\"font-size: 22px;\">Une retraite de Yoga, Tai-chi &amp; Qi gong <strong>\ud83d\udccd<\/strong>dans les Pyr\u00e9n\u00e9es.<\/strong><\/p>\n<p>\ud83d\uddfb\u00a0Partez au c\u0153ur des Hautes-Pyr\u00e9n\u00e9es pour un s\u00e9jour d\u00e9tente dans un havre de paix \u00e0 l&rsquo;\u00e9covillage Soleil du Pibeste.<\/p>\n<p class=\"p1\">\u2728 Un programme qui favorisera l&rsquo;\u00e9coute de vos sensations lors d&rsquo;un voyage int\u00e9rieur avec des pratiques de Yoga et de Tai-chi afin d&rsquo;atteindre la long\u00e9vit\u00e9, la r\u00e9g\u00e9n\u00e9ration et la r\u00e9alisation de soi.<\/p>\n<p class=\"p1\">\u2618\ufe0f Profitez d&rsquo;une r\u00e9gion divinement bien pr\u00e9serv\u00e9e avec des vall\u00e9es verdoyantes et sauvages, remplies de for\u00eats secr\u00e8tes pr\u00e9serv\u00e9es et de ruisseaux paisibles.<\/p>\n<p class=\"p1\">\ud83c\udfd8\ufe0f\u00a0 Vous serez h\u00e9berg\u00e9 dans des chalets en rondins. Vous aurez la possibilit\u00e9 de vous baigner \u00e0 la piscine de l&rsquo;\u00e9covillage en admirant la vue imprenable vers les sommets du Hautacam.<\/p>\n<p><strong>\ud83d\udcc5 Date :<\/strong>\u00a0 S\u00e9jour disponible de Juin 2023 \u00e0 Ao\u00fbt 2023<\/p>\n<p><strong> \ud83d\udfe1 S\u00e9jour \u00e0 partir de 219 euros<\/strong><\/p>\n","protected":false},"featured_media":5745,"comment_status":"open","ping_status":"closed","template":"","meta":{"_mo_disable_npp":""},"product_brand":[],"product_cat":[50,120,43,111],"product_tag":[],"class_list":{"0":"post-5546","1":"product","2":"type-product","3":"status-publish","4":"has-post-thumbnail","6":"product_cat-retraite-3-jours-yoga","7":"product_cat-retraite-yoga","8":"product_cat-retraite-yoga-france","9":"product_cat-retraite-yoga-pyrenees","11":"first","12":"instock","13":"taxable","14":"shipping-taxable","15":"product-type-external"},"yoast_head":"<!-- This site is optimized with the Yoast SEO plugin v26.8 - https:\/\/yoast.com\/product\/yoast-seo-wordpress\/ -->\n<title>Retraite Yoga, Tai-chi &amp; Qi gong - 3 jours \/ 2 nuits dans les Hautes Pyr\u00e9n\u00e9es (Juin - Ao\u00fbt 2023) - Meozen - Votre portail bien-\u00eatre<\/title>\n<meta name=\"description\" content=\"R\u00e9servez d\u00e8s maintenant votre Retraite Yoga, Tai-chi &amp; Qi gong - 3 jours \/ 2 nuits dans les Hautes Pyr\u00e9n\u00e9es (Juin - Ao\u00fbt 2023) avec Meozen. \u00c9vadez-vous du quotidien avec ce s\u00e9jour unique. Dur\u00e9e, conditions, prix... Cliquez pour d\u00e9couvrir !\" \/>\n<meta name=\"robots\" content=\"index, follow, max-snippet:-1, max-image-preview:large, max-video-preview:-1\" \/>\n<link rel=\"canonical\" href=\"https:\/\/meozen.com\/fr\/produit\/retraite-yoga-tai-chi-qi-gong-3-jours-2-nuits-hautes-pyrenees-juin-aout-2023\/\" \/>\n<meta property=\"og:locale\" content=\"fr_FR\" \/>\n<meta property=\"og:type\" content=\"article\" \/>\n<meta property=\"og:title\" content=\"Retraite Yoga, Tai-chi &amp; Qi gong - 3 jours \/ 2 nuits dans les Hautes Pyr\u00e9n\u00e9es (Juin - Ao\u00fbt 2023) - Meozen - Votre portail bien-\u00eatre\" \/>\n<meta property=\"og:description\" content=\"R\u00e9servez d\u00e8s maintenant votre Retraite Yoga, Tai-chi &amp; Qi gong - 3 jours \/ 2 nuits dans les Hautes Pyr\u00e9n\u00e9es (Juin - Ao\u00fbt 2023) avec Meozen. \u00c9vadez-vous du quotidien avec ce s\u00e9jour unique. Dur\u00e9e, conditions, prix... Cliquez pour d\u00e9couvrir !\" \/>\n<meta property=\"og:url\" content=\"https:\/\/meozen.com\/fr\/produit\/retraite-yoga-tai-chi-qi-gong-3-jours-2-nuits-hautes-pyrenees-juin-aout-2023\/\" \/>\n<meta property=\"og:site_name\" content=\"Meozen - Votre portail bien-\u00eatre\" \/>\n<meta property=\"article:publisher\" content=\"https:\/\/www.facebook.com\/MeozenFr\/\" \/>\n<meta property=\"article:modified_time\" content=\"2023-06-17T00:43:31+00:00\" \/>\n<meta property=\"og:image\" content=\"https:\/\/meozen.com\/fr\/wp-content\/uploads\/sites\/2\/2023\/05\/retraite-yoga-tai-chi-qi-gong-pyrennes-1.jpeg\" \/>\n\t<meta property=\"og:image:width\" content=\"653\" \/>\n\t<meta property=\"og:image:height\" content=\"490\" \/>\n\t<meta property=\"og:image:type\" content=\"image\/jpeg\" \/>\n<meta name=\"twitter:card\" content=\"summary_large_image\" \/>\n<meta name=\"twitter:label1\" content=\"Dur\u00e9e de lecture estim\u00e9e\" \/>\n\t<meta name=\"twitter:data1\" content=\"1 minute\" \/>\n<script type=\"application\/ld+json\" class=\"yoast-schema-graph\">{\"@context\":\"https:\/\/schema.org\",\"@graph\":[{\"@type\":\"WebPage\",\"@id\":\"https:\/\/meozen.com\/fr\/produit\/retraite-yoga-tai-chi-qi-gong-3-jours-2-nuits-hautes-pyrenees-juin-aout-2023\/\",\"url\":\"https:\/\/meozen.com\/fr\/produit\/retraite-yoga-tai-chi-qi-gong-3-jours-2-nuits-hautes-pyrenees-juin-aout-2023\/\",\"name\":\"Retraite Yoga, Tai-chi & Qi gong - 3 jours \/ 2 nuits dans les Hautes Pyr\u00e9n\u00e9es (Juin - Ao\u00fbt 2023) - Meozen - Votre portail bien-\u00eatre\",\"isPartOf\":{\"@id\":\"https:\/\/meozen.com\/fr\/#website\"},\"primaryImageOfPage\":{\"@id\":\"https:\/\/meozen.com\/fr\/produit\/retraite-yoga-tai-chi-qi-gong-3-jours-2-nuits-hautes-pyrenees-juin-aout-2023\/#primaryimage\"},\"image\":{\"@id\":\"https:\/\/meozen.com\/fr\/produit\/retraite-yoga-tai-chi-qi-gong-3-jours-2-nuits-hautes-pyrenees-juin-aout-2023\/#primaryimage\"},\"thumbnailUrl\":\"https:\/\/meozen.com\/fr\/wp-content\/uploads\/sites\/2\/2023\/05\/retraite-yoga-tai-chi-qi-gong-pyrennes-1.jpeg\",\"datePublished\":\"2023-05-22T12:57:11+00:00\",\"dateModified\":\"2023-06-17T00:43:31+00:00\",\"description\":\"R\u00e9servez d\u00e8s maintenant votre Retraite Yoga, Tai-chi & Qi gong - 3 jours \/ 2 nuits dans les Hautes Pyr\u00e9n\u00e9es (Juin - Ao\u00fbt 2023) avec Meozen. \u00c9vadez-vous du quotidien avec ce s\u00e9jour unique. Dur\u00e9e, conditions, prix... Cliquez pour d\u00e9couvrir !\",\"breadcrumb\":{\"@id\":\"https:\/\/meozen.com\/fr\/produit\/retraite-yoga-tai-chi-qi-gong-3-jours-2-nuits-hautes-pyrenees-juin-aout-2023\/#breadcrumb\"},\"inLanguage\":\"fr-FR\",\"potentialAction\":[{\"@type\":\"ReadAction\",\"target\":[\"https:\/\/meozen.com\/fr\/produit\/retraite-yoga-tai-chi-qi-gong-3-jours-2-nuits-hautes-pyrenees-juin-aout-2023\/\"]}]},{\"@type\":\"ImageObject\",\"inLanguage\":\"fr-FR\",\"@id\":\"https:\/\/meozen.com\/fr\/produit\/retraite-yoga-tai-chi-qi-gong-3-jours-2-nuits-hautes-pyrenees-juin-aout-2023\/#primaryimage\",\"url\":\"https:\/\/meozen.com\/fr\/wp-content\/uploads\/sites\/2\/2023\/05\/retraite-yoga-tai-chi-qi-gong-pyrennes-1.jpeg\",\"contentUrl\":\"https:\/\/meozen.com\/fr\/wp-content\/uploads\/sites\/2\/2023\/05\/retraite-yoga-tai-chi-qi-gong-pyrennes-1.jpeg\",\"width\":653,\"height\":490},{\"@type\":\"BreadcrumbList\",\"@id\":\"https:\/\/meozen.com\/fr\/produit\/retraite-yoga-tai-chi-qi-gong-3-jours-2-nuits-hautes-pyrenees-juin-aout-2023\/#breadcrumb\",\"itemListElement\":[{\"@type\":\"ListItem\",\"position\":1,\"name\":\"Accueil\",\"item\":\"https:\/\/meozen.com\/fr\/\"},{\"@type\":\"ListItem\",\"position\":2,\"name\":\"Boutique\",\"item\":\"https:\/\/meozen.com\/fr\/boutique\/\"},{\"@type\":\"ListItem\",\"position\":3,\"name\":\"Retraite Yoga, Tai-chi &#038; Qi gong &#8211; 3 jours \/ 2 nuits dans les Hautes Pyr\u00e9n\u00e9es (Juin &#8211; Ao\u00fbt 2023)\"}]},{\"@type\":\"WebSite\",\"@id\":\"https:\/\/meozen.com\/fr\/#website\",\"url\":\"https:\/\/meozen.com\/fr\/\",\"name\":\"Meozen - Votre portail bien-\u00eatre\",\"description\":\"D\u00e9couvrez tout l&#039;univers du bien-\u00eatre, yoga, m\u00e9ditation, trouvez les meilleures retraites et formations bien-\u00eatre\",\"publisher\":{\"@id\":\"https:\/\/meozen.com\/fr\/#organization\"},\"potentialAction\":[{\"@type\":\"SearchAction\",\"target\":{\"@type\":\"EntryPoint\",\"urlTemplate\":\"https:\/\/meozen.com\/fr\/?s={search_term_string}\"},\"query-input\":{\"@type\":\"PropertyValueSpecification\",\"valueRequired\":true,\"valueName\":\"search_term_string\"}}],\"inLanguage\":\"fr-FR\"},{\"@type\":\"Organization\",\"@id\":\"https:\/\/meozen.com\/fr\/#organization\",\"name\":\"Meozen\",\"url\":\"https:\/\/meozen.com\/fr\/\",\"logo\":{\"@type\":\"ImageObject\",\"inLanguage\":\"fr-FR\",\"@id\":\"https:\/\/meozen.com\/fr\/#\/schema\/logo\/image\/\",\"url\":\"https:\/\/meozen.com\/fr\/wp-content\/uploads\/sites\/2\/2021\/06\/logo-meozen-push.jpg\",\"contentUrl\":\"https:\/\/meozen.com\/fr\/wp-content\/uploads\/sites\/2\/2021\/06\/logo-meozen-push.jpg\",\"width\":384,\"height\":384,\"caption\":\"Meozen\"},\"image\":{\"@id\":\"https:\/\/meozen.com\/fr\/#\/schema\/logo\/image\/\"},\"sameAs\":[\"https:\/\/www.facebook.com\/MeozenFr\/\",\"https:\/\/www.pinterest.fr\/meozen_officiel\/\",\"https:\/\/www.instagram.com\/meozen_officiel\/\"]}]}<\/script>\n<!-- \/ Yoast SEO plugin. -->","yoast_head_json":{"title":"Retraite Yoga, Tai-chi & Qi gong - 3 jours \/ 2 nuits dans les Hautes Pyr\u00e9n\u00e9es (Juin - Ao\u00fbt 2023) - Meozen - Votre portail bien-\u00eatre","description":"R\u00e9servez d\u00e8s maintenant votre Retraite Yoga, Tai-chi & Qi gong - 3 jours \/ 2 nuits dans les Hautes Pyr\u00e9n\u00e9es (Juin - Ao\u00fbt 2023) avec Meozen. \u00c9vadez-vous du quotidien avec ce s\u00e9jour unique. Dur\u00e9e, conditions, prix... Cliquez pour d\u00e9couvrir !","robots":{"index":"index","follow":"follow","max-snippet":"max-snippet:-1","max-image-preview":"max-image-preview:large","max-video-preview":"max-video-preview:-1"},"canonical":"https:\/\/meozen.com\/fr\/produit\/retraite-yoga-tai-chi-qi-gong-3-jours-2-nuits-hautes-pyrenees-juin-aout-2023\/","og_locale":"fr_FR","og_type":"article","og_title":"Retraite Yoga, Tai-chi & Qi gong - 3 jours \/ 2 nuits dans les Hautes Pyr\u00e9n\u00e9es (Juin - Ao\u00fbt 2023) - Meozen - Votre portail bien-\u00eatre","og_description":"R\u00e9servez d\u00e8s maintenant votre Retraite Yoga, Tai-chi & Qi gong - 3 jours \/ 2 nuits dans les Hautes Pyr\u00e9n\u00e9es (Juin - Ao\u00fbt 2023) avec Meozen. \u00c9vadez-vous du quotidien avec ce s\u00e9jour unique. Dur\u00e9e, conditions, prix... Cliquez pour d\u00e9couvrir !","og_url":"https:\/\/meozen.com\/fr\/produit\/retraite-yoga-tai-chi-qi-gong-3-jours-2-nuits-hautes-pyrenees-juin-aout-2023\/","og_site_name":"Meozen - Votre portail bien-\u00eatre","article_publisher":"https:\/\/www.facebook.com\/MeozenFr\/","article_modified_time":"2023-06-17T00:43:31+00:00","og_image":[{"width":653,"height":490,"url":"https:\/\/meozen.com\/fr\/wp-content\/uploads\/sites\/2\/2023\/05\/retraite-yoga-tai-chi-qi-gong-pyrennes-1.jpeg","type":"image\/jpeg"}],"twitter_card":"summary_large_image","twitter_misc":{"Dur\u00e9e de lecture estim\u00e9e":"1 minute"},"schema":{"@context":"https:\/\/schema.org","@graph":[{"@type":"WebPage","@id":"https:\/\/meozen.com\/fr\/produit\/retraite-yoga-tai-chi-qi-gong-3-jours-2-nuits-hautes-pyrenees-juin-aout-2023\/","url":"https:\/\/meozen.com\/fr\/produit\/retraite-yoga-tai-chi-qi-gong-3-jours-2-nuits-hautes-pyrenees-juin-aout-2023\/","name":"Retraite Yoga, Tai-chi & Qi gong - 3 jours \/ 2 nuits dans les Hautes Pyr\u00e9n\u00e9es (Juin - Ao\u00fbt 2023) - Meozen - Votre portail bien-\u00eatre","isPartOf":{"@id":"https:\/\/meozen.com\/fr\/#website"},"primaryImageOfPage":{"@id":"https:\/\/meozen.com\/fr\/produit\/retraite-yoga-tai-chi-qi-gong-3-jours-2-nuits-hautes-pyrenees-juin-aout-2023\/#primaryimage"},"image":{"@id":"https:\/\/meozen.com\/fr\/produit\/retraite-yoga-tai-chi-qi-gong-3-jours-2-nuits-hautes-pyrenees-juin-aout-2023\/#primaryimage"},"thumbnailUrl":"https:\/\/meozen.com\/fr\/wp-content\/uploads\/sites\/2\/2023\/05\/retraite-yoga-tai-chi-qi-gong-pyrennes-1.jpeg","datePublished":"2023-05-22T12:57:11+00:00","dateModified":"2023-06-17T00:43:31+00:00","description":"R\u00e9servez d\u00e8s maintenant votre Retraite Yoga, Tai-chi & Qi gong - 3 jours \/ 2 nuits dans les Hautes Pyr\u00e9n\u00e9es (Juin - Ao\u00fbt 2023) avec Meozen. \u00c9vadez-vous du quotidien avec ce s\u00e9jour unique. Dur\u00e9e, conditions, prix... Cliquez pour d\u00e9couvrir !","breadcrumb":{"@id":"https:\/\/meozen.com\/fr\/produit\/retraite-yoga-tai-chi-qi-gong-3-jours-2-nuits-hautes-pyrenees-juin-aout-2023\/#breadcrumb"},"inLanguage":"fr-FR","potentialAction":[{"@type":"ReadAction","target":["https:\/\/meozen.com\/fr\/produit\/retraite-yoga-tai-chi-qi-gong-3-jours-2-nuits-hautes-pyrenees-juin-aout-2023\/"]}]},{"@type":"ImageObject","inLanguage":"fr-FR","@id":"https:\/\/meozen.com\/fr\/produit\/retraite-yoga-tai-chi-qi-gong-3-jours-2-nuits-hautes-pyrenees-juin-aout-2023\/#primaryimage","url":"https:\/\/meozen.com\/fr\/wp-content\/uploads\/sites\/2\/2023\/05\/retraite-yoga-tai-chi-qi-gong-pyrennes-1.jpeg","contentUrl":"https:\/\/meozen.com\/fr\/wp-content\/uploads\/sites\/2\/2023\/05\/retraite-yoga-tai-chi-qi-gong-pyrennes-1.jpeg","width":653,"height":490},{"@type":"BreadcrumbList","@id":"https:\/\/meozen.com\/fr\/produit\/retraite-yoga-tai-chi-qi-gong-3-jours-2-nuits-hautes-pyrenees-juin-aout-2023\/#breadcrumb","itemListElement":[{"@type":"ListItem","position":1,"name":"Accueil","item":"https:\/\/meozen.com\/fr\/"},{"@type":"ListItem","position":2,"name":"Boutique","item":"https:\/\/meozen.com\/fr\/boutique\/"},{"@type":"ListItem","position":3,"name":"Retraite Yoga, Tai-chi &#038; Qi gong &#8211; 3 jours \/ 2 nuits dans les Hautes Pyr\u00e9n\u00e9es (Juin &#8211; Ao\u00fbt 2023)"}]},{"@type":"WebSite","@id":"https:\/\/meozen.com\/fr\/#website","url":"https:\/\/meozen.com\/fr\/","name":"Meozen - Votre portail bien-\u00eatre","description":"D\u00e9couvrez tout l&#039;univers du bien-\u00eatre, yoga, m\u00e9ditation, trouvez les meilleures retraites et formations bien-\u00eatre","publisher":{"@id":"https:\/\/meozen.com\/fr\/#organization"},"potentialAction":[{"@type":"SearchAction","target":{"@type":"EntryPoint","urlTemplate":"https:\/\/meozen.com\/fr\/?s={search_term_string}"},"query-input":{"@type":"PropertyValueSpecification","valueRequired":true,"valueName":"search_term_string"}}],"inLanguage":"fr-FR"},{"@type":"Organization","@id":"https:\/\/meozen.com\/fr\/#organization","name":"Meozen","url":"https:\/\/meozen.com\/fr\/","logo":{"@type":"ImageObject","inLanguage":"fr-FR","@id":"https:\/\/meozen.com\/fr\/#\/schema\/logo\/image\/","url":"https:\/\/meozen.com\/fr\/wp-content\/uploads\/sites\/2\/2021\/06\/logo-meozen-push.jpg","contentUrl":"https:\/\/meozen.com\/fr\/wp-content\/uploads\/sites\/2\/2021\/06\/logo-meozen-push.jpg","width":384,"height":384,"caption":"Meozen"},"image":{"@id":"https:\/\/meozen.com\/fr\/#\/schema\/logo\/image\/"},"sameAs":["https:\/\/www.facebook.com\/MeozenFr\/","https:\/\/www.pinterest.fr\/meozen_officiel\/","https:\/\/www.instagram.com\/meozen_officiel\/"]}]}},"_links":{"self":[{"href":"https:\/\/meozen.com\/fr\/wp-json\/wp\/v2\/product\/5546","targetHints":{"allow":["GET"]}}],"collection":[{"href":"https:\/\/meozen.com\/fr\/wp-json\/wp\/v2\/product"}],"about":[{"href":"https:\/\/meozen.com\/fr\/wp-json\/wp\/v2\/types\/product"}],"replies":[{"embeddable":true,"href":"https:\/\/meozen.com\/fr\/wp-json\/wp\/v2\/comments?post=5546"}],"wp:featuredmedia":[{"embeddable":true,"href":"https:\/\/meozen.com\/fr\/wp-json\/wp\/v2\/media\/5745"}],"wp:attachment":[{"href":"https:\/\/meozen.com\/fr\/wp-json\/wp\/v2\/media?parent=5546"}],"wp:term":[{"taxonomy":"product_brand","embeddable":true,"href":"https:\/\/meozen.com\/fr\/wp-json\/wp\/v2\/product_brand?post=5546"},{"taxonomy":"product_cat","embeddable":true,"href":"https:\/\/meozen.com\/fr\/wp-json\/wp\/v2\/product_cat?post=5546"},{"taxonomy":"product_tag","embeddable":true,"href":"https:\/\/meozen.com\/fr\/wp-json\/wp\/v2\/product_tag?post=5546"}],"curies":[{"name":"wp","href":"https:\/\/api.w.org\/{rel}","templated":true}]}}