{"id":5547,"date":"2023-05-22T15:27:03","date_gmt":"2023-05-22T13:27:03","guid":{"rendered":"https:\/\/meozen.com\/fr\/?post_type=product&#038;p=5547"},"modified":"2023-06-17T02:43:30","modified_gmt":"2023-06-17T00:43:30","slug":"retraite-yoga-meditation-bien-etre-3-jours-2-nuits-la-belmontaise-juin-septembre-2023","status":"publish","type":"product","link":"https:\/\/meozen.com\/fr\/produit\/retraite-yoga-meditation-bien-etre-3-jours-2-nuits-la-belmontaise-juin-septembre-2023\/","title":{"rendered":"Retraite Yoga, M\u00e9ditation &#038; Bien-\u00eatre &#8211; 3 jours \/ 2 nuits \u00e0 la Belmontaise (Juin &#8211; Septembre 2023)"},"content":{"rendered":"<p>Durant votre s\u00e9jour, vous mettrez l&rsquo;accent sur le plan physique, mental et spirituel :<\/p>\n<ul>\n<li>La connaissance de la respiration yogique (pranayama)<\/li>\n<li>La connaissance pratique des postures de base (asanas et ses fonctionnements)<\/li>\n<li>La connaissance de la bonne relaxation (shavasana)<\/li>\n<li>La connaissance de la m\u00e9ditation et de la pens\u00e9e positive (dhyana, dharana)<\/li>\n<li>La connaissance d&rsquo;une alimentation saine (\u00ab nous sommes ce que nous mangeons \u00bb)<\/li>\n<\/ul>\n<p>&nbsp;<\/p>\n<p><b>\ud83d\uddd3\ufe0f <\/b><strong>Programme :\u00a0<\/strong><\/p>\n<p class=\"subtitle\"><strong>\u2705 Vendredi<\/strong><\/p>\n<ul>\n<li>15:00 Arriv\u00e9e, visite des lieux et installation<\/li>\n<li>16:15 Go\u00fbter de bienvenue et pr\u00e9sentation du s\u00e9jour<\/li>\n<li>17:00 Introduction (pranayama, cours de yoga et relaxation aux bols Tib\u00e9tains)<\/li>\n<li>20:00 D\u00eener (pr\u00e9paration du repas en groupe)<\/li>\n<\/ul>\n<p><strong>\u2705 Samedi<\/strong><\/p>\n<ul>\n<li>08:00 Petite collation avant le yoga<\/li>\n<li>08:30 Pranayama et m\u00e9ditation<\/li>\n<li>09:00 Cours de yoga<\/li>\n<li>10:00 Temps libre<\/li>\n<li>11:00 Brunch<\/li>\n<li>14:00 D\u00e9tente et bien \u00eatre temps libre (massages en sup), inclus dans le s\u00e9jour, paddles, cano\u00e9s .<\/li>\n<li>18:00 Cours de Yoga<\/li>\n<li>20:00 D\u00eener<\/li>\n<li>21:30 initiation et relaxation aux bols Tib\u00e9tains<\/li>\n<\/ul>\n<p class=\"subtitle\"><strong>\u2705 Dimanche<\/strong><\/p>\n<ul>\n<li>08:00 Petite collation avant le yoga<\/li>\n<li>08:30 Pranayama et m\u00e9ditation<\/li>\n<li>09:00 Cours de yoga<\/li>\n<li>10:30 Massage sonore collectif aux bols tib\u00e9tains<\/li>\n<li>12:30 Brunch<\/li>\n<li>14:00 Cercle de parole et cl\u00f4ture du s\u00e9jour<\/li>\n<li>15:00 Fermeture du cycle<\/li>\n<\/ul>\n","protected":false},"excerpt":{"rendered":"<p><strong style=\"font-size: 22px;\">Une retraite de Yoga, M\u00e9ditation et Bien-\u00eatre <strong>\ud83d\udccd <\/strong>\u00e0 la Belmontaise<\/strong><\/p>\n<p>\u2728 Avec cette retraite, le professeur de Yoga, Olivier Haye, vous accueillent et vous proposent un s\u00e9jour bien-\u00eatre dans un petit paradis situ\u00e9 en bordure de rivi\u00e8re la Belmontaise \u00e0 seulement deux heures de Paris.<\/p>\n<p class=\"p1\">\ud83d\ude4f Une exp\u00e9rience humaine unique autour du bien-\u00eatre : asanas, m\u00e9ditation, respiration yogique, \u00e9veil de la conscience, massages sonore (collectif et individuel), paddles, cano\u00e9s&#8230;<\/p>\n<p>\ud83c\udfd8\ufe0f\u00a0 Vous serez h\u00e9berg\u00e9 dans une maison de fin du 15\u00e8me si\u00e8cle, restaur\u00e9e avec c\u0153ur. Elle est convertie en chambres d&rsquo;h\u00f4tes et de bien-\u00eatre pour mieux vous y accueillir. 5 chambres sont disponibles (lit double ou simple \/ priv\u00e9e ou partag\u00e9e) et disposent de toilettes et d&rsquo;une douche. Le coin salon et kitchenette \u00e0 partager parmi les h\u00f4tes.<\/p>\n<p><strong>\ud83d\udcc5\u00a0 Date :<\/strong>\u00a0 S\u00e9jour possible de Juin 2023 \u00e0 Septembre 2023<\/p>\n<p><strong> \ud83d\udfe1 S\u00e9jour \u00e0 partir de 330 euros<\/strong><\/p>\n","protected":false},"featured_media":5819,"comment_status":"open","ping_status":"closed","template":"","meta":{"_mo_disable_npp":""},"product_brand":[],"product_cat":[50,120,128,43],"product_tag":[],"class_list":{"0":"post-5547","1":"product","2":"type-product","3":"status-publish","4":"has-post-thumbnail","6":"product_cat-retraite-3-jours-yoga","7":"product_cat-retraite-yoga","8":"product_cat-retraite-de-yoga-pays-de-la-loire-retraite-yoga-france","9":"product_cat-retraite-yoga-france","11":"first","12":"instock","13":"taxable","14":"shipping-taxable","15":"product-type-external"},"yoast_head":"<!-- This site is optimized with the Yoast SEO plugin v26.8 - https:\/\/yoast.com\/product\/yoast-seo-wordpress\/ -->\n<title>Retraite Yoga, M\u00e9ditation &amp; Bien-\u00eatre - 3 jours \/ 2 nuits \u00e0 la Belmontaise (Juin - Septembre 2023) - Meozen - Votre portail bien-\u00eatre<\/title>\n<meta name=\"description\" content=\"R\u00e9servez d\u00e8s maintenant votre Retraite Yoga, M\u00e9ditation &amp; Bien-\u00eatre - 3 jours \/ 2 nuits \u00e0 la Belmontaise (Juin - Septembre 2023) avec Meozen. \u00c9vadez-vous du quotidien avec ce s\u00e9jour unique. Dur\u00e9e, conditions, prix... Cliquez pour d\u00e9couvrir !\" \/>\n<meta name=\"robots\" content=\"index, follow, max-snippet:-1, max-image-preview:large, max-video-preview:-1\" \/>\n<link rel=\"canonical\" href=\"https:\/\/meozen.com\/fr\/produit\/retraite-yoga-meditation-bien-etre-3-jours-2-nuits-la-belmontaise-juin-septembre-2023\/\" \/>\n<meta property=\"og:locale\" content=\"fr_FR\" \/>\n<meta property=\"og:type\" content=\"article\" \/>\n<meta property=\"og:title\" content=\"Retraite Yoga, M\u00e9ditation &amp; Bien-\u00eatre - 3 jours \/ 2 nuits \u00e0 la Belmontaise (Juin - Septembre 2023) - Meozen - Votre portail bien-\u00eatre\" \/>\n<meta property=\"og:description\" content=\"R\u00e9servez d\u00e8s maintenant votre Retraite Yoga, M\u00e9ditation &amp; Bien-\u00eatre - 3 jours \/ 2 nuits \u00e0 la Belmontaise (Juin - Septembre 2023) avec Meozen. \u00c9vadez-vous du quotidien avec ce s\u00e9jour unique. Dur\u00e9e, conditions, prix... Cliquez pour d\u00e9couvrir !\" \/>\n<meta property=\"og:url\" content=\"https:\/\/meozen.com\/fr\/produit\/retraite-yoga-meditation-bien-etre-3-jours-2-nuits-la-belmontaise-juin-septembre-2023\/\" \/>\n<meta property=\"og:site_name\" content=\"Meozen - Votre portail bien-\u00eatre\" \/>\n<meta property=\"article:publisher\" content=\"https:\/\/www.facebook.com\/MeozenFr\/\" \/>\n<meta property=\"article:modified_time\" content=\"2023-06-17T00:43:30+00:00\" \/>\n<meta property=\"og:image\" content=\"https:\/\/meozen.com\/fr\/wp-content\/uploads\/sites\/2\/2023\/05\/retraite-yoga-meditation-belmontaise-sarthe-1.jpeg\" \/>\n\t<meta property=\"og:image:width\" content=\"653\" \/>\n\t<meta property=\"og:image:height\" content=\"490\" \/>\n\t<meta property=\"og:image:type\" content=\"image\/jpeg\" \/>\n<meta name=\"twitter:card\" content=\"summary_large_image\" \/>\n<meta name=\"twitter:label1\" content=\"Dur\u00e9e de lecture estim\u00e9e\" \/>\n\t<meta name=\"twitter:data1\" content=\"1 minute\" \/>\n<script type=\"application\/ld+json\" class=\"yoast-schema-graph\">{\"@context\":\"https:\/\/schema.org\",\"@graph\":[{\"@type\":\"WebPage\",\"@id\":\"https:\/\/meozen.com\/fr\/produit\/retraite-yoga-meditation-bien-etre-3-jours-2-nuits-la-belmontaise-juin-septembre-2023\/\",\"url\":\"https:\/\/meozen.com\/fr\/produit\/retraite-yoga-meditation-bien-etre-3-jours-2-nuits-la-belmontaise-juin-septembre-2023\/\",\"name\":\"Retraite Yoga, M\u00e9ditation & Bien-\u00eatre - 3 jours \/ 2 nuits \u00e0 la Belmontaise (Juin - Septembre 2023) - Meozen - Votre portail bien-\u00eatre\",\"isPartOf\":{\"@id\":\"https:\/\/meozen.com\/fr\/#website\"},\"primaryImageOfPage\":{\"@id\":\"https:\/\/meozen.com\/fr\/produit\/retraite-yoga-meditation-bien-etre-3-jours-2-nuits-la-belmontaise-juin-septembre-2023\/#primaryimage\"},\"image\":{\"@id\":\"https:\/\/meozen.com\/fr\/produit\/retraite-yoga-meditation-bien-etre-3-jours-2-nuits-la-belmontaise-juin-septembre-2023\/#primaryimage\"},\"thumbnailUrl\":\"https:\/\/meozen.com\/fr\/wp-content\/uploads\/sites\/2\/2023\/05\/retraite-yoga-meditation-belmontaise-sarthe-1.jpeg\",\"datePublished\":\"2023-05-22T13:27:03+00:00\",\"dateModified\":\"2023-06-17T00:43:30+00:00\",\"description\":\"R\u00e9servez d\u00e8s maintenant votre Retraite Yoga, M\u00e9ditation & Bien-\u00eatre - 3 jours \/ 2 nuits \u00e0 la Belmontaise (Juin - Septembre 2023) avec Meozen. \u00c9vadez-vous du quotidien avec ce s\u00e9jour unique. Dur\u00e9e, conditions, prix... Cliquez pour d\u00e9couvrir !\",\"breadcrumb\":{\"@id\":\"https:\/\/meozen.com\/fr\/produit\/retraite-yoga-meditation-bien-etre-3-jours-2-nuits-la-belmontaise-juin-septembre-2023\/#breadcrumb\"},\"inLanguage\":\"fr-FR\",\"potentialAction\":[{\"@type\":\"ReadAction\",\"target\":[\"https:\/\/meozen.com\/fr\/produit\/retraite-yoga-meditation-bien-etre-3-jours-2-nuits-la-belmontaise-juin-septembre-2023\/\"]}]},{\"@type\":\"ImageObject\",\"inLanguage\":\"fr-FR\",\"@id\":\"https:\/\/meozen.com\/fr\/produit\/retraite-yoga-meditation-bien-etre-3-jours-2-nuits-la-belmontaise-juin-septembre-2023\/#primaryimage\",\"url\":\"https:\/\/meozen.com\/fr\/wp-content\/uploads\/sites\/2\/2023\/05\/retraite-yoga-meditation-belmontaise-sarthe-1.jpeg\",\"contentUrl\":\"https:\/\/meozen.com\/fr\/wp-content\/uploads\/sites\/2\/2023\/05\/retraite-yoga-meditation-belmontaise-sarthe-1.jpeg\",\"width\":653,\"height\":490},{\"@type\":\"BreadcrumbList\",\"@id\":\"https:\/\/meozen.com\/fr\/produit\/retraite-yoga-meditation-bien-etre-3-jours-2-nuits-la-belmontaise-juin-septembre-2023\/#breadcrumb\",\"itemListElement\":[{\"@type\":\"ListItem\",\"position\":1,\"name\":\"Accueil\",\"item\":\"https:\/\/meozen.com\/fr\/\"},{\"@type\":\"ListItem\",\"position\":2,\"name\":\"Boutique\",\"item\":\"https:\/\/meozen.com\/fr\/boutique\/\"},{\"@type\":\"ListItem\",\"position\":3,\"name\":\"Retraite Yoga, M\u00e9ditation &#038; Bien-\u00eatre &#8211; 3 jours \/ 2 nuits \u00e0 la Belmontaise (Juin &#8211; Septembre 2023)\"}]},{\"@type\":\"WebSite\",\"@id\":\"https:\/\/meozen.com\/fr\/#website\",\"url\":\"https:\/\/meozen.com\/fr\/\",\"name\":\"Meozen - Votre portail bien-\u00eatre\",\"description\":\"D\u00e9couvrez tout l&#039;univers du bien-\u00eatre, yoga, m\u00e9ditation, trouvez les meilleures retraites et formations bien-\u00eatre\",\"publisher\":{\"@id\":\"https:\/\/meozen.com\/fr\/#organization\"},\"potentialAction\":[{\"@type\":\"SearchAction\",\"target\":{\"@type\":\"EntryPoint\",\"urlTemplate\":\"https:\/\/meozen.com\/fr\/?s={search_term_string}\"},\"query-input\":{\"@type\":\"PropertyValueSpecification\",\"valueRequired\":true,\"valueName\":\"search_term_string\"}}],\"inLanguage\":\"fr-FR\"},{\"@type\":\"Organization\",\"@id\":\"https:\/\/meozen.com\/fr\/#organization\",\"name\":\"Meozen\",\"url\":\"https:\/\/meozen.com\/fr\/\",\"logo\":{\"@type\":\"ImageObject\",\"inLanguage\":\"fr-FR\",\"@id\":\"https:\/\/meozen.com\/fr\/#\/schema\/logo\/image\/\",\"url\":\"https:\/\/meozen.com\/fr\/wp-content\/uploads\/sites\/2\/2021\/06\/logo-meozen-push.jpg\",\"contentUrl\":\"https:\/\/meozen.com\/fr\/wp-content\/uploads\/sites\/2\/2021\/06\/logo-meozen-push.jpg\",\"width\":384,\"height\":384,\"caption\":\"Meozen\"},\"image\":{\"@id\":\"https:\/\/meozen.com\/fr\/#\/schema\/logo\/image\/\"},\"sameAs\":[\"https:\/\/www.facebook.com\/MeozenFr\/\",\"https:\/\/www.pinterest.fr\/meozen_officiel\/\",\"https:\/\/www.instagram.com\/meozen_officiel\/\"]}]}<\/script>\n<!-- \/ Yoast SEO plugin. -->","yoast_head_json":{"title":"Retraite Yoga, M\u00e9ditation & Bien-\u00eatre - 3 jours \/ 2 nuits \u00e0 la Belmontaise (Juin - Septembre 2023) - Meozen - Votre portail bien-\u00eatre","description":"R\u00e9servez d\u00e8s maintenant votre Retraite Yoga, M\u00e9ditation & Bien-\u00eatre - 3 jours \/ 2 nuits \u00e0 la Belmontaise (Juin - Septembre 2023) avec Meozen. \u00c9vadez-vous du quotidien avec ce s\u00e9jour unique. Dur\u00e9e, conditions, prix... Cliquez pour d\u00e9couvrir !","robots":{"index":"index","follow":"follow","max-snippet":"max-snippet:-1","max-image-preview":"max-image-preview:large","max-video-preview":"max-video-preview:-1"},"canonical":"https:\/\/meozen.com\/fr\/produit\/retraite-yoga-meditation-bien-etre-3-jours-2-nuits-la-belmontaise-juin-septembre-2023\/","og_locale":"fr_FR","og_type":"article","og_title":"Retraite Yoga, M\u00e9ditation & Bien-\u00eatre - 3 jours \/ 2 nuits \u00e0 la Belmontaise (Juin - Septembre 2023) - Meozen - Votre portail bien-\u00eatre","og_description":"R\u00e9servez d\u00e8s maintenant votre Retraite Yoga, M\u00e9ditation & Bien-\u00eatre - 3 jours \/ 2 nuits \u00e0 la Belmontaise (Juin - Septembre 2023) avec Meozen. \u00c9vadez-vous du quotidien avec ce s\u00e9jour unique. Dur\u00e9e, conditions, prix... Cliquez pour d\u00e9couvrir !","og_url":"https:\/\/meozen.com\/fr\/produit\/retraite-yoga-meditation-bien-etre-3-jours-2-nuits-la-belmontaise-juin-septembre-2023\/","og_site_name":"Meozen - Votre portail bien-\u00eatre","article_publisher":"https:\/\/www.facebook.com\/MeozenFr\/","article_modified_time":"2023-06-17T00:43:30+00:00","og_image":[{"width":653,"height":490,"url":"https:\/\/meozen.com\/fr\/wp-content\/uploads\/sites\/2\/2023\/05\/retraite-yoga-meditation-belmontaise-sarthe-1.jpeg","type":"image\/jpeg"}],"twitter_card":"summary_large_image","twitter_misc":{"Dur\u00e9e de lecture estim\u00e9e":"1 minute"},"schema":{"@context":"https:\/\/schema.org","@graph":[{"@type":"WebPage","@id":"https:\/\/meozen.com\/fr\/produit\/retraite-yoga-meditation-bien-etre-3-jours-2-nuits-la-belmontaise-juin-septembre-2023\/","url":"https:\/\/meozen.com\/fr\/produit\/retraite-yoga-meditation-bien-etre-3-jours-2-nuits-la-belmontaise-juin-septembre-2023\/","name":"Retraite Yoga, M\u00e9ditation & Bien-\u00eatre - 3 jours \/ 2 nuits \u00e0 la Belmontaise (Juin - Septembre 2023) - Meozen - Votre portail bien-\u00eatre","isPartOf":{"@id":"https:\/\/meozen.com\/fr\/#website"},"primaryImageOfPage":{"@id":"https:\/\/meozen.com\/fr\/produit\/retraite-yoga-meditation-bien-etre-3-jours-2-nuits-la-belmontaise-juin-septembre-2023\/#primaryimage"},"image":{"@id":"https:\/\/meozen.com\/fr\/produit\/retraite-yoga-meditation-bien-etre-3-jours-2-nuits-la-belmontaise-juin-septembre-2023\/#primaryimage"},"thumbnailUrl":"https:\/\/meozen.com\/fr\/wp-content\/uploads\/sites\/2\/2023\/05\/retraite-yoga-meditation-belmontaise-sarthe-1.jpeg","datePublished":"2023-05-22T13:27:03+00:00","dateModified":"2023-06-17T00:43:30+00:00","description":"R\u00e9servez d\u00e8s maintenant votre Retraite Yoga, M\u00e9ditation & Bien-\u00eatre - 3 jours \/ 2 nuits \u00e0 la Belmontaise (Juin - Septembre 2023) avec Meozen. \u00c9vadez-vous du quotidien avec ce s\u00e9jour unique. Dur\u00e9e, conditions, prix... Cliquez pour d\u00e9couvrir !","breadcrumb":{"@id":"https:\/\/meozen.com\/fr\/produit\/retraite-yoga-meditation-bien-etre-3-jours-2-nuits-la-belmontaise-juin-septembre-2023\/#breadcrumb"},"inLanguage":"fr-FR","potentialAction":[{"@type":"ReadAction","target":["https:\/\/meozen.com\/fr\/produit\/retraite-yoga-meditation-bien-etre-3-jours-2-nuits-la-belmontaise-juin-septembre-2023\/"]}]},{"@type":"ImageObject","inLanguage":"fr-FR","@id":"https:\/\/meozen.com\/fr\/produit\/retraite-yoga-meditation-bien-etre-3-jours-2-nuits-la-belmontaise-juin-septembre-2023\/#primaryimage","url":"https:\/\/meozen.com\/fr\/wp-content\/uploads\/sites\/2\/2023\/05\/retraite-yoga-meditation-belmontaise-sarthe-1.jpeg","contentUrl":"https:\/\/meozen.com\/fr\/wp-content\/uploads\/sites\/2\/2023\/05\/retraite-yoga-meditation-belmontaise-sarthe-1.jpeg","width":653,"height":490},{"@type":"BreadcrumbList","@id":"https:\/\/meozen.com\/fr\/produit\/retraite-yoga-meditation-bien-etre-3-jours-2-nuits-la-belmontaise-juin-septembre-2023\/#breadcrumb","itemListElement":[{"@type":"ListItem","position":1,"name":"Accueil","item":"https:\/\/meozen.com\/fr\/"},{"@type":"ListItem","position":2,"name":"Boutique","item":"https:\/\/meozen.com\/fr\/boutique\/"},{"@type":"ListItem","position":3,"name":"Retraite Yoga, M\u00e9ditation &#038; Bien-\u00eatre &#8211; 3 jours \/ 2 nuits \u00e0 la Belmontaise (Juin &#8211; Septembre 2023)"}]},{"@type":"WebSite","@id":"https:\/\/meozen.com\/fr\/#website","url":"https:\/\/meozen.com\/fr\/","name":"Meozen - Votre portail bien-\u00eatre","description":"D\u00e9couvrez tout l&#039;univers du bien-\u00eatre, yoga, m\u00e9ditation, trouvez les meilleures retraites et formations bien-\u00eatre","publisher":{"@id":"https:\/\/meozen.com\/fr\/#organization"},"potentialAction":[{"@type":"SearchAction","target":{"@type":"EntryPoint","urlTemplate":"https:\/\/meozen.com\/fr\/?s={search_term_string}"},"query-input":{"@type":"PropertyValueSpecification","valueRequired":true,"valueName":"search_term_string"}}],"inLanguage":"fr-FR"},{"@type":"Organization","@id":"https:\/\/meozen.com\/fr\/#organization","name":"Meozen","url":"https:\/\/meozen.com\/fr\/","logo":{"@type":"ImageObject","inLanguage":"fr-FR","@id":"https:\/\/meozen.com\/fr\/#\/schema\/logo\/image\/","url":"https:\/\/meozen.com\/fr\/wp-content\/uploads\/sites\/2\/2021\/06\/logo-meozen-push.jpg","contentUrl":"https:\/\/meozen.com\/fr\/wp-content\/uploads\/sites\/2\/2021\/06\/logo-meozen-push.jpg","width":384,"height":384,"caption":"Meozen"},"image":{"@id":"https:\/\/meozen.com\/fr\/#\/schema\/logo\/image\/"},"sameAs":["https:\/\/www.facebook.com\/MeozenFr\/","https:\/\/www.pinterest.fr\/meozen_officiel\/","https:\/\/www.instagram.com\/meozen_officiel\/"]}]}},"_links":{"self":[{"href":"https:\/\/meozen.com\/fr\/wp-json\/wp\/v2\/product\/5547","targetHints":{"allow":["GET"]}}],"collection":[{"href":"https:\/\/meozen.com\/fr\/wp-json\/wp\/v2\/product"}],"about":[{"href":"https:\/\/meozen.com\/fr\/wp-json\/wp\/v2\/types\/product"}],"replies":[{"embeddable":true,"href":"https:\/\/meozen.com\/fr\/wp-json\/wp\/v2\/comments?post=5547"}],"wp:featuredmedia":[{"embeddable":true,"href":"https:\/\/meozen.com\/fr\/wp-json\/wp\/v2\/media\/5819"}],"wp:attachment":[{"href":"https:\/\/meozen.com\/fr\/wp-json\/wp\/v2\/media?parent=5547"}],"wp:term":[{"taxonomy":"product_brand","embeddable":true,"href":"https:\/\/meozen.com\/fr\/wp-json\/wp\/v2\/product_brand?post=5547"},{"taxonomy":"product_cat","embeddable":true,"href":"https:\/\/meozen.com\/fr\/wp-json\/wp\/v2\/product_cat?post=5547"},{"taxonomy":"product_tag","embeddable":true,"href":"https:\/\/meozen.com\/fr\/wp-json\/wp\/v2\/product_tag?post=5547"}],"curies":[{"name":"wp","href":"https:\/\/api.w.org\/{rel}","templated":true}]}}