{"id":5550,"date":"2023-05-26T15:27:35","date_gmt":"2023-05-26T13:27:35","guid":{"rendered":"https:\/\/meozen.com\/fr\/?post_type=product&#038;p=5550"},"modified":"2023-06-17T02:43:29","modified_gmt":"2023-06-17T00:43:29","slug":"retraite-yoga-randonne-bien-etre-6-jours-5-nuits-morzine-haute-savoie-juillet-aout-2023","status":"publish","type":"product","link":"https:\/\/meozen.com\/fr\/produit\/retraite-yoga-randonne-bien-etre-6-jours-5-nuits-morzine-haute-savoie-juillet-aout-2023\/","title":{"rendered":"Retraite Yoga, Randonn\u00e9 &#038; Bien-\u00eatre &#8211; 6 jours \/ 5 nuits \u00e0 Morzine en Haute-Savoie (Juillet &#8211; Ao\u00fbt 2023)"},"content":{"rendered":"<ul>\n<li><span style=\"font-weight: 400;\">Programme adapt\u00e9 \u00e0 tous les niveaux<\/span><\/li>\n<li style=\"font-weight: 400;\"><span style=\"font-weight: 400;\">Inclus petits-d\u00e9jeuners\/brunchs et d\u00eeners (ingr\u00e9dient bio, locaux sur une base v\u00e9g\u00e9tarienne)\u00a0<\/span><\/li>\n<li>Possibilit\u00e9 d&rsquo;avoir une chambre individuelle sur place<\/li>\n<\/ul>\n<p class=\"subtitle\"><b>\ud83d\uddd3\ufe0f\u00a0 Programme :\u00a0<\/b><\/p>\n<p class=\"subtitle\"><strong>\u2705<\/strong> <strong>Jour 1 :<\/strong><\/p>\n<ul>\n<li>Arriv\u00e9e au chalet pour 16:00.<\/li>\n<li>Balade dans la for\u00eat proche, l&rsquo;occasion de faire une petite pause autour d&rsquo;un cercle d&rsquo;ouverture.<\/li>\n<li>Retour au chalet, premi\u00e8re pratique de yoga du s\u00e9jour : un hatha doux.<\/li>\n<li>D\u00eener au chalet puis soir\u00e9e libre.<\/li>\n<\/ul>\n<p class=\"subtitle\"><strong>\u2705<\/strong> <strong>Jour 2 :<\/strong><\/p>\n<ul>\n<li>R\u00e9veil face aux montagnes avec une s\u00e9ance de yoga.<\/li>\n<li>Copieux petit-d\u00e9jeuner au chalet<\/li>\n<li>D\u00e9part pour la premi\u00e8re journ\u00e9e de randonn\u00e9e. Une magnifique randonn\u00e9e (neuf kilom\u00e8tres, 500 D+) dans les alpages au dessus de Montriond, avec des vues splendides sur les vall\u00e9es alentours.<\/li>\n<li>Pique-nique en montagne avec pause sieste, m\u00e9ditation.<\/li>\n<li>Retour au chalet en milieu d&rsquo;apr\u00e8s-midi, temps libre<\/li>\n<li>D\u00eener<\/li>\n<li>S\u00e9ance de yoga nidra, le yoga du sommeil avec m\u00e9ditation guid\u00e9e.<\/li>\n<\/ul>\n<p class=\"subtitle\"><strong>\u2705<\/strong> <strong>Jour 3 :<\/strong><\/p>\n<ul>\n<li>R\u00e9veil musculaire sur la terrasse avant le petit-d\u00e9jeuner, pour ceux qui le souhaitent, puis c&rsquo;est journ\u00e9e quartier libre.<\/li>\n<li>C&rsquo;est le moment de partir explorer Morzine et les alentours, se baigner au lac, ou envisager une des nombreuses activit\u00e9s disponibles dans le coin : le parapente a la cote !<\/li>\n<li>Vous pouvez aussi choisir de rester vous reposer au chalet, et profiter du jacuzzi et du sauna. <strong>En option<\/strong> : ils pourraient faire venir une masseuse directement au chalet !<\/li>\n<li>Le d\u00e9jeuner n&rsquo;est pas inclus, pour que chacun puisse d\u00e9jeuner o\u00f9 il le souhaite en fonction de ses activit\u00e9s<\/li>\n<li>Retour au chalet en fin d&rsquo;apr\u00e8s-midi, s\u00e9ance de yin yoga et jacuzzi.<\/li>\n<li>D\u00eener savoyard.<\/li>\n<\/ul>\n<p class=\"subtitle\"><strong>\u2705 Jour 4 :<\/strong><\/p>\n<ul>\n<li>R\u00e9veil, petite collation optionnelle puis direction le lac de Montriond<\/li>\n<li>Cours de yoga vinyasa face au lac<\/li>\n<li>Petit-d\u00e9jeuner au bord du lac<\/li>\n<li>S\u00e9ance de stand-up paddle<\/li>\n<li>Apr\u00e8s midi farniente, au lac ou \u00e0 Morzine, et atelier huiles essentielles de l&rsquo;\u00e9t\u00e9 pour les int\u00e9ress\u00e9s<\/li>\n<li>Au soir, yoga doux (yin ou nidra) et d\u00eener au chalet<\/li>\n<\/ul>\n<p class=\"subtitle\"><strong>\u2705 Jour 5 :<\/strong><\/p>\n<ul>\n<li>Petit-d\u00e9jeuner<\/li>\n<li>S\u00e9ance de yoga court pour r\u00e9veiller le corps<\/li>\n<li>Randonn\u00e9e (six kilom\u00e8tres, 300 m\u00e8tres D+) avec vue sur le Mont Blanc.<\/li>\n<li>D\u00e9jeuner dans petit restaurant d&rsquo;alpage (n&rsquo;est pas inclus dans le prix)<\/li>\n<li>Retour au chalet dans l&rsquo;apr\u00e8s-midi et petit temps libre<\/li>\n<li>S\u00e9ance de yoga du soir : une s\u00e9ance de yin viendra cl\u00f4turer la journ\u00e9e.<\/li>\n<li>D\u00eener<\/li>\n<\/ul>\n<p class=\"subtitle\"><strong>\u2705 Jour 6 :<\/strong><\/p>\n<ul>\n<li>R\u00e9veil et s\u00e9ance de yoga<\/li>\n<li>Brunch<\/li>\n<li>Cercle de cl\u00f4ture.<\/li>\n<\/ul>\n<p>L&rsquo;Escape se termine apr\u00e8s le brunch, et chacun est libre de repartir quand il le souhaite dans l&rsquo;apr\u00e8s-midi.<\/p>\n<p>Le programme est donn\u00e9 \u00e0 titre indicatif. Certaines activit\u00e9s pourront \u00eatre interverties ou remplac\u00e9es, en cas de mauvaise m\u00e9t\u00e9o par exemple.<\/p>\n","protected":false},"excerpt":{"rendered":"<p><strong style=\"font-size: 22px;\">Une retraite de Yoga, Randonn\u00e9 &amp; Bien-\u00eatre \ud83d\udccd\u00e0 Morzine en Haute-Savoie<\/strong><\/p>\n<p>Avec cette retraite, Lauriane, professeur de Yoga, vous accueillent et vous proposent un s\u00e9jour ressour\u00e7ant et d\u00e9paysant \u00e0 la montagne \ud83d\uddfb.<\/p>\n<div class=\"listing-overview__introduction\" data-attr=\"lp-introduction-text\">\n<p>\u2728\u00a0 Au programme diff\u00e9rents cours de yoga (Hatha, Yin, Nidra) face aux montagnes, randonn\u00e9es et bien-\u00eatre, spa \u00e0 volont\u00e9 et \u00e9picurisme, dans le cadre exceptionnel de la Haute-Savoie.<\/p>\n<\/div>\n<div class=\"listing-description-container\">\n<p>\ud83c\udfd8\ufe0f Vous serez log\u00e9 dans un chalet tout en bois \u00e0 la d\u00e9coration typique des Alpes, de quoi prendre un grand bol d&rsquo;air pur.<\/p>\n<p>\u2600\ufe0f Profitez d&rsquo;un cadre magnifique dans les Alpes fran\u00e7aises \u00e0 Morzine, une station-village savoyarde proche du lac de Montriond connu pour ses eaux turquoises et ses magnifiques sentiers de randonn\u00e9e. Sans oublier, l&rsquo;acc\u00e8s au jacuzzi et au saune du chalet.<\/p>\n<\/div>\n<p><strong>\ud83d\udcc5\u00a0 Date :<\/strong>\u00a0 S\u00e9jour disponible de Juillet 2023 \u00e0 Ao\u00fbt 2023<\/p>\n<p><strong> \ud83d\udfe1 S\u00e9jour \u00e0 partir de 890 euros<\/strong><\/p>\n","protected":false},"featured_media":5828,"comment_status":"open","ping_status":"closed","template":"","meta":{"_mo_disable_npp":""},"product_brand":[],"product_cat":[47,120,105,43],"product_tag":[],"class_list":{"0":"post-5550","1":"product","2":"type-product","3":"status-publish","4":"has-post-thumbnail","6":"product_cat-retraite-6-jours-yoga","7":"product_cat-retraite-yoga","8":"product_cat-retraite-de-yoga-haute-savoie","9":"product_cat-retraite-yoga-france","11":"first","12":"instock","13":"taxable","14":"shipping-taxable","15":"product-type-external"},"yoast_head":"<!-- This site is optimized with the Yoast SEO plugin v26.8 - https:\/\/yoast.com\/product\/yoast-seo-wordpress\/ -->\n<title>Retraite Yoga, Randonn\u00e9 &amp; Bien-\u00eatre - 6 jours \/ 5 nuits \u00e0 Morzine en Haute-Savoie (Juillet - Ao\u00fbt 2023) - Meozen - Votre portail bien-\u00eatre<\/title>\n<meta name=\"description\" content=\"R\u00e9servez d\u00e8s maintenant votre Retraite Yoga, Randonn\u00e9 &amp; Bien-\u00eatre - 6 jours \/ 5 nuits \u00e0 Morzine en Haute-Savoie (Juillet - Ao\u00fbt 2023) avec Meozen. \u00c9vadez-vous du quotidien avec ce s\u00e9jour unique. Dur\u00e9e, conditions, prix... Cliquez pour d\u00e9couvrir !\" \/>\n<meta name=\"robots\" content=\"index, follow, max-snippet:-1, max-image-preview:large, max-video-preview:-1\" \/>\n<link rel=\"canonical\" href=\"https:\/\/meozen.com\/fr\/produit\/retraite-yoga-randonne-bien-etre-6-jours-5-nuits-morzine-haute-savoie-juillet-aout-2023\/\" \/>\n<meta property=\"og:locale\" content=\"fr_FR\" \/>\n<meta property=\"og:type\" content=\"article\" \/>\n<meta property=\"og:title\" content=\"Retraite Yoga, Randonn\u00e9 &amp; Bien-\u00eatre - 6 jours \/ 5 nuits \u00e0 Morzine en Haute-Savoie (Juillet - Ao\u00fbt 2023) - Meozen - Votre portail bien-\u00eatre\" \/>\n<meta property=\"og:description\" content=\"R\u00e9servez d\u00e8s maintenant votre Retraite Yoga, Randonn\u00e9 &amp; Bien-\u00eatre - 6 jours \/ 5 nuits \u00e0 Morzine en Haute-Savoie (Juillet - Ao\u00fbt 2023) avec Meozen. \u00c9vadez-vous du quotidien avec ce s\u00e9jour unique. Dur\u00e9e, conditions, prix... Cliquez pour d\u00e9couvrir !\" \/>\n<meta property=\"og:url\" content=\"https:\/\/meozen.com\/fr\/produit\/retraite-yoga-randonne-bien-etre-6-jours-5-nuits-morzine-haute-savoie-juillet-aout-2023\/\" \/>\n<meta property=\"og:site_name\" content=\"Meozen - Votre portail bien-\u00eatre\" \/>\n<meta property=\"article:publisher\" content=\"https:\/\/www.facebook.com\/MeozenFr\/\" \/>\n<meta property=\"article:modified_time\" content=\"2023-06-17T00:43:29+00:00\" \/>\n<meta property=\"og:image\" content=\"https:\/\/meozen.com\/fr\/wp-content\/uploads\/sites\/2\/2023\/05\/retraite-yoga-randonnee-morzine-haute-savoie-1.jpeg\" \/>\n\t<meta property=\"og:image:width\" content=\"653\" \/>\n\t<meta property=\"og:image:height\" content=\"490\" \/>\n\t<meta property=\"og:image:type\" content=\"image\/jpeg\" \/>\n<meta name=\"twitter:card\" content=\"summary_large_image\" \/>\n<meta name=\"twitter:label1\" content=\"Dur\u00e9e de lecture estim\u00e9e\" \/>\n\t<meta name=\"twitter:data1\" content=\"3 minutes\" \/>\n<script type=\"application\/ld+json\" class=\"yoast-schema-graph\">{\"@context\":\"https:\/\/schema.org\",\"@graph\":[{\"@type\":\"WebPage\",\"@id\":\"https:\/\/meozen.com\/fr\/produit\/retraite-yoga-randonne-bien-etre-6-jours-5-nuits-morzine-haute-savoie-juillet-aout-2023\/\",\"url\":\"https:\/\/meozen.com\/fr\/produit\/retraite-yoga-randonne-bien-etre-6-jours-5-nuits-morzine-haute-savoie-juillet-aout-2023\/\",\"name\":\"Retraite Yoga, Randonn\u00e9 & Bien-\u00eatre - 6 jours \/ 5 nuits \u00e0 Morzine en Haute-Savoie (Juillet - Ao\u00fbt 2023) - Meozen - Votre portail bien-\u00eatre\",\"isPartOf\":{\"@id\":\"https:\/\/meozen.com\/fr\/#website\"},\"primaryImageOfPage\":{\"@id\":\"https:\/\/meozen.com\/fr\/produit\/retraite-yoga-randonne-bien-etre-6-jours-5-nuits-morzine-haute-savoie-juillet-aout-2023\/#primaryimage\"},\"image\":{\"@id\":\"https:\/\/meozen.com\/fr\/produit\/retraite-yoga-randonne-bien-etre-6-jours-5-nuits-morzine-haute-savoie-juillet-aout-2023\/#primaryimage\"},\"thumbnailUrl\":\"https:\/\/meozen.com\/fr\/wp-content\/uploads\/sites\/2\/2023\/05\/retraite-yoga-randonnee-morzine-haute-savoie-1.jpeg\",\"datePublished\":\"2023-05-26T13:27:35+00:00\",\"dateModified\":\"2023-06-17T00:43:29+00:00\",\"description\":\"R\u00e9servez d\u00e8s maintenant votre Retraite Yoga, Randonn\u00e9 & Bien-\u00eatre - 6 jours \/ 5 nuits \u00e0 Morzine en Haute-Savoie (Juillet - Ao\u00fbt 2023) avec Meozen. \u00c9vadez-vous du quotidien avec ce s\u00e9jour unique. Dur\u00e9e, conditions, prix... Cliquez pour d\u00e9couvrir !\",\"breadcrumb\":{\"@id\":\"https:\/\/meozen.com\/fr\/produit\/retraite-yoga-randonne-bien-etre-6-jours-5-nuits-morzine-haute-savoie-juillet-aout-2023\/#breadcrumb\"},\"inLanguage\":\"fr-FR\",\"potentialAction\":[{\"@type\":\"ReadAction\",\"target\":[\"https:\/\/meozen.com\/fr\/produit\/retraite-yoga-randonne-bien-etre-6-jours-5-nuits-morzine-haute-savoie-juillet-aout-2023\/\"]}]},{\"@type\":\"ImageObject\",\"inLanguage\":\"fr-FR\",\"@id\":\"https:\/\/meozen.com\/fr\/produit\/retraite-yoga-randonne-bien-etre-6-jours-5-nuits-morzine-haute-savoie-juillet-aout-2023\/#primaryimage\",\"url\":\"https:\/\/meozen.com\/fr\/wp-content\/uploads\/sites\/2\/2023\/05\/retraite-yoga-randonnee-morzine-haute-savoie-1.jpeg\",\"contentUrl\":\"https:\/\/meozen.com\/fr\/wp-content\/uploads\/sites\/2\/2023\/05\/retraite-yoga-randonnee-morzine-haute-savoie-1.jpeg\",\"width\":653,\"height\":490},{\"@type\":\"BreadcrumbList\",\"@id\":\"https:\/\/meozen.com\/fr\/produit\/retraite-yoga-randonne-bien-etre-6-jours-5-nuits-morzine-haute-savoie-juillet-aout-2023\/#breadcrumb\",\"itemListElement\":[{\"@type\":\"ListItem\",\"position\":1,\"name\":\"Accueil\",\"item\":\"https:\/\/meozen.com\/fr\/\"},{\"@type\":\"ListItem\",\"position\":2,\"name\":\"Boutique\",\"item\":\"https:\/\/meozen.com\/fr\/boutique\/\"},{\"@type\":\"ListItem\",\"position\":3,\"name\":\"Retraite Yoga, Randonn\u00e9 &#038; Bien-\u00eatre &#8211; 6 jours \/ 5 nuits \u00e0 Morzine en Haute-Savoie (Juillet &#8211; Ao\u00fbt 2023)\"}]},{\"@type\":\"WebSite\",\"@id\":\"https:\/\/meozen.com\/fr\/#website\",\"url\":\"https:\/\/meozen.com\/fr\/\",\"name\":\"Meozen - Votre portail bien-\u00eatre\",\"description\":\"D\u00e9couvrez tout l&#039;univers du bien-\u00eatre, yoga, m\u00e9ditation, trouvez les meilleures retraites et formations bien-\u00eatre\",\"publisher\":{\"@id\":\"https:\/\/meozen.com\/fr\/#organization\"},\"potentialAction\":[{\"@type\":\"SearchAction\",\"target\":{\"@type\":\"EntryPoint\",\"urlTemplate\":\"https:\/\/meozen.com\/fr\/?s={search_term_string}\"},\"query-input\":{\"@type\":\"PropertyValueSpecification\",\"valueRequired\":true,\"valueName\":\"search_term_string\"}}],\"inLanguage\":\"fr-FR\"},{\"@type\":\"Organization\",\"@id\":\"https:\/\/meozen.com\/fr\/#organization\",\"name\":\"Meozen\",\"url\":\"https:\/\/meozen.com\/fr\/\",\"logo\":{\"@type\":\"ImageObject\",\"inLanguage\":\"fr-FR\",\"@id\":\"https:\/\/meozen.com\/fr\/#\/schema\/logo\/image\/\",\"url\":\"https:\/\/meozen.com\/fr\/wp-content\/uploads\/sites\/2\/2021\/06\/logo-meozen-push.jpg\",\"contentUrl\":\"https:\/\/meozen.com\/fr\/wp-content\/uploads\/sites\/2\/2021\/06\/logo-meozen-push.jpg\",\"width\":384,\"height\":384,\"caption\":\"Meozen\"},\"image\":{\"@id\":\"https:\/\/meozen.com\/fr\/#\/schema\/logo\/image\/\"},\"sameAs\":[\"https:\/\/www.facebook.com\/MeozenFr\/\",\"https:\/\/www.pinterest.fr\/meozen_officiel\/\",\"https:\/\/www.instagram.com\/meozen_officiel\/\"]}]}<\/script>\n<!-- \/ Yoast SEO plugin. -->","yoast_head_json":{"title":"Retraite Yoga, Randonn\u00e9 & Bien-\u00eatre - 6 jours \/ 5 nuits \u00e0 Morzine en Haute-Savoie (Juillet - Ao\u00fbt 2023) - Meozen - Votre portail bien-\u00eatre","description":"R\u00e9servez d\u00e8s maintenant votre Retraite Yoga, Randonn\u00e9 & Bien-\u00eatre - 6 jours \/ 5 nuits \u00e0 Morzine en Haute-Savoie (Juillet - Ao\u00fbt 2023) avec Meozen. \u00c9vadez-vous du quotidien avec ce s\u00e9jour unique. Dur\u00e9e, conditions, prix... Cliquez pour d\u00e9couvrir !","robots":{"index":"index","follow":"follow","max-snippet":"max-snippet:-1","max-image-preview":"max-image-preview:large","max-video-preview":"max-video-preview:-1"},"canonical":"https:\/\/meozen.com\/fr\/produit\/retraite-yoga-randonne-bien-etre-6-jours-5-nuits-morzine-haute-savoie-juillet-aout-2023\/","og_locale":"fr_FR","og_type":"article","og_title":"Retraite Yoga, Randonn\u00e9 & Bien-\u00eatre - 6 jours \/ 5 nuits \u00e0 Morzine en Haute-Savoie (Juillet - Ao\u00fbt 2023) - Meozen - Votre portail bien-\u00eatre","og_description":"R\u00e9servez d\u00e8s maintenant votre Retraite Yoga, Randonn\u00e9 & Bien-\u00eatre - 6 jours \/ 5 nuits \u00e0 Morzine en Haute-Savoie (Juillet - Ao\u00fbt 2023) avec Meozen. \u00c9vadez-vous du quotidien avec ce s\u00e9jour unique. Dur\u00e9e, conditions, prix... Cliquez pour d\u00e9couvrir !","og_url":"https:\/\/meozen.com\/fr\/produit\/retraite-yoga-randonne-bien-etre-6-jours-5-nuits-morzine-haute-savoie-juillet-aout-2023\/","og_site_name":"Meozen - Votre portail bien-\u00eatre","article_publisher":"https:\/\/www.facebook.com\/MeozenFr\/","article_modified_time":"2023-06-17T00:43:29+00:00","og_image":[{"width":653,"height":490,"url":"https:\/\/meozen.com\/fr\/wp-content\/uploads\/sites\/2\/2023\/05\/retraite-yoga-randonnee-morzine-haute-savoie-1.jpeg","type":"image\/jpeg"}],"twitter_card":"summary_large_image","twitter_misc":{"Dur\u00e9e de lecture estim\u00e9e":"3 minutes"},"schema":{"@context":"https:\/\/schema.org","@graph":[{"@type":"WebPage","@id":"https:\/\/meozen.com\/fr\/produit\/retraite-yoga-randonne-bien-etre-6-jours-5-nuits-morzine-haute-savoie-juillet-aout-2023\/","url":"https:\/\/meozen.com\/fr\/produit\/retraite-yoga-randonne-bien-etre-6-jours-5-nuits-morzine-haute-savoie-juillet-aout-2023\/","name":"Retraite Yoga, Randonn\u00e9 & Bien-\u00eatre - 6 jours \/ 5 nuits \u00e0 Morzine en Haute-Savoie (Juillet - Ao\u00fbt 2023) - Meozen - Votre portail bien-\u00eatre","isPartOf":{"@id":"https:\/\/meozen.com\/fr\/#website"},"primaryImageOfPage":{"@id":"https:\/\/meozen.com\/fr\/produit\/retraite-yoga-randonne-bien-etre-6-jours-5-nuits-morzine-haute-savoie-juillet-aout-2023\/#primaryimage"},"image":{"@id":"https:\/\/meozen.com\/fr\/produit\/retraite-yoga-randonne-bien-etre-6-jours-5-nuits-morzine-haute-savoie-juillet-aout-2023\/#primaryimage"},"thumbnailUrl":"https:\/\/meozen.com\/fr\/wp-content\/uploads\/sites\/2\/2023\/05\/retraite-yoga-randonnee-morzine-haute-savoie-1.jpeg","datePublished":"2023-05-26T13:27:35+00:00","dateModified":"2023-06-17T00:43:29+00:00","description":"R\u00e9servez d\u00e8s maintenant votre Retraite Yoga, Randonn\u00e9 & Bien-\u00eatre - 6 jours \/ 5 nuits \u00e0 Morzine en Haute-Savoie (Juillet - Ao\u00fbt 2023) avec Meozen. \u00c9vadez-vous du quotidien avec ce s\u00e9jour unique. Dur\u00e9e, conditions, prix... Cliquez pour d\u00e9couvrir !","breadcrumb":{"@id":"https:\/\/meozen.com\/fr\/produit\/retraite-yoga-randonne-bien-etre-6-jours-5-nuits-morzine-haute-savoie-juillet-aout-2023\/#breadcrumb"},"inLanguage":"fr-FR","potentialAction":[{"@type":"ReadAction","target":["https:\/\/meozen.com\/fr\/produit\/retraite-yoga-randonne-bien-etre-6-jours-5-nuits-morzine-haute-savoie-juillet-aout-2023\/"]}]},{"@type":"ImageObject","inLanguage":"fr-FR","@id":"https:\/\/meozen.com\/fr\/produit\/retraite-yoga-randonne-bien-etre-6-jours-5-nuits-morzine-haute-savoie-juillet-aout-2023\/#primaryimage","url":"https:\/\/meozen.com\/fr\/wp-content\/uploads\/sites\/2\/2023\/05\/retraite-yoga-randonnee-morzine-haute-savoie-1.jpeg","contentUrl":"https:\/\/meozen.com\/fr\/wp-content\/uploads\/sites\/2\/2023\/05\/retraite-yoga-randonnee-morzine-haute-savoie-1.jpeg","width":653,"height":490},{"@type":"BreadcrumbList","@id":"https:\/\/meozen.com\/fr\/produit\/retraite-yoga-randonne-bien-etre-6-jours-5-nuits-morzine-haute-savoie-juillet-aout-2023\/#breadcrumb","itemListElement":[{"@type":"ListItem","position":1,"name":"Accueil","item":"https:\/\/meozen.com\/fr\/"},{"@type":"ListItem","position":2,"name":"Boutique","item":"https:\/\/meozen.com\/fr\/boutique\/"},{"@type":"ListItem","position":3,"name":"Retraite Yoga, Randonn\u00e9 &#038; Bien-\u00eatre &#8211; 6 jours \/ 5 nuits \u00e0 Morzine en Haute-Savoie (Juillet &#8211; Ao\u00fbt 2023)"}]},{"@type":"WebSite","@id":"https:\/\/meozen.com\/fr\/#website","url":"https:\/\/meozen.com\/fr\/","name":"Meozen - Votre portail bien-\u00eatre","description":"D\u00e9couvrez tout l&#039;univers du bien-\u00eatre, yoga, m\u00e9ditation, trouvez les meilleures retraites et formations bien-\u00eatre","publisher":{"@id":"https:\/\/meozen.com\/fr\/#organization"},"potentialAction":[{"@type":"SearchAction","target":{"@type":"EntryPoint","urlTemplate":"https:\/\/meozen.com\/fr\/?s={search_term_string}"},"query-input":{"@type":"PropertyValueSpecification","valueRequired":true,"valueName":"search_term_string"}}],"inLanguage":"fr-FR"},{"@type":"Organization","@id":"https:\/\/meozen.com\/fr\/#organization","name":"Meozen","url":"https:\/\/meozen.com\/fr\/","logo":{"@type":"ImageObject","inLanguage":"fr-FR","@id":"https:\/\/meozen.com\/fr\/#\/schema\/logo\/image\/","url":"https:\/\/meozen.com\/fr\/wp-content\/uploads\/sites\/2\/2021\/06\/logo-meozen-push.jpg","contentUrl":"https:\/\/meozen.com\/fr\/wp-content\/uploads\/sites\/2\/2021\/06\/logo-meozen-push.jpg","width":384,"height":384,"caption":"Meozen"},"image":{"@id":"https:\/\/meozen.com\/fr\/#\/schema\/logo\/image\/"},"sameAs":["https:\/\/www.facebook.com\/MeozenFr\/","https:\/\/www.pinterest.fr\/meozen_officiel\/","https:\/\/www.instagram.com\/meozen_officiel\/"]}]}},"_links":{"self":[{"href":"https:\/\/meozen.com\/fr\/wp-json\/wp\/v2\/product\/5550","targetHints":{"allow":["GET"]}}],"collection":[{"href":"https:\/\/meozen.com\/fr\/wp-json\/wp\/v2\/product"}],"about":[{"href":"https:\/\/meozen.com\/fr\/wp-json\/wp\/v2\/types\/product"}],"replies":[{"embeddable":true,"href":"https:\/\/meozen.com\/fr\/wp-json\/wp\/v2\/comments?post=5550"}],"wp:featuredmedia":[{"embeddable":true,"href":"https:\/\/meozen.com\/fr\/wp-json\/wp\/v2\/media\/5828"}],"wp:attachment":[{"href":"https:\/\/meozen.com\/fr\/wp-json\/wp\/v2\/media?parent=5550"}],"wp:term":[{"taxonomy":"product_brand","embeddable":true,"href":"https:\/\/meozen.com\/fr\/wp-json\/wp\/v2\/product_brand?post=5550"},{"taxonomy":"product_cat","embeddable":true,"href":"https:\/\/meozen.com\/fr\/wp-json\/wp\/v2\/product_cat?post=5550"},{"taxonomy":"product_tag","embeddable":true,"href":"https:\/\/meozen.com\/fr\/wp-json\/wp\/v2\/product_tag?post=5550"}],"curies":[{"name":"wp","href":"https:\/\/api.w.org\/{rel}","templated":true}]}}