{"id":5676,"date":"2023-06-05T14:50:54","date_gmt":"2023-06-05T12:50:54","guid":{"rendered":"https:\/\/meozen.com\/fr\/?post_type=product&#038;p=5676"},"modified":"2023-06-30T15:34:46","modified_gmt":"2023-06-30T13:34:46","slug":"retraite-trek-yoga-relaxation-meditation-pranayamas-8-jours-7-nuits-dans-le-desert-marocain-janvier-2024","status":"publish","type":"product","link":"https:\/\/meozen.com\/fr\/produit\/retraite-trek-yoga-relaxation-meditation-pranayamas-8-jours-7-nuits-dans-le-desert-marocain-janvier-2024\/","title":{"rendered":"Retraite Trek, Yoga, Relaxation, M\u00e9ditation, Pranayamas &#8211; 8 jours \/ 7 nuits dans le D\u00e9sert Marocain (Du 13 au 20 Janvier 2024)"},"content":{"rendered":"<ul>\n<li><span style=\"font-weight: 400\">Programme adapt\u00e9 \u00e0 tout le monde. <\/span>Les conditions pour participer a\u0300 ce week-end demandent de pouvoir marcher pendant 6 heures en terrain varie\u0301.<\/li>\n<li><span style=\"font-weight: 400\">Inclus le petit d\u00e9jeuner, repas de midi et du soir (v\u00e9g\u00e9tarien) sauf le repas du jour 4 lors de l&rsquo;excursion.\u00a0\u00a0<\/span><\/li>\n<li><span style=\"font-weight: 400\">Chambres priv\u00e9es disponibles (draps et serviettes non-fournis)<\/span><\/li>\n<\/ul>\n<p>&nbsp;<\/p>\n<p><b>\ud83d\uddd3\ufe0f Programme d\u00e9taill\u00e9 :<\/b><\/p>\n<div class=\"page\" title=\"Page 1\">\n<div class=\"layoutArea\">\n<div class=\"column\">\n<p><strong>\u2705 Jour 1 :<\/strong> Arrive\u0301e a\u0300 Marrakech ou Ouarzazate et nuit a\u0300 l\u2019ho\u0302tel<\/p>\n<ul>\n<li>D\u00eener \u00e0 l&rsquo;h\u00f4tel.\n<ul>\n<li>Marrakech le repas : 20 \u20ac (menu v\u00e9g\u00e9tarien possible)<\/li>\n<li>Ouarzazate le repas : 15 \u20ac<\/li>\n<\/ul>\n<\/li>\n<\/ul>\n<p><strong>\u2705 Jour 2 :<\/strong> MARRAKECH OU OUARZAZATE &#8211; MHAMID<\/p>\n<ul>\n<li>Petit de\u0301jeuner et transfert de Marrakech ou Ouarzazate vers M\u2019hamid en minibus ou grand taxi a\u0300 08:30 le matin. Vous traverserez les montagnes de L\u2019atlas par le Tizi-n-Tichka, puis la magnifique valle\u0301e du Dra\u0302a one appele\u0301e aussi la valle\u0301e de mille kasbah, ses ksours et ses kasbahs, que vous suivrez jusqu\u2019a\u0300 M\u2019hamid.<\/li>\n<li>Repas au restaurant sur la route<\/li>\n<li>Depuis Mhamid, de\u0301part pour le bivouac dans le de\u0301sert (30 minutes de marche). Rencontre avec l\u2019e\u0301quipe des chameliers.<\/li>\n<li>Di\u0302ner et relaxation<\/li>\n<li>Premie\u0300re nuit a\u0300 la belle e\u0301toile ou sous tente dans le de\u0301sert<\/li>\n<\/ul>\n<p><strong>\u2705 Jour 3 :<\/strong> SIDI NAJI<\/p>\n<ul>\n<li>08h &#8211; 9h15 : Cours de yoga<\/li>\n<li>09:15 : Petit de\u0301jeuner. De\u0301but du trek direction Sidi Naji. Le de\u0301sert nous tend les bras : ergs et regs se succe\u0300dent au milieu des tamaris.<\/li>\n<li>13h30 : Installation du bivouac et de\u0301jeuner aux milieu des dunes.<\/li>\n<li>16h30 : Cours de yoga<\/li>\n<li>19h30 : Di\u0302ner autour du feu<\/li>\n<li>Nuit dans les dunes a\u0300 la belle e\u0301toile ou sous la tente.<\/li>\n<\/ul>\n<\/div>\n<\/div>\n<\/div>\n<div class=\"page\" title=\"Page 2\">\n<div class=\"layoutArea\">\n<div class=\"column\">\n<p><strong>\u2705 Jour 4 :<\/strong> SIDI NAJI \u2013 ERG ZAHAR<\/p>\n<ul>\n<li>08h &#8211; 9h15 : cours de yoga<\/li>\n<li>9h15 Petit de\u0301jeuner. La caravane poursuit son chemin a\u0300 travers le de\u0301sert de sable jusqu\u2019aux grandes dunes de l\u2019Erg Zahar : La Dune Hurlante.<\/li>\n<li>13h30 : Arrive\u0301e au bivouac et de\u0301jeuner<\/li>\n<li>16h30 : Cours de yoga puis ascension de la plus grande dune ou\u0300 un paysage majestueux vous attend et d\u2019ou\u0300 vous pourrez admirer le coucher du soleil.<\/li>\n<li>19h30 : Di\u0302ner autour du feu<\/li>\n<li>20h45 : Soire\u0301e chant avec les nomades<\/li>\n<\/ul>\n<p><strong>\u2705 JOUR 5 :<\/strong> ERG ZAHAR \u2013 ERG AAIT OUNNIRE<\/p>\n<ul>\n<li>08h &#8211; 9h15 : cours de yoga<\/li>\n<li>9h15 : Petit de\u0301jeuner. Apre\u0300s le petit de\u0301jeuner, de\u0301part de la caravane vers un puits ou les dromadaires pourront s\u2019abreuver puis nous traverserons la Valle\u0301e du Draa aujourd\u2019hui comple\u0300tement asse\u0301che\u0301e. Ce sont des paysages diffe\u0301rents.<\/li>\n<li>13h30 : Arrive\u0301e au bivouac et de\u0301jeuner dans les dunes a\u0300 l\u2019ombre d\u2019un tamaris<\/li>\n<li>16h30 : Cours de yoga<\/li>\n<li>19h30 : Di\u0302ner<\/li>\n<li>Nuit a\u0300 la belle e\u0301toile ou sous la tente<\/li>\n<\/ul>\n<p><strong>\u2705 Jour 6 :<\/strong> ERG AIT OUNNIRE \u2013 DUNES DE DOUIBE<\/p>\n<ul>\n<li>08h &#8211; 9h15 : cours de yoga<\/li>\n<li>9h15 : Petit de\u0301jeuner. On profite toute la matine\u0301e du paysage qu\u2019offre dunes et tamaris dans la Valle\u0301e du Draa, avant de s\u2019arre\u0302ter pour de\u0301jeuner sous les grands tamaris.<\/li>\n<li>De\u0301part de la caravane avec marche de pleine conscience<\/li>\n<li>13h30 : Arrive\u0301e au bivouac et de\u0301jeuner<\/li>\n<li>16h30 : Yoga<\/li>\n<li>19h30 : Di\u0302ner autour du feu<\/li>\n<\/ul>\n<p><strong>\u2705 Jour 7 :<\/strong> DUNES DE DOUIBE &#8211; MHAMID<\/p>\n<ul>\n<li>08h &#8211; 9h15 : cours de yoga<\/li>\n<li>9h15 : Petit de\u0301jeuner.<\/li>\n<li>10h30 : \u00c9tape a\u0300 travers de petites dunes. En fin d\u2019apre\u0300s-midi, arrive\u0301e au bivouac fixe tre\u0300s confortable dans le de\u0301sert a\u0300 2 pas de Mhamid. Repos et douche.<\/li>\n<li>19h30 : Dernier di\u0302ner<\/li>\n<li>21h Moment de partages sur cette magnifique expe\u0301rience<\/li>\n<\/ul>\n<\/div>\n<\/div>\n<\/div>\n<div class=\"page\" title=\"Page 3\">\n<div class=\"layoutArea\">\n<div class=\"column\">\n<p><strong>\u2705 Jour 8 :<\/strong> M\u2019HAMID \u2013 MARRAKECH<\/p>\n<\/div>\n<\/div>\n<div class=\"layoutArea\">\n<div class=\"column\">\n<p>Apre\u0300s le petit de\u0301jeuner : transfert vers Marrakech avec vol direct ou nuit a\u0300 l\u2019ho\u0302tel en fonction de l\u2019horaire de votre vol.<\/p>\n<\/div>\n<\/div>\n<\/div>\n","protected":false},"excerpt":{"rendered":"<p><strong style=\"font-size: 22px\">Une Retraite de Trek, Yoga, Relaxation, M\u00e9ditation &amp; Pranayamas <strong>\ud83d\udccd<\/strong>au Maroc.<\/strong><\/p>\n<p>\u00c9vadez-vous dans le d\u00e9sert marocain avec cette retraite Trek &amp; Yoga anim\u00e9e par Anita, Professeur de Hatha Yoga et Th\u00e9rapeute en Ayurveda.\u00a0Une expe\u0301rience inoubliable vous attend dans le Sahara ! \u2728 Ceux qui l\u2019ont ve\u0301cu disent qu\u2019il y a un avant et un apre\u0300s.<\/p>\n<p class=\"p1\">\u2600\ufe0f Profitez de la beaut\u00e9 des paysages, de la magie du lieu afin de vivre une exp\u00e9rience unique et une introspection pour retrouver le chemin du coeur et de l\u2019a\u0302me avec beaucoup de bienveillance.<\/p>\n<p><strong>\ud83d\udcc5 Dates de s\u00e9jour :<\/strong><\/p>\n<ul>\n<li>Du 13 janvier au 20 janvier 2024<\/li>\n<\/ul>\n<p><strong> \ud83d\udfe1 Tarif du s\u00e9jour : <\/strong><\/p>\n<ul>\n<li>1006 euros depuis Marrakech<\/li>\n<li>930 euros depuis Ouarzazate<\/li>\n<\/ul>\n<div class=\"page\" title=\"Page 2\">\n<div class=\"layoutArea\">\n<div class=\"column\">\n<div class=\"page\" title=\"Page 3\">\n<div class=\"layoutArea\">\n<div class=\"column\">\n<p>\u2705<strong> Le tarif comprend :<\/strong><\/p>\n<ul>\n<li>Les repas, nuit\u00e9es, et l\u2019accompagnement par les nomades et les dromadaires<\/li>\n<li>Les cours de yoga et l\u2019accompagnement par Anita<\/li>\n<li>Le taxi depuis l\u2019a\u00e9roport jusqu\u2019\u00e0 Mhamid A\/R<\/li>\n<li>Le d\u00eener, la nuit\u00e9e et petit-d\u00e9jeuner \u00e0 l\u2019h\u00f4tel en chambre partag\u00e9e le Jour 1 (\u00e0 l&rsquo;h\u00f4tel Manara et Spa de Marrakech, il est possible de r\u00e9server un massage ou un gommage traditionnel au savon noir)<\/li>\n<li>Le repas sur la route (hors boissons) \u00e0 l\u2019aller<\/li>\n<li>Le transfert depuis l\u2019a\u00e9roport vers l\u2019h\u00f4tel pour le J1 (si arriv\u00e9e group\u00e9e)<\/li>\n<\/ul>\n<p><strong>\u274c Le tarif ne comprend pas :<\/strong><\/p>\n<\/div>\n<\/div>\n<\/div>\n<div class=\"page\" title=\"Page 2\">\n<div class=\"layoutArea\">\n<div class=\"column\">\n<ul>\n<li>Le vol France &#8211; Maroc<\/li>\n<li>Le di\u0302ner et nuite\u0301e a\u0300 l\u2019ho\u0302tel en cas de vol le J9<\/li>\n<li>Le pourboire pour les nomades<\/li>\n<li>Supple\u0301ment taxi + 20 \u20ac en cas d\u2019arrive\u0301e isole\u0301e<\/li>\n<li>Supple\u0301ment chambre single J1 (+ 30 \u20ac pour Marrakech ou + 15 \u20ac pour Ouarzazate)<\/li>\n<\/ul>\n<\/div>\n<\/div>\n<\/div>\n<\/div>\n<\/div>\n<\/div>\n","protected":false},"featured_media":5532,"comment_status":"open","ping_status":"closed","template":"","meta":{"_mo_disable_npp":""},"product_brand":[],"product_cat":[48,107],"product_tag":[114],"class_list":{"0":"post-5676","1":"product","2":"type-product","3":"status-publish","4":"has-post-thumbnail","6":"product_cat-retraite-8-jours-yoga","7":"product_cat-retraite-yoga-maroc","8":"product_tag-doublon","10":"first","11":"instock","12":"taxable","13":"shipping-taxable","14":"product-type-external"},"yoast_head":"<!-- This site is optimized with the Yoast SEO plugin v26.8 - https:\/\/yoast.com\/product\/yoast-seo-wordpress\/ -->\n<title>Retraite Yoga, M\u00e9ditation, Voyage Sonore &amp; Randonn\u00e9e - 4 jours \/ 3 nuits dans le Tarne (Mars 2023)<\/title>\n<meta name=\"description\" content=\"R\u00e9servez d\u00e8s maintenant votre Retraite Trek, Yoga, Relaxation, M\u00e9ditation, Pranayamas - 8 jours \/ 7 nuits dans le D\u00e9sert Marocain (Du 13 au 20 Janvier 2024) avec Meozen. \u00c9vadez-vous du quotidien avec ce s\u00e9jour unique. Dur\u00e9e, conditions, prix... Cliquez pour d\u00e9couvrir !\" \/>\n<meta name=\"robots\" content=\"index, follow, max-snippet:-1, max-image-preview:large, max-video-preview:-1\" \/>\n<link rel=\"canonical\" href=\"https:\/\/meozen.com\/fr\/produit\/retraite-trek-yoga-relaxation-meditation-pranayamas-8-jours-7-nuits-dans-le-desert-marocain-janvier-2024\/\" \/>\n<meta property=\"og:locale\" content=\"fr_FR\" \/>\n<meta property=\"og:type\" content=\"article\" \/>\n<meta property=\"og:title\" content=\"Retraite Yoga, M\u00e9ditation, Voyage Sonore &amp; Randonn\u00e9e - 4 jours \/ 3 nuits dans le Tarne (Mars 2023)\" \/>\n<meta property=\"og:description\" content=\"R\u00e9servez d\u00e8s maintenant votre Retraite Trek, Yoga, Relaxation, M\u00e9ditation, Pranayamas - 8 jours \/ 7 nuits dans le D\u00e9sert Marocain (Du 13 au 20 Janvier 2024) avec Meozen. \u00c9vadez-vous du quotidien avec ce s\u00e9jour unique. Dur\u00e9e, conditions, prix... Cliquez pour d\u00e9couvrir !\" \/>\n<meta property=\"og:url\" content=\"https:\/\/meozen.com\/fr\/produit\/retraite-trek-yoga-relaxation-meditation-pranayamas-8-jours-7-nuits-dans-le-desert-marocain-janvier-2024\/\" \/>\n<meta property=\"og:site_name\" content=\"Meozen - Votre portail bien-\u00eatre\" \/>\n<meta property=\"article:publisher\" content=\"https:\/\/www.facebook.com\/MeozenFr\/\" \/>\n<meta property=\"article:modified_time\" content=\"2023-06-30T13:34:46+00:00\" \/>\n<meta property=\"og:image\" content=\"https:\/\/meozen.com\/fr\/wp-content\/uploads\/sites\/2\/2023\/05\/Retraite-yoga-deser-maroc-1.jpg\" \/>\n\t<meta property=\"og:image:width\" content=\"720\" \/>\n\t<meta property=\"og:image:height\" content=\"480\" \/>\n\t<meta property=\"og:image:type\" content=\"image\/jpeg\" \/>\n<meta name=\"twitter:card\" content=\"summary_large_image\" \/>\n<meta name=\"twitter:label1\" content=\"Dur\u00e9e de lecture estim\u00e9e\" \/>\n\t<meta name=\"twitter:data1\" content=\"3 minutes\" \/>\n<script type=\"application\/ld+json\" class=\"yoast-schema-graph\">{\"@context\":\"https:\/\/schema.org\",\"@graph\":[{\"@type\":\"WebPage\",\"@id\":\"https:\/\/meozen.com\/fr\/produit\/retraite-trek-yoga-relaxation-meditation-pranayamas-8-jours-7-nuits-dans-le-desert-marocain-janvier-2024\/\",\"url\":\"https:\/\/meozen.com\/fr\/produit\/retraite-trek-yoga-relaxation-meditation-pranayamas-8-jours-7-nuits-dans-le-desert-marocain-janvier-2024\/\",\"name\":\"Retraite Yoga, M\u00e9ditation, Voyage Sonore & Randonn\u00e9e - 4 jours \/ 3 nuits dans le Tarne (Mars 2023)\",\"isPartOf\":{\"@id\":\"https:\/\/meozen.com\/fr\/#website\"},\"primaryImageOfPage\":{\"@id\":\"https:\/\/meozen.com\/fr\/produit\/retraite-trek-yoga-relaxation-meditation-pranayamas-8-jours-7-nuits-dans-le-desert-marocain-janvier-2024\/#primaryimage\"},\"image\":{\"@id\":\"https:\/\/meozen.com\/fr\/produit\/retraite-trek-yoga-relaxation-meditation-pranayamas-8-jours-7-nuits-dans-le-desert-marocain-janvier-2024\/#primaryimage\"},\"thumbnailUrl\":\"https:\/\/meozen.com\/fr\/wp-content\/uploads\/sites\/2\/2023\/05\/Retraite-yoga-deser-maroc-1.jpg\",\"datePublished\":\"2023-06-05T12:50:54+00:00\",\"dateModified\":\"2023-06-30T13:34:46+00:00\",\"description\":\"R\u00e9servez d\u00e8s maintenant votre Retraite Trek, Yoga, Relaxation, M\u00e9ditation, Pranayamas - 8 jours \/ 7 nuits dans le D\u00e9sert Marocain (Du 13 au 20 Janvier 2024) avec Meozen. \u00c9vadez-vous du quotidien avec ce s\u00e9jour unique. Dur\u00e9e, conditions, prix... Cliquez pour d\u00e9couvrir !\",\"breadcrumb\":{\"@id\":\"https:\/\/meozen.com\/fr\/produit\/retraite-trek-yoga-relaxation-meditation-pranayamas-8-jours-7-nuits-dans-le-desert-marocain-janvier-2024\/#breadcrumb\"},\"inLanguage\":\"fr-FR\",\"potentialAction\":[{\"@type\":\"ReadAction\",\"target\":[\"https:\/\/meozen.com\/fr\/produit\/retraite-trek-yoga-relaxation-meditation-pranayamas-8-jours-7-nuits-dans-le-desert-marocain-janvier-2024\/\"]}]},{\"@type\":\"ImageObject\",\"inLanguage\":\"fr-FR\",\"@id\":\"https:\/\/meozen.com\/fr\/produit\/retraite-trek-yoga-relaxation-meditation-pranayamas-8-jours-7-nuits-dans-le-desert-marocain-janvier-2024\/#primaryimage\",\"url\":\"https:\/\/meozen.com\/fr\/wp-content\/uploads\/sites\/2\/2023\/05\/Retraite-yoga-deser-maroc-1.jpg\",\"contentUrl\":\"https:\/\/meozen.com\/fr\/wp-content\/uploads\/sites\/2\/2023\/05\/Retraite-yoga-deser-maroc-1.jpg\",\"width\":720,\"height\":480},{\"@type\":\"BreadcrumbList\",\"@id\":\"https:\/\/meozen.com\/fr\/produit\/retraite-trek-yoga-relaxation-meditation-pranayamas-8-jours-7-nuits-dans-le-desert-marocain-janvier-2024\/#breadcrumb\",\"itemListElement\":[{\"@type\":\"ListItem\",\"position\":1,\"name\":\"Accueil\",\"item\":\"https:\/\/meozen.com\/fr\/\"},{\"@type\":\"ListItem\",\"position\":2,\"name\":\"Boutique\",\"item\":\"https:\/\/meozen.com\/fr\/boutique\/\"},{\"@type\":\"ListItem\",\"position\":3,\"name\":\"Retraite Trek, Yoga, Relaxation, M\u00e9ditation, Pranayamas &#8211; 8 jours \/ 7 nuits dans le D\u00e9sert Marocain (Du 13 au 20 Janvier 2024)\"}]},{\"@type\":\"WebSite\",\"@id\":\"https:\/\/meozen.com\/fr\/#website\",\"url\":\"https:\/\/meozen.com\/fr\/\",\"name\":\"Meozen - Votre portail bien-\u00eatre\",\"description\":\"D\u00e9couvrez tout l&#039;univers du bien-\u00eatre, yoga, m\u00e9ditation, trouvez les meilleures retraites et formations bien-\u00eatre\",\"publisher\":{\"@id\":\"https:\/\/meozen.com\/fr\/#organization\"},\"potentialAction\":[{\"@type\":\"SearchAction\",\"target\":{\"@type\":\"EntryPoint\",\"urlTemplate\":\"https:\/\/meozen.com\/fr\/?s={search_term_string}\"},\"query-input\":{\"@type\":\"PropertyValueSpecification\",\"valueRequired\":true,\"valueName\":\"search_term_string\"}}],\"inLanguage\":\"fr-FR\"},{\"@type\":\"Organization\",\"@id\":\"https:\/\/meozen.com\/fr\/#organization\",\"name\":\"Meozen\",\"url\":\"https:\/\/meozen.com\/fr\/\",\"logo\":{\"@type\":\"ImageObject\",\"inLanguage\":\"fr-FR\",\"@id\":\"https:\/\/meozen.com\/fr\/#\/schema\/logo\/image\/\",\"url\":\"https:\/\/meozen.com\/fr\/wp-content\/uploads\/sites\/2\/2021\/06\/logo-meozen-push.jpg\",\"contentUrl\":\"https:\/\/meozen.com\/fr\/wp-content\/uploads\/sites\/2\/2021\/06\/logo-meozen-push.jpg\",\"width\":384,\"height\":384,\"caption\":\"Meozen\"},\"image\":{\"@id\":\"https:\/\/meozen.com\/fr\/#\/schema\/logo\/image\/\"},\"sameAs\":[\"https:\/\/www.facebook.com\/MeozenFr\/\",\"https:\/\/www.pinterest.fr\/meozen_officiel\/\",\"https:\/\/www.instagram.com\/meozen_officiel\/\"]}]}<\/script>\n<!-- \/ Yoast SEO plugin. -->","yoast_head_json":{"title":"Retraite Yoga, M\u00e9ditation, Voyage Sonore & Randonn\u00e9e - 4 jours \/ 3 nuits dans le Tarne (Mars 2023)","description":"R\u00e9servez d\u00e8s maintenant votre Retraite Trek, Yoga, Relaxation, M\u00e9ditation, Pranayamas - 8 jours \/ 7 nuits dans le D\u00e9sert Marocain (Du 13 au 20 Janvier 2024) avec Meozen. \u00c9vadez-vous du quotidien avec ce s\u00e9jour unique. Dur\u00e9e, conditions, prix... Cliquez pour d\u00e9couvrir !","robots":{"index":"index","follow":"follow","max-snippet":"max-snippet:-1","max-image-preview":"max-image-preview:large","max-video-preview":"max-video-preview:-1"},"canonical":"https:\/\/meozen.com\/fr\/produit\/retraite-trek-yoga-relaxation-meditation-pranayamas-8-jours-7-nuits-dans-le-desert-marocain-janvier-2024\/","og_locale":"fr_FR","og_type":"article","og_title":"Retraite Yoga, M\u00e9ditation, Voyage Sonore & Randonn\u00e9e - 4 jours \/ 3 nuits dans le Tarne (Mars 2023)","og_description":"R\u00e9servez d\u00e8s maintenant votre Retraite Trek, Yoga, Relaxation, M\u00e9ditation, Pranayamas - 8 jours \/ 7 nuits dans le D\u00e9sert Marocain (Du 13 au 20 Janvier 2024) avec Meozen. \u00c9vadez-vous du quotidien avec ce s\u00e9jour unique. Dur\u00e9e, conditions, prix... Cliquez pour d\u00e9couvrir !","og_url":"https:\/\/meozen.com\/fr\/produit\/retraite-trek-yoga-relaxation-meditation-pranayamas-8-jours-7-nuits-dans-le-desert-marocain-janvier-2024\/","og_site_name":"Meozen - Votre portail bien-\u00eatre","article_publisher":"https:\/\/www.facebook.com\/MeozenFr\/","article_modified_time":"2023-06-30T13:34:46+00:00","og_image":[{"width":720,"height":480,"url":"https:\/\/meozen.com\/fr\/wp-content\/uploads\/sites\/2\/2023\/05\/Retraite-yoga-deser-maroc-1.jpg","type":"image\/jpeg"}],"twitter_card":"summary_large_image","twitter_misc":{"Dur\u00e9e de lecture estim\u00e9e":"3 minutes"},"schema":{"@context":"https:\/\/schema.org","@graph":[{"@type":"WebPage","@id":"https:\/\/meozen.com\/fr\/produit\/retraite-trek-yoga-relaxation-meditation-pranayamas-8-jours-7-nuits-dans-le-desert-marocain-janvier-2024\/","url":"https:\/\/meozen.com\/fr\/produit\/retraite-trek-yoga-relaxation-meditation-pranayamas-8-jours-7-nuits-dans-le-desert-marocain-janvier-2024\/","name":"Retraite Yoga, M\u00e9ditation, Voyage Sonore & Randonn\u00e9e - 4 jours \/ 3 nuits dans le Tarne (Mars 2023)","isPartOf":{"@id":"https:\/\/meozen.com\/fr\/#website"},"primaryImageOfPage":{"@id":"https:\/\/meozen.com\/fr\/produit\/retraite-trek-yoga-relaxation-meditation-pranayamas-8-jours-7-nuits-dans-le-desert-marocain-janvier-2024\/#primaryimage"},"image":{"@id":"https:\/\/meozen.com\/fr\/produit\/retraite-trek-yoga-relaxation-meditation-pranayamas-8-jours-7-nuits-dans-le-desert-marocain-janvier-2024\/#primaryimage"},"thumbnailUrl":"https:\/\/meozen.com\/fr\/wp-content\/uploads\/sites\/2\/2023\/05\/Retraite-yoga-deser-maroc-1.jpg","datePublished":"2023-06-05T12:50:54+00:00","dateModified":"2023-06-30T13:34:46+00:00","description":"R\u00e9servez d\u00e8s maintenant votre Retraite Trek, Yoga, Relaxation, M\u00e9ditation, Pranayamas - 8 jours \/ 7 nuits dans le D\u00e9sert Marocain (Du 13 au 20 Janvier 2024) avec Meozen. \u00c9vadez-vous du quotidien avec ce s\u00e9jour unique. Dur\u00e9e, conditions, prix... Cliquez pour d\u00e9couvrir !","breadcrumb":{"@id":"https:\/\/meozen.com\/fr\/produit\/retraite-trek-yoga-relaxation-meditation-pranayamas-8-jours-7-nuits-dans-le-desert-marocain-janvier-2024\/#breadcrumb"},"inLanguage":"fr-FR","potentialAction":[{"@type":"ReadAction","target":["https:\/\/meozen.com\/fr\/produit\/retraite-trek-yoga-relaxation-meditation-pranayamas-8-jours-7-nuits-dans-le-desert-marocain-janvier-2024\/"]}]},{"@type":"ImageObject","inLanguage":"fr-FR","@id":"https:\/\/meozen.com\/fr\/produit\/retraite-trek-yoga-relaxation-meditation-pranayamas-8-jours-7-nuits-dans-le-desert-marocain-janvier-2024\/#primaryimage","url":"https:\/\/meozen.com\/fr\/wp-content\/uploads\/sites\/2\/2023\/05\/Retraite-yoga-deser-maroc-1.jpg","contentUrl":"https:\/\/meozen.com\/fr\/wp-content\/uploads\/sites\/2\/2023\/05\/Retraite-yoga-deser-maroc-1.jpg","width":720,"height":480},{"@type":"BreadcrumbList","@id":"https:\/\/meozen.com\/fr\/produit\/retraite-trek-yoga-relaxation-meditation-pranayamas-8-jours-7-nuits-dans-le-desert-marocain-janvier-2024\/#breadcrumb","itemListElement":[{"@type":"ListItem","position":1,"name":"Accueil","item":"https:\/\/meozen.com\/fr\/"},{"@type":"ListItem","position":2,"name":"Boutique","item":"https:\/\/meozen.com\/fr\/boutique\/"},{"@type":"ListItem","position":3,"name":"Retraite Trek, Yoga, Relaxation, M\u00e9ditation, Pranayamas &#8211; 8 jours \/ 7 nuits dans le D\u00e9sert Marocain (Du 13 au 20 Janvier 2024)"}]},{"@type":"WebSite","@id":"https:\/\/meozen.com\/fr\/#website","url":"https:\/\/meozen.com\/fr\/","name":"Meozen - Votre portail bien-\u00eatre","description":"D\u00e9couvrez tout l&#039;univers du bien-\u00eatre, yoga, m\u00e9ditation, trouvez les meilleures retraites et formations bien-\u00eatre","publisher":{"@id":"https:\/\/meozen.com\/fr\/#organization"},"potentialAction":[{"@type":"SearchAction","target":{"@type":"EntryPoint","urlTemplate":"https:\/\/meozen.com\/fr\/?s={search_term_string}"},"query-input":{"@type":"PropertyValueSpecification","valueRequired":true,"valueName":"search_term_string"}}],"inLanguage":"fr-FR"},{"@type":"Organization","@id":"https:\/\/meozen.com\/fr\/#organization","name":"Meozen","url":"https:\/\/meozen.com\/fr\/","logo":{"@type":"ImageObject","inLanguage":"fr-FR","@id":"https:\/\/meozen.com\/fr\/#\/schema\/logo\/image\/","url":"https:\/\/meozen.com\/fr\/wp-content\/uploads\/sites\/2\/2021\/06\/logo-meozen-push.jpg","contentUrl":"https:\/\/meozen.com\/fr\/wp-content\/uploads\/sites\/2\/2021\/06\/logo-meozen-push.jpg","width":384,"height":384,"caption":"Meozen"},"image":{"@id":"https:\/\/meozen.com\/fr\/#\/schema\/logo\/image\/"},"sameAs":["https:\/\/www.facebook.com\/MeozenFr\/","https:\/\/www.pinterest.fr\/meozen_officiel\/","https:\/\/www.instagram.com\/meozen_officiel\/"]}]}},"_links":{"self":[{"href":"https:\/\/meozen.com\/fr\/wp-json\/wp\/v2\/product\/5676","targetHints":{"allow":["GET"]}}],"collection":[{"href":"https:\/\/meozen.com\/fr\/wp-json\/wp\/v2\/product"}],"about":[{"href":"https:\/\/meozen.com\/fr\/wp-json\/wp\/v2\/types\/product"}],"replies":[{"embeddable":true,"href":"https:\/\/meozen.com\/fr\/wp-json\/wp\/v2\/comments?post=5676"}],"wp:featuredmedia":[{"embeddable":true,"href":"https:\/\/meozen.com\/fr\/wp-json\/wp\/v2\/media\/5532"}],"wp:attachment":[{"href":"https:\/\/meozen.com\/fr\/wp-json\/wp\/v2\/media?parent=5676"}],"wp:term":[{"taxonomy":"product_brand","embeddable":true,"href":"https:\/\/meozen.com\/fr\/wp-json\/wp\/v2\/product_brand?post=5676"},{"taxonomy":"product_cat","embeddable":true,"href":"https:\/\/meozen.com\/fr\/wp-json\/wp\/v2\/product_cat?post=5676"},{"taxonomy":"product_tag","embeddable":true,"href":"https:\/\/meozen.com\/fr\/wp-json\/wp\/v2\/product_tag?post=5676"}],"curies":[{"name":"wp","href":"https:\/\/api.w.org\/{rel}","templated":true}]}}