{"id":5684,"date":"2023-06-06T10:14:52","date_gmt":"2023-06-06T08:14:52","guid":{"rendered":"https:\/\/meozen.com\/fr\/?post_type=product&#038;p=5684"},"modified":"2023-06-27T17:01:22","modified_gmt":"2023-06-27T15:01:22","slug":"retraite-yoga-randonne-ayurveda-4-jours-3-nuits-auvergne-octobre-2023","status":"publish","type":"product","link":"https:\/\/meozen.com\/fr\/produit\/retraite-yoga-randonne-ayurveda-4-jours-3-nuits-auvergne-octobre-2023\/","title":{"rendered":"Retraite Yoga, Randonn\u00e9 &amp; Ayurveda &#8211; 4 jours \/ 3 nuits en Auvergne (Du 12 au 15 octobre 2023)"},"content":{"rendered":"<ul>\n<li><span style=\"font-weight: 400\">Programme adapt\u00e9 \u00e0 tout le monde. <\/span>Les conditions pour participer a\u0300 ce week-end demandent de pouvoir marcher pendant 6 heures en terrain varie\u0301.<\/li>\n<li><span style=\"font-weight: 400\">Inclus le petit d\u00e9jeuner, repas de midi et du soir (v\u00e9g\u00e9tarien) sauf le repas du jour 3 lors de l&rsquo;excursion.\u00a0\u00a0<\/span><\/li>\n<li><span style=\"font-weight: 400\">Chambres priv\u00e9es disponibles (draps et serviettes non-fournis)<\/span><\/li>\n<\/ul>\n<p>&nbsp;<\/p>\n<p><b>\ud83d\uddd3\ufe0f Programme d\u00e9taill\u00e9 :<\/b><\/p>\n<p><strong>\u2705 Jour 1 :<\/strong><\/p>\n<ul>\n<li><span style=\"font-weight: 400\">15h : Arriv\u00e9e et installation<\/span><\/li>\n<li>16h : Balade a\u0300 la Cascade des Essart<\/li>\n<li>17h30 : Pause the\u0301 avec pre\u0301sentation du se\u0301jour<\/li>\n<li>19h30 : Di\u0302ner<\/li>\n<li>21h : Relaxation ou me\u0301ditation<\/li>\n<\/ul>\n<p><strong>\u2705 Jour 2 :<\/strong><\/p>\n<ul>\n<li style=\"font-weight: 400\">07h30 : Cours de Yoga<\/li>\n<li style=\"font-weight: 400\">08h45 : Petit-de\u0301jeuner<\/li>\n<li style=\"font-weight: 400\">09h30 : Randonne\u0301e a\u0300 la demi-journe\u0301e sur la re\u0301serve naturelle de Chastreix Sancy (temps de marche 3 heures, de\u0301nivele\u0301 + 350 m)<\/li>\n<li style=\"font-weight: 400\">13h : Repas au gi\u0302te<\/li>\n<li style=\"font-weight: 400\">Apre\u0300s-midi : massage pour ceux qui le souhaitent (en option) ou temps libre<\/li>\n<li style=\"font-weight: 400\">19h30 : Di\u0302ner<\/li>\n<li style=\"font-weight: 400\">21h : Me\u0301ditation ou relaxation<\/li>\n<\/ul>\n<p><strong>\u2705 Jour 3 :<\/strong><\/p>\n<ul>\n<li>\n<div>07h30 : Cours de Yoga<\/div>\n<\/li>\n<li>08h45 : Petit-de\u0301jeuner<\/li>\n<li>09h30 : Randonne\u0301e a\u0300 la journe\u0301e avec pique-nique (de\u0301part pour La Bane d\u2019Ordanche, une randonne\u0301e sur un strato-volcan peu fre\u0301quente\u0301 ; temps de marche 6 heures et de\u0301nivele\u0301 + 700 m)<\/li>\n<li>19h30 : Di\u0302ner<\/li>\n<li>21h : Soire\u0301e sur le the\u0300me de l\u2019ayurveda, conseils hygie\u0301nodie\u0301te\u0301tiques (dinacharya) test de constitution et distribution de la fiche technique pour une pratique en autonomie.<\/li>\n<\/ul>\n<p><strong>\u2705 Jour 4 :<\/strong><\/p>\n<div class=\"page\" title=\"Page 2\">\n<div class=\"layoutArea\">\n<div class=\"column\">\n<ul>\n<li>08h30 : Yoga d\u2019e\u0301veil<\/li>\n<li>09h30 : Petit-de\u0301jeuner<\/li>\n<li>De\u0301part entre 10h et 12h<\/li>\n<\/ul>\n<p>&nbsp;<\/p>\n<p><strong>\ud83e\uddf3 \u00c9quipements a\u0300 pre\u0301voir :<\/strong><\/p>\n<div class=\"layoutArea\">\n<div class=\"column\">\n<ul>\n<li>Chaussettes hiver, chaussures de randonne\u0301es<\/li>\n<li>Pantalons chaud et e\u0301tanche (collants)<\/li>\n<li>3 couches de ve\u0302tements (tee shirt, polaire, blouson e\u0301tanche) + 1 couche supple\u0301mentaire dans le sac<\/li>\n<li>Une paire de gants<\/li>\n<li>Bonnet ou cagoule, e\u0301charpe (en pre\u0301voyance)<\/li>\n<li>Cre\u0300me solaire et lunettes<\/li>\n<li>Gourde ou thermos d\u20191 litre pour la journe\u0301e<\/li>\n<li>Un tapis de yoga (il y en a aussi sur place)<\/li>\n<li>Serviette de bains<\/li>\n<li>Chaussons<\/li>\n<\/ul>\n<\/div>\n<\/div>\n<\/div>\n<\/div>\n<\/div>\n","protected":false},"excerpt":{"rendered":"<p><strong style=\"font-size: 22px\">Une retraite de Yoga, Randonn\u00e9e &amp; Ayurveda <strong>\ud83d\udccd <\/strong>en Auvergne.<\/strong><\/p>\n<p>Avec Anita (Professeur de Hatha Yoga et Th\u00e9rapeute en Ayurveda), partez en immersion au coeur de la R\u00e9serve Naturelle de Chastreix. Vous d\u00e9couvrirez aussi l&rsquo;histoire des volcans d&rsquo;Auvergne avec Yves et Pierre accompagnateurs de moyennes montagnes locales. \ud83c\udf0b<\/p>\n<p class=\"p1\">\u2728 Un programme rythm\u00e9 \u00e0 la fois par des randonn\u00e9es et des pratiques de Hatha Yoga, de la me\u0301ditation \/ relaxation le soir et un massage ayurve\u0301dique pour re\u0301cupe\u0301rer en douceur.<\/p>\n<p class=\"p1\">Profitez d&rsquo;un milieu prote\u0301ge\u0301 par les hommes avec des paysages a\u0300 360\u00b0 sur les volcans, les lacs d&rsquo;Auvergne et les cascades pour agre\u0301menter la randonne\u0301e.<\/p>\n<p class=\"p1\">\ud83c\udfd8\ufe0f Vous serez loge\u0301 au gi\u0302te 3 Home Shanti a\u0300 l\u2019entre\u0301e de la re\u0301serve naturelle, au coeur du village dans deux appartements tout confort de 120m2 avec de grandes chambres priv\u00e9es ou a\u0300 partager a\u0300 2 ou 3.<\/p>\n<p><strong>\ud83d\udcc5 Dates de s\u00e9jour :<\/strong><\/p>\n<ul>\n<li>Du 12 au 15 octobre 2023<\/li>\n<\/ul>\n<p><strong> \ud83d\udfe1\u00a0 Tarif du s\u00e9jour : <\/strong>583\u00a0euros<\/p>\n<div class=\"page\" title=\"Page 2\">\n<div class=\"layoutArea\">\n<div class=\"column\">\n<p><strong>\u274c Le tarif ne comprend pas :<\/strong><\/p>\n<ul>\n<li>Le transport de votre domicile jusqu\u2019au gi\u0302te<\/li>\n<li>Navette pour aller vous chercher a\u0300 la gare de Laqueuille : 25\u20acA\/R a\u0300 payer sur place ou 40\u20ac A\/R depuis Riom<\/li>\n<li>Minibus pour se rendre sur le lieu des randos 5\u20ac par jour a\u0300 payer sur place<\/li>\n<li>\u00a0La taxe de se\u0301jour a\u0300 1.10 \u20ac par jour et par personne a\u0300 payer sur place<\/li>\n<li>Les boissons autres que celles servies a\u0300 table (eau, the\u0301, cafe\u0301)<\/li>\n<li>Chambre priv\u00e9e : supple\u0301ment 50 \u20ac<\/li>\n<\/ul>\n<\/div>\n<\/div>\n<\/div>\n","protected":false},"featured_media":5523,"comment_status":"open","ping_status":"closed","template":"","meta":{"_mo_disable_npp":""},"product_brand":[],"product_cat":[44,104,43],"product_tag":[114],"class_list":{"0":"post-5684","1":"product","2":"type-product","3":"status-publish","4":"has-post-thumbnail","6":"product_cat-retraite-4-jours-yoga","7":"product_cat-retraite-yoga-auvergne","8":"product_cat-retraite-yoga-france","9":"product_tag-doublon","11":"first","12":"instock","13":"taxable","14":"shipping-taxable","15":"product-type-external"},"yoast_head":"<!-- This site is optimized with the Yoast SEO plugin v26.8 - https:\/\/yoast.com\/product\/yoast-seo-wordpress\/ -->\n<title>Retraite Yoga, M\u00e9ditation, Voyage Sonore &amp; Randonn\u00e9e - 4 jours \/ 3 nuits dans le Tarne (Mars 2023)<\/title>\n<meta name=\"description\" content=\"R\u00e9servez d\u00e8s maintenant votre Retraite Yoga, Randonn\u00e9 &amp; Ayurveda - 4 jours \/ 3 nuits en Auvergne (Du 12 au 15 octobre 2023) avec Meozen. \u00c9vadez-vous du quotidien avec ce s\u00e9jour unique. Dur\u00e9e, conditions, prix... Cliquez pour d\u00e9couvrir !\" \/>\n<meta name=\"robots\" content=\"index, follow, max-snippet:-1, max-image-preview:large, max-video-preview:-1\" \/>\n<link rel=\"canonical\" href=\"https:\/\/meozen.com\/fr\/produit\/retraite-yoga-randonne-ayurveda-4-jours-3-nuits-auvergne-octobre-2023\/\" \/>\n<meta property=\"og:locale\" content=\"fr_FR\" \/>\n<meta property=\"og:type\" content=\"article\" \/>\n<meta property=\"og:title\" content=\"Retraite Yoga, M\u00e9ditation, Voyage Sonore &amp; Randonn\u00e9e - 4 jours \/ 3 nuits dans le Tarne (Mars 2023)\" \/>\n<meta property=\"og:description\" content=\"R\u00e9servez d\u00e8s maintenant votre Retraite Yoga, Randonn\u00e9 &amp; Ayurveda - 4 jours \/ 3 nuits en Auvergne (Du 12 au 15 octobre 2023) avec Meozen. \u00c9vadez-vous du quotidien avec ce s\u00e9jour unique. Dur\u00e9e, conditions, prix... Cliquez pour d\u00e9couvrir !\" \/>\n<meta property=\"og:url\" content=\"https:\/\/meozen.com\/fr\/produit\/retraite-yoga-randonne-ayurveda-4-jours-3-nuits-auvergne-octobre-2023\/\" \/>\n<meta property=\"og:site_name\" content=\"Meozen - Votre portail bien-\u00eatre\" \/>\n<meta property=\"article:publisher\" content=\"https:\/\/www.facebook.com\/MeozenFr\/\" \/>\n<meta property=\"article:modified_time\" content=\"2023-06-27T15:01:22+00:00\" \/>\n<meta property=\"og:image\" content=\"https:\/\/meozen.com\/fr\/wp-content\/uploads\/sites\/2\/2023\/05\/Retraite-yoga-randonne-auvergne-1.jpg\" \/>\n\t<meta property=\"og:image:width\" content=\"1280\" \/>\n\t<meta property=\"og:image:height\" content=\"607\" \/>\n\t<meta property=\"og:image:type\" content=\"image\/jpeg\" \/>\n<meta name=\"twitter:card\" content=\"summary_large_image\" \/>\n<meta name=\"twitter:label1\" content=\"Dur\u00e9e de lecture estim\u00e9e\" \/>\n\t<meta name=\"twitter:data1\" content=\"2 minutes\" \/>\n<script type=\"application\/ld+json\" class=\"yoast-schema-graph\">{\"@context\":\"https:\/\/schema.org\",\"@graph\":[{\"@type\":\"WebPage\",\"@id\":\"https:\/\/meozen.com\/fr\/produit\/retraite-yoga-randonne-ayurveda-4-jours-3-nuits-auvergne-octobre-2023\/\",\"url\":\"https:\/\/meozen.com\/fr\/produit\/retraite-yoga-randonne-ayurveda-4-jours-3-nuits-auvergne-octobre-2023\/\",\"name\":\"Retraite Yoga, M\u00e9ditation, Voyage Sonore & Randonn\u00e9e - 4 jours \/ 3 nuits dans le Tarne (Mars 2023)\",\"isPartOf\":{\"@id\":\"https:\/\/meozen.com\/fr\/#website\"},\"primaryImageOfPage\":{\"@id\":\"https:\/\/meozen.com\/fr\/produit\/retraite-yoga-randonne-ayurveda-4-jours-3-nuits-auvergne-octobre-2023\/#primaryimage\"},\"image\":{\"@id\":\"https:\/\/meozen.com\/fr\/produit\/retraite-yoga-randonne-ayurveda-4-jours-3-nuits-auvergne-octobre-2023\/#primaryimage\"},\"thumbnailUrl\":\"https:\/\/meozen.com\/fr\/wp-content\/uploads\/sites\/2\/2023\/05\/Retraite-yoga-randonne-auvergne-1.jpg\",\"datePublished\":\"2023-06-06T08:14:52+00:00\",\"dateModified\":\"2023-06-27T15:01:22+00:00\",\"description\":\"R\u00e9servez d\u00e8s maintenant votre Retraite Yoga, Randonn\u00e9 &amp; Ayurveda - 4 jours \/ 3 nuits en Auvergne (Du 12 au 15 octobre 2023) avec Meozen. \u00c9vadez-vous du quotidien avec ce s\u00e9jour unique. Dur\u00e9e, conditions, prix... Cliquez pour d\u00e9couvrir !\",\"breadcrumb\":{\"@id\":\"https:\/\/meozen.com\/fr\/produit\/retraite-yoga-randonne-ayurveda-4-jours-3-nuits-auvergne-octobre-2023\/#breadcrumb\"},\"inLanguage\":\"fr-FR\",\"potentialAction\":[{\"@type\":\"ReadAction\",\"target\":[\"https:\/\/meozen.com\/fr\/produit\/retraite-yoga-randonne-ayurveda-4-jours-3-nuits-auvergne-octobre-2023\/\"]}]},{\"@type\":\"ImageObject\",\"inLanguage\":\"fr-FR\",\"@id\":\"https:\/\/meozen.com\/fr\/produit\/retraite-yoga-randonne-ayurveda-4-jours-3-nuits-auvergne-octobre-2023\/#primaryimage\",\"url\":\"https:\/\/meozen.com\/fr\/wp-content\/uploads\/sites\/2\/2023\/05\/Retraite-yoga-randonne-auvergne-1.jpg\",\"contentUrl\":\"https:\/\/meozen.com\/fr\/wp-content\/uploads\/sites\/2\/2023\/05\/Retraite-yoga-randonne-auvergne-1.jpg\",\"width\":1280,\"height\":607},{\"@type\":\"BreadcrumbList\",\"@id\":\"https:\/\/meozen.com\/fr\/produit\/retraite-yoga-randonne-ayurveda-4-jours-3-nuits-auvergne-octobre-2023\/#breadcrumb\",\"itemListElement\":[{\"@type\":\"ListItem\",\"position\":1,\"name\":\"Accueil\",\"item\":\"https:\/\/meozen.com\/fr\/\"},{\"@type\":\"ListItem\",\"position\":2,\"name\":\"Boutique\",\"item\":\"https:\/\/meozen.com\/fr\/boutique\/\"},{\"@type\":\"ListItem\",\"position\":3,\"name\":\"Retraite Yoga, Randonn\u00e9 &amp; Ayurveda &#8211; 4 jours \/ 3 nuits en Auvergne (Du 12 au 15 octobre 2023)\"}]},{\"@type\":\"WebSite\",\"@id\":\"https:\/\/meozen.com\/fr\/#website\",\"url\":\"https:\/\/meozen.com\/fr\/\",\"name\":\"Meozen - Votre portail bien-\u00eatre\",\"description\":\"D\u00e9couvrez tout l&#039;univers du bien-\u00eatre, yoga, m\u00e9ditation, trouvez les meilleures retraites et formations bien-\u00eatre\",\"publisher\":{\"@id\":\"https:\/\/meozen.com\/fr\/#organization\"},\"potentialAction\":[{\"@type\":\"SearchAction\",\"target\":{\"@type\":\"EntryPoint\",\"urlTemplate\":\"https:\/\/meozen.com\/fr\/?s={search_term_string}\"},\"query-input\":{\"@type\":\"PropertyValueSpecification\",\"valueRequired\":true,\"valueName\":\"search_term_string\"}}],\"inLanguage\":\"fr-FR\"},{\"@type\":\"Organization\",\"@id\":\"https:\/\/meozen.com\/fr\/#organization\",\"name\":\"Meozen\",\"url\":\"https:\/\/meozen.com\/fr\/\",\"logo\":{\"@type\":\"ImageObject\",\"inLanguage\":\"fr-FR\",\"@id\":\"https:\/\/meozen.com\/fr\/#\/schema\/logo\/image\/\",\"url\":\"https:\/\/meozen.com\/fr\/wp-content\/uploads\/sites\/2\/2021\/06\/logo-meozen-push.jpg\",\"contentUrl\":\"https:\/\/meozen.com\/fr\/wp-content\/uploads\/sites\/2\/2021\/06\/logo-meozen-push.jpg\",\"width\":384,\"height\":384,\"caption\":\"Meozen\"},\"image\":{\"@id\":\"https:\/\/meozen.com\/fr\/#\/schema\/logo\/image\/\"},\"sameAs\":[\"https:\/\/www.facebook.com\/MeozenFr\/\",\"https:\/\/www.pinterest.fr\/meozen_officiel\/\",\"https:\/\/www.instagram.com\/meozen_officiel\/\"]}]}<\/script>\n<!-- \/ Yoast SEO plugin. -->","yoast_head_json":{"title":"Retraite Yoga, M\u00e9ditation, Voyage Sonore & Randonn\u00e9e - 4 jours \/ 3 nuits dans le Tarne (Mars 2023)","description":"R\u00e9servez d\u00e8s maintenant votre Retraite Yoga, Randonn\u00e9 &amp; Ayurveda - 4 jours \/ 3 nuits en Auvergne (Du 12 au 15 octobre 2023) avec Meozen. \u00c9vadez-vous du quotidien avec ce s\u00e9jour unique. Dur\u00e9e, conditions, prix... Cliquez pour d\u00e9couvrir !","robots":{"index":"index","follow":"follow","max-snippet":"max-snippet:-1","max-image-preview":"max-image-preview:large","max-video-preview":"max-video-preview:-1"},"canonical":"https:\/\/meozen.com\/fr\/produit\/retraite-yoga-randonne-ayurveda-4-jours-3-nuits-auvergne-octobre-2023\/","og_locale":"fr_FR","og_type":"article","og_title":"Retraite Yoga, M\u00e9ditation, Voyage Sonore & Randonn\u00e9e - 4 jours \/ 3 nuits dans le Tarne (Mars 2023)","og_description":"R\u00e9servez d\u00e8s maintenant votre Retraite Yoga, Randonn\u00e9 &amp; Ayurveda - 4 jours \/ 3 nuits en Auvergne (Du 12 au 15 octobre 2023) avec Meozen. \u00c9vadez-vous du quotidien avec ce s\u00e9jour unique. Dur\u00e9e, conditions, prix... Cliquez pour d\u00e9couvrir !","og_url":"https:\/\/meozen.com\/fr\/produit\/retraite-yoga-randonne-ayurveda-4-jours-3-nuits-auvergne-octobre-2023\/","og_site_name":"Meozen - Votre portail bien-\u00eatre","article_publisher":"https:\/\/www.facebook.com\/MeozenFr\/","article_modified_time":"2023-06-27T15:01:22+00:00","og_image":[{"width":1280,"height":607,"url":"https:\/\/meozen.com\/fr\/wp-content\/uploads\/sites\/2\/2023\/05\/Retraite-yoga-randonne-auvergne-1.jpg","type":"image\/jpeg"}],"twitter_card":"summary_large_image","twitter_misc":{"Dur\u00e9e de lecture estim\u00e9e":"2 minutes"},"schema":{"@context":"https:\/\/schema.org","@graph":[{"@type":"WebPage","@id":"https:\/\/meozen.com\/fr\/produit\/retraite-yoga-randonne-ayurveda-4-jours-3-nuits-auvergne-octobre-2023\/","url":"https:\/\/meozen.com\/fr\/produit\/retraite-yoga-randonne-ayurveda-4-jours-3-nuits-auvergne-octobre-2023\/","name":"Retraite Yoga, M\u00e9ditation, Voyage Sonore & Randonn\u00e9e - 4 jours \/ 3 nuits dans le Tarne (Mars 2023)","isPartOf":{"@id":"https:\/\/meozen.com\/fr\/#website"},"primaryImageOfPage":{"@id":"https:\/\/meozen.com\/fr\/produit\/retraite-yoga-randonne-ayurveda-4-jours-3-nuits-auvergne-octobre-2023\/#primaryimage"},"image":{"@id":"https:\/\/meozen.com\/fr\/produit\/retraite-yoga-randonne-ayurveda-4-jours-3-nuits-auvergne-octobre-2023\/#primaryimage"},"thumbnailUrl":"https:\/\/meozen.com\/fr\/wp-content\/uploads\/sites\/2\/2023\/05\/Retraite-yoga-randonne-auvergne-1.jpg","datePublished":"2023-06-06T08:14:52+00:00","dateModified":"2023-06-27T15:01:22+00:00","description":"R\u00e9servez d\u00e8s maintenant votre Retraite Yoga, Randonn\u00e9 &amp; Ayurveda - 4 jours \/ 3 nuits en Auvergne (Du 12 au 15 octobre 2023) avec Meozen. \u00c9vadez-vous du quotidien avec ce s\u00e9jour unique. Dur\u00e9e, conditions, prix... Cliquez pour d\u00e9couvrir !","breadcrumb":{"@id":"https:\/\/meozen.com\/fr\/produit\/retraite-yoga-randonne-ayurveda-4-jours-3-nuits-auvergne-octobre-2023\/#breadcrumb"},"inLanguage":"fr-FR","potentialAction":[{"@type":"ReadAction","target":["https:\/\/meozen.com\/fr\/produit\/retraite-yoga-randonne-ayurveda-4-jours-3-nuits-auvergne-octobre-2023\/"]}]},{"@type":"ImageObject","inLanguage":"fr-FR","@id":"https:\/\/meozen.com\/fr\/produit\/retraite-yoga-randonne-ayurveda-4-jours-3-nuits-auvergne-octobre-2023\/#primaryimage","url":"https:\/\/meozen.com\/fr\/wp-content\/uploads\/sites\/2\/2023\/05\/Retraite-yoga-randonne-auvergne-1.jpg","contentUrl":"https:\/\/meozen.com\/fr\/wp-content\/uploads\/sites\/2\/2023\/05\/Retraite-yoga-randonne-auvergne-1.jpg","width":1280,"height":607},{"@type":"BreadcrumbList","@id":"https:\/\/meozen.com\/fr\/produit\/retraite-yoga-randonne-ayurveda-4-jours-3-nuits-auvergne-octobre-2023\/#breadcrumb","itemListElement":[{"@type":"ListItem","position":1,"name":"Accueil","item":"https:\/\/meozen.com\/fr\/"},{"@type":"ListItem","position":2,"name":"Boutique","item":"https:\/\/meozen.com\/fr\/boutique\/"},{"@type":"ListItem","position":3,"name":"Retraite Yoga, Randonn\u00e9 &amp; Ayurveda &#8211; 4 jours \/ 3 nuits en Auvergne (Du 12 au 15 octobre 2023)"}]},{"@type":"WebSite","@id":"https:\/\/meozen.com\/fr\/#website","url":"https:\/\/meozen.com\/fr\/","name":"Meozen - Votre portail bien-\u00eatre","description":"D\u00e9couvrez tout l&#039;univers du bien-\u00eatre, yoga, m\u00e9ditation, trouvez les meilleures retraites et formations bien-\u00eatre","publisher":{"@id":"https:\/\/meozen.com\/fr\/#organization"},"potentialAction":[{"@type":"SearchAction","target":{"@type":"EntryPoint","urlTemplate":"https:\/\/meozen.com\/fr\/?s={search_term_string}"},"query-input":{"@type":"PropertyValueSpecification","valueRequired":true,"valueName":"search_term_string"}}],"inLanguage":"fr-FR"},{"@type":"Organization","@id":"https:\/\/meozen.com\/fr\/#organization","name":"Meozen","url":"https:\/\/meozen.com\/fr\/","logo":{"@type":"ImageObject","inLanguage":"fr-FR","@id":"https:\/\/meozen.com\/fr\/#\/schema\/logo\/image\/","url":"https:\/\/meozen.com\/fr\/wp-content\/uploads\/sites\/2\/2021\/06\/logo-meozen-push.jpg","contentUrl":"https:\/\/meozen.com\/fr\/wp-content\/uploads\/sites\/2\/2021\/06\/logo-meozen-push.jpg","width":384,"height":384,"caption":"Meozen"},"image":{"@id":"https:\/\/meozen.com\/fr\/#\/schema\/logo\/image\/"},"sameAs":["https:\/\/www.facebook.com\/MeozenFr\/","https:\/\/www.pinterest.fr\/meozen_officiel\/","https:\/\/www.instagram.com\/meozen_officiel\/"]}]}},"_links":{"self":[{"href":"https:\/\/meozen.com\/fr\/wp-json\/wp\/v2\/product\/5684","targetHints":{"allow":["GET"]}}],"collection":[{"href":"https:\/\/meozen.com\/fr\/wp-json\/wp\/v2\/product"}],"about":[{"href":"https:\/\/meozen.com\/fr\/wp-json\/wp\/v2\/types\/product"}],"replies":[{"embeddable":true,"href":"https:\/\/meozen.com\/fr\/wp-json\/wp\/v2\/comments?post=5684"}],"wp:featuredmedia":[{"embeddable":true,"href":"https:\/\/meozen.com\/fr\/wp-json\/wp\/v2\/media\/5523"}],"wp:attachment":[{"href":"https:\/\/meozen.com\/fr\/wp-json\/wp\/v2\/media?parent=5684"}],"wp:term":[{"taxonomy":"product_brand","embeddable":true,"href":"https:\/\/meozen.com\/fr\/wp-json\/wp\/v2\/product_brand?post=5684"},{"taxonomy":"product_cat","embeddable":true,"href":"https:\/\/meozen.com\/fr\/wp-json\/wp\/v2\/product_cat?post=5684"},{"taxonomy":"product_tag","embeddable":true,"href":"https:\/\/meozen.com\/fr\/wp-json\/wp\/v2\/product_tag?post=5684"}],"curies":[{"name":"wp","href":"https:\/\/api.w.org\/{rel}","templated":true}]}}