{"id":5711,"date":"2023-06-07T14:03:25","date_gmt":"2023-06-07T12:03:25","guid":{"rendered":"https:\/\/meozen.com\/fr\/?post_type=product&#038;p=5711"},"modified":"2023-08-30T18:18:43","modified_gmt":"2023-08-30T16:18:43","slug":"ytt-200-hatha-yoga-yoganatomie-dieulefit-provence-2023-2024","status":"publish","type":"product","link":"https:\/\/meozen.com\/fr\/produit\/ytt-200-hatha-yoga-yoganatomie-dieulefit-provence-2023-2024\/","title":{"rendered":"YTT 200 heures Hatha Yoga &#038; Yoganatomie \u00e0 Dieulefit dans la Dr\u00f4me Proven\u00e7ale (2023 \/ 2024)"},"content":{"rendered":"<p><strong>\u2705 Pr\u00e9-requis<\/strong><\/p>\n<ul>\n<li>Pour \u00eatre \u00e9ligible au cours, les \u00e9tudiants doivent avoir un minimum de 18 mois de pratique constante.<\/li>\n<\/ul>\n<p>\u00a0<\/p>\n<p class=\"subtitle\"><strong>\u2705 Journ\u00e9e type semaine 1 :<\/strong><\/p>\n<ul>\n<li>07:00-08:15 Yoga Postural et pranayama<\/li>\n<li>08:15-08:30 M\u00e9ditation<\/li>\n<li>08:30-09:15 Petit d\u00e9jeuner<\/li>\n<li>09:15-13:15\u00a0 Anatomie<\/li>\n<li>13:15 : D\u00e9jeuner<\/li>\n<li>14:45-15:00 Karma Yoga<\/li>\n<li>15:00-18:15 Anatomie<\/li>\n<li>18:30-20:00 PEDAGOGIE DU YOGA et PRATIQUE<\/li>\n<li>20:00-20:15 Relaxation<\/li>\n<li>20:15 Diner<\/li>\n<li>Temps journalier : 09:15<\/li>\n<\/ul>\n<p class=\"subtitle\"><strong>\u2705 Journ\u00e9e type semaine 2 et 3 :<\/strong><\/p>\n<ul>\n<li>7h-8h30 Yoga Postural et pranayama<\/li>\n<li>8h30-8h45 M\u00e9ditation<\/li>\n<li>8h45-9h30 Petit d\u00e9jeuner<\/li>\n<li>9h30-10h Karma Yoga<\/li>\n<li>10h-13h15 :P\u00e9dagogie du Yoga<\/li>\n<li>13h15 : D\u00e9jeuner (inclus)<\/li>\n<li>14h45-15h Karma Yoga<\/li>\n<li>15h-18h15 Pratique corporelle ( Yoga, Danse ou Renfo ou \u00e9tirement Profond ou Equi )<\/li>\n<li>18H-20H00 : P\u00e9dagogie du Yoga ou Cours th\u00e9orique<\/li>\n<li>20h-20h15 Relaxation<\/li>\n<li>20H15 : D\u00eener (inclus)<\/li>\n<li>Temps journalier : 10h30<\/li>\n<\/ul>\n<p>1,5 jours off sont int\u00e9gr\u00e9s dans la formation.<\/p>\n<p>\u00a0<\/p>\n<p class=\"subtitle\"><strong>\u2705 CERTIFICATION<\/strong><\/p>\n<ul>\n<li>Une certification de professeur de Yoga YTTC 200H (comprenant diff\u00e9rents type de Yoga : hatha, vinyasa, ashtanga, yoga doux )<\/li>\n<li>Une certification de professeur de Yoga Inari \u2013 Yoganatomie de 200h avec un bulletin r\u00e9capitulatif de tous les cours donn\u00e9s et une validation d\u2019acquis en anatomie et en postural.<\/li>\n<\/ul>\n","protected":false},"excerpt":{"rendered":"<p><strong style=\"font-size: 22px;\">Une Formation de professeur de Yoga (YTT 200 heures) \ud83d\udccd \u00e0 Dieulefit en Provence.\u00a0<\/strong><\/p>\n<p>D\u00e9couvrez ce Yoga Teacher Training de 200 heures qui est une formation pour devenir un professeur de yoga accompli \u2705 !<\/p>\n<p class=\"p1\"><b>\ud83d\ude4f 8 modules au programme :<\/b><\/p>\n<ul>\n<li><b>Module 1 : <\/b>Anatomie (5oh de th\u00e9orie, 10 d&rsquo;analyse posturale, 10h d&rsquo;anatomie concr\u00e8te = 70h)<\/li>\n<li><strong>Module 2 : <\/strong>Devenir professeur.e de Yoga (pratique du yoga postural et p\u00e9dagogie du yoga = 90h)<\/li>\n<li><strong>Module 3 : <\/strong>Respiration et pranayamas (10h)<\/li>\n<li><strong>Module 4 : <\/strong>M\u00e9ditation et relaxation (10h)<\/li>\n<li><strong>Module 5 : <\/strong>Histoire du yoga, yoga du son, mudras et corps subtils\u00a0 (5h)<\/li>\n<li><strong>Module 6 : <\/strong>Ayurv\u00e9da (5h)<\/li>\n<li><strong>Module 7 : <\/strong>Massage et th\u00e9rapie corporelle (4h)<\/li>\n<li><strong>Module 8 : <\/strong>Communication (2h)<\/li>\n<\/ul>\n<p>&nbsp;<\/p>\n<p class=\"p1\">\ud83c\udfe0 Durant ces 22 jours intensifs, vous serez h\u00e9berg\u00e9 dans un g\u00eete, au milieu du village de Dieulefit.<\/p>\n<p class=\"p1\">\u2728 Profitez d&rsquo;un cadre magnifique entre montagnes \u26f0\ufe0f et rivi\u00e8res, et gr\u00e2ce \u00e0 cette formation trouvez votre propre voix et style d\u2019enseignement.<\/p>\n<p>&nbsp;<\/p>\n<p><strong><b>\ud83d\uddd3\ufe0f <\/b>Dates de formation possibles :<\/strong><\/p>\n<ul>\n<li>Samedi 21 octobre 2023<\/li>\n<li>Lundi 12 f\u00e9vrier 2024<\/li>\n<li>Samedi 13 juillet 2024<\/li>\n<\/ul>\n<p><strong> Formation \u00e0 partir de 3 890 euros<\/strong><\/p>\n","protected":false},"featured_media":5849,"comment_status":"open","ping_status":"closed","template":"","meta":{"_mo_disable_npp":""},"product_brand":[],"product_cat":[131,132,32,140,69,70],"product_tag":[],"class_list":{"0":"post-5711","1":"product","2":"type-product","3":"status-publish","4":"has-post-thumbnail","6":"product_cat-formation-yoga","7":"product_cat-formation-yoga-france","8":"product_cat-formation-ytt-200","9":"product_cat-ytt","10":"product_cat-ytt-200-france","11":"product_cat-ytt-200-provence","13":"first","14":"instock","15":"taxable","16":"shipping-taxable","17":"product-type-external"},"yoast_head":"<!-- This site is optimized with the Yoast SEO plugin v26.8 - https:\/\/yoast.com\/product\/yoast-seo-wordpress\/ -->\n<title>YTT 200 heures Hatha Yoga &amp; Yoganatomie \u00e0 Dieulefit dans la Dr\u00f4me Proven\u00e7ale (2023 \/ 2024) - Meozen - Votre portail bien-\u00eatre<\/title>\n<meta name=\"description\" content=\"R\u00e9servez d\u00e8s maintenant votre YTT 200 heures Hatha Yoga &amp; Yoganatomie \u00e0 Dieulefit dans la Dr\u00f4me Proven\u00e7ale (2023 \/ 2024) avec Meozen. \u00c9vadez-vous du quotidien avec ce s\u00e9jour unique. Dur\u00e9e, conditions, prix... Cliquez pour d\u00e9couvrir !\" \/>\n<meta name=\"robots\" content=\"index, follow, max-snippet:-1, max-image-preview:large, max-video-preview:-1\" \/>\n<link rel=\"canonical\" href=\"https:\/\/meozen.com\/fr\/produit\/ytt-200-hatha-yoga-yoganatomie-dieulefit-provence-2023-2024\/\" \/>\n<meta property=\"og:locale\" content=\"fr_FR\" \/>\n<meta property=\"og:type\" content=\"article\" \/>\n<meta property=\"og:title\" content=\"YTT 200 heures Hatha Yoga &amp; Yoganatomie \u00e0 Dieulefit dans la Dr\u00f4me Proven\u00e7ale (2023 \/ 2024) - Meozen - Votre portail bien-\u00eatre\" \/>\n<meta property=\"og:description\" content=\"R\u00e9servez d\u00e8s maintenant votre YTT 200 heures Hatha Yoga &amp; Yoganatomie \u00e0 Dieulefit dans la Dr\u00f4me Proven\u00e7ale (2023 \/ 2024) avec Meozen. \u00c9vadez-vous du quotidien avec ce s\u00e9jour unique. Dur\u00e9e, conditions, prix... Cliquez pour d\u00e9couvrir !\" \/>\n<meta property=\"og:url\" content=\"https:\/\/meozen.com\/fr\/produit\/ytt-200-hatha-yoga-yoganatomie-dieulefit-provence-2023-2024\/\" \/>\n<meta property=\"og:site_name\" content=\"Meozen - Votre portail bien-\u00eatre\" \/>\n<meta property=\"article:publisher\" content=\"https:\/\/www.facebook.com\/MeozenFr\/\" \/>\n<meta property=\"article:modified_time\" content=\"2023-08-30T16:18:43+00:00\" \/>\n<meta property=\"og:image\" content=\"https:\/\/meozen.com\/fr\/wp-content\/uploads\/sites\/2\/2023\/06\/formation-yoga-ytt-200-drome-1.jpeg\" \/>\n\t<meta property=\"og:image:width\" content=\"653\" \/>\n\t<meta property=\"og:image:height\" content=\"490\" \/>\n\t<meta property=\"og:image:type\" content=\"image\/jpeg\" \/>\n<meta name=\"twitter:card\" content=\"summary_large_image\" \/>\n<meta name=\"twitter:label1\" content=\"Dur\u00e9e de lecture estim\u00e9e\" \/>\n\t<meta name=\"twitter:data1\" content=\"1 minute\" \/>\n<script type=\"application\/ld+json\" class=\"yoast-schema-graph\">{\"@context\":\"https:\/\/schema.org\",\"@graph\":[{\"@type\":\"WebPage\",\"@id\":\"https:\/\/meozen.com\/fr\/produit\/ytt-200-hatha-yoga-yoganatomie-dieulefit-provence-2023-2024\/\",\"url\":\"https:\/\/meozen.com\/fr\/produit\/ytt-200-hatha-yoga-yoganatomie-dieulefit-provence-2023-2024\/\",\"name\":\"YTT 200 heures Hatha Yoga & Yoganatomie \u00e0 Dieulefit dans la Dr\u00f4me Proven\u00e7ale (2023 \/ 2024) - Meozen - Votre portail bien-\u00eatre\",\"isPartOf\":{\"@id\":\"https:\/\/meozen.com\/fr\/#website\"},\"primaryImageOfPage\":{\"@id\":\"https:\/\/meozen.com\/fr\/produit\/ytt-200-hatha-yoga-yoganatomie-dieulefit-provence-2023-2024\/#primaryimage\"},\"image\":{\"@id\":\"https:\/\/meozen.com\/fr\/produit\/ytt-200-hatha-yoga-yoganatomie-dieulefit-provence-2023-2024\/#primaryimage\"},\"thumbnailUrl\":\"https:\/\/meozen.com\/fr\/wp-content\/uploads\/sites\/2\/2023\/06\/formation-yoga-ytt-200-drome-1.jpeg\",\"datePublished\":\"2023-06-07T12:03:25+00:00\",\"dateModified\":\"2023-08-30T16:18:43+00:00\",\"description\":\"R\u00e9servez d\u00e8s maintenant votre YTT 200 heures Hatha Yoga & Yoganatomie \u00e0 Dieulefit dans la Dr\u00f4me Proven\u00e7ale (2023 \/ 2024) avec Meozen. \u00c9vadez-vous du quotidien avec ce s\u00e9jour unique. Dur\u00e9e, conditions, prix... Cliquez pour d\u00e9couvrir !\",\"breadcrumb\":{\"@id\":\"https:\/\/meozen.com\/fr\/produit\/ytt-200-hatha-yoga-yoganatomie-dieulefit-provence-2023-2024\/#breadcrumb\"},\"inLanguage\":\"fr-FR\",\"potentialAction\":[{\"@type\":\"ReadAction\",\"target\":[\"https:\/\/meozen.com\/fr\/produit\/ytt-200-hatha-yoga-yoganatomie-dieulefit-provence-2023-2024\/\"]}]},{\"@type\":\"ImageObject\",\"inLanguage\":\"fr-FR\",\"@id\":\"https:\/\/meozen.com\/fr\/produit\/ytt-200-hatha-yoga-yoganatomie-dieulefit-provence-2023-2024\/#primaryimage\",\"url\":\"https:\/\/meozen.com\/fr\/wp-content\/uploads\/sites\/2\/2023\/06\/formation-yoga-ytt-200-drome-1.jpeg\",\"contentUrl\":\"https:\/\/meozen.com\/fr\/wp-content\/uploads\/sites\/2\/2023\/06\/formation-yoga-ytt-200-drome-1.jpeg\",\"width\":653,\"height\":490},{\"@type\":\"BreadcrumbList\",\"@id\":\"https:\/\/meozen.com\/fr\/produit\/ytt-200-hatha-yoga-yoganatomie-dieulefit-provence-2023-2024\/#breadcrumb\",\"itemListElement\":[{\"@type\":\"ListItem\",\"position\":1,\"name\":\"Accueil\",\"item\":\"https:\/\/meozen.com\/fr\/\"},{\"@type\":\"ListItem\",\"position\":2,\"name\":\"Boutique\",\"item\":\"https:\/\/meozen.com\/fr\/boutique\/\"},{\"@type\":\"ListItem\",\"position\":3,\"name\":\"YTT 200 heures Hatha Yoga &#038; Yoganatomie \u00e0 Dieulefit dans la Dr\u00f4me Proven\u00e7ale (2023 \/ 2024)\"}]},{\"@type\":\"WebSite\",\"@id\":\"https:\/\/meozen.com\/fr\/#website\",\"url\":\"https:\/\/meozen.com\/fr\/\",\"name\":\"Meozen - Votre portail bien-\u00eatre\",\"description\":\"D\u00e9couvrez tout l&#039;univers du bien-\u00eatre, yoga, m\u00e9ditation, trouvez les meilleures retraites et formations bien-\u00eatre\",\"publisher\":{\"@id\":\"https:\/\/meozen.com\/fr\/#organization\"},\"potentialAction\":[{\"@type\":\"SearchAction\",\"target\":{\"@type\":\"EntryPoint\",\"urlTemplate\":\"https:\/\/meozen.com\/fr\/?s={search_term_string}\"},\"query-input\":{\"@type\":\"PropertyValueSpecification\",\"valueRequired\":true,\"valueName\":\"search_term_string\"}}],\"inLanguage\":\"fr-FR\"},{\"@type\":\"Organization\",\"@id\":\"https:\/\/meozen.com\/fr\/#organization\",\"name\":\"Meozen\",\"url\":\"https:\/\/meozen.com\/fr\/\",\"logo\":{\"@type\":\"ImageObject\",\"inLanguage\":\"fr-FR\",\"@id\":\"https:\/\/meozen.com\/fr\/#\/schema\/logo\/image\/\",\"url\":\"https:\/\/meozen.com\/fr\/wp-content\/uploads\/sites\/2\/2021\/06\/logo-meozen-push.jpg\",\"contentUrl\":\"https:\/\/meozen.com\/fr\/wp-content\/uploads\/sites\/2\/2021\/06\/logo-meozen-push.jpg\",\"width\":384,\"height\":384,\"caption\":\"Meozen\"},\"image\":{\"@id\":\"https:\/\/meozen.com\/fr\/#\/schema\/logo\/image\/\"},\"sameAs\":[\"https:\/\/www.facebook.com\/MeozenFr\/\",\"https:\/\/www.pinterest.fr\/meozen_officiel\/\",\"https:\/\/www.instagram.com\/meozen_officiel\/\"]}]}<\/script>\n<!-- \/ Yoast SEO plugin. -->","yoast_head_json":{"title":"YTT 200 heures Hatha Yoga & Yoganatomie \u00e0 Dieulefit dans la Dr\u00f4me Proven\u00e7ale (2023 \/ 2024) - Meozen - Votre portail bien-\u00eatre","description":"R\u00e9servez d\u00e8s maintenant votre YTT 200 heures Hatha Yoga & Yoganatomie \u00e0 Dieulefit dans la Dr\u00f4me Proven\u00e7ale (2023 \/ 2024) avec Meozen. \u00c9vadez-vous du quotidien avec ce s\u00e9jour unique. Dur\u00e9e, conditions, prix... Cliquez pour d\u00e9couvrir !","robots":{"index":"index","follow":"follow","max-snippet":"max-snippet:-1","max-image-preview":"max-image-preview:large","max-video-preview":"max-video-preview:-1"},"canonical":"https:\/\/meozen.com\/fr\/produit\/ytt-200-hatha-yoga-yoganatomie-dieulefit-provence-2023-2024\/","og_locale":"fr_FR","og_type":"article","og_title":"YTT 200 heures Hatha Yoga & Yoganatomie \u00e0 Dieulefit dans la Dr\u00f4me Proven\u00e7ale (2023 \/ 2024) - Meozen - Votre portail bien-\u00eatre","og_description":"R\u00e9servez d\u00e8s maintenant votre YTT 200 heures Hatha Yoga & Yoganatomie \u00e0 Dieulefit dans la Dr\u00f4me Proven\u00e7ale (2023 \/ 2024) avec Meozen. \u00c9vadez-vous du quotidien avec ce s\u00e9jour unique. Dur\u00e9e, conditions, prix... Cliquez pour d\u00e9couvrir !","og_url":"https:\/\/meozen.com\/fr\/produit\/ytt-200-hatha-yoga-yoganatomie-dieulefit-provence-2023-2024\/","og_site_name":"Meozen - Votre portail bien-\u00eatre","article_publisher":"https:\/\/www.facebook.com\/MeozenFr\/","article_modified_time":"2023-08-30T16:18:43+00:00","og_image":[{"width":653,"height":490,"url":"https:\/\/meozen.com\/fr\/wp-content\/uploads\/sites\/2\/2023\/06\/formation-yoga-ytt-200-drome-1.jpeg","type":"image\/jpeg"}],"twitter_card":"summary_large_image","twitter_misc":{"Dur\u00e9e de lecture estim\u00e9e":"1 minute"},"schema":{"@context":"https:\/\/schema.org","@graph":[{"@type":"WebPage","@id":"https:\/\/meozen.com\/fr\/produit\/ytt-200-hatha-yoga-yoganatomie-dieulefit-provence-2023-2024\/","url":"https:\/\/meozen.com\/fr\/produit\/ytt-200-hatha-yoga-yoganatomie-dieulefit-provence-2023-2024\/","name":"YTT 200 heures Hatha Yoga & Yoganatomie \u00e0 Dieulefit dans la Dr\u00f4me Proven\u00e7ale (2023 \/ 2024) - Meozen - Votre portail bien-\u00eatre","isPartOf":{"@id":"https:\/\/meozen.com\/fr\/#website"},"primaryImageOfPage":{"@id":"https:\/\/meozen.com\/fr\/produit\/ytt-200-hatha-yoga-yoganatomie-dieulefit-provence-2023-2024\/#primaryimage"},"image":{"@id":"https:\/\/meozen.com\/fr\/produit\/ytt-200-hatha-yoga-yoganatomie-dieulefit-provence-2023-2024\/#primaryimage"},"thumbnailUrl":"https:\/\/meozen.com\/fr\/wp-content\/uploads\/sites\/2\/2023\/06\/formation-yoga-ytt-200-drome-1.jpeg","datePublished":"2023-06-07T12:03:25+00:00","dateModified":"2023-08-30T16:18:43+00:00","description":"R\u00e9servez d\u00e8s maintenant votre YTT 200 heures Hatha Yoga & Yoganatomie \u00e0 Dieulefit dans la Dr\u00f4me Proven\u00e7ale (2023 \/ 2024) avec Meozen. \u00c9vadez-vous du quotidien avec ce s\u00e9jour unique. Dur\u00e9e, conditions, prix... Cliquez pour d\u00e9couvrir !","breadcrumb":{"@id":"https:\/\/meozen.com\/fr\/produit\/ytt-200-hatha-yoga-yoganatomie-dieulefit-provence-2023-2024\/#breadcrumb"},"inLanguage":"fr-FR","potentialAction":[{"@type":"ReadAction","target":["https:\/\/meozen.com\/fr\/produit\/ytt-200-hatha-yoga-yoganatomie-dieulefit-provence-2023-2024\/"]}]},{"@type":"ImageObject","inLanguage":"fr-FR","@id":"https:\/\/meozen.com\/fr\/produit\/ytt-200-hatha-yoga-yoganatomie-dieulefit-provence-2023-2024\/#primaryimage","url":"https:\/\/meozen.com\/fr\/wp-content\/uploads\/sites\/2\/2023\/06\/formation-yoga-ytt-200-drome-1.jpeg","contentUrl":"https:\/\/meozen.com\/fr\/wp-content\/uploads\/sites\/2\/2023\/06\/formation-yoga-ytt-200-drome-1.jpeg","width":653,"height":490},{"@type":"BreadcrumbList","@id":"https:\/\/meozen.com\/fr\/produit\/ytt-200-hatha-yoga-yoganatomie-dieulefit-provence-2023-2024\/#breadcrumb","itemListElement":[{"@type":"ListItem","position":1,"name":"Accueil","item":"https:\/\/meozen.com\/fr\/"},{"@type":"ListItem","position":2,"name":"Boutique","item":"https:\/\/meozen.com\/fr\/boutique\/"},{"@type":"ListItem","position":3,"name":"YTT 200 heures Hatha Yoga &#038; Yoganatomie \u00e0 Dieulefit dans la Dr\u00f4me Proven\u00e7ale (2023 \/ 2024)"}]},{"@type":"WebSite","@id":"https:\/\/meozen.com\/fr\/#website","url":"https:\/\/meozen.com\/fr\/","name":"Meozen - Votre portail bien-\u00eatre","description":"D\u00e9couvrez tout l&#039;univers du bien-\u00eatre, yoga, m\u00e9ditation, trouvez les meilleures retraites et formations bien-\u00eatre","publisher":{"@id":"https:\/\/meozen.com\/fr\/#organization"},"potentialAction":[{"@type":"SearchAction","target":{"@type":"EntryPoint","urlTemplate":"https:\/\/meozen.com\/fr\/?s={search_term_string}"},"query-input":{"@type":"PropertyValueSpecification","valueRequired":true,"valueName":"search_term_string"}}],"inLanguage":"fr-FR"},{"@type":"Organization","@id":"https:\/\/meozen.com\/fr\/#organization","name":"Meozen","url":"https:\/\/meozen.com\/fr\/","logo":{"@type":"ImageObject","inLanguage":"fr-FR","@id":"https:\/\/meozen.com\/fr\/#\/schema\/logo\/image\/","url":"https:\/\/meozen.com\/fr\/wp-content\/uploads\/sites\/2\/2021\/06\/logo-meozen-push.jpg","contentUrl":"https:\/\/meozen.com\/fr\/wp-content\/uploads\/sites\/2\/2021\/06\/logo-meozen-push.jpg","width":384,"height":384,"caption":"Meozen"},"image":{"@id":"https:\/\/meozen.com\/fr\/#\/schema\/logo\/image\/"},"sameAs":["https:\/\/www.facebook.com\/MeozenFr\/","https:\/\/www.pinterest.fr\/meozen_officiel\/","https:\/\/www.instagram.com\/meozen_officiel\/"]}]}},"_links":{"self":[{"href":"https:\/\/meozen.com\/fr\/wp-json\/wp\/v2\/product\/5711","targetHints":{"allow":["GET"]}}],"collection":[{"href":"https:\/\/meozen.com\/fr\/wp-json\/wp\/v2\/product"}],"about":[{"href":"https:\/\/meozen.com\/fr\/wp-json\/wp\/v2\/types\/product"}],"replies":[{"embeddable":true,"href":"https:\/\/meozen.com\/fr\/wp-json\/wp\/v2\/comments?post=5711"}],"wp:featuredmedia":[{"embeddable":true,"href":"https:\/\/meozen.com\/fr\/wp-json\/wp\/v2\/media\/5849"}],"wp:attachment":[{"href":"https:\/\/meozen.com\/fr\/wp-json\/wp\/v2\/media?parent=5711"}],"wp:term":[{"taxonomy":"product_brand","embeddable":true,"href":"https:\/\/meozen.com\/fr\/wp-json\/wp\/v2\/product_brand?post=5711"},{"taxonomy":"product_cat","embeddable":true,"href":"https:\/\/meozen.com\/fr\/wp-json\/wp\/v2\/product_cat?post=5711"},{"taxonomy":"product_tag","embeddable":true,"href":"https:\/\/meozen.com\/fr\/wp-json\/wp\/v2\/product_tag?post=5711"}],"curies":[{"name":"wp","href":"https:\/\/api.w.org\/{rel}","templated":true}]}}