{"id":5735,"date":"2023-06-09T14:02:01","date_gmt":"2023-06-09T12:02:01","guid":{"rendered":"https:\/\/meozen.com\/fr\/?post_type=product&#038;p=5735"},"modified":"2023-06-17T02:37:46","modified_gmt":"2023-06-17T00:37:46","slug":"formation-yoga-therapie-14-jours-13-nuits-120-heures-dieulefit-drome-2023-2024","status":"publish","type":"product","link":"https:\/\/meozen.com\/fr\/produit\/formation-yoga-therapie-14-jours-13-nuits-120-heures-dieulefit-drome-2023-2024\/","title":{"rendered":"Formation Yoga Th\u00e9rapie &#8211; 14 jours \/ 13 nuits &#8211; 120 heures \u00e0 Dieulefit dans la Dr\u00f4me (2023 \/ 2024)"},"content":{"rendered":"<p><strong>\u2705 Pr\u00e9-requis<\/strong><\/p>\n<p>Professeur.e.s de yoga, Pilates ou discipline corporelle ayant les pr\u00e9-requis ci-dessous :<\/p>\n<ol>\n<li>Avoir des bases solides en anatomie. Si vous n\u2019avez pas suivi de formation <a href=\"https:\/\/meozen.com\/fr\/produit\/ytt-200-hatha-yoga-yoganatomie-dieulefit-provence-2023-2024\/\" target=\"_blank\" rel=\"noopener\"><strong>YTT 200h<\/strong><\/a> avec Yoga Inari et que vous n\u2019avez jamais fait d\u2019anatomie avant, il est conseill\u00e9 et demand\u00e9 de suivre la formation en ligne de 15h ou 50h ou avoir le temps de pr\u00e9parer son entr\u00e9e en formation (conna\u00eetre le nom des muscles, des os et leurs principales actions, leurs origines et leurs insertions). Le questionnaire des pr\u00e9 requis est envoy\u00e9 par mail apr\u00e8s votre demande d\u2019inscription.<\/li>\n<li>Enseigner le yoga depuis au moins 2 ans<\/li>\n<\/ol>\n<p>&nbsp;<\/p>\n<p class=\"subtitle\"><strong>\u2705 Journ\u00e9e type de la formation<\/strong><\/p>\n<ul>\n<li>07:00 &#8211; 08:15 Yoga postural et pranayama<\/li>\n<li>08:15 &#8211; 08:30 M\u00e9ditation<\/li>\n<li>08:30 &#8211; 09:15 Petit-d\u00e9jeuner<\/li>\n<li>09:15 &#8211; 13:15 Anatomie<\/li>\n<li>13:15 D\u00e9jeuner et pause<\/li>\n<li>14:45 &#8211; 15:00 Karma yoga<\/li>\n<li>15:00 &#8211; 18:30 Anatomie, p\u00e9dagogie ou psychologie<\/li>\n<li>18:15 &#8211; 18:30 Relaxation<\/li>\n<\/ul>\n<p>&nbsp;<\/p>\n<p class=\"subtitle\"><strong>\u2705 Certification<\/strong><\/p>\n<ul>\n<li>Une certification de professeur de Yoga YTTC Yoga Th\u00e9rapie<\/li>\n<li>Dipl\u00f4me de professeur de Yoga Inari &#8211; Yoganatomie de yoga th\u00e9rapie avec un bulletin r\u00e9capitulatif de tous les cours donn\u00e9s et une validation de tous les modules<\/li>\n<li>1 recommandation avec les retours de Yoga Inari<\/li>\n<\/ul>\n","protected":false},"excerpt":{"rendered":"<p><strong style=\"font-size: 22px;\">Une Formation de Yoga Th\u00e9rapie \ud83d\udccd \u00e0 Dieulefit dans le Dr\u00f4me proven\u00e7ale.\u00a0<\/strong><\/p>\n<p>D\u00e9couvrez cette formation en Yoga Th\u00e9rapie de 120 heures pour devenir un professeur accompli ! \u2705 Cette formation a pour but de vous donner des pistes de r\u00e9flexions autour de ce qu\u2019est la douleur, la maladie et son accompagnement th\u00e9rapeutique r\u00e9alisable par le mouvement, la m\u00e9ditation et la respiration.<\/p>\n<p class=\"subtitle\"><b>\ud83d\ude4f 5 modules au programme :<\/b><\/p>\n<ul>\n<li><b>Module 1 : <\/b>Anatomie (5oh de th\u00e9orie)<\/li>\n<li><strong>Module 2 :<\/strong> Sant\u00e9 \u00e9motionnelle (20h)<\/li>\n<li><strong>Module 3 : <\/strong>Pratique et p\u00e9dagogie du yoga, devenir yoga th\u00e9rapeute (40h)<\/li>\n<li><strong>Module 4 : <\/strong>M\u00e9ditation et relaxation (5h)<\/li>\n<li><strong>Module 5 : <\/strong>Respiration et pranayama (5h)<\/li>\n<\/ul>\n<p>&nbsp;<\/p>\n<p class=\"p1\">\ud83c\udfe0 Durant ces deux semaines, vous serez h\u00e9berg\u00e9 dans un g\u00eete (une b\u00e2tisse du 17\u00e8me si\u00e8cle qui a su garder tout son charme) au milieu du village de Dieulefit, entour\u00e9 des montagnes \u26f0\ufe0f.<\/p>\n<p class=\"p1\">\u2728\u00a0 Vous pourrez profiter d&rsquo;un cadre apaisant avec de jolies balades et des baignades dans les rivi\u00e8res environnantes qui vous attendent pendant les pauses. Vous pourrez \u00e9galement d\u00e9couvrir les march\u00e9s locaux.<\/p>\n<p>&nbsp;<\/p>\n<p class=\"p1\"><strong><b>\ud83d\uddd3\ufe0f <\/b>Dates de formation possibles :<\/strong><\/p>\n<ul>\n<li>Samedi 15 juillet 2023<\/li>\n<li>Lundi 21 ao\u00fbt 2023<\/li>\n<li>Samedi 17 ao\u00fbt 2024<\/li>\n<\/ul>\n<p><strong> Formation \u00e0 partir de 2 225 euros<\/strong><\/p>\n","protected":false},"featured_media":5840,"comment_status":"open","ping_status":"closed","template":"","meta":{"_mo_disable_npp":""},"product_brand":[],"product_cat":[131,132,130],"product_tag":[],"class_list":{"0":"post-5735","1":"product","2":"type-product","3":"status-publish","4":"has-post-thumbnail","6":"product_cat-formation-yoga","7":"product_cat-formation-yoga-france","8":"product_cat-formation-yoga-therapie","10":"first","11":"instock","12":"taxable","13":"shipping-taxable","14":"product-type-external"},"yoast_head":"<!-- This site is optimized with the Yoast SEO plugin v26.8 - https:\/\/yoast.com\/product\/yoast-seo-wordpress\/ -->\n<title>Formation Yoga Th\u00e9rapie - 14 jours \/ 13 nuits - 120 heures \u00e0 Dieulefit dans la Dr\u00f4me (2023 \/ 2024) - Meozen - Votre portail bien-\u00eatre<\/title>\n<meta name=\"description\" content=\"R\u00e9servez d\u00e8s maintenant votre Formation Yoga Th\u00e9rapie - 14 jours \/ 13 nuits - 120 heures \u00e0 Dieulefit dans la Dr\u00f4me (2023 \/ 2024) avec Meozen. \u00c9vadez-vous du quotidien avec ce s\u00e9jour unique. Dur\u00e9e, conditions, prix... Cliquez pour d\u00e9couvrir !\" \/>\n<meta name=\"robots\" content=\"index, follow, max-snippet:-1, max-image-preview:large, max-video-preview:-1\" \/>\n<link rel=\"canonical\" href=\"https:\/\/meozen.com\/fr\/produit\/formation-yoga-therapie-14-jours-13-nuits-120-heures-dieulefit-drome-2023-2024\/\" \/>\n<meta property=\"og:locale\" content=\"fr_FR\" \/>\n<meta property=\"og:type\" content=\"article\" \/>\n<meta property=\"og:title\" content=\"Formation Yoga Th\u00e9rapie - 14 jours \/ 13 nuits - 120 heures \u00e0 Dieulefit dans la Dr\u00f4me (2023 \/ 2024) - Meozen - Votre portail bien-\u00eatre\" \/>\n<meta property=\"og:description\" content=\"R\u00e9servez d\u00e8s maintenant votre Formation Yoga Th\u00e9rapie - 14 jours \/ 13 nuits - 120 heures \u00e0 Dieulefit dans la Dr\u00f4me (2023 \/ 2024) avec Meozen. \u00c9vadez-vous du quotidien avec ce s\u00e9jour unique. Dur\u00e9e, conditions, prix... Cliquez pour d\u00e9couvrir !\" \/>\n<meta property=\"og:url\" content=\"https:\/\/meozen.com\/fr\/produit\/formation-yoga-therapie-14-jours-13-nuits-120-heures-dieulefit-drome-2023-2024\/\" \/>\n<meta property=\"og:site_name\" content=\"Meozen - Votre portail bien-\u00eatre\" \/>\n<meta property=\"article:publisher\" content=\"https:\/\/www.facebook.com\/MeozenFr\/\" \/>\n<meta property=\"article:modified_time\" content=\"2023-06-17T00:37:46+00:00\" \/>\n<meta property=\"og:image\" content=\"https:\/\/meozen.com\/fr\/wp-content\/uploads\/sites\/2\/2023\/06\/formation-yoga-therapie-drome-1.jpeg\" \/>\n\t<meta property=\"og:image:width\" content=\"653\" \/>\n\t<meta property=\"og:image:height\" content=\"490\" \/>\n\t<meta property=\"og:image:type\" content=\"image\/jpeg\" \/>\n<meta name=\"twitter:card\" content=\"summary_large_image\" \/>\n<meta name=\"twitter:label1\" content=\"Dur\u00e9e de lecture estim\u00e9e\" \/>\n\t<meta name=\"twitter:data1\" content=\"1 minute\" \/>\n<script type=\"application\/ld+json\" class=\"yoast-schema-graph\">{\"@context\":\"https:\/\/schema.org\",\"@graph\":[{\"@type\":\"WebPage\",\"@id\":\"https:\/\/meozen.com\/fr\/produit\/formation-yoga-therapie-14-jours-13-nuits-120-heures-dieulefit-drome-2023-2024\/\",\"url\":\"https:\/\/meozen.com\/fr\/produit\/formation-yoga-therapie-14-jours-13-nuits-120-heures-dieulefit-drome-2023-2024\/\",\"name\":\"Formation Yoga Th\u00e9rapie - 14 jours \/ 13 nuits - 120 heures \u00e0 Dieulefit dans la Dr\u00f4me (2023 \/ 2024) - Meozen - Votre portail bien-\u00eatre\",\"isPartOf\":{\"@id\":\"https:\/\/meozen.com\/fr\/#website\"},\"primaryImageOfPage\":{\"@id\":\"https:\/\/meozen.com\/fr\/produit\/formation-yoga-therapie-14-jours-13-nuits-120-heures-dieulefit-drome-2023-2024\/#primaryimage\"},\"image\":{\"@id\":\"https:\/\/meozen.com\/fr\/produit\/formation-yoga-therapie-14-jours-13-nuits-120-heures-dieulefit-drome-2023-2024\/#primaryimage\"},\"thumbnailUrl\":\"https:\/\/meozen.com\/fr\/wp-content\/uploads\/sites\/2\/2023\/06\/formation-yoga-therapie-drome-1.jpeg\",\"datePublished\":\"2023-06-09T12:02:01+00:00\",\"dateModified\":\"2023-06-17T00:37:46+00:00\",\"description\":\"R\u00e9servez d\u00e8s maintenant votre Formation Yoga Th\u00e9rapie - 14 jours \/ 13 nuits - 120 heures \u00e0 Dieulefit dans la Dr\u00f4me (2023 \/ 2024) avec Meozen. \u00c9vadez-vous du quotidien avec ce s\u00e9jour unique. Dur\u00e9e, conditions, prix... Cliquez pour d\u00e9couvrir !\",\"breadcrumb\":{\"@id\":\"https:\/\/meozen.com\/fr\/produit\/formation-yoga-therapie-14-jours-13-nuits-120-heures-dieulefit-drome-2023-2024\/#breadcrumb\"},\"inLanguage\":\"fr-FR\",\"potentialAction\":[{\"@type\":\"ReadAction\",\"target\":[\"https:\/\/meozen.com\/fr\/produit\/formation-yoga-therapie-14-jours-13-nuits-120-heures-dieulefit-drome-2023-2024\/\"]}]},{\"@type\":\"ImageObject\",\"inLanguage\":\"fr-FR\",\"@id\":\"https:\/\/meozen.com\/fr\/produit\/formation-yoga-therapie-14-jours-13-nuits-120-heures-dieulefit-drome-2023-2024\/#primaryimage\",\"url\":\"https:\/\/meozen.com\/fr\/wp-content\/uploads\/sites\/2\/2023\/06\/formation-yoga-therapie-drome-1.jpeg\",\"contentUrl\":\"https:\/\/meozen.com\/fr\/wp-content\/uploads\/sites\/2\/2023\/06\/formation-yoga-therapie-drome-1.jpeg\",\"width\":653,\"height\":490},{\"@type\":\"BreadcrumbList\",\"@id\":\"https:\/\/meozen.com\/fr\/produit\/formation-yoga-therapie-14-jours-13-nuits-120-heures-dieulefit-drome-2023-2024\/#breadcrumb\",\"itemListElement\":[{\"@type\":\"ListItem\",\"position\":1,\"name\":\"Accueil\",\"item\":\"https:\/\/meozen.com\/fr\/\"},{\"@type\":\"ListItem\",\"position\":2,\"name\":\"Boutique\",\"item\":\"https:\/\/meozen.com\/fr\/boutique\/\"},{\"@type\":\"ListItem\",\"position\":3,\"name\":\"Formation Yoga Th\u00e9rapie &#8211; 14 jours \/ 13 nuits &#8211; 120 heures \u00e0 Dieulefit dans la Dr\u00f4me (2023 \/ 2024)\"}]},{\"@type\":\"WebSite\",\"@id\":\"https:\/\/meozen.com\/fr\/#website\",\"url\":\"https:\/\/meozen.com\/fr\/\",\"name\":\"Meozen - Votre portail bien-\u00eatre\",\"description\":\"D\u00e9couvrez tout l&#039;univers du bien-\u00eatre, yoga, m\u00e9ditation, trouvez les meilleures retraites et formations bien-\u00eatre\",\"publisher\":{\"@id\":\"https:\/\/meozen.com\/fr\/#organization\"},\"potentialAction\":[{\"@type\":\"SearchAction\",\"target\":{\"@type\":\"EntryPoint\",\"urlTemplate\":\"https:\/\/meozen.com\/fr\/?s={search_term_string}\"},\"query-input\":{\"@type\":\"PropertyValueSpecification\",\"valueRequired\":true,\"valueName\":\"search_term_string\"}}],\"inLanguage\":\"fr-FR\"},{\"@type\":\"Organization\",\"@id\":\"https:\/\/meozen.com\/fr\/#organization\",\"name\":\"Meozen\",\"url\":\"https:\/\/meozen.com\/fr\/\",\"logo\":{\"@type\":\"ImageObject\",\"inLanguage\":\"fr-FR\",\"@id\":\"https:\/\/meozen.com\/fr\/#\/schema\/logo\/image\/\",\"url\":\"https:\/\/meozen.com\/fr\/wp-content\/uploads\/sites\/2\/2021\/06\/logo-meozen-push.jpg\",\"contentUrl\":\"https:\/\/meozen.com\/fr\/wp-content\/uploads\/sites\/2\/2021\/06\/logo-meozen-push.jpg\",\"width\":384,\"height\":384,\"caption\":\"Meozen\"},\"image\":{\"@id\":\"https:\/\/meozen.com\/fr\/#\/schema\/logo\/image\/\"},\"sameAs\":[\"https:\/\/www.facebook.com\/MeozenFr\/\",\"https:\/\/www.pinterest.fr\/meozen_officiel\/\",\"https:\/\/www.instagram.com\/meozen_officiel\/\"]}]}<\/script>\n<!-- \/ Yoast SEO plugin. -->","yoast_head_json":{"title":"Formation Yoga Th\u00e9rapie - 14 jours \/ 13 nuits - 120 heures \u00e0 Dieulefit dans la Dr\u00f4me (2023 \/ 2024) - Meozen - Votre portail bien-\u00eatre","description":"R\u00e9servez d\u00e8s maintenant votre Formation Yoga Th\u00e9rapie - 14 jours \/ 13 nuits - 120 heures \u00e0 Dieulefit dans la Dr\u00f4me (2023 \/ 2024) avec Meozen. \u00c9vadez-vous du quotidien avec ce s\u00e9jour unique. Dur\u00e9e, conditions, prix... Cliquez pour d\u00e9couvrir !","robots":{"index":"index","follow":"follow","max-snippet":"max-snippet:-1","max-image-preview":"max-image-preview:large","max-video-preview":"max-video-preview:-1"},"canonical":"https:\/\/meozen.com\/fr\/produit\/formation-yoga-therapie-14-jours-13-nuits-120-heures-dieulefit-drome-2023-2024\/","og_locale":"fr_FR","og_type":"article","og_title":"Formation Yoga Th\u00e9rapie - 14 jours \/ 13 nuits - 120 heures \u00e0 Dieulefit dans la Dr\u00f4me (2023 \/ 2024) - Meozen - Votre portail bien-\u00eatre","og_description":"R\u00e9servez d\u00e8s maintenant votre Formation Yoga Th\u00e9rapie - 14 jours \/ 13 nuits - 120 heures \u00e0 Dieulefit dans la Dr\u00f4me (2023 \/ 2024) avec Meozen. \u00c9vadez-vous du quotidien avec ce s\u00e9jour unique. Dur\u00e9e, conditions, prix... Cliquez pour d\u00e9couvrir !","og_url":"https:\/\/meozen.com\/fr\/produit\/formation-yoga-therapie-14-jours-13-nuits-120-heures-dieulefit-drome-2023-2024\/","og_site_name":"Meozen - Votre portail bien-\u00eatre","article_publisher":"https:\/\/www.facebook.com\/MeozenFr\/","article_modified_time":"2023-06-17T00:37:46+00:00","og_image":[{"width":653,"height":490,"url":"https:\/\/meozen.com\/fr\/wp-content\/uploads\/sites\/2\/2023\/06\/formation-yoga-therapie-drome-1.jpeg","type":"image\/jpeg"}],"twitter_card":"summary_large_image","twitter_misc":{"Dur\u00e9e de lecture estim\u00e9e":"1 minute"},"schema":{"@context":"https:\/\/schema.org","@graph":[{"@type":"WebPage","@id":"https:\/\/meozen.com\/fr\/produit\/formation-yoga-therapie-14-jours-13-nuits-120-heures-dieulefit-drome-2023-2024\/","url":"https:\/\/meozen.com\/fr\/produit\/formation-yoga-therapie-14-jours-13-nuits-120-heures-dieulefit-drome-2023-2024\/","name":"Formation Yoga Th\u00e9rapie - 14 jours \/ 13 nuits - 120 heures \u00e0 Dieulefit dans la Dr\u00f4me (2023 \/ 2024) - Meozen - Votre portail bien-\u00eatre","isPartOf":{"@id":"https:\/\/meozen.com\/fr\/#website"},"primaryImageOfPage":{"@id":"https:\/\/meozen.com\/fr\/produit\/formation-yoga-therapie-14-jours-13-nuits-120-heures-dieulefit-drome-2023-2024\/#primaryimage"},"image":{"@id":"https:\/\/meozen.com\/fr\/produit\/formation-yoga-therapie-14-jours-13-nuits-120-heures-dieulefit-drome-2023-2024\/#primaryimage"},"thumbnailUrl":"https:\/\/meozen.com\/fr\/wp-content\/uploads\/sites\/2\/2023\/06\/formation-yoga-therapie-drome-1.jpeg","datePublished":"2023-06-09T12:02:01+00:00","dateModified":"2023-06-17T00:37:46+00:00","description":"R\u00e9servez d\u00e8s maintenant votre Formation Yoga Th\u00e9rapie - 14 jours \/ 13 nuits - 120 heures \u00e0 Dieulefit dans la Dr\u00f4me (2023 \/ 2024) avec Meozen. \u00c9vadez-vous du quotidien avec ce s\u00e9jour unique. Dur\u00e9e, conditions, prix... Cliquez pour d\u00e9couvrir !","breadcrumb":{"@id":"https:\/\/meozen.com\/fr\/produit\/formation-yoga-therapie-14-jours-13-nuits-120-heures-dieulefit-drome-2023-2024\/#breadcrumb"},"inLanguage":"fr-FR","potentialAction":[{"@type":"ReadAction","target":["https:\/\/meozen.com\/fr\/produit\/formation-yoga-therapie-14-jours-13-nuits-120-heures-dieulefit-drome-2023-2024\/"]}]},{"@type":"ImageObject","inLanguage":"fr-FR","@id":"https:\/\/meozen.com\/fr\/produit\/formation-yoga-therapie-14-jours-13-nuits-120-heures-dieulefit-drome-2023-2024\/#primaryimage","url":"https:\/\/meozen.com\/fr\/wp-content\/uploads\/sites\/2\/2023\/06\/formation-yoga-therapie-drome-1.jpeg","contentUrl":"https:\/\/meozen.com\/fr\/wp-content\/uploads\/sites\/2\/2023\/06\/formation-yoga-therapie-drome-1.jpeg","width":653,"height":490},{"@type":"BreadcrumbList","@id":"https:\/\/meozen.com\/fr\/produit\/formation-yoga-therapie-14-jours-13-nuits-120-heures-dieulefit-drome-2023-2024\/#breadcrumb","itemListElement":[{"@type":"ListItem","position":1,"name":"Accueil","item":"https:\/\/meozen.com\/fr\/"},{"@type":"ListItem","position":2,"name":"Boutique","item":"https:\/\/meozen.com\/fr\/boutique\/"},{"@type":"ListItem","position":3,"name":"Formation Yoga Th\u00e9rapie &#8211; 14 jours \/ 13 nuits &#8211; 120 heures \u00e0 Dieulefit dans la Dr\u00f4me (2023 \/ 2024)"}]},{"@type":"WebSite","@id":"https:\/\/meozen.com\/fr\/#website","url":"https:\/\/meozen.com\/fr\/","name":"Meozen - Votre portail bien-\u00eatre","description":"D\u00e9couvrez tout l&#039;univers du bien-\u00eatre, yoga, m\u00e9ditation, trouvez les meilleures retraites et formations bien-\u00eatre","publisher":{"@id":"https:\/\/meozen.com\/fr\/#organization"},"potentialAction":[{"@type":"SearchAction","target":{"@type":"EntryPoint","urlTemplate":"https:\/\/meozen.com\/fr\/?s={search_term_string}"},"query-input":{"@type":"PropertyValueSpecification","valueRequired":true,"valueName":"search_term_string"}}],"inLanguage":"fr-FR"},{"@type":"Organization","@id":"https:\/\/meozen.com\/fr\/#organization","name":"Meozen","url":"https:\/\/meozen.com\/fr\/","logo":{"@type":"ImageObject","inLanguage":"fr-FR","@id":"https:\/\/meozen.com\/fr\/#\/schema\/logo\/image\/","url":"https:\/\/meozen.com\/fr\/wp-content\/uploads\/sites\/2\/2021\/06\/logo-meozen-push.jpg","contentUrl":"https:\/\/meozen.com\/fr\/wp-content\/uploads\/sites\/2\/2021\/06\/logo-meozen-push.jpg","width":384,"height":384,"caption":"Meozen"},"image":{"@id":"https:\/\/meozen.com\/fr\/#\/schema\/logo\/image\/"},"sameAs":["https:\/\/www.facebook.com\/MeozenFr\/","https:\/\/www.pinterest.fr\/meozen_officiel\/","https:\/\/www.instagram.com\/meozen_officiel\/"]}]}},"_links":{"self":[{"href":"https:\/\/meozen.com\/fr\/wp-json\/wp\/v2\/product\/5735","targetHints":{"allow":["GET"]}}],"collection":[{"href":"https:\/\/meozen.com\/fr\/wp-json\/wp\/v2\/product"}],"about":[{"href":"https:\/\/meozen.com\/fr\/wp-json\/wp\/v2\/types\/product"}],"replies":[{"embeddable":true,"href":"https:\/\/meozen.com\/fr\/wp-json\/wp\/v2\/comments?post=5735"}],"wp:featuredmedia":[{"embeddable":true,"href":"https:\/\/meozen.com\/fr\/wp-json\/wp\/v2\/media\/5840"}],"wp:attachment":[{"href":"https:\/\/meozen.com\/fr\/wp-json\/wp\/v2\/media?parent=5735"}],"wp:term":[{"taxonomy":"product_brand","embeddable":true,"href":"https:\/\/meozen.com\/fr\/wp-json\/wp\/v2\/product_brand?post=5735"},{"taxonomy":"product_cat","embeddable":true,"href":"https:\/\/meozen.com\/fr\/wp-json\/wp\/v2\/product_cat?post=5735"},{"taxonomy":"product_tag","embeddable":true,"href":"https:\/\/meozen.com\/fr\/wp-json\/wp\/v2\/product_tag?post=5735"}],"curies":[{"name":"wp","href":"https:\/\/api.w.org\/{rel}","templated":true}]}}