{"id":5756,"date":"2023-06-13T15:14:06","date_gmt":"2023-06-13T13:14:06","guid":{"rendered":"https:\/\/meozen.com\/fr\/?post_type=product&#038;p=5756"},"modified":"2023-06-29T11:55:50","modified_gmt":"2023-06-29T09:55:50","slug":"ytt-200-heures-yoga-multistyles-chateau-lautrec-occitanie-2023","status":"publish","type":"product","link":"https:\/\/meozen.com\/fr\/produit\/ytt-200-heures-yoga-multistyles-chateau-lautrec-occitanie-2023\/","title":{"rendered":"YTT 200 heures Yoga multistyles dans un ch\u00e2teau \u00e0 Lautrec en Occitanie (2023)"},"content":{"rendered":"<p><strong>\u2705 Pr\u00e9-requis\u00a0<\/strong><\/p>\n<ul>\n<li>Un an d&rsquo;exp\u00e9rience ou 52 cours (en personne avec un professeur en direct)<\/li>\n<\/ul>\n<p class=\"subtitle\"><strong><b> \u2705 Au programme :<\/b><\/strong><\/p>\n<ol>\n<li class=\"subtitle\"><strong>Premi\u00e8re semaine<\/strong> : anatomie, physiologie et biom\u00e9canique<\/li>\n<li class=\"subtitle\"><strong>Deuxi\u00e8me semaine<\/strong> : enseignement de la m\u00e9thodologie et cr\u00e9ation d&rsquo;une pratique professionnelle<\/li>\n<li class=\"subtitle\"><strong>Troisi\u00e8me semaine<\/strong> : histoire et philosophie du yoga<\/li>\n<\/ol>\n<p class=\"subtitle\"><strong>\u2705 Journ\u00e9e type :\u00a0<\/strong><\/p>\n<ul>\n<li>08:00 &#8211; 09:30 Cours de yoga<\/li>\n<li>09:30 &#8211; 10:30 Petit-d\u00e9jeuner<\/li>\n<li>10:30 &#8211; 11:30 Pranayama et m\u00e9ditation<\/li>\n<li>11:30 &#8211; 13:00 Th\u00e9orie<\/li>\n<li>13:00 &#8211; 15:00 Pause d\u00e9jeuner<\/li>\n<li>15:00 &#8211; 16:00 Th\u00e9orie<\/li>\n<li>16:00 &#8211; 17:00 Atelier d&rsquo;asanas ou enseignement pratique des \u00e9tudiants<\/li>\n<li>17:00 &#8211; 18:00 Yoga doux ou gu\u00e9rison<\/li>\n<li>18:30 &#8211; 19:30 D\u00eener<\/li>\n<\/ul>\n<p><strong>\u2705 Th\u00e8mes abord\u00e9s :<\/strong><\/p>\n<ul>\n<li>M\u00e9thode Ross<\/li>\n<li>Hatha-vinyasa ou flow et kundalini chakra<\/li>\n<li>D\u00e9veloppement personnel<\/li>\n<li>L&rsquo;art-th\u00e9rapie<\/li>\n<\/ul>\n<p><strong>\u2705 Certifications :<\/strong><\/p>\n<ul>\n<li>Les \u00e9tudiants qui terminent leurs formations peuvent s&rsquo;inscrire aupr\u00e8s de Yoga Alliance en tant que professeurs certifi\u00e9s (RYT\u00ae).<\/li>\n<\/ul>\n<p><strong>\u2705 Repas &amp; h\u00e9bergement :<\/strong><\/p>\n<ul>\n<li><span style=\"font-weight: 400;\">Petits d\u00e9jeuners, d\u00e9jeuners et d\u00eeners inclus\u00a0 (v\u00e9g\u00e9tariens et v\u00e9g\u00e9taliens)\u00a0<\/span><\/li>\n<li>Possibilit\u00e9 d&rsquo;avoir une chambre priv\u00e9e<\/li>\n<\/ul>\n","protected":false},"excerpt":{"rendered":"<p><strong style=\"font-size: 22px;\">Une Formation de Professeur de Yoga (YTT 200 heures) <strong>\ud83d\udccd<\/strong>\u00a0dans un ch\u00e2teau \u00e0 Lautrec en Occitanie.\u00a0<\/strong><\/p>\n<p>Le YTT 200 heures de Yoga Awake Space est une formation compl\u00e8te se d\u00e9roulant dans un magnifique ch\u00e2teau au c\u0153ur du village de Lautrec.<\/p>\n<p>\ud83e\uddd8\u200d\u2640\ufe0f Au cours de cette formation, vous vous familiariserez avec l&rsquo;anatomie, la physiologie, la philosophie, les techniques d&rsquo;enseignement et la m\u00e9thodologie.<\/p>\n<p class=\"p1\">\ud83c\udfe0 Durant ces 22 jours intensifs, vous serez h\u00e9berg\u00e9 au Ch\u00e2teau de Montcuquet, juste \u00e0 l&rsquo;ext\u00e9rieur du village m\u00e9di\u00e9val de Lautrec, l&rsquo;un des plus beaux villages de France.<\/p>\n<p class=\"p1\">\u2728\u00a0 Vous pourrez profiter d&rsquo;un cadre apaisant et historique (la construction du \u00a0ch\u00e2teau remonte aux ann\u00e9es 1300). Par ailleurs, vous aurez l&rsquo;occasion de faire une visite guid\u00e9e de la cit\u00e9 m\u00e9di\u00e9vale.<\/p>\n<p>&nbsp;<\/p>\n<p class=\"p1\"><strong><b>\ud83d\uddd3\ufe0f\u00a0<\/b>Dates de formation possibles :<\/strong><\/p>\n<ul>\n<li>Lundi 14 ao\u00fbt 2023<\/li>\n<li>Lundi 11 septembre 2023<\/li>\n<li>Lundi 16 octobre 2023<\/li>\n<\/ul>\n<p><strong>\ud83d\udfe1 Formation \u00e0 partir de 2 889 euros<\/strong><\/p>\n<p>&nbsp;<\/p>\n<p><strong>\u2705 Ce qui est inclus :<\/strong><\/p>\n<ul>\n<li>Formation<\/li>\n<li>Visite guid\u00e9e \u00e0 pied du village m\u00e9di\u00e9val local<\/li>\n<li>21 nuits d&rsquo;h\u00e9bergement<\/li>\n<li>Tous les repas<\/li>\n<li>Certificat de fin de formation<\/li>\n<li>Tapis de yoga et \u00e9quipement<\/li>\n<li>Manuel de formation<\/li>\n<\/ul>\n","protected":false},"featured_media":6172,"comment_status":"open","ping_status":"closed","template":"","meta":{"_mo_disable_npp":""},"product_brand":[],"product_cat":[131,32,122,140,69,73],"product_tag":[],"class_list":{"0":"post-5756","1":"product","2":"type-product","3":"status-publish","4":"has-post-thumbnail","6":"product_cat-formation-yoga","7":"product_cat-formation-ytt-200","8":"product_cat-formation-ytt-france","9":"product_cat-ytt","10":"product_cat-ytt-200-france","11":"product_cat-ytt-200-occitanie","13":"first","14":"instock","15":"taxable","16":"shipping-taxable","17":"product-type-external"},"yoast_head":"<!-- This site is optimized with the Yoast SEO plugin v26.8 - https:\/\/yoast.com\/product\/yoast-seo-wordpress\/ -->\n<title>YTT 200 heures Yoga multistyles dans un ch\u00e2teau \u00e0 Lautrec en Occitanie (2023) - Meozen - Votre portail bien-\u00eatre<\/title>\n<meta name=\"description\" content=\"R\u00e9servez d\u00e8s maintenant votre YTT 200 heures Yoga multistyles dans un ch\u00e2teau \u00e0 Lautrec en Occitanie (2023) avec Meozen. \u00c9vadez-vous du quotidien avec ce s\u00e9jour unique. Dur\u00e9e, conditions, prix... Cliquez pour d\u00e9couvrir !\" \/>\n<meta name=\"robots\" content=\"index, follow, max-snippet:-1, max-image-preview:large, max-video-preview:-1\" \/>\n<link rel=\"canonical\" href=\"https:\/\/meozen.com\/fr\/produit\/ytt-200-heures-yoga-multistyles-chateau-lautrec-occitanie-2023\/\" \/>\n<meta property=\"og:locale\" content=\"fr_FR\" \/>\n<meta property=\"og:type\" content=\"article\" \/>\n<meta property=\"og:title\" content=\"YTT 200 heures Yoga multistyles dans un ch\u00e2teau \u00e0 Lautrec en Occitanie (2023) - Meozen - Votre portail bien-\u00eatre\" \/>\n<meta property=\"og:description\" content=\"R\u00e9servez d\u00e8s maintenant votre YTT 200 heures Yoga multistyles dans un ch\u00e2teau \u00e0 Lautrec en Occitanie (2023) avec Meozen. \u00c9vadez-vous du quotidien avec ce s\u00e9jour unique. Dur\u00e9e, conditions, prix... Cliquez pour d\u00e9couvrir !\" \/>\n<meta property=\"og:url\" content=\"https:\/\/meozen.com\/fr\/produit\/ytt-200-heures-yoga-multistyles-chateau-lautrec-occitanie-2023\/\" \/>\n<meta property=\"og:site_name\" content=\"Meozen - Votre portail bien-\u00eatre\" \/>\n<meta property=\"article:publisher\" content=\"https:\/\/www.facebook.com\/MeozenFr\/\" \/>\n<meta property=\"article:modified_time\" content=\"2023-06-29T09:55:50+00:00\" \/>\n<meta property=\"og:image\" content=\"https:\/\/meozen.com\/fr\/wp-content\/uploads\/sites\/2\/2023\/06\/formation-yoga-ytt-200-lautrec-occitanie-1.jpeg\" \/>\n\t<meta property=\"og:image:width\" content=\"653\" \/>\n\t<meta property=\"og:image:height\" content=\"490\" \/>\n\t<meta property=\"og:image:type\" content=\"image\/jpeg\" \/>\n<meta name=\"twitter:card\" content=\"summary_large_image\" \/>\n<meta name=\"twitter:label1\" content=\"Dur\u00e9e de lecture estim\u00e9e\" \/>\n\t<meta name=\"twitter:data1\" content=\"1 minute\" \/>\n<script type=\"application\/ld+json\" class=\"yoast-schema-graph\">{\"@context\":\"https:\/\/schema.org\",\"@graph\":[{\"@type\":\"WebPage\",\"@id\":\"https:\/\/meozen.com\/fr\/produit\/ytt-200-heures-yoga-multistyles-chateau-lautrec-occitanie-2023\/\",\"url\":\"https:\/\/meozen.com\/fr\/produit\/ytt-200-heures-yoga-multistyles-chateau-lautrec-occitanie-2023\/\",\"name\":\"YTT 200 heures Yoga multistyles dans un ch\u00e2teau \u00e0 Lautrec en Occitanie (2023) - Meozen - Votre portail bien-\u00eatre\",\"isPartOf\":{\"@id\":\"https:\/\/meozen.com\/fr\/#website\"},\"primaryImageOfPage\":{\"@id\":\"https:\/\/meozen.com\/fr\/produit\/ytt-200-heures-yoga-multistyles-chateau-lautrec-occitanie-2023\/#primaryimage\"},\"image\":{\"@id\":\"https:\/\/meozen.com\/fr\/produit\/ytt-200-heures-yoga-multistyles-chateau-lautrec-occitanie-2023\/#primaryimage\"},\"thumbnailUrl\":\"https:\/\/meozen.com\/fr\/wp-content\/uploads\/sites\/2\/2023\/06\/formation-yoga-ytt-200-lautrec-occitanie-1.jpeg\",\"datePublished\":\"2023-06-13T13:14:06+00:00\",\"dateModified\":\"2023-06-29T09:55:50+00:00\",\"description\":\"R\u00e9servez d\u00e8s maintenant votre YTT 200 heures Yoga multistyles dans un ch\u00e2teau \u00e0 Lautrec en Occitanie (2023) avec Meozen. \u00c9vadez-vous du quotidien avec ce s\u00e9jour unique. Dur\u00e9e, conditions, prix... Cliquez pour d\u00e9couvrir !\",\"breadcrumb\":{\"@id\":\"https:\/\/meozen.com\/fr\/produit\/ytt-200-heures-yoga-multistyles-chateau-lautrec-occitanie-2023\/#breadcrumb\"},\"inLanguage\":\"fr-FR\",\"potentialAction\":[{\"@type\":\"ReadAction\",\"target\":[\"https:\/\/meozen.com\/fr\/produit\/ytt-200-heures-yoga-multistyles-chateau-lautrec-occitanie-2023\/\"]}]},{\"@type\":\"ImageObject\",\"inLanguage\":\"fr-FR\",\"@id\":\"https:\/\/meozen.com\/fr\/produit\/ytt-200-heures-yoga-multistyles-chateau-lautrec-occitanie-2023\/#primaryimage\",\"url\":\"https:\/\/meozen.com\/fr\/wp-content\/uploads\/sites\/2\/2023\/06\/formation-yoga-ytt-200-lautrec-occitanie-1.jpeg\",\"contentUrl\":\"https:\/\/meozen.com\/fr\/wp-content\/uploads\/sites\/2\/2023\/06\/formation-yoga-ytt-200-lautrec-occitanie-1.jpeg\",\"width\":653,\"height\":490},{\"@type\":\"BreadcrumbList\",\"@id\":\"https:\/\/meozen.com\/fr\/produit\/ytt-200-heures-yoga-multistyles-chateau-lautrec-occitanie-2023\/#breadcrumb\",\"itemListElement\":[{\"@type\":\"ListItem\",\"position\":1,\"name\":\"Accueil\",\"item\":\"https:\/\/meozen.com\/fr\/\"},{\"@type\":\"ListItem\",\"position\":2,\"name\":\"Boutique\",\"item\":\"https:\/\/meozen.com\/fr\/boutique\/\"},{\"@type\":\"ListItem\",\"position\":3,\"name\":\"YTT 200 heures Yoga multistyles dans un ch\u00e2teau \u00e0 Lautrec en Occitanie (2023)\"}]},{\"@type\":\"WebSite\",\"@id\":\"https:\/\/meozen.com\/fr\/#website\",\"url\":\"https:\/\/meozen.com\/fr\/\",\"name\":\"Meozen - Votre portail bien-\u00eatre\",\"description\":\"D\u00e9couvrez tout l&#039;univers du bien-\u00eatre, yoga, m\u00e9ditation, trouvez les meilleures retraites et formations bien-\u00eatre\",\"publisher\":{\"@id\":\"https:\/\/meozen.com\/fr\/#organization\"},\"potentialAction\":[{\"@type\":\"SearchAction\",\"target\":{\"@type\":\"EntryPoint\",\"urlTemplate\":\"https:\/\/meozen.com\/fr\/?s={search_term_string}\"},\"query-input\":{\"@type\":\"PropertyValueSpecification\",\"valueRequired\":true,\"valueName\":\"search_term_string\"}}],\"inLanguage\":\"fr-FR\"},{\"@type\":\"Organization\",\"@id\":\"https:\/\/meozen.com\/fr\/#organization\",\"name\":\"Meozen\",\"url\":\"https:\/\/meozen.com\/fr\/\",\"logo\":{\"@type\":\"ImageObject\",\"inLanguage\":\"fr-FR\",\"@id\":\"https:\/\/meozen.com\/fr\/#\/schema\/logo\/image\/\",\"url\":\"https:\/\/meozen.com\/fr\/wp-content\/uploads\/sites\/2\/2021\/06\/logo-meozen-push.jpg\",\"contentUrl\":\"https:\/\/meozen.com\/fr\/wp-content\/uploads\/sites\/2\/2021\/06\/logo-meozen-push.jpg\",\"width\":384,\"height\":384,\"caption\":\"Meozen\"},\"image\":{\"@id\":\"https:\/\/meozen.com\/fr\/#\/schema\/logo\/image\/\"},\"sameAs\":[\"https:\/\/www.facebook.com\/MeozenFr\/\",\"https:\/\/www.pinterest.fr\/meozen_officiel\/\",\"https:\/\/www.instagram.com\/meozen_officiel\/\"]}]}<\/script>\n<!-- \/ Yoast SEO plugin. -->","yoast_head_json":{"title":"YTT 200 heures Yoga multistyles dans un ch\u00e2teau \u00e0 Lautrec en Occitanie (2023) - Meozen - Votre portail bien-\u00eatre","description":"R\u00e9servez d\u00e8s maintenant votre YTT 200 heures Yoga multistyles dans un ch\u00e2teau \u00e0 Lautrec en Occitanie (2023) avec Meozen. \u00c9vadez-vous du quotidien avec ce s\u00e9jour unique. Dur\u00e9e, conditions, prix... Cliquez pour d\u00e9couvrir !","robots":{"index":"index","follow":"follow","max-snippet":"max-snippet:-1","max-image-preview":"max-image-preview:large","max-video-preview":"max-video-preview:-1"},"canonical":"https:\/\/meozen.com\/fr\/produit\/ytt-200-heures-yoga-multistyles-chateau-lautrec-occitanie-2023\/","og_locale":"fr_FR","og_type":"article","og_title":"YTT 200 heures Yoga multistyles dans un ch\u00e2teau \u00e0 Lautrec en Occitanie (2023) - Meozen - Votre portail bien-\u00eatre","og_description":"R\u00e9servez d\u00e8s maintenant votre YTT 200 heures Yoga multistyles dans un ch\u00e2teau \u00e0 Lautrec en Occitanie (2023) avec Meozen. \u00c9vadez-vous du quotidien avec ce s\u00e9jour unique. Dur\u00e9e, conditions, prix... Cliquez pour d\u00e9couvrir !","og_url":"https:\/\/meozen.com\/fr\/produit\/ytt-200-heures-yoga-multistyles-chateau-lautrec-occitanie-2023\/","og_site_name":"Meozen - Votre portail bien-\u00eatre","article_publisher":"https:\/\/www.facebook.com\/MeozenFr\/","article_modified_time":"2023-06-29T09:55:50+00:00","og_image":[{"width":653,"height":490,"url":"https:\/\/meozen.com\/fr\/wp-content\/uploads\/sites\/2\/2023\/06\/formation-yoga-ytt-200-lautrec-occitanie-1.jpeg","type":"image\/jpeg"}],"twitter_card":"summary_large_image","twitter_misc":{"Dur\u00e9e de lecture estim\u00e9e":"1 minute"},"schema":{"@context":"https:\/\/schema.org","@graph":[{"@type":"WebPage","@id":"https:\/\/meozen.com\/fr\/produit\/ytt-200-heures-yoga-multistyles-chateau-lautrec-occitanie-2023\/","url":"https:\/\/meozen.com\/fr\/produit\/ytt-200-heures-yoga-multistyles-chateau-lautrec-occitanie-2023\/","name":"YTT 200 heures Yoga multistyles dans un ch\u00e2teau \u00e0 Lautrec en Occitanie (2023) - Meozen - Votre portail bien-\u00eatre","isPartOf":{"@id":"https:\/\/meozen.com\/fr\/#website"},"primaryImageOfPage":{"@id":"https:\/\/meozen.com\/fr\/produit\/ytt-200-heures-yoga-multistyles-chateau-lautrec-occitanie-2023\/#primaryimage"},"image":{"@id":"https:\/\/meozen.com\/fr\/produit\/ytt-200-heures-yoga-multistyles-chateau-lautrec-occitanie-2023\/#primaryimage"},"thumbnailUrl":"https:\/\/meozen.com\/fr\/wp-content\/uploads\/sites\/2\/2023\/06\/formation-yoga-ytt-200-lautrec-occitanie-1.jpeg","datePublished":"2023-06-13T13:14:06+00:00","dateModified":"2023-06-29T09:55:50+00:00","description":"R\u00e9servez d\u00e8s maintenant votre YTT 200 heures Yoga multistyles dans un ch\u00e2teau \u00e0 Lautrec en Occitanie (2023) avec Meozen. \u00c9vadez-vous du quotidien avec ce s\u00e9jour unique. Dur\u00e9e, conditions, prix... Cliquez pour d\u00e9couvrir !","breadcrumb":{"@id":"https:\/\/meozen.com\/fr\/produit\/ytt-200-heures-yoga-multistyles-chateau-lautrec-occitanie-2023\/#breadcrumb"},"inLanguage":"fr-FR","potentialAction":[{"@type":"ReadAction","target":["https:\/\/meozen.com\/fr\/produit\/ytt-200-heures-yoga-multistyles-chateau-lautrec-occitanie-2023\/"]}]},{"@type":"ImageObject","inLanguage":"fr-FR","@id":"https:\/\/meozen.com\/fr\/produit\/ytt-200-heures-yoga-multistyles-chateau-lautrec-occitanie-2023\/#primaryimage","url":"https:\/\/meozen.com\/fr\/wp-content\/uploads\/sites\/2\/2023\/06\/formation-yoga-ytt-200-lautrec-occitanie-1.jpeg","contentUrl":"https:\/\/meozen.com\/fr\/wp-content\/uploads\/sites\/2\/2023\/06\/formation-yoga-ytt-200-lautrec-occitanie-1.jpeg","width":653,"height":490},{"@type":"BreadcrumbList","@id":"https:\/\/meozen.com\/fr\/produit\/ytt-200-heures-yoga-multistyles-chateau-lautrec-occitanie-2023\/#breadcrumb","itemListElement":[{"@type":"ListItem","position":1,"name":"Accueil","item":"https:\/\/meozen.com\/fr\/"},{"@type":"ListItem","position":2,"name":"Boutique","item":"https:\/\/meozen.com\/fr\/boutique\/"},{"@type":"ListItem","position":3,"name":"YTT 200 heures Yoga multistyles dans un ch\u00e2teau \u00e0 Lautrec en Occitanie (2023)"}]},{"@type":"WebSite","@id":"https:\/\/meozen.com\/fr\/#website","url":"https:\/\/meozen.com\/fr\/","name":"Meozen - Votre portail bien-\u00eatre","description":"D\u00e9couvrez tout l&#039;univers du bien-\u00eatre, yoga, m\u00e9ditation, trouvez les meilleures retraites et formations bien-\u00eatre","publisher":{"@id":"https:\/\/meozen.com\/fr\/#organization"},"potentialAction":[{"@type":"SearchAction","target":{"@type":"EntryPoint","urlTemplate":"https:\/\/meozen.com\/fr\/?s={search_term_string}"},"query-input":{"@type":"PropertyValueSpecification","valueRequired":true,"valueName":"search_term_string"}}],"inLanguage":"fr-FR"},{"@type":"Organization","@id":"https:\/\/meozen.com\/fr\/#organization","name":"Meozen","url":"https:\/\/meozen.com\/fr\/","logo":{"@type":"ImageObject","inLanguage":"fr-FR","@id":"https:\/\/meozen.com\/fr\/#\/schema\/logo\/image\/","url":"https:\/\/meozen.com\/fr\/wp-content\/uploads\/sites\/2\/2021\/06\/logo-meozen-push.jpg","contentUrl":"https:\/\/meozen.com\/fr\/wp-content\/uploads\/sites\/2\/2021\/06\/logo-meozen-push.jpg","width":384,"height":384,"caption":"Meozen"},"image":{"@id":"https:\/\/meozen.com\/fr\/#\/schema\/logo\/image\/"},"sameAs":["https:\/\/www.facebook.com\/MeozenFr\/","https:\/\/www.pinterest.fr\/meozen_officiel\/","https:\/\/www.instagram.com\/meozen_officiel\/"]}]}},"_links":{"self":[{"href":"https:\/\/meozen.com\/fr\/wp-json\/wp\/v2\/product\/5756","targetHints":{"allow":["GET"]}}],"collection":[{"href":"https:\/\/meozen.com\/fr\/wp-json\/wp\/v2\/product"}],"about":[{"href":"https:\/\/meozen.com\/fr\/wp-json\/wp\/v2\/types\/product"}],"replies":[{"embeddable":true,"href":"https:\/\/meozen.com\/fr\/wp-json\/wp\/v2\/comments?post=5756"}],"wp:featuredmedia":[{"embeddable":true,"href":"https:\/\/meozen.com\/fr\/wp-json\/wp\/v2\/media\/6172"}],"wp:attachment":[{"href":"https:\/\/meozen.com\/fr\/wp-json\/wp\/v2\/media?parent=5756"}],"wp:term":[{"taxonomy":"product_brand","embeddable":true,"href":"https:\/\/meozen.com\/fr\/wp-json\/wp\/v2\/product_brand?post=5756"},{"taxonomy":"product_cat","embeddable":true,"href":"https:\/\/meozen.com\/fr\/wp-json\/wp\/v2\/product_cat?post=5756"},{"taxonomy":"product_tag","embeddable":true,"href":"https:\/\/meozen.com\/fr\/wp-json\/wp\/v2\/product_tag?post=5756"}],"curies":[{"name":"wp","href":"https:\/\/api.w.org\/{rel}","templated":true}]}}