{"id":5757,"date":"2023-06-13T15:26:55","date_gmt":"2023-06-13T13:26:55","guid":{"rendered":"https:\/\/meozen.com\/fr\/?post_type=product&#038;p=5757"},"modified":"2023-06-21T15:46:14","modified_gmt":"2023-06-21T13:46:14","slug":"formation-chant-mantra-6-jours-5-nuits-40-heures-ardeche-juillet-octobre-2023","status":"publish","type":"product","link":"https:\/\/meozen.com\/fr\/produit\/formation-chant-mantra-6-jours-5-nuits-40-heures-ardeche-juillet-octobre-2023\/","title":{"rendered":"Formation de Chant pour r\u00e9v\u00e9ler l&rsquo;Art du Mantra  &#8211; 6 jours \/ 5 nuits &#8211; 40 heures en Ard\u00e8che (2023)"},"content":{"rendered":"<p><strong>\u2705 Pr\u00e9-requis<\/strong><\/p>\n<ul>\n<li>Formation en <strong>Anglais \ud83c\uddec\ud83c\udde7<\/strong><\/li>\n<li>Ce cours est ouvert aux enseignants et aux d\u00e9butants<\/li>\n<\/ul>\n<p>&nbsp;<\/p>\n<p><strong>\u2705 Journ\u00e9e type :<\/strong><\/p>\n<ul>\n<li>08:00 Pratique du yoga<\/li>\n<li>10:00 S\u00e9ance th\u00e9orique<\/li>\n<li>12:30 Pause d\u00e9jeuner<\/li>\n<li>13:30 Th\u00e9orie ou pratique<\/li>\n<li>15:00 Repos et temps libre<\/li>\n<li>19:00 &#8211; 20:00 Entra\u00eenement nocturne<\/li>\n<\/ul>\n<p>&nbsp;<\/p>\n<p><strong>\u2705 Th\u00e8me abord\u00e9 :<\/strong><\/p>\n<ul>\n<li>Les principaux mantras du yoga<\/li>\n<li>Comment cr\u00e9er le son<\/li>\n<li>M\u00e9diter gr\u00e2ce au mantra<\/li>\n<li>Comment inclure le son dans la pratique du yoga<\/li>\n<\/ul>\n<p>&nbsp;<\/p>\n<p><strong>\u2705 Certification<\/strong><\/p>\n<ul>\n<li>Le cours \/ les heures comptent comme des heures de formation continue aupr\u00e8s de Yoga Alliance en tant que professeurs certifi\u00e9s (RYT\u00ae).<\/li>\n<\/ul>\n","protected":false},"excerpt":{"rendered":"<p><strong style=\"font-size: 22px;\">Une formation de Chant pour r\u00e9v\u00e9ler l&rsquo;Art du Mantra <strong>\ud83d\udccd<\/strong>en Ard\u00e8che. <\/strong><\/p>\n<p>Venez pratiquer et profiter de la connaissance du mantra avec la formation de chant propos\u00e9e par Julie au coeur de l&rsquo;Ard\u00e8che.<\/p>\n<p>\ud83c\udfe0 Durant cette semaine, vous serez h\u00e9berg\u00e9 dans un petit groupe de maisons (petites cabanes en bois, tentes, dortoirs). La retraite a lieu \u00e0 Saint-Michel-de-Chabrillanoux en Auvergne-Rh\u00f4ne-Alpes.<\/p>\n<p>\u2728 Venez profitez du calme de la montagne \u26f0\ufe0f et du style de vie pur et d\u00e9tendu d&rsquo;un ashram. Laissez Yogaji vous montrer ce chemin et approfondir votre approche du chant.<\/p>\n<p>&nbsp;<\/p>\n<p class=\"p1\"><strong><b>\ud83d\uddd3\ufe0f\u00a0<\/b>Dates de formation possibles :<\/strong><\/p>\n<ul>\n<li>Du lundi 17 juillet au samedi 22 juillet 2023<\/li>\n<li>Du vendredi 22 septembre au mercredi 27 septembre 2023<\/li>\n<li>Du lundi 16 octobre au samedi 21 octobre 2023<\/li>\n<\/ul>\n<p><strong> \ud83d\udfe1 Formation \u00e0 partir de :\u00a0<\/strong> 750 euros<\/p>\n","protected":false},"featured_media":5939,"comment_status":"open","ping_status":"closed","template":"","meta":{"_mo_disable_npp":""},"product_brand":[],"product_cat":[131,132,126],"product_tag":[],"class_list":{"0":"post-5757","1":"product","2":"type-product","3":"status-publish","4":"has-post-thumbnail","6":"product_cat-formation-yoga","7":"product_cat-formation-yoga-france","8":"product_cat-ytt-en-ardeche","10":"first","11":"instock","12":"taxable","13":"shipping-taxable","14":"product-type-external"},"yoast_head":"<!-- This site is optimized with the Yoast SEO plugin v26.8 - https:\/\/yoast.com\/product\/yoast-seo-wordpress\/ -->\n<title>Formation de Chant pour r\u00e9v\u00e9ler l&#039;Art du Mantra - 6 jours \/ 5 nuits - 40 heures en Ard\u00e8che (2023) - Meozen - Votre portail bien-\u00eatre<\/title>\n<meta name=\"description\" content=\"R\u00e9servez d\u00e8s maintenant votre Formation de Chant pour r\u00e9v\u00e9ler l&#039;Art du Mantra - 6 jours \/ 5 nuits - 40 heures en Ard\u00e8che (2023) avec Meozen. \u00c9vadez-vous du quotidien avec ce s\u00e9jour unique. Dur\u00e9e, conditions, prix... Cliquez pour d\u00e9couvrir !\" \/>\n<meta name=\"robots\" content=\"index, follow, max-snippet:-1, max-image-preview:large, max-video-preview:-1\" \/>\n<link rel=\"canonical\" href=\"https:\/\/meozen.com\/fr\/produit\/formation-chant-mantra-6-jours-5-nuits-40-heures-ardeche-juillet-octobre-2023\/\" \/>\n<meta property=\"og:locale\" content=\"fr_FR\" \/>\n<meta property=\"og:type\" content=\"article\" \/>\n<meta property=\"og:title\" content=\"Formation de Chant pour r\u00e9v\u00e9ler l&#039;Art du Mantra - 6 jours \/ 5 nuits - 40 heures en Ard\u00e8che (2023) - Meozen - Votre portail bien-\u00eatre\" \/>\n<meta property=\"og:description\" content=\"R\u00e9servez d\u00e8s maintenant votre Formation de Chant pour r\u00e9v\u00e9ler l&#039;Art du Mantra - 6 jours \/ 5 nuits - 40 heures en Ard\u00e8che (2023) avec Meozen. \u00c9vadez-vous du quotidien avec ce s\u00e9jour unique. Dur\u00e9e, conditions, prix... Cliquez pour d\u00e9couvrir !\" \/>\n<meta property=\"og:url\" content=\"https:\/\/meozen.com\/fr\/produit\/formation-chant-mantra-6-jours-5-nuits-40-heures-ardeche-juillet-octobre-2023\/\" \/>\n<meta property=\"og:site_name\" content=\"Meozen - Votre portail bien-\u00eatre\" \/>\n<meta property=\"article:publisher\" content=\"https:\/\/www.facebook.com\/MeozenFr\/\" \/>\n<meta property=\"article:modified_time\" content=\"2023-06-21T13:46:14+00:00\" \/>\n<meta property=\"og:image\" content=\"https:\/\/meozen.com\/fr\/wp-content\/uploads\/sites\/2\/2023\/06\/formation-mantras-ardeche-1.jpeg\" \/>\n\t<meta property=\"og:image:width\" content=\"653\" \/>\n\t<meta property=\"og:image:height\" content=\"490\" \/>\n\t<meta property=\"og:image:type\" content=\"image\/jpeg\" \/>\n<meta name=\"twitter:card\" content=\"summary_large_image\" \/>\n<meta name=\"twitter:label1\" content=\"Dur\u00e9e de lecture estim\u00e9e\" \/>\n\t<meta name=\"twitter:data1\" content=\"1 minute\" \/>\n<script type=\"application\/ld+json\" class=\"yoast-schema-graph\">{\"@context\":\"https:\/\/schema.org\",\"@graph\":[{\"@type\":\"WebPage\",\"@id\":\"https:\/\/meozen.com\/fr\/produit\/formation-chant-mantra-6-jours-5-nuits-40-heures-ardeche-juillet-octobre-2023\/\",\"url\":\"https:\/\/meozen.com\/fr\/produit\/formation-chant-mantra-6-jours-5-nuits-40-heures-ardeche-juillet-octobre-2023\/\",\"name\":\"Formation de Chant pour r\u00e9v\u00e9ler l'Art du Mantra - 6 jours \/ 5 nuits - 40 heures en Ard\u00e8che (2023) - Meozen - Votre portail bien-\u00eatre\",\"isPartOf\":{\"@id\":\"https:\/\/meozen.com\/fr\/#website\"},\"primaryImageOfPage\":{\"@id\":\"https:\/\/meozen.com\/fr\/produit\/formation-chant-mantra-6-jours-5-nuits-40-heures-ardeche-juillet-octobre-2023\/#primaryimage\"},\"image\":{\"@id\":\"https:\/\/meozen.com\/fr\/produit\/formation-chant-mantra-6-jours-5-nuits-40-heures-ardeche-juillet-octobre-2023\/#primaryimage\"},\"thumbnailUrl\":\"https:\/\/meozen.com\/fr\/wp-content\/uploads\/sites\/2\/2023\/06\/formation-mantras-ardeche-1.jpeg\",\"datePublished\":\"2023-06-13T13:26:55+00:00\",\"dateModified\":\"2023-06-21T13:46:14+00:00\",\"description\":\"R\u00e9servez d\u00e8s maintenant votre Formation de Chant pour r\u00e9v\u00e9ler l'Art du Mantra - 6 jours \/ 5 nuits - 40 heures en Ard\u00e8che (2023) avec Meozen. \u00c9vadez-vous du quotidien avec ce s\u00e9jour unique. Dur\u00e9e, conditions, prix... Cliquez pour d\u00e9couvrir !\",\"breadcrumb\":{\"@id\":\"https:\/\/meozen.com\/fr\/produit\/formation-chant-mantra-6-jours-5-nuits-40-heures-ardeche-juillet-octobre-2023\/#breadcrumb\"},\"inLanguage\":\"fr-FR\",\"potentialAction\":[{\"@type\":\"ReadAction\",\"target\":[\"https:\/\/meozen.com\/fr\/produit\/formation-chant-mantra-6-jours-5-nuits-40-heures-ardeche-juillet-octobre-2023\/\"]}]},{\"@type\":\"ImageObject\",\"inLanguage\":\"fr-FR\",\"@id\":\"https:\/\/meozen.com\/fr\/produit\/formation-chant-mantra-6-jours-5-nuits-40-heures-ardeche-juillet-octobre-2023\/#primaryimage\",\"url\":\"https:\/\/meozen.com\/fr\/wp-content\/uploads\/sites\/2\/2023\/06\/formation-mantras-ardeche-1.jpeg\",\"contentUrl\":\"https:\/\/meozen.com\/fr\/wp-content\/uploads\/sites\/2\/2023\/06\/formation-mantras-ardeche-1.jpeg\",\"width\":653,\"height\":490},{\"@type\":\"BreadcrumbList\",\"@id\":\"https:\/\/meozen.com\/fr\/produit\/formation-chant-mantra-6-jours-5-nuits-40-heures-ardeche-juillet-octobre-2023\/#breadcrumb\",\"itemListElement\":[{\"@type\":\"ListItem\",\"position\":1,\"name\":\"Accueil\",\"item\":\"https:\/\/meozen.com\/fr\/\"},{\"@type\":\"ListItem\",\"position\":2,\"name\":\"Boutique\",\"item\":\"https:\/\/meozen.com\/fr\/boutique\/\"},{\"@type\":\"ListItem\",\"position\":3,\"name\":\"Formation de Chant pour r\u00e9v\u00e9ler l&rsquo;Art du Mantra &#8211; 6 jours \/ 5 nuits &#8211; 40 heures en Ard\u00e8che (2023)\"}]},{\"@type\":\"WebSite\",\"@id\":\"https:\/\/meozen.com\/fr\/#website\",\"url\":\"https:\/\/meozen.com\/fr\/\",\"name\":\"Meozen - Votre portail bien-\u00eatre\",\"description\":\"D\u00e9couvrez tout l&#039;univers du bien-\u00eatre, yoga, m\u00e9ditation, trouvez les meilleures retraites et formations bien-\u00eatre\",\"publisher\":{\"@id\":\"https:\/\/meozen.com\/fr\/#organization\"},\"potentialAction\":[{\"@type\":\"SearchAction\",\"target\":{\"@type\":\"EntryPoint\",\"urlTemplate\":\"https:\/\/meozen.com\/fr\/?s={search_term_string}\"},\"query-input\":{\"@type\":\"PropertyValueSpecification\",\"valueRequired\":true,\"valueName\":\"search_term_string\"}}],\"inLanguage\":\"fr-FR\"},{\"@type\":\"Organization\",\"@id\":\"https:\/\/meozen.com\/fr\/#organization\",\"name\":\"Meozen\",\"url\":\"https:\/\/meozen.com\/fr\/\",\"logo\":{\"@type\":\"ImageObject\",\"inLanguage\":\"fr-FR\",\"@id\":\"https:\/\/meozen.com\/fr\/#\/schema\/logo\/image\/\",\"url\":\"https:\/\/meozen.com\/fr\/wp-content\/uploads\/sites\/2\/2021\/06\/logo-meozen-push.jpg\",\"contentUrl\":\"https:\/\/meozen.com\/fr\/wp-content\/uploads\/sites\/2\/2021\/06\/logo-meozen-push.jpg\",\"width\":384,\"height\":384,\"caption\":\"Meozen\"},\"image\":{\"@id\":\"https:\/\/meozen.com\/fr\/#\/schema\/logo\/image\/\"},\"sameAs\":[\"https:\/\/www.facebook.com\/MeozenFr\/\",\"https:\/\/www.pinterest.fr\/meozen_officiel\/\",\"https:\/\/www.instagram.com\/meozen_officiel\/\"]}]}<\/script>\n<!-- \/ Yoast SEO plugin. -->","yoast_head_json":{"title":"Formation de Chant pour r\u00e9v\u00e9ler l'Art du Mantra - 6 jours \/ 5 nuits - 40 heures en Ard\u00e8che (2023) - Meozen - Votre portail bien-\u00eatre","description":"R\u00e9servez d\u00e8s maintenant votre Formation de Chant pour r\u00e9v\u00e9ler l'Art du Mantra - 6 jours \/ 5 nuits - 40 heures en Ard\u00e8che (2023) avec Meozen. \u00c9vadez-vous du quotidien avec ce s\u00e9jour unique. Dur\u00e9e, conditions, prix... Cliquez pour d\u00e9couvrir !","robots":{"index":"index","follow":"follow","max-snippet":"max-snippet:-1","max-image-preview":"max-image-preview:large","max-video-preview":"max-video-preview:-1"},"canonical":"https:\/\/meozen.com\/fr\/produit\/formation-chant-mantra-6-jours-5-nuits-40-heures-ardeche-juillet-octobre-2023\/","og_locale":"fr_FR","og_type":"article","og_title":"Formation de Chant pour r\u00e9v\u00e9ler l'Art du Mantra - 6 jours \/ 5 nuits - 40 heures en Ard\u00e8che (2023) - Meozen - Votre portail bien-\u00eatre","og_description":"R\u00e9servez d\u00e8s maintenant votre Formation de Chant pour r\u00e9v\u00e9ler l'Art du Mantra - 6 jours \/ 5 nuits - 40 heures en Ard\u00e8che (2023) avec Meozen. \u00c9vadez-vous du quotidien avec ce s\u00e9jour unique. Dur\u00e9e, conditions, prix... Cliquez pour d\u00e9couvrir !","og_url":"https:\/\/meozen.com\/fr\/produit\/formation-chant-mantra-6-jours-5-nuits-40-heures-ardeche-juillet-octobre-2023\/","og_site_name":"Meozen - Votre portail bien-\u00eatre","article_publisher":"https:\/\/www.facebook.com\/MeozenFr\/","article_modified_time":"2023-06-21T13:46:14+00:00","og_image":[{"width":653,"height":490,"url":"https:\/\/meozen.com\/fr\/wp-content\/uploads\/sites\/2\/2023\/06\/formation-mantras-ardeche-1.jpeg","type":"image\/jpeg"}],"twitter_card":"summary_large_image","twitter_misc":{"Dur\u00e9e de lecture estim\u00e9e":"1 minute"},"schema":{"@context":"https:\/\/schema.org","@graph":[{"@type":"WebPage","@id":"https:\/\/meozen.com\/fr\/produit\/formation-chant-mantra-6-jours-5-nuits-40-heures-ardeche-juillet-octobre-2023\/","url":"https:\/\/meozen.com\/fr\/produit\/formation-chant-mantra-6-jours-5-nuits-40-heures-ardeche-juillet-octobre-2023\/","name":"Formation de Chant pour r\u00e9v\u00e9ler l'Art du Mantra - 6 jours \/ 5 nuits - 40 heures en Ard\u00e8che (2023) - Meozen - Votre portail bien-\u00eatre","isPartOf":{"@id":"https:\/\/meozen.com\/fr\/#website"},"primaryImageOfPage":{"@id":"https:\/\/meozen.com\/fr\/produit\/formation-chant-mantra-6-jours-5-nuits-40-heures-ardeche-juillet-octobre-2023\/#primaryimage"},"image":{"@id":"https:\/\/meozen.com\/fr\/produit\/formation-chant-mantra-6-jours-5-nuits-40-heures-ardeche-juillet-octobre-2023\/#primaryimage"},"thumbnailUrl":"https:\/\/meozen.com\/fr\/wp-content\/uploads\/sites\/2\/2023\/06\/formation-mantras-ardeche-1.jpeg","datePublished":"2023-06-13T13:26:55+00:00","dateModified":"2023-06-21T13:46:14+00:00","description":"R\u00e9servez d\u00e8s maintenant votre Formation de Chant pour r\u00e9v\u00e9ler l'Art du Mantra - 6 jours \/ 5 nuits - 40 heures en Ard\u00e8che (2023) avec Meozen. \u00c9vadez-vous du quotidien avec ce s\u00e9jour unique. Dur\u00e9e, conditions, prix... Cliquez pour d\u00e9couvrir !","breadcrumb":{"@id":"https:\/\/meozen.com\/fr\/produit\/formation-chant-mantra-6-jours-5-nuits-40-heures-ardeche-juillet-octobre-2023\/#breadcrumb"},"inLanguage":"fr-FR","potentialAction":[{"@type":"ReadAction","target":["https:\/\/meozen.com\/fr\/produit\/formation-chant-mantra-6-jours-5-nuits-40-heures-ardeche-juillet-octobre-2023\/"]}]},{"@type":"ImageObject","inLanguage":"fr-FR","@id":"https:\/\/meozen.com\/fr\/produit\/formation-chant-mantra-6-jours-5-nuits-40-heures-ardeche-juillet-octobre-2023\/#primaryimage","url":"https:\/\/meozen.com\/fr\/wp-content\/uploads\/sites\/2\/2023\/06\/formation-mantras-ardeche-1.jpeg","contentUrl":"https:\/\/meozen.com\/fr\/wp-content\/uploads\/sites\/2\/2023\/06\/formation-mantras-ardeche-1.jpeg","width":653,"height":490},{"@type":"BreadcrumbList","@id":"https:\/\/meozen.com\/fr\/produit\/formation-chant-mantra-6-jours-5-nuits-40-heures-ardeche-juillet-octobre-2023\/#breadcrumb","itemListElement":[{"@type":"ListItem","position":1,"name":"Accueil","item":"https:\/\/meozen.com\/fr\/"},{"@type":"ListItem","position":2,"name":"Boutique","item":"https:\/\/meozen.com\/fr\/boutique\/"},{"@type":"ListItem","position":3,"name":"Formation de Chant pour r\u00e9v\u00e9ler l&rsquo;Art du Mantra &#8211; 6 jours \/ 5 nuits &#8211; 40 heures en Ard\u00e8che (2023)"}]},{"@type":"WebSite","@id":"https:\/\/meozen.com\/fr\/#website","url":"https:\/\/meozen.com\/fr\/","name":"Meozen - Votre portail bien-\u00eatre","description":"D\u00e9couvrez tout l&#039;univers du bien-\u00eatre, yoga, m\u00e9ditation, trouvez les meilleures retraites et formations bien-\u00eatre","publisher":{"@id":"https:\/\/meozen.com\/fr\/#organization"},"potentialAction":[{"@type":"SearchAction","target":{"@type":"EntryPoint","urlTemplate":"https:\/\/meozen.com\/fr\/?s={search_term_string}"},"query-input":{"@type":"PropertyValueSpecification","valueRequired":true,"valueName":"search_term_string"}}],"inLanguage":"fr-FR"},{"@type":"Organization","@id":"https:\/\/meozen.com\/fr\/#organization","name":"Meozen","url":"https:\/\/meozen.com\/fr\/","logo":{"@type":"ImageObject","inLanguage":"fr-FR","@id":"https:\/\/meozen.com\/fr\/#\/schema\/logo\/image\/","url":"https:\/\/meozen.com\/fr\/wp-content\/uploads\/sites\/2\/2021\/06\/logo-meozen-push.jpg","contentUrl":"https:\/\/meozen.com\/fr\/wp-content\/uploads\/sites\/2\/2021\/06\/logo-meozen-push.jpg","width":384,"height":384,"caption":"Meozen"},"image":{"@id":"https:\/\/meozen.com\/fr\/#\/schema\/logo\/image\/"},"sameAs":["https:\/\/www.facebook.com\/MeozenFr\/","https:\/\/www.pinterest.fr\/meozen_officiel\/","https:\/\/www.instagram.com\/meozen_officiel\/"]}]}},"_links":{"self":[{"href":"https:\/\/meozen.com\/fr\/wp-json\/wp\/v2\/product\/5757","targetHints":{"allow":["GET"]}}],"collection":[{"href":"https:\/\/meozen.com\/fr\/wp-json\/wp\/v2\/product"}],"about":[{"href":"https:\/\/meozen.com\/fr\/wp-json\/wp\/v2\/types\/product"}],"replies":[{"embeddable":true,"href":"https:\/\/meozen.com\/fr\/wp-json\/wp\/v2\/comments?post=5757"}],"wp:featuredmedia":[{"embeddable":true,"href":"https:\/\/meozen.com\/fr\/wp-json\/wp\/v2\/media\/5939"}],"wp:attachment":[{"href":"https:\/\/meozen.com\/fr\/wp-json\/wp\/v2\/media?parent=5757"}],"wp:term":[{"taxonomy":"product_brand","embeddable":true,"href":"https:\/\/meozen.com\/fr\/wp-json\/wp\/v2\/product_brand?post=5757"},{"taxonomy":"product_cat","embeddable":true,"href":"https:\/\/meozen.com\/fr\/wp-json\/wp\/v2\/product_cat?post=5757"},{"taxonomy":"product_tag","embeddable":true,"href":"https:\/\/meozen.com\/fr\/wp-json\/wp\/v2\/product_tag?post=5757"}],"curies":[{"name":"wp","href":"https:\/\/api.w.org\/{rel}","templated":true}]}}