{"id":5924,"date":"2023-06-20T14:44:03","date_gmt":"2023-06-20T12:44:03","guid":{"rendered":"https:\/\/meozen.com\/fr\/?post_type=product&#038;p=5924"},"modified":"2023-06-27T21:17:22","modified_gmt":"2023-06-27T19:17:22","slug":"ytt-200-heures-formation-yoga-hatha-vinyasa-avignon-2024","status":"publish","type":"product","link":"https:\/\/meozen.com\/fr\/produit\/ytt-200-heures-formation-yoga-hatha-vinyasa-avignon-2024\/","title":{"rendered":"YTT 200 heures Formation de Yoga Hatha &#038; Vinyasa \u00e0 Avignon (2024)"},"content":{"rendered":"<p><strong>\u2705 Journ\u00e9e type<\/strong>\u00a0:<\/p>\n<ul>\n<li>07:00 \u00e0 07:15 : Tisane<\/li>\n<li>07:30 \u00e0 09:30 : Asana, pranayama suivi de relaxation<\/li>\n<li>09:30 \u00e0 10:30 : Petit-d\u00e9jeuner<\/li>\n<li>11:00 \u00e0 12:00 : Anatomie<\/li>\n<li>12:30 \u00e0 13:30 : Conf\u00e9rence sur la philosophie<\/li>\n<li>13:30 \u00e0 14:30 : D\u00e9jeuner<\/li>\n<li>14:30 \u00e0 15:30 : \u00c9tude personnelle<\/li>\n<li>15:30 \u00e0 16:00 : Nettoyage et yoga karma<\/li>\n<li>16:00 \u00e0 17:30 : Alignement des asanas, ajustement et formation pratique<\/li>\n<li>18:00 \u00e0 19:00 : M\u00e9ditation<\/li>\n<li>19:00 : D\u00eener<\/li>\n<li>21:00 : Extinction des feux<\/li>\n<\/ul>\n<ul>\n<li>Tous les mercredis ou samedis soir : Kirtan, chants, temps libre, etc. (ces activit\u00e9s sont facultatives mais la participation aide \u00e0 l&rsquo;harmonie de groupe distincte)<\/li>\n<li>Dimanche : temps libre<\/li>\n<\/ul>\n<p>&nbsp;<\/p>\n<p><strong>\u2705\u00a0 Certification :\u00a0<\/strong><\/p>\n<p>Les \u00e9tudiants qui terminent leur formation son \u00e9ligibles aupr\u00e8s de Yoga Alliance en tant que professeurs de yoga agr\u00e9\u00e9s (RYT\u00ae).<\/p>\n<p>&nbsp;<\/p>\n<p><strong>\u2705 Ce qui est inclus :\u00a0<\/strong><\/p>\n<ul>\n<li>22 nuits d&rsquo;h\u00e9bergement dans une chambre partag\u00e9e avec salle de bain priv\u00e9e attenante<\/li>\n<li>3 repas v\u00e9g\u00e9tariens par jour<\/li>\n<li>Tous les cours: asanas, anatomie, philosophie, m\u00e9ditation, mantras<\/li>\n<li>\u00c9quipement n\u00e9cessaire pour les cours : tapis de yoga, livre de yoga, pot Jala Neti<\/li>\n<li>Possibilit\u00e9 de s&rsquo;enregistrer aupr\u00e8s de Yoga Alliance apr\u00e8s avoir compl\u00e9t\u00e9 les cours<\/li>\n<\/ul>\n","protected":false},"excerpt":{"rendered":"<p><strong style=\"font-size: 22px;\">Une Formation de Yoga Hatha &amp; Vinyasa traditionnel (YTT 200 heures)<strong>\ud83d\udccd<\/strong>\u00a0\u00e0 Avignon.\u00a0<\/strong><\/p>\n<p>Participez \u00e0 ce Yoga Teacher Training de 200 heures qui est une formation pour devenir un professeur de yoga. Vous d\u00e9couvrirez \u00ab le vrai yoga \u00bb, dans le respect des valeurs et traditions ancestrales indiennes.<\/p>\n<p><b>\ud83d\ude4f Modules au programme :<\/b><\/p>\n<ol>\n<li>Le yoga hatha traditionnel et le vinyasa<\/li>\n<li>Pranayama et techniques de respiration<\/li>\n<li>Anatomie et physiologie<\/li>\n<li>Philosophie du yoga<\/li>\n<li>M\u00e9thodologie d\u2019enseignement<\/li>\n<li>M\u00e9ditation et mantra<\/li>\n<li>Mudras et bandhas<\/li>\n<li>Alignements et ajustements<\/li>\n<\/ol>\n<p class=\"p1\">\ud83c\udfe0 Durant ces 23 jours, vous serez h\u00e9berg\u00e9 dans le g\u00eete de Chaloux.<\/p>\n<p class=\"p1\">\u2728 Profitez dans un cadre en pleine nature paisible, parfait pour la m\u00e9ditation.<\/p>\n<p>&nbsp;<\/p>\n<p><strong><b>\ud83d\uddd3\ufe0f\u00a0<\/b><\/strong><strong>Date de formation possibles :<\/strong><\/p>\n<ul>\n<li>Samedi 25 mai au dimanche 16 juin 2024<\/li>\n<li>Samedi 22 juin au dimanche 14 juillet 2024<\/li>\n<\/ul>\n<p><strong>\ud83d\udfe1\u00a0Formation \u00e0 partir de 2 600 euros<\/strong><\/p>\n","protected":false},"featured_media":5948,"comment_status":"open","ping_status":"closed","template":"","meta":{"_mo_disable_npp":""},"product_brand":[],"product_cat":[131,32,122,140,69,70],"product_tag":[],"class_list":{"0":"post-5924","1":"product","2":"type-product","3":"status-publish","4":"has-post-thumbnail","6":"product_cat-formation-yoga","7":"product_cat-formation-ytt-200","8":"product_cat-formation-ytt-france","9":"product_cat-ytt","10":"product_cat-ytt-200-france","11":"product_cat-ytt-200-provence","13":"first","14":"instock","15":"taxable","16":"shipping-taxable","17":"product-type-external"},"yoast_head":"<!-- This site is optimized with the Yoast SEO plugin v26.8 - https:\/\/yoast.com\/product\/yoast-seo-wordpress\/ -->\n<title>YTT 200 heures Formation de Yoga Hatha &amp; Vinyasa \u00e0 Avignon (2024) - Meozen - Votre portail bien-\u00eatre<\/title>\n<meta name=\"description\" content=\"R\u00e9servez d\u00e8s maintenant votre YTT 200 heures Formation de Yoga Hatha &amp; Vinyasa \u00e0 Avignon (2024) avec Meozen. \u00c9vadez-vous du quotidien avec ce s\u00e9jour unique. Dur\u00e9e, conditions, prix... Cliquez pour d\u00e9couvrir !\" \/>\n<meta name=\"robots\" content=\"index, follow, max-snippet:-1, max-image-preview:large, max-video-preview:-1\" \/>\n<link rel=\"canonical\" href=\"https:\/\/meozen.com\/fr\/produit\/ytt-200-heures-formation-yoga-hatha-vinyasa-avignon-2024\/\" \/>\n<meta property=\"og:locale\" content=\"fr_FR\" \/>\n<meta property=\"og:type\" content=\"article\" \/>\n<meta property=\"og:title\" content=\"YTT 200 heures Formation de Yoga Hatha &amp; Vinyasa \u00e0 Avignon (2024) - Meozen - Votre portail bien-\u00eatre\" \/>\n<meta property=\"og:description\" content=\"R\u00e9servez d\u00e8s maintenant votre YTT 200 heures Formation de Yoga Hatha &amp; Vinyasa \u00e0 Avignon (2024) avec Meozen. \u00c9vadez-vous du quotidien avec ce s\u00e9jour unique. Dur\u00e9e, conditions, prix... Cliquez pour d\u00e9couvrir !\" \/>\n<meta property=\"og:url\" content=\"https:\/\/meozen.com\/fr\/produit\/ytt-200-heures-formation-yoga-hatha-vinyasa-avignon-2024\/\" \/>\n<meta property=\"og:site_name\" content=\"Meozen - Votre portail bien-\u00eatre\" \/>\n<meta property=\"article:publisher\" content=\"https:\/\/www.facebook.com\/MeozenFr\/\" \/>\n<meta property=\"article:modified_time\" content=\"2023-06-27T19:17:22+00:00\" \/>\n<meta property=\"og:image\" content=\"https:\/\/meozen.com\/fr\/wp-content\/uploads\/sites\/2\/2023\/06\/formation-yoga-ytt-200-avignon-1.jpeg\" \/>\n\t<meta property=\"og:image:width\" content=\"653\" \/>\n\t<meta property=\"og:image:height\" content=\"490\" \/>\n\t<meta property=\"og:image:type\" content=\"image\/jpeg\" \/>\n<meta name=\"twitter:card\" content=\"summary_large_image\" \/>\n<meta name=\"twitter:label1\" content=\"Dur\u00e9e de lecture estim\u00e9e\" \/>\n\t<meta name=\"twitter:data1\" content=\"1 minute\" \/>\n<script type=\"application\/ld+json\" class=\"yoast-schema-graph\">{\"@context\":\"https:\/\/schema.org\",\"@graph\":[{\"@type\":\"WebPage\",\"@id\":\"https:\/\/meozen.com\/fr\/produit\/ytt-200-heures-formation-yoga-hatha-vinyasa-avignon-2024\/\",\"url\":\"https:\/\/meozen.com\/fr\/produit\/ytt-200-heures-formation-yoga-hatha-vinyasa-avignon-2024\/\",\"name\":\"YTT 200 heures Formation de Yoga Hatha & Vinyasa \u00e0 Avignon (2024) - Meozen - Votre portail bien-\u00eatre\",\"isPartOf\":{\"@id\":\"https:\/\/meozen.com\/fr\/#website\"},\"primaryImageOfPage\":{\"@id\":\"https:\/\/meozen.com\/fr\/produit\/ytt-200-heures-formation-yoga-hatha-vinyasa-avignon-2024\/#primaryimage\"},\"image\":{\"@id\":\"https:\/\/meozen.com\/fr\/produit\/ytt-200-heures-formation-yoga-hatha-vinyasa-avignon-2024\/#primaryimage\"},\"thumbnailUrl\":\"https:\/\/meozen.com\/fr\/wp-content\/uploads\/sites\/2\/2023\/06\/formation-yoga-ytt-200-avignon-1.jpeg\",\"datePublished\":\"2023-06-20T12:44:03+00:00\",\"dateModified\":\"2023-06-27T19:17:22+00:00\",\"description\":\"R\u00e9servez d\u00e8s maintenant votre YTT 200 heures Formation de Yoga Hatha & Vinyasa \u00e0 Avignon (2024) avec Meozen. \u00c9vadez-vous du quotidien avec ce s\u00e9jour unique. Dur\u00e9e, conditions, prix... Cliquez pour d\u00e9couvrir !\",\"breadcrumb\":{\"@id\":\"https:\/\/meozen.com\/fr\/produit\/ytt-200-heures-formation-yoga-hatha-vinyasa-avignon-2024\/#breadcrumb\"},\"inLanguage\":\"fr-FR\",\"potentialAction\":[{\"@type\":\"ReadAction\",\"target\":[\"https:\/\/meozen.com\/fr\/produit\/ytt-200-heures-formation-yoga-hatha-vinyasa-avignon-2024\/\"]}]},{\"@type\":\"ImageObject\",\"inLanguage\":\"fr-FR\",\"@id\":\"https:\/\/meozen.com\/fr\/produit\/ytt-200-heures-formation-yoga-hatha-vinyasa-avignon-2024\/#primaryimage\",\"url\":\"https:\/\/meozen.com\/fr\/wp-content\/uploads\/sites\/2\/2023\/06\/formation-yoga-ytt-200-avignon-1.jpeg\",\"contentUrl\":\"https:\/\/meozen.com\/fr\/wp-content\/uploads\/sites\/2\/2023\/06\/formation-yoga-ytt-200-avignon-1.jpeg\",\"width\":653,\"height\":490},{\"@type\":\"BreadcrumbList\",\"@id\":\"https:\/\/meozen.com\/fr\/produit\/ytt-200-heures-formation-yoga-hatha-vinyasa-avignon-2024\/#breadcrumb\",\"itemListElement\":[{\"@type\":\"ListItem\",\"position\":1,\"name\":\"Accueil\",\"item\":\"https:\/\/meozen.com\/fr\/\"},{\"@type\":\"ListItem\",\"position\":2,\"name\":\"Boutique\",\"item\":\"https:\/\/meozen.com\/fr\/boutique\/\"},{\"@type\":\"ListItem\",\"position\":3,\"name\":\"YTT 200 heures Formation de Yoga Hatha &#038; Vinyasa \u00e0 Avignon (2024)\"}]},{\"@type\":\"WebSite\",\"@id\":\"https:\/\/meozen.com\/fr\/#website\",\"url\":\"https:\/\/meozen.com\/fr\/\",\"name\":\"Meozen - Votre portail bien-\u00eatre\",\"description\":\"D\u00e9couvrez tout l&#039;univers du bien-\u00eatre, yoga, m\u00e9ditation, trouvez les meilleures retraites et formations bien-\u00eatre\",\"publisher\":{\"@id\":\"https:\/\/meozen.com\/fr\/#organization\"},\"potentialAction\":[{\"@type\":\"SearchAction\",\"target\":{\"@type\":\"EntryPoint\",\"urlTemplate\":\"https:\/\/meozen.com\/fr\/?s={search_term_string}\"},\"query-input\":{\"@type\":\"PropertyValueSpecification\",\"valueRequired\":true,\"valueName\":\"search_term_string\"}}],\"inLanguage\":\"fr-FR\"},{\"@type\":\"Organization\",\"@id\":\"https:\/\/meozen.com\/fr\/#organization\",\"name\":\"Meozen\",\"url\":\"https:\/\/meozen.com\/fr\/\",\"logo\":{\"@type\":\"ImageObject\",\"inLanguage\":\"fr-FR\",\"@id\":\"https:\/\/meozen.com\/fr\/#\/schema\/logo\/image\/\",\"url\":\"https:\/\/meozen.com\/fr\/wp-content\/uploads\/sites\/2\/2021\/06\/logo-meozen-push.jpg\",\"contentUrl\":\"https:\/\/meozen.com\/fr\/wp-content\/uploads\/sites\/2\/2021\/06\/logo-meozen-push.jpg\",\"width\":384,\"height\":384,\"caption\":\"Meozen\"},\"image\":{\"@id\":\"https:\/\/meozen.com\/fr\/#\/schema\/logo\/image\/\"},\"sameAs\":[\"https:\/\/www.facebook.com\/MeozenFr\/\",\"https:\/\/www.pinterest.fr\/meozen_officiel\/\",\"https:\/\/www.instagram.com\/meozen_officiel\/\"]}]}<\/script>\n<!-- \/ Yoast SEO plugin. -->","yoast_head_json":{"title":"YTT 200 heures Formation de Yoga Hatha & Vinyasa \u00e0 Avignon (2024) - Meozen - Votre portail bien-\u00eatre","description":"R\u00e9servez d\u00e8s maintenant votre YTT 200 heures Formation de Yoga Hatha & Vinyasa \u00e0 Avignon (2024) avec Meozen. \u00c9vadez-vous du quotidien avec ce s\u00e9jour unique. Dur\u00e9e, conditions, prix... Cliquez pour d\u00e9couvrir !","robots":{"index":"index","follow":"follow","max-snippet":"max-snippet:-1","max-image-preview":"max-image-preview:large","max-video-preview":"max-video-preview:-1"},"canonical":"https:\/\/meozen.com\/fr\/produit\/ytt-200-heures-formation-yoga-hatha-vinyasa-avignon-2024\/","og_locale":"fr_FR","og_type":"article","og_title":"YTT 200 heures Formation de Yoga Hatha & Vinyasa \u00e0 Avignon (2024) - Meozen - Votre portail bien-\u00eatre","og_description":"R\u00e9servez d\u00e8s maintenant votre YTT 200 heures Formation de Yoga Hatha & Vinyasa \u00e0 Avignon (2024) avec Meozen. \u00c9vadez-vous du quotidien avec ce s\u00e9jour unique. Dur\u00e9e, conditions, prix... Cliquez pour d\u00e9couvrir !","og_url":"https:\/\/meozen.com\/fr\/produit\/ytt-200-heures-formation-yoga-hatha-vinyasa-avignon-2024\/","og_site_name":"Meozen - Votre portail bien-\u00eatre","article_publisher":"https:\/\/www.facebook.com\/MeozenFr\/","article_modified_time":"2023-06-27T19:17:22+00:00","og_image":[{"width":653,"height":490,"url":"https:\/\/meozen.com\/fr\/wp-content\/uploads\/sites\/2\/2023\/06\/formation-yoga-ytt-200-avignon-1.jpeg","type":"image\/jpeg"}],"twitter_card":"summary_large_image","twitter_misc":{"Dur\u00e9e de lecture estim\u00e9e":"1 minute"},"schema":{"@context":"https:\/\/schema.org","@graph":[{"@type":"WebPage","@id":"https:\/\/meozen.com\/fr\/produit\/ytt-200-heures-formation-yoga-hatha-vinyasa-avignon-2024\/","url":"https:\/\/meozen.com\/fr\/produit\/ytt-200-heures-formation-yoga-hatha-vinyasa-avignon-2024\/","name":"YTT 200 heures Formation de Yoga Hatha & Vinyasa \u00e0 Avignon (2024) - Meozen - Votre portail bien-\u00eatre","isPartOf":{"@id":"https:\/\/meozen.com\/fr\/#website"},"primaryImageOfPage":{"@id":"https:\/\/meozen.com\/fr\/produit\/ytt-200-heures-formation-yoga-hatha-vinyasa-avignon-2024\/#primaryimage"},"image":{"@id":"https:\/\/meozen.com\/fr\/produit\/ytt-200-heures-formation-yoga-hatha-vinyasa-avignon-2024\/#primaryimage"},"thumbnailUrl":"https:\/\/meozen.com\/fr\/wp-content\/uploads\/sites\/2\/2023\/06\/formation-yoga-ytt-200-avignon-1.jpeg","datePublished":"2023-06-20T12:44:03+00:00","dateModified":"2023-06-27T19:17:22+00:00","description":"R\u00e9servez d\u00e8s maintenant votre YTT 200 heures Formation de Yoga Hatha & Vinyasa \u00e0 Avignon (2024) avec Meozen. \u00c9vadez-vous du quotidien avec ce s\u00e9jour unique. Dur\u00e9e, conditions, prix... Cliquez pour d\u00e9couvrir !","breadcrumb":{"@id":"https:\/\/meozen.com\/fr\/produit\/ytt-200-heures-formation-yoga-hatha-vinyasa-avignon-2024\/#breadcrumb"},"inLanguage":"fr-FR","potentialAction":[{"@type":"ReadAction","target":["https:\/\/meozen.com\/fr\/produit\/ytt-200-heures-formation-yoga-hatha-vinyasa-avignon-2024\/"]}]},{"@type":"ImageObject","inLanguage":"fr-FR","@id":"https:\/\/meozen.com\/fr\/produit\/ytt-200-heures-formation-yoga-hatha-vinyasa-avignon-2024\/#primaryimage","url":"https:\/\/meozen.com\/fr\/wp-content\/uploads\/sites\/2\/2023\/06\/formation-yoga-ytt-200-avignon-1.jpeg","contentUrl":"https:\/\/meozen.com\/fr\/wp-content\/uploads\/sites\/2\/2023\/06\/formation-yoga-ytt-200-avignon-1.jpeg","width":653,"height":490},{"@type":"BreadcrumbList","@id":"https:\/\/meozen.com\/fr\/produit\/ytt-200-heures-formation-yoga-hatha-vinyasa-avignon-2024\/#breadcrumb","itemListElement":[{"@type":"ListItem","position":1,"name":"Accueil","item":"https:\/\/meozen.com\/fr\/"},{"@type":"ListItem","position":2,"name":"Boutique","item":"https:\/\/meozen.com\/fr\/boutique\/"},{"@type":"ListItem","position":3,"name":"YTT 200 heures Formation de Yoga Hatha &#038; Vinyasa \u00e0 Avignon (2024)"}]},{"@type":"WebSite","@id":"https:\/\/meozen.com\/fr\/#website","url":"https:\/\/meozen.com\/fr\/","name":"Meozen - Votre portail bien-\u00eatre","description":"D\u00e9couvrez tout l&#039;univers du bien-\u00eatre, yoga, m\u00e9ditation, trouvez les meilleures retraites et formations bien-\u00eatre","publisher":{"@id":"https:\/\/meozen.com\/fr\/#organization"},"potentialAction":[{"@type":"SearchAction","target":{"@type":"EntryPoint","urlTemplate":"https:\/\/meozen.com\/fr\/?s={search_term_string}"},"query-input":{"@type":"PropertyValueSpecification","valueRequired":true,"valueName":"search_term_string"}}],"inLanguage":"fr-FR"},{"@type":"Organization","@id":"https:\/\/meozen.com\/fr\/#organization","name":"Meozen","url":"https:\/\/meozen.com\/fr\/","logo":{"@type":"ImageObject","inLanguage":"fr-FR","@id":"https:\/\/meozen.com\/fr\/#\/schema\/logo\/image\/","url":"https:\/\/meozen.com\/fr\/wp-content\/uploads\/sites\/2\/2021\/06\/logo-meozen-push.jpg","contentUrl":"https:\/\/meozen.com\/fr\/wp-content\/uploads\/sites\/2\/2021\/06\/logo-meozen-push.jpg","width":384,"height":384,"caption":"Meozen"},"image":{"@id":"https:\/\/meozen.com\/fr\/#\/schema\/logo\/image\/"},"sameAs":["https:\/\/www.facebook.com\/MeozenFr\/","https:\/\/www.pinterest.fr\/meozen_officiel\/","https:\/\/www.instagram.com\/meozen_officiel\/"]}]}},"_links":{"self":[{"href":"https:\/\/meozen.com\/fr\/wp-json\/wp\/v2\/product\/5924","targetHints":{"allow":["GET"]}}],"collection":[{"href":"https:\/\/meozen.com\/fr\/wp-json\/wp\/v2\/product"}],"about":[{"href":"https:\/\/meozen.com\/fr\/wp-json\/wp\/v2\/types\/product"}],"replies":[{"embeddable":true,"href":"https:\/\/meozen.com\/fr\/wp-json\/wp\/v2\/comments?post=5924"}],"wp:featuredmedia":[{"embeddable":true,"href":"https:\/\/meozen.com\/fr\/wp-json\/wp\/v2\/media\/5948"}],"wp:attachment":[{"href":"https:\/\/meozen.com\/fr\/wp-json\/wp\/v2\/media?parent=5924"}],"wp:term":[{"taxonomy":"product_brand","embeddable":true,"href":"https:\/\/meozen.com\/fr\/wp-json\/wp\/v2\/product_brand?post=5924"},{"taxonomy":"product_cat","embeddable":true,"href":"https:\/\/meozen.com\/fr\/wp-json\/wp\/v2\/product_cat?post=5924"},{"taxonomy":"product_tag","embeddable":true,"href":"https:\/\/meozen.com\/fr\/wp-json\/wp\/v2\/product_tag?post=5924"}],"curies":[{"name":"wp","href":"https:\/\/api.w.org\/{rel}","templated":true}]}}