{"id":5925,"date":"2023-06-21T10:54:59","date_gmt":"2023-06-21T08:54:59","guid":{"rendered":"https:\/\/meozen.com\/fr\/?post_type=product&#038;p=5925"},"modified":"2023-06-27T21:17:21","modified_gmt":"2023-06-27T19:17:21","slug":"ytt-200-heures-formation-professeur-yoga-charente-2023-2024","status":"publish","type":"product","link":"https:\/\/meozen.com\/fr\/produit\/ytt-200-heures-formation-professeur-yoga-charente-2023-2024\/","title":{"rendered":"YTT 200 heures Formation de Professeur de Yoga en Charente (2023 &#8211; 2024)"},"content":{"rendered":"<p><strong>\u2705 Les 70 heures d&rsquo;\u00e9tude en ligne comprennent :<\/strong><\/p>\n<ul>\n<li>S\u00e9ances de zoom individuelles en direct<\/li>\n<li>Une plateforme d&rsquo;anatomie avec des vid\u00e9os, des quiz, du mat\u00e9riel de soutien et des devoirs<\/li>\n<li>Auto-formation guid\u00e9e avec retour d&rsquo;information individuel<\/li>\n<li>Des lectures obligatoires avec des questions \u00e0 d\u00e9veloppement<\/li>\n<li>Coaching individuel de mentorat pour le d\u00e9veloppement des affaires<\/li>\n<li>Cours de yoga externes obligatoires pour acqu\u00e9rir de l&rsquo;exp\u00e9rience<\/li>\n<\/ul>\n<p><strong>\u2705 Ce qui est inclus :\u00a0<\/strong><\/p>\n<ul>\n<li>Instructions individuelles de mentorat particulier pour couvrir tous les modules de yoga<\/li>\n<li>Enseignement virtuel en direct, vid\u00e9os, travaux dirig\u00e9s et commentaires d\u00e9taill\u00e9s et personnalis\u00e9s<\/li>\n<li>Mentorat avant la formation pour vous aider \u00e0 approfondir votre pratique du yoga, sur le tapis et en dehors<\/li>\n<li>9 nuits d&rsquo;h\u00e9bergement dans un magnifique logement priv\u00e9 dans le sud-ouest de la France<\/li>\n<li>Cours certifi\u00e9 d&rsquo;anatomie et de physiologie avec David Keil<\/li>\n<li>Certification accr\u00e9dit\u00e9e qui vous permettra d&rsquo;obtenir une assurance pour enseigner le yoga \u00e0 l&rsquo;\u00e9tranger<\/li>\n<li>Des repas quotidiens nourrissants, partag\u00e9s avec votre professeur ou au calme dans votre logement priv\u00e9<\/li>\n<li>\u00c9tude approfondie du s\u00e9quen\u00e7age des flux de vinyasa avec ajustements<\/li>\n<li>Accompagnement pendant 6 mois apr\u00e8s la fin de la formation, pour vous aider dans les premiers temps de l&rsquo;enseignement et de la cr\u00e9ation de votre entreprise<\/li>\n<li>Comprendre le yin yoga et le yoga nidra<\/li>\n<li>Pranayama et s\u00e9ances de m\u00e9ditation pour d\u00e9velopper vos comp\u00e9tences et votre technique<\/li>\n<li>S\u00e9quen\u00e7age du vinyasa pour tous les niveaux<\/li>\n<li>Yoga pr\u00e9natal<\/li>\n<li>Travail sur les douleurs chroniques<\/li>\n<li>Connaissance pratique de la voie octuple du yoga classique<\/li>\n<li>Cours de th\u00e9\u00e2tre avec les Yamas et les Niyamas<\/li>\n<li>Histoire du yoga<\/li>\n<li>Diff\u00e9rents styles de yoga et leur origine<\/li>\n<li>D\u00e9veloppement des entreprises, couvrant la publicit\u00e9 et les m\u00e9dias sociaux<\/li>\n<\/ul>\n","protected":false},"excerpt":{"rendered":"<p><strong style=\"font-size: 22px;\">Une Formation de Professeur de Yoga (YTT 200 heures)<strong>\ud83d\udccd<\/strong>en Charente.\u00a0<\/strong><\/p>\n<p>D\u00e9couvrez ce Yoga Teacher Training de 200 heures qui est une formation pour devenir un professeur de yoga accompli !<\/p>\n<p><b>\ud83d\ude4f 11 modules au programme :<\/b><\/p>\n<ol>\n<li>Anatomie et physiologie compl\u00e8tes<\/li>\n<li>L&rsquo;histoire et la philosophie du yoga et le r\u00f4le du professeur de yoga en Occident<\/li>\n<li>Le chemin octuple et les Yamas et Niyamas<\/li>\n<li>L&rsquo;art du s\u00e9quen\u00e7age vinyasa<\/li>\n<li>Alignement, ajustements et travail avec la douleur chronique<\/li>\n<li>Travail respiratoire : pranayama<\/li>\n<li>M\u00e9ditation et concentration<\/li>\n<li>Grossesse et contre-indications<\/li>\n<li>Types de psychologie de l&rsquo;enseignement et de l&rsquo;apprentissage<\/li>\n<li>Le pouvoir du yoga nidra<\/li>\n<li>D\u00e9veloppement professionnel et marketing<\/li>\n<\/ol>\n<p class=\"p1\">\ud83c\udfe0 Durant ces 9 jours, vous s\u00e9journerez dans un g\u00eete priv\u00e9, une escapade relaxante dans la belle campagne pr\u00e9serv\u00e9e du sud-ouest de la France.<\/p>\n<p><strong><b>\ud83d\uddd3\ufe0f\u00a0<\/b><\/strong><strong>Date : <\/strong>Formation disponible de juillet 2023 \u00e0 d\u00e9cembre 2024<\/p>\n<p><strong>\u00a0Formation \u00e0 partir de 4 484 euros<\/strong><\/p>\n","protected":false},"featured_media":5929,"comment_status":"open","ping_status":"closed","template":"","meta":{"_mo_disable_npp":""},"product_brand":[],"product_cat":[131,32,122,140,69],"product_tag":[],"class_list":{"0":"post-5925","1":"product","2":"type-product","3":"status-publish","4":"has-post-thumbnail","6":"product_cat-formation-yoga","7":"product_cat-formation-ytt-200","8":"product_cat-formation-ytt-france","9":"product_cat-ytt","10":"product_cat-ytt-200-france","12":"first","13":"instock","14":"taxable","15":"shipping-taxable","16":"product-type-external"},"yoast_head":"<!-- This site is optimized with the Yoast SEO plugin v26.8 - https:\/\/yoast.com\/product\/yoast-seo-wordpress\/ -->\n<title>YTT 200 heures Formation de Professeur de Yoga en Charente (2023 - 2024) - Meozen - Votre portail bien-\u00eatre<\/title>\n<meta name=\"description\" content=\"R\u00e9servez d\u00e8s maintenant votre YTT 200 heures Formation de Professeur de Yoga en Charente (2023 - 2024) avec Meozen. \u00c9vadez-vous du quotidien avec ce s\u00e9jour unique. Dur\u00e9e, conditions, prix... Cliquez pour d\u00e9couvrir !\" \/>\n<meta name=\"robots\" content=\"index, follow, max-snippet:-1, max-image-preview:large, max-video-preview:-1\" \/>\n<link rel=\"canonical\" href=\"https:\/\/meozen.com\/fr\/produit\/ytt-200-heures-formation-professeur-yoga-charente-2023-2024\/\" \/>\n<meta property=\"og:locale\" content=\"fr_FR\" \/>\n<meta property=\"og:type\" content=\"article\" \/>\n<meta property=\"og:title\" content=\"YTT 200 heures Formation de Professeur de Yoga en Charente (2023 - 2024) - Meozen - Votre portail bien-\u00eatre\" \/>\n<meta property=\"og:description\" content=\"R\u00e9servez d\u00e8s maintenant votre YTT 200 heures Formation de Professeur de Yoga en Charente (2023 - 2024) avec Meozen. \u00c9vadez-vous du quotidien avec ce s\u00e9jour unique. Dur\u00e9e, conditions, prix... Cliquez pour d\u00e9couvrir !\" \/>\n<meta property=\"og:url\" content=\"https:\/\/meozen.com\/fr\/produit\/ytt-200-heures-formation-professeur-yoga-charente-2023-2024\/\" \/>\n<meta property=\"og:site_name\" content=\"Meozen - Votre portail bien-\u00eatre\" \/>\n<meta property=\"article:publisher\" content=\"https:\/\/www.facebook.com\/MeozenFr\/\" \/>\n<meta property=\"article:modified_time\" content=\"2023-06-27T19:17:21+00:00\" \/>\n<meta property=\"og:image\" content=\"https:\/\/meozen.com\/fr\/wp-content\/uploads\/sites\/2\/2023\/06\/ytt-200-charente-france-1.jpeg\" \/>\n\t<meta property=\"og:image:width\" content=\"653\" \/>\n\t<meta property=\"og:image:height\" content=\"490\" \/>\n\t<meta property=\"og:image:type\" content=\"image\/jpeg\" \/>\n<meta name=\"twitter:card\" content=\"summary_large_image\" \/>\n<meta name=\"twitter:label1\" content=\"Dur\u00e9e de lecture estim\u00e9e\" \/>\n\t<meta name=\"twitter:data1\" content=\"2 minutes\" \/>\n<script type=\"application\/ld+json\" class=\"yoast-schema-graph\">{\"@context\":\"https:\/\/schema.org\",\"@graph\":[{\"@type\":\"WebPage\",\"@id\":\"https:\/\/meozen.com\/fr\/produit\/ytt-200-heures-formation-professeur-yoga-charente-2023-2024\/\",\"url\":\"https:\/\/meozen.com\/fr\/produit\/ytt-200-heures-formation-professeur-yoga-charente-2023-2024\/\",\"name\":\"YTT 200 heures Formation de Professeur de Yoga en Charente (2023 - 2024) - Meozen - Votre portail bien-\u00eatre\",\"isPartOf\":{\"@id\":\"https:\/\/meozen.com\/fr\/#website\"},\"primaryImageOfPage\":{\"@id\":\"https:\/\/meozen.com\/fr\/produit\/ytt-200-heures-formation-professeur-yoga-charente-2023-2024\/#primaryimage\"},\"image\":{\"@id\":\"https:\/\/meozen.com\/fr\/produit\/ytt-200-heures-formation-professeur-yoga-charente-2023-2024\/#primaryimage\"},\"thumbnailUrl\":\"https:\/\/meozen.com\/fr\/wp-content\/uploads\/sites\/2\/2023\/06\/ytt-200-charente-france-1.jpeg\",\"datePublished\":\"2023-06-21T08:54:59+00:00\",\"dateModified\":\"2023-06-27T19:17:21+00:00\",\"description\":\"R\u00e9servez d\u00e8s maintenant votre YTT 200 heures Formation de Professeur de Yoga en Charente (2023 - 2024) avec Meozen. \u00c9vadez-vous du quotidien avec ce s\u00e9jour unique. Dur\u00e9e, conditions, prix... Cliquez pour d\u00e9couvrir !\",\"breadcrumb\":{\"@id\":\"https:\/\/meozen.com\/fr\/produit\/ytt-200-heures-formation-professeur-yoga-charente-2023-2024\/#breadcrumb\"},\"inLanguage\":\"fr-FR\",\"potentialAction\":[{\"@type\":\"ReadAction\",\"target\":[\"https:\/\/meozen.com\/fr\/produit\/ytt-200-heures-formation-professeur-yoga-charente-2023-2024\/\"]}]},{\"@type\":\"ImageObject\",\"inLanguage\":\"fr-FR\",\"@id\":\"https:\/\/meozen.com\/fr\/produit\/ytt-200-heures-formation-professeur-yoga-charente-2023-2024\/#primaryimage\",\"url\":\"https:\/\/meozen.com\/fr\/wp-content\/uploads\/sites\/2\/2023\/06\/ytt-200-charente-france-1.jpeg\",\"contentUrl\":\"https:\/\/meozen.com\/fr\/wp-content\/uploads\/sites\/2\/2023\/06\/ytt-200-charente-france-1.jpeg\",\"width\":653,\"height\":490},{\"@type\":\"BreadcrumbList\",\"@id\":\"https:\/\/meozen.com\/fr\/produit\/ytt-200-heures-formation-professeur-yoga-charente-2023-2024\/#breadcrumb\",\"itemListElement\":[{\"@type\":\"ListItem\",\"position\":1,\"name\":\"Accueil\",\"item\":\"https:\/\/meozen.com\/fr\/\"},{\"@type\":\"ListItem\",\"position\":2,\"name\":\"Boutique\",\"item\":\"https:\/\/meozen.com\/fr\/boutique\/\"},{\"@type\":\"ListItem\",\"position\":3,\"name\":\"YTT 200 heures Formation de Professeur de Yoga en Charente (2023 &#8211; 2024)\"}]},{\"@type\":\"WebSite\",\"@id\":\"https:\/\/meozen.com\/fr\/#website\",\"url\":\"https:\/\/meozen.com\/fr\/\",\"name\":\"Meozen - Votre portail bien-\u00eatre\",\"description\":\"D\u00e9couvrez tout l&#039;univers du bien-\u00eatre, yoga, m\u00e9ditation, trouvez les meilleures retraites et formations bien-\u00eatre\",\"publisher\":{\"@id\":\"https:\/\/meozen.com\/fr\/#organization\"},\"potentialAction\":[{\"@type\":\"SearchAction\",\"target\":{\"@type\":\"EntryPoint\",\"urlTemplate\":\"https:\/\/meozen.com\/fr\/?s={search_term_string}\"},\"query-input\":{\"@type\":\"PropertyValueSpecification\",\"valueRequired\":true,\"valueName\":\"search_term_string\"}}],\"inLanguage\":\"fr-FR\"},{\"@type\":\"Organization\",\"@id\":\"https:\/\/meozen.com\/fr\/#organization\",\"name\":\"Meozen\",\"url\":\"https:\/\/meozen.com\/fr\/\",\"logo\":{\"@type\":\"ImageObject\",\"inLanguage\":\"fr-FR\",\"@id\":\"https:\/\/meozen.com\/fr\/#\/schema\/logo\/image\/\",\"url\":\"https:\/\/meozen.com\/fr\/wp-content\/uploads\/sites\/2\/2021\/06\/logo-meozen-push.jpg\",\"contentUrl\":\"https:\/\/meozen.com\/fr\/wp-content\/uploads\/sites\/2\/2021\/06\/logo-meozen-push.jpg\",\"width\":384,\"height\":384,\"caption\":\"Meozen\"},\"image\":{\"@id\":\"https:\/\/meozen.com\/fr\/#\/schema\/logo\/image\/\"},\"sameAs\":[\"https:\/\/www.facebook.com\/MeozenFr\/\",\"https:\/\/www.pinterest.fr\/meozen_officiel\/\",\"https:\/\/www.instagram.com\/meozen_officiel\/\"]}]}<\/script>\n<!-- \/ Yoast SEO plugin. -->","yoast_head_json":{"title":"YTT 200 heures Formation de Professeur de Yoga en Charente (2023 - 2024) - Meozen - Votre portail bien-\u00eatre","description":"R\u00e9servez d\u00e8s maintenant votre YTT 200 heures Formation de Professeur de Yoga en Charente (2023 - 2024) avec Meozen. \u00c9vadez-vous du quotidien avec ce s\u00e9jour unique. Dur\u00e9e, conditions, prix... Cliquez pour d\u00e9couvrir !","robots":{"index":"index","follow":"follow","max-snippet":"max-snippet:-1","max-image-preview":"max-image-preview:large","max-video-preview":"max-video-preview:-1"},"canonical":"https:\/\/meozen.com\/fr\/produit\/ytt-200-heures-formation-professeur-yoga-charente-2023-2024\/","og_locale":"fr_FR","og_type":"article","og_title":"YTT 200 heures Formation de Professeur de Yoga en Charente (2023 - 2024) - Meozen - Votre portail bien-\u00eatre","og_description":"R\u00e9servez d\u00e8s maintenant votre YTT 200 heures Formation de Professeur de Yoga en Charente (2023 - 2024) avec Meozen. \u00c9vadez-vous du quotidien avec ce s\u00e9jour unique. Dur\u00e9e, conditions, prix... Cliquez pour d\u00e9couvrir !","og_url":"https:\/\/meozen.com\/fr\/produit\/ytt-200-heures-formation-professeur-yoga-charente-2023-2024\/","og_site_name":"Meozen - Votre portail bien-\u00eatre","article_publisher":"https:\/\/www.facebook.com\/MeozenFr\/","article_modified_time":"2023-06-27T19:17:21+00:00","og_image":[{"width":653,"height":490,"url":"https:\/\/meozen.com\/fr\/wp-content\/uploads\/sites\/2\/2023\/06\/ytt-200-charente-france-1.jpeg","type":"image\/jpeg"}],"twitter_card":"summary_large_image","twitter_misc":{"Dur\u00e9e de lecture estim\u00e9e":"2 minutes"},"schema":{"@context":"https:\/\/schema.org","@graph":[{"@type":"WebPage","@id":"https:\/\/meozen.com\/fr\/produit\/ytt-200-heures-formation-professeur-yoga-charente-2023-2024\/","url":"https:\/\/meozen.com\/fr\/produit\/ytt-200-heures-formation-professeur-yoga-charente-2023-2024\/","name":"YTT 200 heures Formation de Professeur de Yoga en Charente (2023 - 2024) - Meozen - Votre portail bien-\u00eatre","isPartOf":{"@id":"https:\/\/meozen.com\/fr\/#website"},"primaryImageOfPage":{"@id":"https:\/\/meozen.com\/fr\/produit\/ytt-200-heures-formation-professeur-yoga-charente-2023-2024\/#primaryimage"},"image":{"@id":"https:\/\/meozen.com\/fr\/produit\/ytt-200-heures-formation-professeur-yoga-charente-2023-2024\/#primaryimage"},"thumbnailUrl":"https:\/\/meozen.com\/fr\/wp-content\/uploads\/sites\/2\/2023\/06\/ytt-200-charente-france-1.jpeg","datePublished":"2023-06-21T08:54:59+00:00","dateModified":"2023-06-27T19:17:21+00:00","description":"R\u00e9servez d\u00e8s maintenant votre YTT 200 heures Formation de Professeur de Yoga en Charente (2023 - 2024) avec Meozen. \u00c9vadez-vous du quotidien avec ce s\u00e9jour unique. Dur\u00e9e, conditions, prix... Cliquez pour d\u00e9couvrir !","breadcrumb":{"@id":"https:\/\/meozen.com\/fr\/produit\/ytt-200-heures-formation-professeur-yoga-charente-2023-2024\/#breadcrumb"},"inLanguage":"fr-FR","potentialAction":[{"@type":"ReadAction","target":["https:\/\/meozen.com\/fr\/produit\/ytt-200-heures-formation-professeur-yoga-charente-2023-2024\/"]}]},{"@type":"ImageObject","inLanguage":"fr-FR","@id":"https:\/\/meozen.com\/fr\/produit\/ytt-200-heures-formation-professeur-yoga-charente-2023-2024\/#primaryimage","url":"https:\/\/meozen.com\/fr\/wp-content\/uploads\/sites\/2\/2023\/06\/ytt-200-charente-france-1.jpeg","contentUrl":"https:\/\/meozen.com\/fr\/wp-content\/uploads\/sites\/2\/2023\/06\/ytt-200-charente-france-1.jpeg","width":653,"height":490},{"@type":"BreadcrumbList","@id":"https:\/\/meozen.com\/fr\/produit\/ytt-200-heures-formation-professeur-yoga-charente-2023-2024\/#breadcrumb","itemListElement":[{"@type":"ListItem","position":1,"name":"Accueil","item":"https:\/\/meozen.com\/fr\/"},{"@type":"ListItem","position":2,"name":"Boutique","item":"https:\/\/meozen.com\/fr\/boutique\/"},{"@type":"ListItem","position":3,"name":"YTT 200 heures Formation de Professeur de Yoga en Charente (2023 &#8211; 2024)"}]},{"@type":"WebSite","@id":"https:\/\/meozen.com\/fr\/#website","url":"https:\/\/meozen.com\/fr\/","name":"Meozen - Votre portail bien-\u00eatre","description":"D\u00e9couvrez tout l&#039;univers du bien-\u00eatre, yoga, m\u00e9ditation, trouvez les meilleures retraites et formations bien-\u00eatre","publisher":{"@id":"https:\/\/meozen.com\/fr\/#organization"},"potentialAction":[{"@type":"SearchAction","target":{"@type":"EntryPoint","urlTemplate":"https:\/\/meozen.com\/fr\/?s={search_term_string}"},"query-input":{"@type":"PropertyValueSpecification","valueRequired":true,"valueName":"search_term_string"}}],"inLanguage":"fr-FR"},{"@type":"Organization","@id":"https:\/\/meozen.com\/fr\/#organization","name":"Meozen","url":"https:\/\/meozen.com\/fr\/","logo":{"@type":"ImageObject","inLanguage":"fr-FR","@id":"https:\/\/meozen.com\/fr\/#\/schema\/logo\/image\/","url":"https:\/\/meozen.com\/fr\/wp-content\/uploads\/sites\/2\/2021\/06\/logo-meozen-push.jpg","contentUrl":"https:\/\/meozen.com\/fr\/wp-content\/uploads\/sites\/2\/2021\/06\/logo-meozen-push.jpg","width":384,"height":384,"caption":"Meozen"},"image":{"@id":"https:\/\/meozen.com\/fr\/#\/schema\/logo\/image\/"},"sameAs":["https:\/\/www.facebook.com\/MeozenFr\/","https:\/\/www.pinterest.fr\/meozen_officiel\/","https:\/\/www.instagram.com\/meozen_officiel\/"]}]}},"_links":{"self":[{"href":"https:\/\/meozen.com\/fr\/wp-json\/wp\/v2\/product\/5925","targetHints":{"allow":["GET"]}}],"collection":[{"href":"https:\/\/meozen.com\/fr\/wp-json\/wp\/v2\/product"}],"about":[{"href":"https:\/\/meozen.com\/fr\/wp-json\/wp\/v2\/types\/product"}],"replies":[{"embeddable":true,"href":"https:\/\/meozen.com\/fr\/wp-json\/wp\/v2\/comments?post=5925"}],"wp:featuredmedia":[{"embeddable":true,"href":"https:\/\/meozen.com\/fr\/wp-json\/wp\/v2\/media\/5929"}],"wp:attachment":[{"href":"https:\/\/meozen.com\/fr\/wp-json\/wp\/v2\/media?parent=5925"}],"wp:term":[{"taxonomy":"product_brand","embeddable":true,"href":"https:\/\/meozen.com\/fr\/wp-json\/wp\/v2\/product_brand?post=5925"},{"taxonomy":"product_cat","embeddable":true,"href":"https:\/\/meozen.com\/fr\/wp-json\/wp\/v2\/product_cat?post=5925"},{"taxonomy":"product_tag","embeddable":true,"href":"https:\/\/meozen.com\/fr\/wp-json\/wp\/v2\/product_tag?post=5925"}],"curies":[{"name":"wp","href":"https:\/\/api.w.org\/{rel}","templated":true}]}}