{"id":5976,"date":"2023-06-23T15:54:42","date_gmt":"2023-06-23T13:54:42","guid":{"rendered":"https:\/\/meozen.com\/fr\/?post_type=product&#038;p=5976"},"modified":"2023-07-11T17:42:33","modified_gmt":"2023-07-11T15:42:33","slug":"ytt-200-heures-formation-professeur-de-yoga-classique-indien-champagne-ardenne","status":"publish","type":"product","link":"https:\/\/meozen.com\/fr\/produit\/ytt-200-heures-formation-professeur-de-yoga-classique-indien-champagne-ardenne\/","title":{"rendered":"YTT 200 heures Formation prof de Yoga classique Indien en Champagne-Ardenne (Octobre 2023)"},"content":{"rendered":"<p><strong>\u2705 Pr\u00e9-requis :<\/strong><\/p>\n<ul>\n<li>Pour d\u00e9butant\/interm\u00e9diaire\/avanc\u00e9<\/li>\n<li>Formation en anglais \ud83c\uddec\ud83c\udde7<\/li>\n<\/ul>\n<p>&nbsp;<\/p>\n<p><strong>\u2705 Au programme :<\/strong><\/p>\n<ol>\n<li>Origine du yoga<\/li>\n<li>Textes de yoga tels que Hatha Yoga Pradipika, Yoga Sutra de Patanjali, Bhava, anatomie du yoga et Ayurveda<\/li>\n<\/ol>\n<p>&nbsp;<\/p>\n<p><strong>\u2705 Journ\u00e9e type :<\/strong><\/p>\n<p>Il s&rsquo;agit d&rsquo;un cours r\u00e9sidentiel avec des cours 5 jours par semaine de 09h00 \u00e0 18h30.<\/p>\n<ul>\n<li>L&rsquo;arriv\u00e9e et l&rsquo;inscription se font le samedi.<\/li>\n<li>Le dimanche est le jour de l&rsquo;introduction.<\/li>\n<li>Chaque jour, un temps est consacr\u00e9 \u00e0 la r\u00e9flexion et \u00e0 l&rsquo;auto-apprentissage.<\/li>\n<li>Les week-ends entre les \u00e9tudiants sont libres de passer \u00e0 loisir. Vous pouvez \u00e9tudier, vous d\u00e9tendre, faire du tourisme ou rendre visite \u00e0 votre famille.<\/li>\n<li>Le dernier samedi, les \u00e9tudiants passeront un examen pratique et th\u00e9orique. Le soir, une c\u00e9r\u00e9monie est organis\u00e9e et les certificats sont remis.<\/li>\n<li>Le dernier dimanche est le jour du d\u00e9part<\/li>\n<\/ul>\n<p>&nbsp;<\/p>\n<p><strong>\u2705 Certification :<\/strong><\/p>\n<p>Les \u00e9tudiants qui terminent la formation peuvent s&rsquo;inscrire aupr\u00e8s de Yoga Alliance en tant que professeurs de yoga certifi\u00e9s (RYT\u00ae).<\/p>\n<p>&nbsp;<\/p>\n<p><strong>\u2705 <\/strong><strong>Ce qui est inclus :\u00a0<\/strong><\/p>\n<ul>\n<li>29 nuits d&rsquo;h\u00e9bergement dans une chambre spacieuse au Ch\u00e2teau de Moiron<\/li>\n<li>Petit-d\u00e9jeuner, d\u00e9jeuner, d\u00eener et collations (Bio, v\u00e9g\u00e9tarien et\/ou vegan)<\/li>\n<li>Caf\u00e9, th\u00e9 et eau<\/li>\n<li>Tous les enseignements du Syllabus et plus<\/li>\n<li>Tous les supports d&rsquo;\u00e9tudes<\/li>\n<li>Un examen pratique et un examen th\u00e9orique<\/li>\n<li>Certificat de l&rsquo;Institut de Yoga<\/li>\n<li>Une attention personnelle, \u00e0 la fois avec les asanas et votre processus int\u00e9rieur<\/li>\n<\/ul>\n","protected":false},"excerpt":{"rendered":"<p><strong style=\"font-size: 22px;\"><strong>Une Formation de professeur de Yoga (YTT 200 heures)<\/strong> <strong>\ud83d\udccden Champagne-Ardenne<\/strong>. <\/strong><\/p>\n<p>Heart of India &#8211; Indian Classic Yoga vous propose ce Yoga Teacher Training de 200 heures qui est une formation pour devenir un professeur de Yoga accompli dans un magnifique domaine du nord-est rural de la France !<\/p>\n<p>\ud83d\ude4f<strong> Modules au programme :\u00a0<\/strong><\/p>\n<ul>\n<li><strong>Module 1 :<\/strong> Yoga et pratique du yoga<\/li>\n<li><strong>Module 2 : <\/strong>Hatha yoga<\/li>\n<li><strong>Module 3 : <\/strong>Bhavas &#8211; Base de l&rsquo;enseignement du yoga<\/li>\n<li><strong>Module 4 : <\/strong>Anatomie et physiologie<\/li>\n<li><strong>Module 5 : <\/strong>Ayurv\u00e9da<\/li>\n<li><strong>Module 6 : <\/strong>Comp\u00e9tences pratiques<\/li>\n<li><strong>Module 7 : <\/strong>Les asanas Sahajbhava, Shat Karmas, Surya Namaskar (Salutation au Soleil)<\/li>\n<li><strong>Module 8 : <\/strong>Pranayamas et m\u00e9ditation<\/li>\n<li><strong>Module 9 : <\/strong>Techniques mise au point par The Yoga Institute<\/li>\n<li><strong>Module 10 : <\/strong>Pratique de la communication et de l&rsquo;enseignement<\/li>\n<li><strong>Module 11 : <\/strong>Asanas<\/li>\n<\/ul>\n<p>\ud83c\udfe0 Durant ces 29 jours, la formation a lieu au Centre Lothlorien, The Yoga Institute France. Il s&rsquo;agit d&rsquo;une maison d&rsquo;h\u00f4tes dans la r\u00e9gion Champagne-Ardenne dans un site naturel unique entour\u00e9 de for\u00eats.<\/p>\n<p>\u2728 Profitez de ce lieu relaxant qui est une base id\u00e9ale pour trouver la paix et la tranquillit\u00e9, entour\u00e9 d&rsquo;un beau jardin, de champs, de ruisseaux et de deux lacs.<\/p>\n<p class=\"p1\"><strong><b>\ud83d\uddd3\ufe0f\u00a0<\/b>Dates de formation : <\/strong>Du samedi 30 septembre au dimanche 29 octobre 2023<\/p>\n<p><strong> \ud83d\udfe1 Formation \u00e0 partir de : <\/strong>3 550\u00a0euros<\/p>\n","protected":false},"featured_media":6328,"comment_status":"open","ping_status":"closed","template":"","meta":{"_mo_disable_npp":""},"product_brand":[],"product_cat":[131,132,32,122,140,142,69],"product_tag":[],"class_list":{"0":"post-5976","1":"product","2":"type-product","3":"status-publish","4":"has-post-thumbnail","6":"product_cat-formation-yoga","7":"product_cat-formation-yoga-france","8":"product_cat-formation-ytt-200","9":"product_cat-formation-ytt-france","10":"product_cat-ytt","11":"product_cat-ytt-200-champagne-ardenne-ytt-200-france","12":"product_cat-ytt-200-france","14":"first","15":"instock","16":"taxable","17":"shipping-taxable","18":"product-type-external"},"yoast_head":"<!-- This site is optimized with the Yoast SEO plugin v26.8 - https:\/\/yoast.com\/product\/yoast-seo-wordpress\/ -->\n<title>YTT 200 heures Formation prof de Yoga classique Indien en Champagne-Ardenne (Octobre 2023) - Meozen - Votre portail bien-\u00eatre<\/title>\n<meta name=\"description\" content=\"R\u00e9servez d\u00e8s maintenant votre YTT 200 heures Formation prof de Yoga classique Indien en Champagne-Ardenne (Octobre 2023) avec Meozen. \u00c9vadez-vous du quotidien avec ce s\u00e9jour unique. Dur\u00e9e, conditions, prix... Cliquez pour d\u00e9couvrir !\" \/>\n<meta name=\"robots\" content=\"index, follow, max-snippet:-1, max-image-preview:large, max-video-preview:-1\" \/>\n<link rel=\"canonical\" href=\"https:\/\/meozen.com\/fr\/produit\/ytt-200-heures-formation-professeur-de-yoga-classique-indien-champagne-ardenne\/\" \/>\n<meta property=\"og:locale\" content=\"fr_FR\" \/>\n<meta property=\"og:type\" content=\"article\" \/>\n<meta property=\"og:title\" content=\"YTT 200 heures Formation prof de Yoga classique Indien en Champagne-Ardenne (Octobre 2023) - Meozen - Votre portail bien-\u00eatre\" \/>\n<meta property=\"og:description\" content=\"R\u00e9servez d\u00e8s maintenant votre YTT 200 heures Formation prof de Yoga classique Indien en Champagne-Ardenne (Octobre 2023) avec Meozen. \u00c9vadez-vous du quotidien avec ce s\u00e9jour unique. Dur\u00e9e, conditions, prix... Cliquez pour d\u00e9couvrir !\" \/>\n<meta property=\"og:url\" content=\"https:\/\/meozen.com\/fr\/produit\/ytt-200-heures-formation-professeur-de-yoga-classique-indien-champagne-ardenne\/\" \/>\n<meta property=\"og:site_name\" content=\"Meozen - Votre portail bien-\u00eatre\" \/>\n<meta property=\"article:publisher\" content=\"https:\/\/www.facebook.com\/MeozenFr\/\" \/>\n<meta property=\"article:modified_time\" content=\"2023-07-11T15:42:33+00:00\" \/>\n<meta property=\"og:image\" content=\"https:\/\/meozen.com\/fr\/wp-content\/uploads\/sites\/2\/2023\/06\/ytt-200-formation-professeur-yoga-champagne-ardenne-1.jpeg\" \/>\n\t<meta property=\"og:image:width\" content=\"653\" \/>\n\t<meta property=\"og:image:height\" content=\"490\" \/>\n\t<meta property=\"og:image:type\" content=\"image\/jpeg\" \/>\n<meta name=\"twitter:card\" content=\"summary_large_image\" \/>\n<meta name=\"twitter:label1\" content=\"Dur\u00e9e de lecture estim\u00e9e\" \/>\n\t<meta name=\"twitter:data1\" content=\"2 minutes\" \/>\n<script type=\"application\/ld+json\" class=\"yoast-schema-graph\">{\"@context\":\"https:\/\/schema.org\",\"@graph\":[{\"@type\":\"WebPage\",\"@id\":\"https:\/\/meozen.com\/fr\/produit\/ytt-200-heures-formation-professeur-de-yoga-classique-indien-champagne-ardenne\/\",\"url\":\"https:\/\/meozen.com\/fr\/produit\/ytt-200-heures-formation-professeur-de-yoga-classique-indien-champagne-ardenne\/\",\"name\":\"YTT 200 heures Formation prof de Yoga classique Indien en Champagne-Ardenne (Octobre 2023) - Meozen - Votre portail bien-\u00eatre\",\"isPartOf\":{\"@id\":\"https:\/\/meozen.com\/fr\/#website\"},\"primaryImageOfPage\":{\"@id\":\"https:\/\/meozen.com\/fr\/produit\/ytt-200-heures-formation-professeur-de-yoga-classique-indien-champagne-ardenne\/#primaryimage\"},\"image\":{\"@id\":\"https:\/\/meozen.com\/fr\/produit\/ytt-200-heures-formation-professeur-de-yoga-classique-indien-champagne-ardenne\/#primaryimage\"},\"thumbnailUrl\":\"https:\/\/meozen.com\/fr\/wp-content\/uploads\/sites\/2\/2023\/06\/ytt-200-formation-professeur-yoga-champagne-ardenne-1.jpeg\",\"datePublished\":\"2023-06-23T13:54:42+00:00\",\"dateModified\":\"2023-07-11T15:42:33+00:00\",\"description\":\"R\u00e9servez d\u00e8s maintenant votre YTT 200 heures Formation prof de Yoga classique Indien en Champagne-Ardenne (Octobre 2023) avec Meozen. \u00c9vadez-vous du quotidien avec ce s\u00e9jour unique. Dur\u00e9e, conditions, prix... Cliquez pour d\u00e9couvrir !\",\"breadcrumb\":{\"@id\":\"https:\/\/meozen.com\/fr\/produit\/ytt-200-heures-formation-professeur-de-yoga-classique-indien-champagne-ardenne\/#breadcrumb\"},\"inLanguage\":\"fr-FR\",\"potentialAction\":[{\"@type\":\"ReadAction\",\"target\":[\"https:\/\/meozen.com\/fr\/produit\/ytt-200-heures-formation-professeur-de-yoga-classique-indien-champagne-ardenne\/\"]}]},{\"@type\":\"ImageObject\",\"inLanguage\":\"fr-FR\",\"@id\":\"https:\/\/meozen.com\/fr\/produit\/ytt-200-heures-formation-professeur-de-yoga-classique-indien-champagne-ardenne\/#primaryimage\",\"url\":\"https:\/\/meozen.com\/fr\/wp-content\/uploads\/sites\/2\/2023\/06\/ytt-200-formation-professeur-yoga-champagne-ardenne-1.jpeg\",\"contentUrl\":\"https:\/\/meozen.com\/fr\/wp-content\/uploads\/sites\/2\/2023\/06\/ytt-200-formation-professeur-yoga-champagne-ardenne-1.jpeg\",\"width\":653,\"height\":490},{\"@type\":\"BreadcrumbList\",\"@id\":\"https:\/\/meozen.com\/fr\/produit\/ytt-200-heures-formation-professeur-de-yoga-classique-indien-champagne-ardenne\/#breadcrumb\",\"itemListElement\":[{\"@type\":\"ListItem\",\"position\":1,\"name\":\"Accueil\",\"item\":\"https:\/\/meozen.com\/fr\/\"},{\"@type\":\"ListItem\",\"position\":2,\"name\":\"Boutique\",\"item\":\"https:\/\/meozen.com\/fr\/boutique\/\"},{\"@type\":\"ListItem\",\"position\":3,\"name\":\"YTT 200 heures Formation prof de Yoga classique Indien en Champagne-Ardenne (Octobre 2023)\"}]},{\"@type\":\"WebSite\",\"@id\":\"https:\/\/meozen.com\/fr\/#website\",\"url\":\"https:\/\/meozen.com\/fr\/\",\"name\":\"Meozen - Votre portail bien-\u00eatre\",\"description\":\"D\u00e9couvrez tout l&#039;univers du bien-\u00eatre, yoga, m\u00e9ditation, trouvez les meilleures retraites et formations bien-\u00eatre\",\"publisher\":{\"@id\":\"https:\/\/meozen.com\/fr\/#organization\"},\"potentialAction\":[{\"@type\":\"SearchAction\",\"target\":{\"@type\":\"EntryPoint\",\"urlTemplate\":\"https:\/\/meozen.com\/fr\/?s={search_term_string}\"},\"query-input\":{\"@type\":\"PropertyValueSpecification\",\"valueRequired\":true,\"valueName\":\"search_term_string\"}}],\"inLanguage\":\"fr-FR\"},{\"@type\":\"Organization\",\"@id\":\"https:\/\/meozen.com\/fr\/#organization\",\"name\":\"Meozen\",\"url\":\"https:\/\/meozen.com\/fr\/\",\"logo\":{\"@type\":\"ImageObject\",\"inLanguage\":\"fr-FR\",\"@id\":\"https:\/\/meozen.com\/fr\/#\/schema\/logo\/image\/\",\"url\":\"https:\/\/meozen.com\/fr\/wp-content\/uploads\/sites\/2\/2021\/06\/logo-meozen-push.jpg\",\"contentUrl\":\"https:\/\/meozen.com\/fr\/wp-content\/uploads\/sites\/2\/2021\/06\/logo-meozen-push.jpg\",\"width\":384,\"height\":384,\"caption\":\"Meozen\"},\"image\":{\"@id\":\"https:\/\/meozen.com\/fr\/#\/schema\/logo\/image\/\"},\"sameAs\":[\"https:\/\/www.facebook.com\/MeozenFr\/\",\"https:\/\/www.pinterest.fr\/meozen_officiel\/\",\"https:\/\/www.instagram.com\/meozen_officiel\/\"]}]}<\/script>\n<!-- \/ Yoast SEO plugin. -->","yoast_head_json":{"title":"YTT 200 heures Formation prof de Yoga classique Indien en Champagne-Ardenne (Octobre 2023) - Meozen - Votre portail bien-\u00eatre","description":"R\u00e9servez d\u00e8s maintenant votre YTT 200 heures Formation prof de Yoga classique Indien en Champagne-Ardenne (Octobre 2023) avec Meozen. \u00c9vadez-vous du quotidien avec ce s\u00e9jour unique. Dur\u00e9e, conditions, prix... Cliquez pour d\u00e9couvrir !","robots":{"index":"index","follow":"follow","max-snippet":"max-snippet:-1","max-image-preview":"max-image-preview:large","max-video-preview":"max-video-preview:-1"},"canonical":"https:\/\/meozen.com\/fr\/produit\/ytt-200-heures-formation-professeur-de-yoga-classique-indien-champagne-ardenne\/","og_locale":"fr_FR","og_type":"article","og_title":"YTT 200 heures Formation prof de Yoga classique Indien en Champagne-Ardenne (Octobre 2023) - Meozen - Votre portail bien-\u00eatre","og_description":"R\u00e9servez d\u00e8s maintenant votre YTT 200 heures Formation prof de Yoga classique Indien en Champagne-Ardenne (Octobre 2023) avec Meozen. \u00c9vadez-vous du quotidien avec ce s\u00e9jour unique. Dur\u00e9e, conditions, prix... Cliquez pour d\u00e9couvrir !","og_url":"https:\/\/meozen.com\/fr\/produit\/ytt-200-heures-formation-professeur-de-yoga-classique-indien-champagne-ardenne\/","og_site_name":"Meozen - Votre portail bien-\u00eatre","article_publisher":"https:\/\/www.facebook.com\/MeozenFr\/","article_modified_time":"2023-07-11T15:42:33+00:00","og_image":[{"width":653,"height":490,"url":"https:\/\/meozen.com\/fr\/wp-content\/uploads\/sites\/2\/2023\/06\/ytt-200-formation-professeur-yoga-champagne-ardenne-1.jpeg","type":"image\/jpeg"}],"twitter_card":"summary_large_image","twitter_misc":{"Dur\u00e9e de lecture estim\u00e9e":"2 minutes"},"schema":{"@context":"https:\/\/schema.org","@graph":[{"@type":"WebPage","@id":"https:\/\/meozen.com\/fr\/produit\/ytt-200-heures-formation-professeur-de-yoga-classique-indien-champagne-ardenne\/","url":"https:\/\/meozen.com\/fr\/produit\/ytt-200-heures-formation-professeur-de-yoga-classique-indien-champagne-ardenne\/","name":"YTT 200 heures Formation prof de Yoga classique Indien en Champagne-Ardenne (Octobre 2023) - Meozen - Votre portail bien-\u00eatre","isPartOf":{"@id":"https:\/\/meozen.com\/fr\/#website"},"primaryImageOfPage":{"@id":"https:\/\/meozen.com\/fr\/produit\/ytt-200-heures-formation-professeur-de-yoga-classique-indien-champagne-ardenne\/#primaryimage"},"image":{"@id":"https:\/\/meozen.com\/fr\/produit\/ytt-200-heures-formation-professeur-de-yoga-classique-indien-champagne-ardenne\/#primaryimage"},"thumbnailUrl":"https:\/\/meozen.com\/fr\/wp-content\/uploads\/sites\/2\/2023\/06\/ytt-200-formation-professeur-yoga-champagne-ardenne-1.jpeg","datePublished":"2023-06-23T13:54:42+00:00","dateModified":"2023-07-11T15:42:33+00:00","description":"R\u00e9servez d\u00e8s maintenant votre YTT 200 heures Formation prof de Yoga classique Indien en Champagne-Ardenne (Octobre 2023) avec Meozen. \u00c9vadez-vous du quotidien avec ce s\u00e9jour unique. Dur\u00e9e, conditions, prix... Cliquez pour d\u00e9couvrir !","breadcrumb":{"@id":"https:\/\/meozen.com\/fr\/produit\/ytt-200-heures-formation-professeur-de-yoga-classique-indien-champagne-ardenne\/#breadcrumb"},"inLanguage":"fr-FR","potentialAction":[{"@type":"ReadAction","target":["https:\/\/meozen.com\/fr\/produit\/ytt-200-heures-formation-professeur-de-yoga-classique-indien-champagne-ardenne\/"]}]},{"@type":"ImageObject","inLanguage":"fr-FR","@id":"https:\/\/meozen.com\/fr\/produit\/ytt-200-heures-formation-professeur-de-yoga-classique-indien-champagne-ardenne\/#primaryimage","url":"https:\/\/meozen.com\/fr\/wp-content\/uploads\/sites\/2\/2023\/06\/ytt-200-formation-professeur-yoga-champagne-ardenne-1.jpeg","contentUrl":"https:\/\/meozen.com\/fr\/wp-content\/uploads\/sites\/2\/2023\/06\/ytt-200-formation-professeur-yoga-champagne-ardenne-1.jpeg","width":653,"height":490},{"@type":"BreadcrumbList","@id":"https:\/\/meozen.com\/fr\/produit\/ytt-200-heures-formation-professeur-de-yoga-classique-indien-champagne-ardenne\/#breadcrumb","itemListElement":[{"@type":"ListItem","position":1,"name":"Accueil","item":"https:\/\/meozen.com\/fr\/"},{"@type":"ListItem","position":2,"name":"Boutique","item":"https:\/\/meozen.com\/fr\/boutique\/"},{"@type":"ListItem","position":3,"name":"YTT 200 heures Formation prof de Yoga classique Indien en Champagne-Ardenne (Octobre 2023)"}]},{"@type":"WebSite","@id":"https:\/\/meozen.com\/fr\/#website","url":"https:\/\/meozen.com\/fr\/","name":"Meozen - Votre portail bien-\u00eatre","description":"D\u00e9couvrez tout l&#039;univers du bien-\u00eatre, yoga, m\u00e9ditation, trouvez les meilleures retraites et formations bien-\u00eatre","publisher":{"@id":"https:\/\/meozen.com\/fr\/#organization"},"potentialAction":[{"@type":"SearchAction","target":{"@type":"EntryPoint","urlTemplate":"https:\/\/meozen.com\/fr\/?s={search_term_string}"},"query-input":{"@type":"PropertyValueSpecification","valueRequired":true,"valueName":"search_term_string"}}],"inLanguage":"fr-FR"},{"@type":"Organization","@id":"https:\/\/meozen.com\/fr\/#organization","name":"Meozen","url":"https:\/\/meozen.com\/fr\/","logo":{"@type":"ImageObject","inLanguage":"fr-FR","@id":"https:\/\/meozen.com\/fr\/#\/schema\/logo\/image\/","url":"https:\/\/meozen.com\/fr\/wp-content\/uploads\/sites\/2\/2021\/06\/logo-meozen-push.jpg","contentUrl":"https:\/\/meozen.com\/fr\/wp-content\/uploads\/sites\/2\/2021\/06\/logo-meozen-push.jpg","width":384,"height":384,"caption":"Meozen"},"image":{"@id":"https:\/\/meozen.com\/fr\/#\/schema\/logo\/image\/"},"sameAs":["https:\/\/www.facebook.com\/MeozenFr\/","https:\/\/www.pinterest.fr\/meozen_officiel\/","https:\/\/www.instagram.com\/meozen_officiel\/"]}]}},"_links":{"self":[{"href":"https:\/\/meozen.com\/fr\/wp-json\/wp\/v2\/product\/5976","targetHints":{"allow":["GET"]}}],"collection":[{"href":"https:\/\/meozen.com\/fr\/wp-json\/wp\/v2\/product"}],"about":[{"href":"https:\/\/meozen.com\/fr\/wp-json\/wp\/v2\/types\/product"}],"replies":[{"embeddable":true,"href":"https:\/\/meozen.com\/fr\/wp-json\/wp\/v2\/comments?post=5976"}],"wp:featuredmedia":[{"embeddable":true,"href":"https:\/\/meozen.com\/fr\/wp-json\/wp\/v2\/media\/6328"}],"wp:attachment":[{"href":"https:\/\/meozen.com\/fr\/wp-json\/wp\/v2\/media?parent=5976"}],"wp:term":[{"taxonomy":"product_brand","embeddable":true,"href":"https:\/\/meozen.com\/fr\/wp-json\/wp\/v2\/product_brand?post=5976"},{"taxonomy":"product_cat","embeddable":true,"href":"https:\/\/meozen.com\/fr\/wp-json\/wp\/v2\/product_cat?post=5976"},{"taxonomy":"product_tag","embeddable":true,"href":"https:\/\/meozen.com\/fr\/wp-json\/wp\/v2\/product_tag?post=5976"}],"curies":[{"name":"wp","href":"https:\/\/api.w.org\/{rel}","templated":true}]}}