{"id":6027,"date":"2023-06-26T11:59:26","date_gmt":"2023-06-26T09:59:26","guid":{"rendered":"https:\/\/meozen.com\/fr\/?post_type=product&#038;p=6027"},"modified":"2023-06-26T12:02:25","modified_gmt":"2023-06-26T10:02:25","slug":"retraite-reiki-danse-hypnose-3-jours-2-nuits-occitanie-ales-juillet-2023-1","status":"publish","type":"product","link":"https:\/\/meozen.com\/fr\/produit\/retraite-reiki-danse-hypnose-3-jours-2-nuits-occitanie-ales-juillet-2023-1\/","title":{"rendered":"Retraite Reiki, Danse &#038; Hypnose &#8211; 3 jours \/ 2 nuits  en Occitanie \u00e0 Al\u00e8s (24 au 26 Juillet 2023)"},"content":{"rendered":"<ul>\n<li><span style=\"font-weight: 400;\">Programme adapt\u00e9 \u00e0 tous le monde<\/span><\/li>\n<li style=\"font-weight: 400;\"><span style=\"font-weight: 400;\">Inclus petits-d\u00e9jeuners\/brunchs et d\u00eeners (v\u00e9g\u00e9tarien)\u00a0<\/span><\/li>\n<\/ul>\n<p>&nbsp;<\/p>\n<p><strong>\u2705 Journ\u00e9e type : <\/strong><\/p>\n<ul>\n<li class=\"subtitle\">Ouverture de la journ\u00e9e<\/li>\n<li class=\"subtitle\">Petit d\u00e9jeuner<\/li>\n<li class=\"subtitle\">S\u00e9ance d&rsquo;hypnose &amp; de Reiki<\/li>\n<li class=\"subtitle\">D\u00e9jeuner<\/li>\n<li class=\"subtitle\">Activit\u00e9 de pleine conscience soit danse, sonoth\u00e9rapie&#8230;<\/li>\n<li class=\"subtitle\">D\u00eener<\/li>\n<li class=\"subtitle\">Fermeture de la journ\u00e9e<\/li>\n<\/ul>\n","protected":false},"excerpt":{"rendered":"<p><strong style=\"font-size: 22px;\"><strong>Une retraite de Reiki, Danse &amp; Hypnose\ud83d\udccd en r\u00e9gion Occitanie \u00e0 Al\u00e8s.<\/strong><\/strong><\/p>\n<p>\u2600\ufe0f Profitez d&rsquo;un s\u00e9jour dans le sud de la France pour vous reconnecter \u00e0 vous-m\u00eame.<\/p>\n<p class=\"p1\">\u2728\u00a0 Un programme rythm\u00e9 par diff\u00e9rentes activit\u00e9s telles que l&rsquo;Hypnose, le Reiki, la danse, la Sonoth\u00e9rapie et la M\u00e9ditation pour se relaxer.<\/p>\n<p class=\"p1\">\ud83c\udfe0\u00a0 Vous serez h\u00e9berg\u00e9 dans une yourte ou dans des roulottes au coeur d&rsquo;une nature calme et paisible.<\/p>\n<p class=\"p1\">\ud83e\uddd8\u200d\u2640\ufe0f Une occasion pour vous initier \u00e0 la pleine conscience et d\u00e9couvrir un peu plus qui vous \u00eates r\u00e9ellement et ce que vous souhaitez vraiment.<\/p>\n<p>&nbsp;<\/p>\n<p><strong><b>\ud83d\uddd3\ufe0f\u00a0<\/b>Date :<\/strong><\/p>\n<ul>\n<li>Du 24 juillet au 26 juillet 2023<\/li>\n<\/ul>\n<p>&nbsp;<\/p>\n<p><strong> \ud83d\udfe1 S\u00e9jour \u00e0 partir de 690 euros<\/strong><\/p>\n<p>\ud83d\udca1<em> Pour r\u00e9server, un acompte correspondant \u00e0 15% du prix total est requis. Celui-ci est non-remboursable si vous annulez votre r\u00e9servation. Le reste du paiement d\u00fb (85%) se fera directement aupr\u00e8s de l&rsquo;organisateur \u00e0 votre arriv\u00e9e.<\/em><\/p>\n<p>&nbsp;<\/p>\n<p class=\"p1\"><strong>Comment r\u00e9server mon s\u00e9jour sur Meozen ?<\/strong><\/p>\n<p>1\ufe0f\u20e3 Je fais ma demande de r\u00e9servation sur le formulaire en cliquant sur le bouton \u00ab R\u00e9server d\u00e8s maintenant \u00bb<\/p>\n<p>2\ufe0f\u20e3 Meozen prend contact avec l\u2019organisateur du s\u00e9jour et v\u00e9rifie le nombre de places disponibles<\/p>\n<p>3\ufe0f\u20e3 Meozen revient vers vous pour vous donner une r\u00e9ponse. Si celle-ci est favorable, un lien de paiement correspondant \u00e0 un acompte de 15% vous sera envoy\u00e9 pour r\u00e9server votre place.<\/p>\n<p>4\ufe0f\u20e3 Une fois le paiement de 15% r\u00e9alis\u00e9 aupr\u00e8s de Meozen, vous serez redirig\u00e9 vers l\u2019organisateur du s\u00e9jour et nous vous communiquerons l\u2019ensemble de ses coordonn\u00e9es. L\u2019organisateur sera ensuite votre interlocuteur principal pour finaliser l\u2019organisation de votre voyage et poser vos questions.<\/p>\n<p>5\ufe0f\u20e3 Vous r\u00e9glez la somme restante due (85%) directement aupr\u00e8s de l&rsquo;organisateur selon ses modalit\u00e9s (avant votre arriv\u00e9e ou \u00e0 votre arriv\u00e9e).<\/p>\n","protected":false},"featured_media":5968,"comment_status":"open","ping_status":"closed","template":"","meta":{"_mo_disable_npp":""},"product_brand":[],"product_cat":[138,139,137,136],"product_tag":[114],"class_list":{"0":"post-6027","1":"product","2":"type-product","3":"status-publish","4":"has-post-thumbnail","6":"product_cat-retraite-bien-etre-france","7":"product_cat-retraite-bien-etre-occitanie","8":"product_cat-retraite-hypnose","9":"product_cat-retraite-reiki","10":"product_tag-doublon","12":"first","13":"instock","14":"taxable","15":"shipping-taxable","16":"product-type-external"},"yoast_head":"<!-- This site is optimized with the Yoast SEO plugin v26.8 - https:\/\/yoast.com\/product\/yoast-seo-wordpress\/ -->\n<title>Retraite Reiki, Danse &amp; Hypnose - 3 jours \/ 2 nuits en Occitanie \u00e0 Al\u00e8s (24 au 26 Juillet 2023) - Meozen - Votre portail bien-\u00eatre<\/title>\n<meta name=\"description\" content=\"R\u00e9servez d\u00e8s maintenant votre Retraite Reiki, Danse &amp; Hypnose - 3 jours \/ 2 nuits en Occitanie \u00e0 Al\u00e8s (24 au 26 Juillet 2023) avec Meozen. \u00c9vadez-vous du quotidien avec ce s\u00e9jour unique. Dur\u00e9e, conditions, prix... Cliquez pour d\u00e9couvrir !\" \/>\n<meta name=\"robots\" content=\"index, follow, max-snippet:-1, max-image-preview:large, max-video-preview:-1\" \/>\n<link rel=\"canonical\" href=\"https:\/\/meozen.com\/fr\/produit\/retraite-reiki-danse-hypnose-3-jours-2-nuits-occitanie-ales-juillet-2023-1\/\" \/>\n<meta property=\"og:locale\" content=\"fr_FR\" \/>\n<meta property=\"og:type\" content=\"article\" \/>\n<meta property=\"og:title\" content=\"Retraite Reiki, Danse &amp; Hypnose - 3 jours \/ 2 nuits en Occitanie \u00e0 Al\u00e8s (24 au 26 Juillet 2023) - Meozen - Votre portail bien-\u00eatre\" \/>\n<meta property=\"og:description\" content=\"R\u00e9servez d\u00e8s maintenant votre Retraite Reiki, Danse &amp; Hypnose - 3 jours \/ 2 nuits en Occitanie \u00e0 Al\u00e8s (24 au 26 Juillet 2023) avec Meozen. \u00c9vadez-vous du quotidien avec ce s\u00e9jour unique. Dur\u00e9e, conditions, prix... Cliquez pour d\u00e9couvrir !\" \/>\n<meta property=\"og:url\" content=\"https:\/\/meozen.com\/fr\/produit\/retraite-reiki-danse-hypnose-3-jours-2-nuits-occitanie-ales-juillet-2023-1\/\" \/>\n<meta property=\"og:site_name\" content=\"Meozen - Votre portail bien-\u00eatre\" \/>\n<meta property=\"article:publisher\" content=\"https:\/\/www.facebook.com\/MeozenFr\/\" \/>\n<meta property=\"article:modified_time\" content=\"2023-06-26T10:02:25+00:00\" \/>\n<meta property=\"og:image\" content=\"https:\/\/meozen.com\/fr\/wp-content\/uploads\/sites\/2\/2023\/06\/retraite-hypnose-reiki-danse-ales-1.jpg\" \/>\n\t<meta property=\"og:image:width\" content=\"680\" \/>\n\t<meta property=\"og:image:height\" content=\"510\" \/>\n\t<meta property=\"og:image:type\" content=\"image\/jpeg\" \/>\n<meta name=\"twitter:card\" content=\"summary_large_image\" \/>\n<meta name=\"twitter:label1\" content=\"Dur\u00e9e de lecture estim\u00e9e\" \/>\n\t<meta name=\"twitter:data1\" content=\"1 minute\" \/>\n<script type=\"application\/ld+json\" class=\"yoast-schema-graph\">{\"@context\":\"https:\/\/schema.org\",\"@graph\":[{\"@type\":\"WebPage\",\"@id\":\"https:\/\/meozen.com\/fr\/produit\/retraite-reiki-danse-hypnose-3-jours-2-nuits-occitanie-ales-juillet-2023-1\/\",\"url\":\"https:\/\/meozen.com\/fr\/produit\/retraite-reiki-danse-hypnose-3-jours-2-nuits-occitanie-ales-juillet-2023-1\/\",\"name\":\"Retraite Reiki, Danse & Hypnose - 3 jours \/ 2 nuits en Occitanie \u00e0 Al\u00e8s (24 au 26 Juillet 2023) - Meozen - Votre portail bien-\u00eatre\",\"isPartOf\":{\"@id\":\"https:\/\/meozen.com\/fr\/#website\"},\"primaryImageOfPage\":{\"@id\":\"https:\/\/meozen.com\/fr\/produit\/retraite-reiki-danse-hypnose-3-jours-2-nuits-occitanie-ales-juillet-2023-1\/#primaryimage\"},\"image\":{\"@id\":\"https:\/\/meozen.com\/fr\/produit\/retraite-reiki-danse-hypnose-3-jours-2-nuits-occitanie-ales-juillet-2023-1\/#primaryimage\"},\"thumbnailUrl\":\"https:\/\/meozen.com\/fr\/wp-content\/uploads\/sites\/2\/2023\/06\/retraite-hypnose-reiki-danse-ales-1.jpg\",\"datePublished\":\"2023-06-26T09:59:26+00:00\",\"dateModified\":\"2023-06-26T10:02:25+00:00\",\"description\":\"R\u00e9servez d\u00e8s maintenant votre Retraite Reiki, Danse & Hypnose - 3 jours \/ 2 nuits en Occitanie \u00e0 Al\u00e8s (24 au 26 Juillet 2023) avec Meozen. \u00c9vadez-vous du quotidien avec ce s\u00e9jour unique. Dur\u00e9e, conditions, prix... Cliquez pour d\u00e9couvrir !\",\"breadcrumb\":{\"@id\":\"https:\/\/meozen.com\/fr\/produit\/retraite-reiki-danse-hypnose-3-jours-2-nuits-occitanie-ales-juillet-2023-1\/#breadcrumb\"},\"inLanguage\":\"fr-FR\",\"potentialAction\":[{\"@type\":\"ReadAction\",\"target\":[\"https:\/\/meozen.com\/fr\/produit\/retraite-reiki-danse-hypnose-3-jours-2-nuits-occitanie-ales-juillet-2023-1\/\"]}]},{\"@type\":\"ImageObject\",\"inLanguage\":\"fr-FR\",\"@id\":\"https:\/\/meozen.com\/fr\/produit\/retraite-reiki-danse-hypnose-3-jours-2-nuits-occitanie-ales-juillet-2023-1\/#primaryimage\",\"url\":\"https:\/\/meozen.com\/fr\/wp-content\/uploads\/sites\/2\/2023\/06\/retraite-hypnose-reiki-danse-ales-1.jpg\",\"contentUrl\":\"https:\/\/meozen.com\/fr\/wp-content\/uploads\/sites\/2\/2023\/06\/retraite-hypnose-reiki-danse-ales-1.jpg\",\"width\":680,\"height\":510},{\"@type\":\"BreadcrumbList\",\"@id\":\"https:\/\/meozen.com\/fr\/produit\/retraite-reiki-danse-hypnose-3-jours-2-nuits-occitanie-ales-juillet-2023-1\/#breadcrumb\",\"itemListElement\":[{\"@type\":\"ListItem\",\"position\":1,\"name\":\"Accueil\",\"item\":\"https:\/\/meozen.com\/fr\/\"},{\"@type\":\"ListItem\",\"position\":2,\"name\":\"Boutique\",\"item\":\"https:\/\/meozen.com\/fr\/boutique\/\"},{\"@type\":\"ListItem\",\"position\":3,\"name\":\"Retraite Reiki, Danse &#038; Hypnose &#8211; 3 jours \/ 2 nuits en Occitanie \u00e0 Al\u00e8s (24 au 26 Juillet 2023)\"}]},{\"@type\":\"WebSite\",\"@id\":\"https:\/\/meozen.com\/fr\/#website\",\"url\":\"https:\/\/meozen.com\/fr\/\",\"name\":\"Meozen - Votre portail bien-\u00eatre\",\"description\":\"D\u00e9couvrez tout l&#039;univers du bien-\u00eatre, yoga, m\u00e9ditation, trouvez les meilleures retraites et formations bien-\u00eatre\",\"publisher\":{\"@id\":\"https:\/\/meozen.com\/fr\/#organization\"},\"potentialAction\":[{\"@type\":\"SearchAction\",\"target\":{\"@type\":\"EntryPoint\",\"urlTemplate\":\"https:\/\/meozen.com\/fr\/?s={search_term_string}\"},\"query-input\":{\"@type\":\"PropertyValueSpecification\",\"valueRequired\":true,\"valueName\":\"search_term_string\"}}],\"inLanguage\":\"fr-FR\"},{\"@type\":\"Organization\",\"@id\":\"https:\/\/meozen.com\/fr\/#organization\",\"name\":\"Meozen\",\"url\":\"https:\/\/meozen.com\/fr\/\",\"logo\":{\"@type\":\"ImageObject\",\"inLanguage\":\"fr-FR\",\"@id\":\"https:\/\/meozen.com\/fr\/#\/schema\/logo\/image\/\",\"url\":\"https:\/\/meozen.com\/fr\/wp-content\/uploads\/sites\/2\/2021\/06\/logo-meozen-push.jpg\",\"contentUrl\":\"https:\/\/meozen.com\/fr\/wp-content\/uploads\/sites\/2\/2021\/06\/logo-meozen-push.jpg\",\"width\":384,\"height\":384,\"caption\":\"Meozen\"},\"image\":{\"@id\":\"https:\/\/meozen.com\/fr\/#\/schema\/logo\/image\/\"},\"sameAs\":[\"https:\/\/www.facebook.com\/MeozenFr\/\",\"https:\/\/www.pinterest.fr\/meozen_officiel\/\",\"https:\/\/www.instagram.com\/meozen_officiel\/\"]}]}<\/script>\n<!-- \/ Yoast SEO plugin. -->","yoast_head_json":{"title":"Retraite Reiki, Danse & Hypnose - 3 jours \/ 2 nuits en Occitanie \u00e0 Al\u00e8s (24 au 26 Juillet 2023) - Meozen - Votre portail bien-\u00eatre","description":"R\u00e9servez d\u00e8s maintenant votre Retraite Reiki, Danse & Hypnose - 3 jours \/ 2 nuits en Occitanie \u00e0 Al\u00e8s (24 au 26 Juillet 2023) avec Meozen. \u00c9vadez-vous du quotidien avec ce s\u00e9jour unique. Dur\u00e9e, conditions, prix... Cliquez pour d\u00e9couvrir !","robots":{"index":"index","follow":"follow","max-snippet":"max-snippet:-1","max-image-preview":"max-image-preview:large","max-video-preview":"max-video-preview:-1"},"canonical":"https:\/\/meozen.com\/fr\/produit\/retraite-reiki-danse-hypnose-3-jours-2-nuits-occitanie-ales-juillet-2023-1\/","og_locale":"fr_FR","og_type":"article","og_title":"Retraite Reiki, Danse & Hypnose - 3 jours \/ 2 nuits en Occitanie \u00e0 Al\u00e8s (24 au 26 Juillet 2023) - Meozen - Votre portail bien-\u00eatre","og_description":"R\u00e9servez d\u00e8s maintenant votre Retraite Reiki, Danse & Hypnose - 3 jours \/ 2 nuits en Occitanie \u00e0 Al\u00e8s (24 au 26 Juillet 2023) avec Meozen. \u00c9vadez-vous du quotidien avec ce s\u00e9jour unique. Dur\u00e9e, conditions, prix... Cliquez pour d\u00e9couvrir !","og_url":"https:\/\/meozen.com\/fr\/produit\/retraite-reiki-danse-hypnose-3-jours-2-nuits-occitanie-ales-juillet-2023-1\/","og_site_name":"Meozen - Votre portail bien-\u00eatre","article_publisher":"https:\/\/www.facebook.com\/MeozenFr\/","article_modified_time":"2023-06-26T10:02:25+00:00","og_image":[{"width":680,"height":510,"url":"https:\/\/meozen.com\/fr\/wp-content\/uploads\/sites\/2\/2023\/06\/retraite-hypnose-reiki-danse-ales-1.jpg","type":"image\/jpeg"}],"twitter_card":"summary_large_image","twitter_misc":{"Dur\u00e9e de lecture estim\u00e9e":"1 minute"},"schema":{"@context":"https:\/\/schema.org","@graph":[{"@type":"WebPage","@id":"https:\/\/meozen.com\/fr\/produit\/retraite-reiki-danse-hypnose-3-jours-2-nuits-occitanie-ales-juillet-2023-1\/","url":"https:\/\/meozen.com\/fr\/produit\/retraite-reiki-danse-hypnose-3-jours-2-nuits-occitanie-ales-juillet-2023-1\/","name":"Retraite Reiki, Danse & Hypnose - 3 jours \/ 2 nuits en Occitanie \u00e0 Al\u00e8s (24 au 26 Juillet 2023) - Meozen - Votre portail bien-\u00eatre","isPartOf":{"@id":"https:\/\/meozen.com\/fr\/#website"},"primaryImageOfPage":{"@id":"https:\/\/meozen.com\/fr\/produit\/retraite-reiki-danse-hypnose-3-jours-2-nuits-occitanie-ales-juillet-2023-1\/#primaryimage"},"image":{"@id":"https:\/\/meozen.com\/fr\/produit\/retraite-reiki-danse-hypnose-3-jours-2-nuits-occitanie-ales-juillet-2023-1\/#primaryimage"},"thumbnailUrl":"https:\/\/meozen.com\/fr\/wp-content\/uploads\/sites\/2\/2023\/06\/retraite-hypnose-reiki-danse-ales-1.jpg","datePublished":"2023-06-26T09:59:26+00:00","dateModified":"2023-06-26T10:02:25+00:00","description":"R\u00e9servez d\u00e8s maintenant votre Retraite Reiki, Danse & Hypnose - 3 jours \/ 2 nuits en Occitanie \u00e0 Al\u00e8s (24 au 26 Juillet 2023) avec Meozen. \u00c9vadez-vous du quotidien avec ce s\u00e9jour unique. Dur\u00e9e, conditions, prix... Cliquez pour d\u00e9couvrir !","breadcrumb":{"@id":"https:\/\/meozen.com\/fr\/produit\/retraite-reiki-danse-hypnose-3-jours-2-nuits-occitanie-ales-juillet-2023-1\/#breadcrumb"},"inLanguage":"fr-FR","potentialAction":[{"@type":"ReadAction","target":["https:\/\/meozen.com\/fr\/produit\/retraite-reiki-danse-hypnose-3-jours-2-nuits-occitanie-ales-juillet-2023-1\/"]}]},{"@type":"ImageObject","inLanguage":"fr-FR","@id":"https:\/\/meozen.com\/fr\/produit\/retraite-reiki-danse-hypnose-3-jours-2-nuits-occitanie-ales-juillet-2023-1\/#primaryimage","url":"https:\/\/meozen.com\/fr\/wp-content\/uploads\/sites\/2\/2023\/06\/retraite-hypnose-reiki-danse-ales-1.jpg","contentUrl":"https:\/\/meozen.com\/fr\/wp-content\/uploads\/sites\/2\/2023\/06\/retraite-hypnose-reiki-danse-ales-1.jpg","width":680,"height":510},{"@type":"BreadcrumbList","@id":"https:\/\/meozen.com\/fr\/produit\/retraite-reiki-danse-hypnose-3-jours-2-nuits-occitanie-ales-juillet-2023-1\/#breadcrumb","itemListElement":[{"@type":"ListItem","position":1,"name":"Accueil","item":"https:\/\/meozen.com\/fr\/"},{"@type":"ListItem","position":2,"name":"Boutique","item":"https:\/\/meozen.com\/fr\/boutique\/"},{"@type":"ListItem","position":3,"name":"Retraite Reiki, Danse &#038; Hypnose &#8211; 3 jours \/ 2 nuits en Occitanie \u00e0 Al\u00e8s (24 au 26 Juillet 2023)"}]},{"@type":"WebSite","@id":"https:\/\/meozen.com\/fr\/#website","url":"https:\/\/meozen.com\/fr\/","name":"Meozen - Votre portail bien-\u00eatre","description":"D\u00e9couvrez tout l&#039;univers du bien-\u00eatre, yoga, m\u00e9ditation, trouvez les meilleures retraites et formations bien-\u00eatre","publisher":{"@id":"https:\/\/meozen.com\/fr\/#organization"},"potentialAction":[{"@type":"SearchAction","target":{"@type":"EntryPoint","urlTemplate":"https:\/\/meozen.com\/fr\/?s={search_term_string}"},"query-input":{"@type":"PropertyValueSpecification","valueRequired":true,"valueName":"search_term_string"}}],"inLanguage":"fr-FR"},{"@type":"Organization","@id":"https:\/\/meozen.com\/fr\/#organization","name":"Meozen","url":"https:\/\/meozen.com\/fr\/","logo":{"@type":"ImageObject","inLanguage":"fr-FR","@id":"https:\/\/meozen.com\/fr\/#\/schema\/logo\/image\/","url":"https:\/\/meozen.com\/fr\/wp-content\/uploads\/sites\/2\/2021\/06\/logo-meozen-push.jpg","contentUrl":"https:\/\/meozen.com\/fr\/wp-content\/uploads\/sites\/2\/2021\/06\/logo-meozen-push.jpg","width":384,"height":384,"caption":"Meozen"},"image":{"@id":"https:\/\/meozen.com\/fr\/#\/schema\/logo\/image\/"},"sameAs":["https:\/\/www.facebook.com\/MeozenFr\/","https:\/\/www.pinterest.fr\/meozen_officiel\/","https:\/\/www.instagram.com\/meozen_officiel\/"]}]}},"_links":{"self":[{"href":"https:\/\/meozen.com\/fr\/wp-json\/wp\/v2\/product\/6027","targetHints":{"allow":["GET"]}}],"collection":[{"href":"https:\/\/meozen.com\/fr\/wp-json\/wp\/v2\/product"}],"about":[{"href":"https:\/\/meozen.com\/fr\/wp-json\/wp\/v2\/types\/product"}],"replies":[{"embeddable":true,"href":"https:\/\/meozen.com\/fr\/wp-json\/wp\/v2\/comments?post=6027"}],"wp:featuredmedia":[{"embeddable":true,"href":"https:\/\/meozen.com\/fr\/wp-json\/wp\/v2\/media\/5968"}],"wp:attachment":[{"href":"https:\/\/meozen.com\/fr\/wp-json\/wp\/v2\/media?parent=6027"}],"wp:term":[{"taxonomy":"product_brand","embeddable":true,"href":"https:\/\/meozen.com\/fr\/wp-json\/wp\/v2\/product_brand?post=6027"},{"taxonomy":"product_cat","embeddable":true,"href":"https:\/\/meozen.com\/fr\/wp-json\/wp\/v2\/product_cat?post=6027"},{"taxonomy":"product_tag","embeddable":true,"href":"https:\/\/meozen.com\/fr\/wp-json\/wp\/v2\/product_tag?post=6027"}],"curies":[{"name":"wp","href":"https:\/\/api.w.org\/{rel}","templated":true}]}}