{"id":6033,"date":"2023-06-27T15:05:54","date_gmt":"2023-06-27T13:05:54","guid":{"rendered":"https:\/\/meozen.com\/fr\/?post_type=product&#038;p=6033"},"modified":"2023-07-03T11:09:20","modified_gmt":"2023-07-03T09:09:20","slug":"retraite-yoga-randonnees-reequilibrage-alimentaire-5-jours-4-nuits-salles-la-source-aveyron-aout-septembre-2023","status":"publish","type":"product","link":"https:\/\/meozen.com\/fr\/produit\/retraite-yoga-randonnees-reequilibrage-alimentaire-5-jours-4-nuits-salles-la-source-aveyron-aout-septembre-2023\/","title":{"rendered":"Retraite Yoga, Randonn\u00e9es &amp; R\u00e9\u00e9quilibrage alimentaire &#8211; 5 jours \/ 4 nuits \u00e0 Salles-la-Source dans l&rsquo;Aveyron (Ao\u00fbt &#8211; Septembre 2023)"},"content":{"rendered":"<ul>\n<li style=\"font-weight: 400\"><span style=\"font-weight: 400\">Programme adapt\u00e9 \u00e0 tous les niveaux<\/span><\/li>\n<li style=\"font-weight: 400\"><span style=\"font-weight: 400\">Inclus petits d\u00e9jeuners, brunchs et d\u00eeners (r<\/span><span style=\"font-weight: 400\">epas v\u00e9g\u00e9tarien)\u00a0<\/span><\/li>\n<\/ul>\n<p class=\"subtitle\"><strong>\u2705 Programme :<\/strong><\/p>\n<p>Le s\u00e9jour commence vers 17:30, avec une pr\u00e9sentation, puis un cours de yoga et m\u00e9ditation, suivi d&rsquo;un repas v\u00e9g\u00e9tarien. Le s\u00e9jour se termine vers 10:30 apr\u00e8s le petit-d\u00e9jeuner.<\/p>\n<p><strong>\u2705 Journ\u00e9e type :<\/strong><\/p>\n<ul>\n<li>08:30 : Yin Yang yoga<\/li>\n<li>09:30 : Petit d\u00e9jeuner Vitalit\u00e9<\/li>\n<li>10:30 : Marche ou Activit\u00e9<\/li>\n<li>12:30 : D\u00e9jeuner<\/li>\n<li>Apr\u00e8s-midi : Temps libre (balade, repos, soins)<\/li>\n<li>17:30 : Hatha, Yin yoga et m\u00e9ditation<\/li>\n<li>19:30 : D\u00eener<\/li>\n<li>20:30 : Libre (m\u00e9ditation, \u00e9tirement, lecture)<\/li>\n<\/ul>\n","protected":false},"excerpt":{"rendered":"<p><strong style=\"font-size: 22px\">Une Retraite de Yoga, Randonn\u00e9es &amp; R\u00e9\u00e9quilibrage alimentaire\ud83d\udccd\u00e0 Salles-la-Source dans l&rsquo;Aveyron.<\/strong><\/p>\n<p>\u2728\u00a0 Profitez d&rsquo;un moment de bien-\u00eatre au c\u0153ur m\u00eame du village de Salles-la-Source dans l&rsquo;Aveyron.<\/p>\n<p class=\"p1\">\u2705 Au programme un s\u00e9jour alliant du yoga (hatha yoga, yoga vinyasa, yin yoga), des activit\u00e9s physiques, de la marche, des ateliers de sommeil et de relaxation de l&rsquo;esprit et du corps. Le tout pour se revitaliser et avoir un niveau d&rsquo;\u00e9nergie optimal !<\/p>\n<p class=\"p1\">\ud83c\udfe0 Vous serez h\u00e9berg\u00e9 dans une charmante maison en pierres locales , entour\u00e9e de cascades incontournables, d&rsquo;un beau patrimoine, d&rsquo;\u00e9glises et de ch\u00e2teaux&#8230;<\/p>\n<p><strong><b>\ud83d\uddd3\ufe0f\u00a0<\/b>Dates du s\u00e9jour possibles : <\/strong><\/p>\n<ul>\n<li>Mardi 15 ao\u00fbt 2023<\/li>\n<li>Mardi 22 ao\u00fbt 2023<\/li>\n<li>Mardi 29 ao\u00fbt 2023<\/li>\n<li>Mardi 12 septembre 2023<\/li>\n<li>Mardi 19 septembre 2023<\/li>\n<li>Mardi 26 septembre 2023<\/li>\n<\/ul>\n<p>&nbsp;<\/p>\n<p><strong>\ud83d\udfe1 Tarif du s\u00e9jour \u00e0 partir de : <\/strong>560 euros<\/p>\n","protected":false},"featured_media":6154,"comment_status":"open","ping_status":"closed","template":"","meta":{"_mo_disable_npp":""},"product_brand":[],"product_cat":[46,138,139,120,43,91],"product_tag":[],"class_list":{"0":"post-6033","1":"product","2":"type-product","3":"status-publish","4":"has-post-thumbnail","6":"product_cat-retraite-5-jours-yoga","7":"product_cat-retraite-bien-etre-france","8":"product_cat-retraite-bien-etre-occitanie","9":"product_cat-retraite-yoga","10":"product_cat-retraite-yoga-france","11":"product_cat-retraite-yoga-occitanie","13":"first","14":"instock","15":"taxable","16":"shipping-taxable","17":"product-type-external"},"yoast_head":"<!-- This site is optimized with the Yoast SEO plugin v26.8 - https:\/\/yoast.com\/product\/yoast-seo-wordpress\/ -->\n<title>Retraite Yoga, Randonn\u00e9es &amp; R\u00e9\u00e9quilibrage alimentaire - 5 jours \/ 4 nuits \u00e0 Salles-la-Source dans l&#039;Aveyron (Ao\u00fbt - Septembre 2023) - Meozen - Votre portail bien-\u00eatre<\/title>\n<meta name=\"description\" content=\"R\u00e9servez d\u00e8s maintenant votre Retraite Yoga, Randonn\u00e9es &amp; R\u00e9\u00e9quilibrage alimentaire - 5 jours \/ 4 nuits \u00e0 Salles-la-Source dans l&#039;Aveyron (Ao\u00fbt - Septembre 2023) avec Meozen. \u00c9vadez-vous du quotidien avec ce s\u00e9jour unique. Dur\u00e9e, conditions, prix... Cliquez pour d\u00e9couvrir !\" \/>\n<meta name=\"robots\" content=\"index, follow, max-snippet:-1, max-image-preview:large, max-video-preview:-1\" \/>\n<link rel=\"canonical\" href=\"https:\/\/meozen.com\/fr\/produit\/retraite-yoga-randonnees-reequilibrage-alimentaire-5-jours-4-nuits-salles-la-source-aveyron-aout-septembre-2023\/\" \/>\n<meta property=\"og:locale\" content=\"fr_FR\" \/>\n<meta property=\"og:type\" content=\"article\" \/>\n<meta property=\"og:title\" content=\"Retraite Yoga, Randonn\u00e9es &amp; R\u00e9\u00e9quilibrage alimentaire - 5 jours \/ 4 nuits \u00e0 Salles-la-Source dans l&#039;Aveyron (Ao\u00fbt - Septembre 2023) - Meozen - Votre portail bien-\u00eatre\" \/>\n<meta property=\"og:description\" content=\"R\u00e9servez d\u00e8s maintenant votre Retraite Yoga, Randonn\u00e9es &amp; R\u00e9\u00e9quilibrage alimentaire - 5 jours \/ 4 nuits \u00e0 Salles-la-Source dans l&#039;Aveyron (Ao\u00fbt - Septembre 2023) avec Meozen. \u00c9vadez-vous du quotidien avec ce s\u00e9jour unique. Dur\u00e9e, conditions, prix... Cliquez pour d\u00e9couvrir !\" \/>\n<meta property=\"og:url\" content=\"https:\/\/meozen.com\/fr\/produit\/retraite-yoga-randonnees-reequilibrage-alimentaire-5-jours-4-nuits-salles-la-source-aveyron-aout-septembre-2023\/\" \/>\n<meta property=\"og:site_name\" content=\"Meozen - Votre portail bien-\u00eatre\" \/>\n<meta property=\"article:publisher\" content=\"https:\/\/www.facebook.com\/MeozenFr\/\" \/>\n<meta property=\"article:modified_time\" content=\"2023-07-03T09:09:20+00:00\" \/>\n<meta property=\"og:image\" content=\"https:\/\/meozen.com\/fr\/wp-content\/uploads\/sites\/2\/2023\/06\/retraite-yoga-randonnee-reequilibrage-alimentaire-aveyron-1.jpeg\" \/>\n\t<meta property=\"og:image:width\" content=\"653\" \/>\n\t<meta property=\"og:image:height\" content=\"490\" \/>\n\t<meta property=\"og:image:type\" content=\"image\/jpeg\" \/>\n<meta name=\"twitter:card\" content=\"summary_large_image\" \/>\n<meta name=\"twitter:label1\" content=\"Dur\u00e9e de lecture estim\u00e9e\" \/>\n\t<meta name=\"twitter:data1\" content=\"1 minute\" \/>\n<script type=\"application\/ld+json\" class=\"yoast-schema-graph\">{\"@context\":\"https:\/\/schema.org\",\"@graph\":[{\"@type\":\"WebPage\",\"@id\":\"https:\/\/meozen.com\/fr\/produit\/retraite-yoga-randonnees-reequilibrage-alimentaire-5-jours-4-nuits-salles-la-source-aveyron-aout-septembre-2023\/\",\"url\":\"https:\/\/meozen.com\/fr\/produit\/retraite-yoga-randonnees-reequilibrage-alimentaire-5-jours-4-nuits-salles-la-source-aveyron-aout-septembre-2023\/\",\"name\":\"Retraite Yoga, Randonn\u00e9es &amp; R\u00e9\u00e9quilibrage alimentaire - 5 jours \/ 4 nuits \u00e0 Salles-la-Source dans l'Aveyron (Ao\u00fbt - Septembre 2023) - Meozen - Votre portail bien-\u00eatre\",\"isPartOf\":{\"@id\":\"https:\/\/meozen.com\/fr\/#website\"},\"primaryImageOfPage\":{\"@id\":\"https:\/\/meozen.com\/fr\/produit\/retraite-yoga-randonnees-reequilibrage-alimentaire-5-jours-4-nuits-salles-la-source-aveyron-aout-septembre-2023\/#primaryimage\"},\"image\":{\"@id\":\"https:\/\/meozen.com\/fr\/produit\/retraite-yoga-randonnees-reequilibrage-alimentaire-5-jours-4-nuits-salles-la-source-aveyron-aout-septembre-2023\/#primaryimage\"},\"thumbnailUrl\":\"https:\/\/meozen.com\/fr\/wp-content\/uploads\/sites\/2\/2023\/06\/retraite-yoga-randonnee-reequilibrage-alimentaire-aveyron-1.jpeg\",\"datePublished\":\"2023-06-27T13:05:54+00:00\",\"dateModified\":\"2023-07-03T09:09:20+00:00\",\"description\":\"R\u00e9servez d\u00e8s maintenant votre Retraite Yoga, Randonn\u00e9es &amp; R\u00e9\u00e9quilibrage alimentaire - 5 jours \/ 4 nuits \u00e0 Salles-la-Source dans l'Aveyron (Ao\u00fbt - Septembre 2023) avec Meozen. \u00c9vadez-vous du quotidien avec ce s\u00e9jour unique. Dur\u00e9e, conditions, prix... Cliquez pour d\u00e9couvrir !\",\"breadcrumb\":{\"@id\":\"https:\/\/meozen.com\/fr\/produit\/retraite-yoga-randonnees-reequilibrage-alimentaire-5-jours-4-nuits-salles-la-source-aveyron-aout-septembre-2023\/#breadcrumb\"},\"inLanguage\":\"fr-FR\",\"potentialAction\":[{\"@type\":\"ReadAction\",\"target\":[\"https:\/\/meozen.com\/fr\/produit\/retraite-yoga-randonnees-reequilibrage-alimentaire-5-jours-4-nuits-salles-la-source-aveyron-aout-septembre-2023\/\"]}]},{\"@type\":\"ImageObject\",\"inLanguage\":\"fr-FR\",\"@id\":\"https:\/\/meozen.com\/fr\/produit\/retraite-yoga-randonnees-reequilibrage-alimentaire-5-jours-4-nuits-salles-la-source-aveyron-aout-septembre-2023\/#primaryimage\",\"url\":\"https:\/\/meozen.com\/fr\/wp-content\/uploads\/sites\/2\/2023\/06\/retraite-yoga-randonnee-reequilibrage-alimentaire-aveyron-1.jpeg\",\"contentUrl\":\"https:\/\/meozen.com\/fr\/wp-content\/uploads\/sites\/2\/2023\/06\/retraite-yoga-randonnee-reequilibrage-alimentaire-aveyron-1.jpeg\",\"width\":653,\"height\":490},{\"@type\":\"BreadcrumbList\",\"@id\":\"https:\/\/meozen.com\/fr\/produit\/retraite-yoga-randonnees-reequilibrage-alimentaire-5-jours-4-nuits-salles-la-source-aveyron-aout-septembre-2023\/#breadcrumb\",\"itemListElement\":[{\"@type\":\"ListItem\",\"position\":1,\"name\":\"Accueil\",\"item\":\"https:\/\/meozen.com\/fr\/\"},{\"@type\":\"ListItem\",\"position\":2,\"name\":\"Boutique\",\"item\":\"https:\/\/meozen.com\/fr\/boutique\/\"},{\"@type\":\"ListItem\",\"position\":3,\"name\":\"Retraite Yoga, Randonn\u00e9es &amp; R\u00e9\u00e9quilibrage alimentaire &#8211; 5 jours \/ 4 nuits \u00e0 Salles-la-Source dans l&rsquo;Aveyron (Ao\u00fbt &#8211; Septembre 2023)\"}]},{\"@type\":\"WebSite\",\"@id\":\"https:\/\/meozen.com\/fr\/#website\",\"url\":\"https:\/\/meozen.com\/fr\/\",\"name\":\"Meozen - Votre portail bien-\u00eatre\",\"description\":\"D\u00e9couvrez tout l&#039;univers du bien-\u00eatre, yoga, m\u00e9ditation, trouvez les meilleures retraites et formations bien-\u00eatre\",\"publisher\":{\"@id\":\"https:\/\/meozen.com\/fr\/#organization\"},\"potentialAction\":[{\"@type\":\"SearchAction\",\"target\":{\"@type\":\"EntryPoint\",\"urlTemplate\":\"https:\/\/meozen.com\/fr\/?s={search_term_string}\"},\"query-input\":{\"@type\":\"PropertyValueSpecification\",\"valueRequired\":true,\"valueName\":\"search_term_string\"}}],\"inLanguage\":\"fr-FR\"},{\"@type\":\"Organization\",\"@id\":\"https:\/\/meozen.com\/fr\/#organization\",\"name\":\"Meozen\",\"url\":\"https:\/\/meozen.com\/fr\/\",\"logo\":{\"@type\":\"ImageObject\",\"inLanguage\":\"fr-FR\",\"@id\":\"https:\/\/meozen.com\/fr\/#\/schema\/logo\/image\/\",\"url\":\"https:\/\/meozen.com\/fr\/wp-content\/uploads\/sites\/2\/2021\/06\/logo-meozen-push.jpg\",\"contentUrl\":\"https:\/\/meozen.com\/fr\/wp-content\/uploads\/sites\/2\/2021\/06\/logo-meozen-push.jpg\",\"width\":384,\"height\":384,\"caption\":\"Meozen\"},\"image\":{\"@id\":\"https:\/\/meozen.com\/fr\/#\/schema\/logo\/image\/\"},\"sameAs\":[\"https:\/\/www.facebook.com\/MeozenFr\/\",\"https:\/\/www.pinterest.fr\/meozen_officiel\/\",\"https:\/\/www.instagram.com\/meozen_officiel\/\"]}]}<\/script>\n<!-- \/ Yoast SEO plugin. -->","yoast_head_json":{"title":"Retraite Yoga, Randonn\u00e9es &amp; R\u00e9\u00e9quilibrage alimentaire - 5 jours \/ 4 nuits \u00e0 Salles-la-Source dans l'Aveyron (Ao\u00fbt - Septembre 2023) - Meozen - Votre portail bien-\u00eatre","description":"R\u00e9servez d\u00e8s maintenant votre Retraite Yoga, Randonn\u00e9es &amp; R\u00e9\u00e9quilibrage alimentaire - 5 jours \/ 4 nuits \u00e0 Salles-la-Source dans l'Aveyron (Ao\u00fbt - Septembre 2023) avec Meozen. \u00c9vadez-vous du quotidien avec ce s\u00e9jour unique. Dur\u00e9e, conditions, prix... Cliquez pour d\u00e9couvrir !","robots":{"index":"index","follow":"follow","max-snippet":"max-snippet:-1","max-image-preview":"max-image-preview:large","max-video-preview":"max-video-preview:-1"},"canonical":"https:\/\/meozen.com\/fr\/produit\/retraite-yoga-randonnees-reequilibrage-alimentaire-5-jours-4-nuits-salles-la-source-aveyron-aout-septembre-2023\/","og_locale":"fr_FR","og_type":"article","og_title":"Retraite Yoga, Randonn\u00e9es &amp; R\u00e9\u00e9quilibrage alimentaire - 5 jours \/ 4 nuits \u00e0 Salles-la-Source dans l'Aveyron (Ao\u00fbt - Septembre 2023) - Meozen - Votre portail bien-\u00eatre","og_description":"R\u00e9servez d\u00e8s maintenant votre Retraite Yoga, Randonn\u00e9es &amp; R\u00e9\u00e9quilibrage alimentaire - 5 jours \/ 4 nuits \u00e0 Salles-la-Source dans l'Aveyron (Ao\u00fbt - Septembre 2023) avec Meozen. \u00c9vadez-vous du quotidien avec ce s\u00e9jour unique. Dur\u00e9e, conditions, prix... Cliquez pour d\u00e9couvrir !","og_url":"https:\/\/meozen.com\/fr\/produit\/retraite-yoga-randonnees-reequilibrage-alimentaire-5-jours-4-nuits-salles-la-source-aveyron-aout-septembre-2023\/","og_site_name":"Meozen - Votre portail bien-\u00eatre","article_publisher":"https:\/\/www.facebook.com\/MeozenFr\/","article_modified_time":"2023-07-03T09:09:20+00:00","og_image":[{"width":653,"height":490,"url":"https:\/\/meozen.com\/fr\/wp-content\/uploads\/sites\/2\/2023\/06\/retraite-yoga-randonnee-reequilibrage-alimentaire-aveyron-1.jpeg","type":"image\/jpeg"}],"twitter_card":"summary_large_image","twitter_misc":{"Dur\u00e9e de lecture estim\u00e9e":"1 minute"},"schema":{"@context":"https:\/\/schema.org","@graph":[{"@type":"WebPage","@id":"https:\/\/meozen.com\/fr\/produit\/retraite-yoga-randonnees-reequilibrage-alimentaire-5-jours-4-nuits-salles-la-source-aveyron-aout-septembre-2023\/","url":"https:\/\/meozen.com\/fr\/produit\/retraite-yoga-randonnees-reequilibrage-alimentaire-5-jours-4-nuits-salles-la-source-aveyron-aout-septembre-2023\/","name":"Retraite Yoga, Randonn\u00e9es &amp; R\u00e9\u00e9quilibrage alimentaire - 5 jours \/ 4 nuits \u00e0 Salles-la-Source dans l'Aveyron (Ao\u00fbt - Septembre 2023) - Meozen - Votre portail bien-\u00eatre","isPartOf":{"@id":"https:\/\/meozen.com\/fr\/#website"},"primaryImageOfPage":{"@id":"https:\/\/meozen.com\/fr\/produit\/retraite-yoga-randonnees-reequilibrage-alimentaire-5-jours-4-nuits-salles-la-source-aveyron-aout-septembre-2023\/#primaryimage"},"image":{"@id":"https:\/\/meozen.com\/fr\/produit\/retraite-yoga-randonnees-reequilibrage-alimentaire-5-jours-4-nuits-salles-la-source-aveyron-aout-septembre-2023\/#primaryimage"},"thumbnailUrl":"https:\/\/meozen.com\/fr\/wp-content\/uploads\/sites\/2\/2023\/06\/retraite-yoga-randonnee-reequilibrage-alimentaire-aveyron-1.jpeg","datePublished":"2023-06-27T13:05:54+00:00","dateModified":"2023-07-03T09:09:20+00:00","description":"R\u00e9servez d\u00e8s maintenant votre Retraite Yoga, Randonn\u00e9es &amp; R\u00e9\u00e9quilibrage alimentaire - 5 jours \/ 4 nuits \u00e0 Salles-la-Source dans l'Aveyron (Ao\u00fbt - Septembre 2023) avec Meozen. \u00c9vadez-vous du quotidien avec ce s\u00e9jour unique. Dur\u00e9e, conditions, prix... Cliquez pour d\u00e9couvrir !","breadcrumb":{"@id":"https:\/\/meozen.com\/fr\/produit\/retraite-yoga-randonnees-reequilibrage-alimentaire-5-jours-4-nuits-salles-la-source-aveyron-aout-septembre-2023\/#breadcrumb"},"inLanguage":"fr-FR","potentialAction":[{"@type":"ReadAction","target":["https:\/\/meozen.com\/fr\/produit\/retraite-yoga-randonnees-reequilibrage-alimentaire-5-jours-4-nuits-salles-la-source-aveyron-aout-septembre-2023\/"]}]},{"@type":"ImageObject","inLanguage":"fr-FR","@id":"https:\/\/meozen.com\/fr\/produit\/retraite-yoga-randonnees-reequilibrage-alimentaire-5-jours-4-nuits-salles-la-source-aveyron-aout-septembre-2023\/#primaryimage","url":"https:\/\/meozen.com\/fr\/wp-content\/uploads\/sites\/2\/2023\/06\/retraite-yoga-randonnee-reequilibrage-alimentaire-aveyron-1.jpeg","contentUrl":"https:\/\/meozen.com\/fr\/wp-content\/uploads\/sites\/2\/2023\/06\/retraite-yoga-randonnee-reequilibrage-alimentaire-aveyron-1.jpeg","width":653,"height":490},{"@type":"BreadcrumbList","@id":"https:\/\/meozen.com\/fr\/produit\/retraite-yoga-randonnees-reequilibrage-alimentaire-5-jours-4-nuits-salles-la-source-aveyron-aout-septembre-2023\/#breadcrumb","itemListElement":[{"@type":"ListItem","position":1,"name":"Accueil","item":"https:\/\/meozen.com\/fr\/"},{"@type":"ListItem","position":2,"name":"Boutique","item":"https:\/\/meozen.com\/fr\/boutique\/"},{"@type":"ListItem","position":3,"name":"Retraite Yoga, Randonn\u00e9es &amp; R\u00e9\u00e9quilibrage alimentaire &#8211; 5 jours \/ 4 nuits \u00e0 Salles-la-Source dans l&rsquo;Aveyron (Ao\u00fbt &#8211; Septembre 2023)"}]},{"@type":"WebSite","@id":"https:\/\/meozen.com\/fr\/#website","url":"https:\/\/meozen.com\/fr\/","name":"Meozen - Votre portail bien-\u00eatre","description":"D\u00e9couvrez tout l&#039;univers du bien-\u00eatre, yoga, m\u00e9ditation, trouvez les meilleures retraites et formations bien-\u00eatre","publisher":{"@id":"https:\/\/meozen.com\/fr\/#organization"},"potentialAction":[{"@type":"SearchAction","target":{"@type":"EntryPoint","urlTemplate":"https:\/\/meozen.com\/fr\/?s={search_term_string}"},"query-input":{"@type":"PropertyValueSpecification","valueRequired":true,"valueName":"search_term_string"}}],"inLanguage":"fr-FR"},{"@type":"Organization","@id":"https:\/\/meozen.com\/fr\/#organization","name":"Meozen","url":"https:\/\/meozen.com\/fr\/","logo":{"@type":"ImageObject","inLanguage":"fr-FR","@id":"https:\/\/meozen.com\/fr\/#\/schema\/logo\/image\/","url":"https:\/\/meozen.com\/fr\/wp-content\/uploads\/sites\/2\/2021\/06\/logo-meozen-push.jpg","contentUrl":"https:\/\/meozen.com\/fr\/wp-content\/uploads\/sites\/2\/2021\/06\/logo-meozen-push.jpg","width":384,"height":384,"caption":"Meozen"},"image":{"@id":"https:\/\/meozen.com\/fr\/#\/schema\/logo\/image\/"},"sameAs":["https:\/\/www.facebook.com\/MeozenFr\/","https:\/\/www.pinterest.fr\/meozen_officiel\/","https:\/\/www.instagram.com\/meozen_officiel\/"]}]}},"_links":{"self":[{"href":"https:\/\/meozen.com\/fr\/wp-json\/wp\/v2\/product\/6033","targetHints":{"allow":["GET"]}}],"collection":[{"href":"https:\/\/meozen.com\/fr\/wp-json\/wp\/v2\/product"}],"about":[{"href":"https:\/\/meozen.com\/fr\/wp-json\/wp\/v2\/types\/product"}],"replies":[{"embeddable":true,"href":"https:\/\/meozen.com\/fr\/wp-json\/wp\/v2\/comments?post=6033"}],"wp:featuredmedia":[{"embeddable":true,"href":"https:\/\/meozen.com\/fr\/wp-json\/wp\/v2\/media\/6154"}],"wp:attachment":[{"href":"https:\/\/meozen.com\/fr\/wp-json\/wp\/v2\/media?parent=6033"}],"wp:term":[{"taxonomy":"product_brand","embeddable":true,"href":"https:\/\/meozen.com\/fr\/wp-json\/wp\/v2\/product_brand?post=6033"},{"taxonomy":"product_cat","embeddable":true,"href":"https:\/\/meozen.com\/fr\/wp-json\/wp\/v2\/product_cat?post=6033"},{"taxonomy":"product_tag","embeddable":true,"href":"https:\/\/meozen.com\/fr\/wp-json\/wp\/v2\/product_tag?post=6033"}],"curies":[{"name":"wp","href":"https:\/\/api.w.org\/{rel}","templated":true}]}}