{"id":6243,"date":"2023-07-04T09:45:43","date_gmt":"2023-07-04T07:45:43","guid":{"rendered":"https:\/\/meozen.com\/fr\/?post_type=product&#038;p=6243"},"modified":"2023-07-10T10:50:09","modified_gmt":"2023-07-10T08:50:09","slug":"retraite-yoga-permaculture-cnv-naturopathie-5-jours-4-nuits-noyal-muzillac-bretagne-aout-2023","status":"publish","type":"product","link":"https:\/\/meozen.com\/fr\/produit\/retraite-yoga-permaculture-cnv-naturopathie-5-jours-4-nuits-noyal-muzillac-bretagne-aout-2023\/","title":{"rendered":"Retraite Yoga, Permaculture, CNV &#038; Naturopathie &#8211; 5 jours \/ 4 nuits \u00e0 Noyal-Muzillac en Bretagne (Ao\u00fbt 2023)"},"content":{"rendered":"<ul>\n<li style=\"font-weight: 400;\"><span style=\"font-weight: 400;\">Programme adapt\u00e9 \u00e0 tous les niveaux<\/span><\/li>\n<li style=\"font-weight: 400;\"><span style=\"font-weight: 400;\">Inclus brunchs et d\u00eeners faits maison\u00a0 (r<\/span><span style=\"font-weight: 400;\">epas v\u00e9g\u00e9tariens avec des produits bio et locaux) avec une approche \u00abnaturopathie\/vitalit\u00e9\u00bb<\/span><\/li>\n<\/ul>\n<p class=\"subtitle\"><strong>\u2705 Au programme<\/strong><\/p>\n<ul>\n<li>Initiation \u00e0 la permaculture pour se relier \u00e0 la nature<\/li>\n<li>Ateliers cr\u00e9atifs pour jouer avec son potentiel productif et cr\u00e9atif<\/li>\n<li>Cours de yoga pour se reconnecter \u00e0 son corps<\/li>\n<li>Temps de m\u00e9ditation pour retrouver le calme et reprendre le contr\u00f4le de son mental<\/li>\n<li>Atelier en CNV<\/li>\n<li>D\u00e9couverte de plantes sauvages<\/li>\n<li>Ateliers en Naturopathie autour de l&rsquo;alimentation<\/li>\n<li>Temps de convivialit\u00e9, de partages, de lectures, ballades, etc.<\/li>\n<\/ul>\n<p class=\"subtitle\"><strong>\u2705 Journ\u00e9e type\u00a0<\/strong><\/p>\n<ul>\n<li>08.00 Petit-d\u00e9jeuner<\/li>\n<li>09:00 Atelier<\/li>\n<li>11:00 Cours de yoga<\/li>\n<li>12:30 D\u00e9jeuner<\/li>\n<li>14:00 Atelier nature<\/li>\n<li>16:30 Temps libre<\/li>\n<li>17:30 Temps de partage<\/li>\n<li>20:00 D\u00eener<\/li>\n<\/ul>\n","protected":false},"excerpt":{"rendered":"<p><strong style=\"font-size: 22px;\">Une Retraite Yoga, Permaculture, CNV &amp; Naturopathie \ud83d\udccd \u00e0 Noyal-Muzillac en Bretagne.\u00a0<\/strong><\/p>\n<p><strong>\ud83e\uddd8\u200d\u2640\ufe0f <\/strong>D\u00e9couvrez cette retraite pour vous rel\u00e2cher et vous ressourcer sur la c\u00f4te bretonne. L&rsquo;objectif est se reconnecter \u00e0 soi et \u00e0 la nature.<\/p>\n<p>\u2728 Au programme un s\u00e9jour avec des s\u00e9ances de Yoga, de m\u00e9ditation, des ateliers en Naturopathie, des ateliers de Communication non-violente (CNV) et introduction \u00e0 la permaculture.<\/p>\n<p class=\"p1\">\ud83c\udfe0 Vous serez h\u00e9berg\u00e9 dans une long\u00e8re, un lieu d\u00e9di\u00e9 au repos et \u00e0 l&rsquo;inspiration. Elle est situ\u00e9e au coeur des terres agricoles du Morbihan et \u00e0 20 minutes de l&rsquo;oc\u00e9an.<\/p>\n<p>&nbsp;<\/p>\n<p><strong><b>\ud83d\uddd3\ufe0f\u00a0<\/b>Date du s\u00e9jour : <\/strong>Du lundi 21 ao\u00fbt au vendredi 25 ao\u00fbt 2023<\/p>\n<p><strong>\ud83d\udfe1 Tarif du s\u00e9jour \u00e0 partir de : <\/strong>500 euros<\/p>\n","protected":false},"featured_media":6295,"comment_status":"open","ping_status":"closed","template":"","meta":{"_mo_disable_npp":""},"product_brand":[],"product_cat":[46,120,43],"product_tag":[],"class_list":{"0":"post-6243","1":"product","2":"type-product","3":"status-publish","4":"has-post-thumbnail","6":"product_cat-retraite-5-jours-yoga","7":"product_cat-retraite-yoga","8":"product_cat-retraite-yoga-france","10":"first","11":"instock","12":"taxable","13":"shipping-taxable","14":"product-type-external"},"yoast_head":"<!-- This site is optimized with the Yoast SEO plugin v26.8 - https:\/\/yoast.com\/product\/yoast-seo-wordpress\/ -->\n<title>Retraite Yoga, Permaculture, CNV &amp; Naturopathie - 5 jours \/ 4 nuits \u00e0 Noyal-Muzillac en Bretagne (Ao\u00fbt 2023) - Meozen - Votre portail bien-\u00eatre<\/title>\n<meta name=\"description\" content=\"R\u00e9servez d\u00e8s maintenant votre Retraite Yoga, Permaculture, CNV &amp; Naturopathie - 5 jours \/ 4 nuits \u00e0 Noyal-Muzillac en Bretagne (Ao\u00fbt 2023) avec Meozen. \u00c9vadez-vous du quotidien avec ce s\u00e9jour unique. Dur\u00e9e, conditions, prix... Cliquez pour d\u00e9couvrir !\" \/>\n<meta name=\"robots\" content=\"index, follow, max-snippet:-1, max-image-preview:large, max-video-preview:-1\" \/>\n<link rel=\"canonical\" href=\"https:\/\/meozen.com\/fr\/produit\/retraite-yoga-permaculture-cnv-naturopathie-5-jours-4-nuits-noyal-muzillac-bretagne-aout-2023\/\" \/>\n<meta property=\"og:locale\" content=\"fr_FR\" \/>\n<meta property=\"og:type\" content=\"article\" \/>\n<meta property=\"og:title\" content=\"Retraite Yoga, Permaculture, CNV &amp; Naturopathie - 5 jours \/ 4 nuits \u00e0 Noyal-Muzillac en Bretagne (Ao\u00fbt 2023) - Meozen - Votre portail bien-\u00eatre\" \/>\n<meta property=\"og:description\" content=\"R\u00e9servez d\u00e8s maintenant votre Retraite Yoga, Permaculture, CNV &amp; Naturopathie - 5 jours \/ 4 nuits \u00e0 Noyal-Muzillac en Bretagne (Ao\u00fbt 2023) avec Meozen. \u00c9vadez-vous du quotidien avec ce s\u00e9jour unique. Dur\u00e9e, conditions, prix... Cliquez pour d\u00e9couvrir !\" \/>\n<meta property=\"og:url\" content=\"https:\/\/meozen.com\/fr\/produit\/retraite-yoga-permaculture-cnv-naturopathie-5-jours-4-nuits-noyal-muzillac-bretagne-aout-2023\/\" \/>\n<meta property=\"og:site_name\" content=\"Meozen - Votre portail bien-\u00eatre\" \/>\n<meta property=\"article:publisher\" content=\"https:\/\/www.facebook.com\/MeozenFr\/\" \/>\n<meta property=\"article:modified_time\" content=\"2023-07-10T08:50:09+00:00\" \/>\n<meta property=\"og:image\" content=\"https:\/\/meozen.com\/fr\/wp-content\/uploads\/sites\/2\/2023\/07\/retraite-yoga-permaculture-cnv-naturopathie-bretagne-1.jpeg\" \/>\n\t<meta property=\"og:image:width\" content=\"653\" \/>\n\t<meta property=\"og:image:height\" content=\"490\" \/>\n\t<meta property=\"og:image:type\" content=\"image\/jpeg\" \/>\n<meta name=\"twitter:card\" content=\"summary_large_image\" \/>\n<meta name=\"twitter:label1\" content=\"Dur\u00e9e de lecture estim\u00e9e\" \/>\n\t<meta name=\"twitter:data1\" content=\"1 minute\" \/>\n<script type=\"application\/ld+json\" class=\"yoast-schema-graph\">{\"@context\":\"https:\/\/schema.org\",\"@graph\":[{\"@type\":\"WebPage\",\"@id\":\"https:\/\/meozen.com\/fr\/produit\/retraite-yoga-permaculture-cnv-naturopathie-5-jours-4-nuits-noyal-muzillac-bretagne-aout-2023\/\",\"url\":\"https:\/\/meozen.com\/fr\/produit\/retraite-yoga-permaculture-cnv-naturopathie-5-jours-4-nuits-noyal-muzillac-bretagne-aout-2023\/\",\"name\":\"Retraite Yoga, Permaculture, CNV & Naturopathie - 5 jours \/ 4 nuits \u00e0 Noyal-Muzillac en Bretagne (Ao\u00fbt 2023) - Meozen - Votre portail bien-\u00eatre\",\"isPartOf\":{\"@id\":\"https:\/\/meozen.com\/fr\/#website\"},\"primaryImageOfPage\":{\"@id\":\"https:\/\/meozen.com\/fr\/produit\/retraite-yoga-permaculture-cnv-naturopathie-5-jours-4-nuits-noyal-muzillac-bretagne-aout-2023\/#primaryimage\"},\"image\":{\"@id\":\"https:\/\/meozen.com\/fr\/produit\/retraite-yoga-permaculture-cnv-naturopathie-5-jours-4-nuits-noyal-muzillac-bretagne-aout-2023\/#primaryimage\"},\"thumbnailUrl\":\"https:\/\/meozen.com\/fr\/wp-content\/uploads\/sites\/2\/2023\/07\/retraite-yoga-permaculture-cnv-naturopathie-bretagne-1.jpeg\",\"datePublished\":\"2023-07-04T07:45:43+00:00\",\"dateModified\":\"2023-07-10T08:50:09+00:00\",\"description\":\"R\u00e9servez d\u00e8s maintenant votre Retraite Yoga, Permaculture, CNV & Naturopathie - 5 jours \/ 4 nuits \u00e0 Noyal-Muzillac en Bretagne (Ao\u00fbt 2023) avec Meozen. \u00c9vadez-vous du quotidien avec ce s\u00e9jour unique. Dur\u00e9e, conditions, prix... Cliquez pour d\u00e9couvrir !\",\"breadcrumb\":{\"@id\":\"https:\/\/meozen.com\/fr\/produit\/retraite-yoga-permaculture-cnv-naturopathie-5-jours-4-nuits-noyal-muzillac-bretagne-aout-2023\/#breadcrumb\"},\"inLanguage\":\"fr-FR\",\"potentialAction\":[{\"@type\":\"ReadAction\",\"target\":[\"https:\/\/meozen.com\/fr\/produit\/retraite-yoga-permaculture-cnv-naturopathie-5-jours-4-nuits-noyal-muzillac-bretagne-aout-2023\/\"]}]},{\"@type\":\"ImageObject\",\"inLanguage\":\"fr-FR\",\"@id\":\"https:\/\/meozen.com\/fr\/produit\/retraite-yoga-permaculture-cnv-naturopathie-5-jours-4-nuits-noyal-muzillac-bretagne-aout-2023\/#primaryimage\",\"url\":\"https:\/\/meozen.com\/fr\/wp-content\/uploads\/sites\/2\/2023\/07\/retraite-yoga-permaculture-cnv-naturopathie-bretagne-1.jpeg\",\"contentUrl\":\"https:\/\/meozen.com\/fr\/wp-content\/uploads\/sites\/2\/2023\/07\/retraite-yoga-permaculture-cnv-naturopathie-bretagne-1.jpeg\",\"width\":653,\"height\":490},{\"@type\":\"BreadcrumbList\",\"@id\":\"https:\/\/meozen.com\/fr\/produit\/retraite-yoga-permaculture-cnv-naturopathie-5-jours-4-nuits-noyal-muzillac-bretagne-aout-2023\/#breadcrumb\",\"itemListElement\":[{\"@type\":\"ListItem\",\"position\":1,\"name\":\"Accueil\",\"item\":\"https:\/\/meozen.com\/fr\/\"},{\"@type\":\"ListItem\",\"position\":2,\"name\":\"Boutique\",\"item\":\"https:\/\/meozen.com\/fr\/boutique\/\"},{\"@type\":\"ListItem\",\"position\":3,\"name\":\"Retraite Yoga, Permaculture, CNV &#038; Naturopathie &#8211; 5 jours \/ 4 nuits \u00e0 Noyal-Muzillac en Bretagne (Ao\u00fbt 2023)\"}]},{\"@type\":\"WebSite\",\"@id\":\"https:\/\/meozen.com\/fr\/#website\",\"url\":\"https:\/\/meozen.com\/fr\/\",\"name\":\"Meozen - Votre portail bien-\u00eatre\",\"description\":\"D\u00e9couvrez tout l&#039;univers du bien-\u00eatre, yoga, m\u00e9ditation, trouvez les meilleures retraites et formations bien-\u00eatre\",\"publisher\":{\"@id\":\"https:\/\/meozen.com\/fr\/#organization\"},\"potentialAction\":[{\"@type\":\"SearchAction\",\"target\":{\"@type\":\"EntryPoint\",\"urlTemplate\":\"https:\/\/meozen.com\/fr\/?s={search_term_string}\"},\"query-input\":{\"@type\":\"PropertyValueSpecification\",\"valueRequired\":true,\"valueName\":\"search_term_string\"}}],\"inLanguage\":\"fr-FR\"},{\"@type\":\"Organization\",\"@id\":\"https:\/\/meozen.com\/fr\/#organization\",\"name\":\"Meozen\",\"url\":\"https:\/\/meozen.com\/fr\/\",\"logo\":{\"@type\":\"ImageObject\",\"inLanguage\":\"fr-FR\",\"@id\":\"https:\/\/meozen.com\/fr\/#\/schema\/logo\/image\/\",\"url\":\"https:\/\/meozen.com\/fr\/wp-content\/uploads\/sites\/2\/2021\/06\/logo-meozen-push.jpg\",\"contentUrl\":\"https:\/\/meozen.com\/fr\/wp-content\/uploads\/sites\/2\/2021\/06\/logo-meozen-push.jpg\",\"width\":384,\"height\":384,\"caption\":\"Meozen\"},\"image\":{\"@id\":\"https:\/\/meozen.com\/fr\/#\/schema\/logo\/image\/\"},\"sameAs\":[\"https:\/\/www.facebook.com\/MeozenFr\/\",\"https:\/\/www.pinterest.fr\/meozen_officiel\/\",\"https:\/\/www.instagram.com\/meozen_officiel\/\"]}]}<\/script>\n<!-- \/ Yoast SEO plugin. -->","yoast_head_json":{"title":"Retraite Yoga, Permaculture, CNV & Naturopathie - 5 jours \/ 4 nuits \u00e0 Noyal-Muzillac en Bretagne (Ao\u00fbt 2023) - Meozen - Votre portail bien-\u00eatre","description":"R\u00e9servez d\u00e8s maintenant votre Retraite Yoga, Permaculture, CNV & Naturopathie - 5 jours \/ 4 nuits \u00e0 Noyal-Muzillac en Bretagne (Ao\u00fbt 2023) avec Meozen. \u00c9vadez-vous du quotidien avec ce s\u00e9jour unique. Dur\u00e9e, conditions, prix... Cliquez pour d\u00e9couvrir !","robots":{"index":"index","follow":"follow","max-snippet":"max-snippet:-1","max-image-preview":"max-image-preview:large","max-video-preview":"max-video-preview:-1"},"canonical":"https:\/\/meozen.com\/fr\/produit\/retraite-yoga-permaculture-cnv-naturopathie-5-jours-4-nuits-noyal-muzillac-bretagne-aout-2023\/","og_locale":"fr_FR","og_type":"article","og_title":"Retraite Yoga, Permaculture, CNV & Naturopathie - 5 jours \/ 4 nuits \u00e0 Noyal-Muzillac en Bretagne (Ao\u00fbt 2023) - Meozen - Votre portail bien-\u00eatre","og_description":"R\u00e9servez d\u00e8s maintenant votre Retraite Yoga, Permaculture, CNV & Naturopathie - 5 jours \/ 4 nuits \u00e0 Noyal-Muzillac en Bretagne (Ao\u00fbt 2023) avec Meozen. \u00c9vadez-vous du quotidien avec ce s\u00e9jour unique. Dur\u00e9e, conditions, prix... Cliquez pour d\u00e9couvrir !","og_url":"https:\/\/meozen.com\/fr\/produit\/retraite-yoga-permaculture-cnv-naturopathie-5-jours-4-nuits-noyal-muzillac-bretagne-aout-2023\/","og_site_name":"Meozen - Votre portail bien-\u00eatre","article_publisher":"https:\/\/www.facebook.com\/MeozenFr\/","article_modified_time":"2023-07-10T08:50:09+00:00","og_image":[{"width":653,"height":490,"url":"https:\/\/meozen.com\/fr\/wp-content\/uploads\/sites\/2\/2023\/07\/retraite-yoga-permaculture-cnv-naturopathie-bretagne-1.jpeg","type":"image\/jpeg"}],"twitter_card":"summary_large_image","twitter_misc":{"Dur\u00e9e de lecture estim\u00e9e":"1 minute"},"schema":{"@context":"https:\/\/schema.org","@graph":[{"@type":"WebPage","@id":"https:\/\/meozen.com\/fr\/produit\/retraite-yoga-permaculture-cnv-naturopathie-5-jours-4-nuits-noyal-muzillac-bretagne-aout-2023\/","url":"https:\/\/meozen.com\/fr\/produit\/retraite-yoga-permaculture-cnv-naturopathie-5-jours-4-nuits-noyal-muzillac-bretagne-aout-2023\/","name":"Retraite Yoga, Permaculture, CNV & Naturopathie - 5 jours \/ 4 nuits \u00e0 Noyal-Muzillac en Bretagne (Ao\u00fbt 2023) - Meozen - Votre portail bien-\u00eatre","isPartOf":{"@id":"https:\/\/meozen.com\/fr\/#website"},"primaryImageOfPage":{"@id":"https:\/\/meozen.com\/fr\/produit\/retraite-yoga-permaculture-cnv-naturopathie-5-jours-4-nuits-noyal-muzillac-bretagne-aout-2023\/#primaryimage"},"image":{"@id":"https:\/\/meozen.com\/fr\/produit\/retraite-yoga-permaculture-cnv-naturopathie-5-jours-4-nuits-noyal-muzillac-bretagne-aout-2023\/#primaryimage"},"thumbnailUrl":"https:\/\/meozen.com\/fr\/wp-content\/uploads\/sites\/2\/2023\/07\/retraite-yoga-permaculture-cnv-naturopathie-bretagne-1.jpeg","datePublished":"2023-07-04T07:45:43+00:00","dateModified":"2023-07-10T08:50:09+00:00","description":"R\u00e9servez d\u00e8s maintenant votre Retraite Yoga, Permaculture, CNV & Naturopathie - 5 jours \/ 4 nuits \u00e0 Noyal-Muzillac en Bretagne (Ao\u00fbt 2023) avec Meozen. \u00c9vadez-vous du quotidien avec ce s\u00e9jour unique. Dur\u00e9e, conditions, prix... Cliquez pour d\u00e9couvrir !","breadcrumb":{"@id":"https:\/\/meozen.com\/fr\/produit\/retraite-yoga-permaculture-cnv-naturopathie-5-jours-4-nuits-noyal-muzillac-bretagne-aout-2023\/#breadcrumb"},"inLanguage":"fr-FR","potentialAction":[{"@type":"ReadAction","target":["https:\/\/meozen.com\/fr\/produit\/retraite-yoga-permaculture-cnv-naturopathie-5-jours-4-nuits-noyal-muzillac-bretagne-aout-2023\/"]}]},{"@type":"ImageObject","inLanguage":"fr-FR","@id":"https:\/\/meozen.com\/fr\/produit\/retraite-yoga-permaculture-cnv-naturopathie-5-jours-4-nuits-noyal-muzillac-bretagne-aout-2023\/#primaryimage","url":"https:\/\/meozen.com\/fr\/wp-content\/uploads\/sites\/2\/2023\/07\/retraite-yoga-permaculture-cnv-naturopathie-bretagne-1.jpeg","contentUrl":"https:\/\/meozen.com\/fr\/wp-content\/uploads\/sites\/2\/2023\/07\/retraite-yoga-permaculture-cnv-naturopathie-bretagne-1.jpeg","width":653,"height":490},{"@type":"BreadcrumbList","@id":"https:\/\/meozen.com\/fr\/produit\/retraite-yoga-permaculture-cnv-naturopathie-5-jours-4-nuits-noyal-muzillac-bretagne-aout-2023\/#breadcrumb","itemListElement":[{"@type":"ListItem","position":1,"name":"Accueil","item":"https:\/\/meozen.com\/fr\/"},{"@type":"ListItem","position":2,"name":"Boutique","item":"https:\/\/meozen.com\/fr\/boutique\/"},{"@type":"ListItem","position":3,"name":"Retraite Yoga, Permaculture, CNV &#038; Naturopathie &#8211; 5 jours \/ 4 nuits \u00e0 Noyal-Muzillac en Bretagne (Ao\u00fbt 2023)"}]},{"@type":"WebSite","@id":"https:\/\/meozen.com\/fr\/#website","url":"https:\/\/meozen.com\/fr\/","name":"Meozen - Votre portail bien-\u00eatre","description":"D\u00e9couvrez tout l&#039;univers du bien-\u00eatre, yoga, m\u00e9ditation, trouvez les meilleures retraites et formations bien-\u00eatre","publisher":{"@id":"https:\/\/meozen.com\/fr\/#organization"},"potentialAction":[{"@type":"SearchAction","target":{"@type":"EntryPoint","urlTemplate":"https:\/\/meozen.com\/fr\/?s={search_term_string}"},"query-input":{"@type":"PropertyValueSpecification","valueRequired":true,"valueName":"search_term_string"}}],"inLanguage":"fr-FR"},{"@type":"Organization","@id":"https:\/\/meozen.com\/fr\/#organization","name":"Meozen","url":"https:\/\/meozen.com\/fr\/","logo":{"@type":"ImageObject","inLanguage":"fr-FR","@id":"https:\/\/meozen.com\/fr\/#\/schema\/logo\/image\/","url":"https:\/\/meozen.com\/fr\/wp-content\/uploads\/sites\/2\/2021\/06\/logo-meozen-push.jpg","contentUrl":"https:\/\/meozen.com\/fr\/wp-content\/uploads\/sites\/2\/2021\/06\/logo-meozen-push.jpg","width":384,"height":384,"caption":"Meozen"},"image":{"@id":"https:\/\/meozen.com\/fr\/#\/schema\/logo\/image\/"},"sameAs":["https:\/\/www.facebook.com\/MeozenFr\/","https:\/\/www.pinterest.fr\/meozen_officiel\/","https:\/\/www.instagram.com\/meozen_officiel\/"]}]}},"_links":{"self":[{"href":"https:\/\/meozen.com\/fr\/wp-json\/wp\/v2\/product\/6243","targetHints":{"allow":["GET"]}}],"collection":[{"href":"https:\/\/meozen.com\/fr\/wp-json\/wp\/v2\/product"}],"about":[{"href":"https:\/\/meozen.com\/fr\/wp-json\/wp\/v2\/types\/product"}],"replies":[{"embeddable":true,"href":"https:\/\/meozen.com\/fr\/wp-json\/wp\/v2\/comments?post=6243"}],"wp:featuredmedia":[{"embeddable":true,"href":"https:\/\/meozen.com\/fr\/wp-json\/wp\/v2\/media\/6295"}],"wp:attachment":[{"href":"https:\/\/meozen.com\/fr\/wp-json\/wp\/v2\/media?parent=6243"}],"wp:term":[{"taxonomy":"product_brand","embeddable":true,"href":"https:\/\/meozen.com\/fr\/wp-json\/wp\/v2\/product_brand?post=6243"},{"taxonomy":"product_cat","embeddable":true,"href":"https:\/\/meozen.com\/fr\/wp-json\/wp\/v2\/product_cat?post=6243"},{"taxonomy":"product_tag","embeddable":true,"href":"https:\/\/meozen.com\/fr\/wp-json\/wp\/v2\/product_tag?post=6243"}],"curies":[{"name":"wp","href":"https:\/\/api.w.org\/{rel}","templated":true}]}}