{"id":6484,"date":"2023-08-14T10:51:19","date_gmt":"2023-08-14T08:51:19","guid":{"rendered":"https:\/\/meozen.com\/fr\/?post_type=product&#038;p=6484"},"modified":"2023-08-15T19:59:22","modified_gmt":"2023-08-15T17:59:22","slug":"retraite-jeune-yoga-balades-8-jours-7-nuits-hautes-alpes","status":"publish","type":"product","link":"https:\/\/meozen.com\/fr\/produit\/retraite-jeune-yoga-balades-8-jours-7-nuits-hautes-alpes\/","title":{"rendered":"Retraite Je\u00fbne, Yoga &#038; Balades &#8211; 8 jours \/ 7 nuits  dans les Hautes-Alpes (23 au 30 Septembre 2023)"},"content":{"rendered":"<ul>\n<li class=\"subtitle\">L\u2019animation de 7 cours de yoga (Kundalini Yoga, Yin Yoga, relaxation au Gong)<\/li>\n<li class=\"subtitle\">Une sadhana du Verseau tous les matins<\/li>\n<li class=\"subtitle\">Balades quotidiennes<\/li>\n<li class=\"subtitle\">L\u2019accompagnement au je\u00fbne, les \u00e9changes formels et informels autour de la sant\u00e9, de la vitalit\u00e9 et du je\u00fbne<\/li>\n<li class=\"subtitle\">Un atelier d\u00e9couverte du Karam Kriya (num\u00e9rologie appliqu\u00e9e)<\/li>\n<li class=\"subtitle\">Une soir\u00e9e relaxation Gong<\/li>\n<li class=\"subtitle\">Des soir\u00e9es vid\u00e9o<\/li>\n<li class=\"subtitle\">Des moments personnels de d\u00e9tente<\/li>\n<\/ul>\n","protected":false},"excerpt":{"rendered":"<p><strong style=\"font-size: 22px;\"><strong>Une retraite Je\u00fbne, Yoga &amp; Balades\ud83d\udccd \u00e0 Barret-sur-M\u00e9ouge dans les Hautes-Alpes.<\/strong><\/strong><\/p>\n<p>\u2600\ufe0f Profitez d&rsquo;une semaine pour prendre soin de vous et de vos intestins en les mettant au repos. Un s\u00e9jour en pleine nature pour faire une pause sur le plan mental et vous ressourcer \u00e9nerg\u00e9tiquement.<\/p>\n<p class=\"p1\">\u2728\u00a0 Au programme : je\u00fbne, yoga &amp; balades ! Le rythme propos\u00e9 est adapt\u00e9 \u00e0 vos besoins. \u00c0 tout moment, vous pourrez ajuster les activit\u00e9s en fonction de votre ressenti. \u00c0 compter du 3\u00e8 jour, votre corps va puiser dans une source d\u2019\u00e9nergie, vos lipides qui sont un super carburant.<\/p>\n<p class=\"p1\">\ud83e\uddd8\u200d\u2640\ufe0f Conseil : r\u00e9servez id\u00e9alement 3 semaines avant le d\u00e9but du s\u00e9jour. En effet, la descente alimentaire (qui d\u00e9bute 21 jours avant le d\u00e9but du stage) est importante pour pr\u00e9parer son corps \u00e0 je\u00fbner et pour diminuer les \u00e9ventuelles crises d\u2019\u00e9limination.<\/p>\n<p>&nbsp;<\/p>\n<p><strong><b>\ud83d\uddd3\ufe0f\u00a0<\/b>Date :<\/strong><\/p>\n<ul>\n<li>Du 23 au 30 septembre 2023<\/li>\n<\/ul>\n<p>&nbsp;<\/p>\n<p><strong> \ud83d\udfe1 S\u00e9jour au prix de 390 euros (hors frais d&rsquo;h\u00e9bergement)<\/strong><\/p>\n<p><strong>\ud83c\udfe0 Tarifs &amp; options h\u00e9bergement :<\/strong><\/p>\n<ul>\n<li>Avec votre tente ou camping car : 12 euros par personne \/ par nuit<\/li>\n<li>Lit en tentes glamping (matelas et oreillers fournis, mais pas de draps ni taie d\u2019oreiller) : 16 euros par personne \/ par nuit<\/li>\n<li>Lit en caravane (matelas et oreillers fournis, mais pas de draps ni taie d\u2019oreiller) : 18 euros par personne \/ par nuit<\/li>\n<\/ul>\n<p><em>Dans le formulaire de demande de r\u00e9servation, merci de nous indiquer votre choix d&rsquo;h\u00e9bergement en commentaire.<\/em><\/p>\n<p>&nbsp;<\/p>\n<p>\ud83d\udca1<em> Pour r\u00e9server, un acompte correspondant \u00e0 15% du prix total est requis. Celui-ci est non-remboursable si vous annulez votre r\u00e9servation. Le reste du paiement d\u00fb (85%) se fera directement aupr\u00e8s de l&rsquo;organisateur \u00e0 votre arriv\u00e9e.<\/em><\/p>\n<p>&nbsp;<\/p>\n<p class=\"p1\"><strong>Comment r\u00e9server mon s\u00e9jour sur Meozen ?<\/strong><\/p>\n<p>1\ufe0f\u20e3 Je fais ma demande de r\u00e9servation sur le formulaire en cliquant sur le bouton \u00ab R\u00e9server d\u00e8s maintenant \u00bb<\/p>\n<p>2\ufe0f\u20e3 Meozen prend contact avec l\u2019organisateur du s\u00e9jour et v\u00e9rifie le nombre de places disponibles<\/p>\n<p>3\ufe0f\u20e3 Meozen revient vers vous pour vous donner une r\u00e9ponse. Si celle-ci est favorable, un lien de paiement correspondant \u00e0 un acompte de 15% vous sera envoy\u00e9 pour r\u00e9server votre place.<\/p>\n<p>4\ufe0f\u20e3 Une fois le paiement de 15% r\u00e9alis\u00e9 aupr\u00e8s de Meozen, vous serez redirig\u00e9 vers l\u2019organisateur du s\u00e9jour et nous vous communiquerons l\u2019ensemble de ses coordonn\u00e9es. L\u2019organisateur sera ensuite votre interlocuteur principal pour finaliser l\u2019organisation de votre voyage et poser vos questions.<\/p>\n<p>5\ufe0f\u20e3 Vous r\u00e9glez la somme restante due (85%) directement aupr\u00e8s de l&rsquo;organisateur selon ses modalit\u00e9s (avant votre arriv\u00e9e ou \u00e0 votre arriv\u00e9e).<\/p>\n","protected":false},"featured_media":6485,"comment_status":"open","ping_status":"closed","template":"","meta":{"_mo_disable_npp":""},"product_brand":[],"product_cat":[48,138,120,149,110],"product_tag":[],"class_list":{"0":"post-6484","1":"product","2":"type-product","3":"status-publish","4":"has-post-thumbnail","6":"product_cat-retraite-8-jours-yoga","7":"product_cat-retraite-bien-etre-france","8":"product_cat-retraite-yoga","9":"product_cat-retraite-jeune","10":"product_cat-retraite-provence-alpes-cote-dazur","12":"first","13":"instock","14":"taxable","15":"shipping-taxable","16":"product-type-external"},"yoast_head":"<!-- This site is optimized with the Yoast SEO plugin v26.8 - https:\/\/yoast.com\/product\/yoast-seo-wordpress\/ -->\n<title>Retraite Je\u00fbne, Yoga &amp; Balades - 8 jours \/ 7 nuits dans les Hautes-Alpes (23 au 30 Septembre 2023) - Meozen - Votre portail bien-\u00eatre<\/title>\n<meta name=\"description\" content=\"R\u00e9servez d\u00e8s maintenant votre Retraite Je\u00fbne, Yoga &amp; Balades - 8 jours \/ 7 nuits dans les Hautes-Alpes (23 au 30 Septembre 2023) avec Meozen. \u00c9vadez-vous du quotidien avec ce s\u00e9jour unique. Dur\u00e9e, conditions, prix... Cliquez pour d\u00e9couvrir !\" \/>\n<meta name=\"robots\" content=\"index, follow, max-snippet:-1, max-image-preview:large, max-video-preview:-1\" \/>\n<link rel=\"canonical\" href=\"https:\/\/meozen.com\/fr\/produit\/retraite-jeune-yoga-balades-8-jours-7-nuits-hautes-alpes\/\" \/>\n<meta property=\"og:locale\" content=\"fr_FR\" \/>\n<meta property=\"og:type\" content=\"article\" \/>\n<meta property=\"og:title\" content=\"Retraite Je\u00fbne, Yoga &amp; Balades - 8 jours \/ 7 nuits dans les Hautes-Alpes (23 au 30 Septembre 2023) - Meozen - Votre portail bien-\u00eatre\" \/>\n<meta property=\"og:description\" content=\"R\u00e9servez d\u00e8s maintenant votre Retraite Je\u00fbne, Yoga &amp; Balades - 8 jours \/ 7 nuits dans les Hautes-Alpes (23 au 30 Septembre 2023) avec Meozen. \u00c9vadez-vous du quotidien avec ce s\u00e9jour unique. Dur\u00e9e, conditions, prix... Cliquez pour d\u00e9couvrir !\" \/>\n<meta property=\"og:url\" content=\"https:\/\/meozen.com\/fr\/produit\/retraite-jeune-yoga-balades-8-jours-7-nuits-hautes-alpes\/\" \/>\n<meta property=\"og:site_name\" content=\"Meozen - Votre portail bien-\u00eatre\" \/>\n<meta property=\"article:publisher\" content=\"https:\/\/www.facebook.com\/MeozenFr\/\" \/>\n<meta property=\"article:modified_time\" content=\"2023-08-15T17:59:22+00:00\" \/>\n<meta property=\"og:image\" content=\"https:\/\/meozen.com\/fr\/wp-content\/uploads\/sites\/2\/2023\/08\/retraite-yoga-jeune-balades-fontaine-en-jeune-1.jpg\" \/>\n\t<meta property=\"og:image:width\" content=\"1000\" \/>\n\t<meta property=\"og:image:height\" content=\"750\" \/>\n\t<meta property=\"og:image:type\" content=\"image\/jpeg\" \/>\n<meta name=\"twitter:card\" content=\"summary_large_image\" \/>\n<meta name=\"twitter:label1\" content=\"Dur\u00e9e de lecture estim\u00e9e\" \/>\n\t<meta name=\"twitter:data1\" content=\"1 minute\" \/>\n<script type=\"application\/ld+json\" class=\"yoast-schema-graph\">{\"@context\":\"https:\/\/schema.org\",\"@graph\":[{\"@type\":\"WebPage\",\"@id\":\"https:\/\/meozen.com\/fr\/produit\/retraite-jeune-yoga-balades-8-jours-7-nuits-hautes-alpes\/\",\"url\":\"https:\/\/meozen.com\/fr\/produit\/retraite-jeune-yoga-balades-8-jours-7-nuits-hautes-alpes\/\",\"name\":\"Retraite Je\u00fbne, Yoga & Balades - 8 jours \/ 7 nuits dans les Hautes-Alpes (23 au 30 Septembre 2023) - Meozen - Votre portail bien-\u00eatre\",\"isPartOf\":{\"@id\":\"https:\/\/meozen.com\/fr\/#website\"},\"primaryImageOfPage\":{\"@id\":\"https:\/\/meozen.com\/fr\/produit\/retraite-jeune-yoga-balades-8-jours-7-nuits-hautes-alpes\/#primaryimage\"},\"image\":{\"@id\":\"https:\/\/meozen.com\/fr\/produit\/retraite-jeune-yoga-balades-8-jours-7-nuits-hautes-alpes\/#primaryimage\"},\"thumbnailUrl\":\"https:\/\/meozen.com\/fr\/wp-content\/uploads\/sites\/2\/2023\/08\/retraite-yoga-jeune-balades-fontaine-en-jeune-1.jpg\",\"datePublished\":\"2023-08-14T08:51:19+00:00\",\"dateModified\":\"2023-08-15T17:59:22+00:00\",\"description\":\"R\u00e9servez d\u00e8s maintenant votre Retraite Je\u00fbne, Yoga & Balades - 8 jours \/ 7 nuits dans les Hautes-Alpes (23 au 30 Septembre 2023) avec Meozen. \u00c9vadez-vous du quotidien avec ce s\u00e9jour unique. Dur\u00e9e, conditions, prix... Cliquez pour d\u00e9couvrir !\",\"breadcrumb\":{\"@id\":\"https:\/\/meozen.com\/fr\/produit\/retraite-jeune-yoga-balades-8-jours-7-nuits-hautes-alpes\/#breadcrumb\"},\"inLanguage\":\"fr-FR\",\"potentialAction\":[{\"@type\":\"ReadAction\",\"target\":[\"https:\/\/meozen.com\/fr\/produit\/retraite-jeune-yoga-balades-8-jours-7-nuits-hautes-alpes\/\"]}]},{\"@type\":\"ImageObject\",\"inLanguage\":\"fr-FR\",\"@id\":\"https:\/\/meozen.com\/fr\/produit\/retraite-jeune-yoga-balades-8-jours-7-nuits-hautes-alpes\/#primaryimage\",\"url\":\"https:\/\/meozen.com\/fr\/wp-content\/uploads\/sites\/2\/2023\/08\/retraite-yoga-jeune-balades-fontaine-en-jeune-1.jpg\",\"contentUrl\":\"https:\/\/meozen.com\/fr\/wp-content\/uploads\/sites\/2\/2023\/08\/retraite-yoga-jeune-balades-fontaine-en-jeune-1.jpg\",\"width\":1000,\"height\":750},{\"@type\":\"BreadcrumbList\",\"@id\":\"https:\/\/meozen.com\/fr\/produit\/retraite-jeune-yoga-balades-8-jours-7-nuits-hautes-alpes\/#breadcrumb\",\"itemListElement\":[{\"@type\":\"ListItem\",\"position\":1,\"name\":\"Accueil\",\"item\":\"https:\/\/meozen.com\/fr\/\"},{\"@type\":\"ListItem\",\"position\":2,\"name\":\"Boutique\",\"item\":\"https:\/\/meozen.com\/fr\/boutique\/\"},{\"@type\":\"ListItem\",\"position\":3,\"name\":\"Retraite Je\u00fbne, Yoga &#038; Balades &#8211; 8 jours \/ 7 nuits dans les Hautes-Alpes (23 au 30 Septembre 2023)\"}]},{\"@type\":\"WebSite\",\"@id\":\"https:\/\/meozen.com\/fr\/#website\",\"url\":\"https:\/\/meozen.com\/fr\/\",\"name\":\"Meozen - Votre portail bien-\u00eatre\",\"description\":\"D\u00e9couvrez tout l&#039;univers du bien-\u00eatre, yoga, m\u00e9ditation, trouvez les meilleures retraites et formations bien-\u00eatre\",\"publisher\":{\"@id\":\"https:\/\/meozen.com\/fr\/#organization\"},\"potentialAction\":[{\"@type\":\"SearchAction\",\"target\":{\"@type\":\"EntryPoint\",\"urlTemplate\":\"https:\/\/meozen.com\/fr\/?s={search_term_string}\"},\"query-input\":{\"@type\":\"PropertyValueSpecification\",\"valueRequired\":true,\"valueName\":\"search_term_string\"}}],\"inLanguage\":\"fr-FR\"},{\"@type\":\"Organization\",\"@id\":\"https:\/\/meozen.com\/fr\/#organization\",\"name\":\"Meozen\",\"url\":\"https:\/\/meozen.com\/fr\/\",\"logo\":{\"@type\":\"ImageObject\",\"inLanguage\":\"fr-FR\",\"@id\":\"https:\/\/meozen.com\/fr\/#\/schema\/logo\/image\/\",\"url\":\"https:\/\/meozen.com\/fr\/wp-content\/uploads\/sites\/2\/2021\/06\/logo-meozen-push.jpg\",\"contentUrl\":\"https:\/\/meozen.com\/fr\/wp-content\/uploads\/sites\/2\/2021\/06\/logo-meozen-push.jpg\",\"width\":384,\"height\":384,\"caption\":\"Meozen\"},\"image\":{\"@id\":\"https:\/\/meozen.com\/fr\/#\/schema\/logo\/image\/\"},\"sameAs\":[\"https:\/\/www.facebook.com\/MeozenFr\/\",\"https:\/\/www.pinterest.fr\/meozen_officiel\/\",\"https:\/\/www.instagram.com\/meozen_officiel\/\"]}]}<\/script>\n<!-- \/ Yoast SEO plugin. -->","yoast_head_json":{"title":"Retraite Je\u00fbne, Yoga & Balades - 8 jours \/ 7 nuits dans les Hautes-Alpes (23 au 30 Septembre 2023) - Meozen - Votre portail bien-\u00eatre","description":"R\u00e9servez d\u00e8s maintenant votre Retraite Je\u00fbne, Yoga & Balades - 8 jours \/ 7 nuits dans les Hautes-Alpes (23 au 30 Septembre 2023) avec Meozen. \u00c9vadez-vous du quotidien avec ce s\u00e9jour unique. Dur\u00e9e, conditions, prix... Cliquez pour d\u00e9couvrir !","robots":{"index":"index","follow":"follow","max-snippet":"max-snippet:-1","max-image-preview":"max-image-preview:large","max-video-preview":"max-video-preview:-1"},"canonical":"https:\/\/meozen.com\/fr\/produit\/retraite-jeune-yoga-balades-8-jours-7-nuits-hautes-alpes\/","og_locale":"fr_FR","og_type":"article","og_title":"Retraite Je\u00fbne, Yoga & Balades - 8 jours \/ 7 nuits dans les Hautes-Alpes (23 au 30 Septembre 2023) - Meozen - Votre portail bien-\u00eatre","og_description":"R\u00e9servez d\u00e8s maintenant votre Retraite Je\u00fbne, Yoga & Balades - 8 jours \/ 7 nuits dans les Hautes-Alpes (23 au 30 Septembre 2023) avec Meozen. \u00c9vadez-vous du quotidien avec ce s\u00e9jour unique. Dur\u00e9e, conditions, prix... Cliquez pour d\u00e9couvrir !","og_url":"https:\/\/meozen.com\/fr\/produit\/retraite-jeune-yoga-balades-8-jours-7-nuits-hautes-alpes\/","og_site_name":"Meozen - Votre portail bien-\u00eatre","article_publisher":"https:\/\/www.facebook.com\/MeozenFr\/","article_modified_time":"2023-08-15T17:59:22+00:00","og_image":[{"width":1000,"height":750,"url":"https:\/\/meozen.com\/fr\/wp-content\/uploads\/sites\/2\/2023\/08\/retraite-yoga-jeune-balades-fontaine-en-jeune-1.jpg","type":"image\/jpeg"}],"twitter_card":"summary_large_image","twitter_misc":{"Dur\u00e9e de lecture estim\u00e9e":"1 minute"},"schema":{"@context":"https:\/\/schema.org","@graph":[{"@type":"WebPage","@id":"https:\/\/meozen.com\/fr\/produit\/retraite-jeune-yoga-balades-8-jours-7-nuits-hautes-alpes\/","url":"https:\/\/meozen.com\/fr\/produit\/retraite-jeune-yoga-balades-8-jours-7-nuits-hautes-alpes\/","name":"Retraite Je\u00fbne, Yoga & Balades - 8 jours \/ 7 nuits dans les Hautes-Alpes (23 au 30 Septembre 2023) - Meozen - Votre portail bien-\u00eatre","isPartOf":{"@id":"https:\/\/meozen.com\/fr\/#website"},"primaryImageOfPage":{"@id":"https:\/\/meozen.com\/fr\/produit\/retraite-jeune-yoga-balades-8-jours-7-nuits-hautes-alpes\/#primaryimage"},"image":{"@id":"https:\/\/meozen.com\/fr\/produit\/retraite-jeune-yoga-balades-8-jours-7-nuits-hautes-alpes\/#primaryimage"},"thumbnailUrl":"https:\/\/meozen.com\/fr\/wp-content\/uploads\/sites\/2\/2023\/08\/retraite-yoga-jeune-balades-fontaine-en-jeune-1.jpg","datePublished":"2023-08-14T08:51:19+00:00","dateModified":"2023-08-15T17:59:22+00:00","description":"R\u00e9servez d\u00e8s maintenant votre Retraite Je\u00fbne, Yoga & Balades - 8 jours \/ 7 nuits dans les Hautes-Alpes (23 au 30 Septembre 2023) avec Meozen. \u00c9vadez-vous du quotidien avec ce s\u00e9jour unique. Dur\u00e9e, conditions, prix... Cliquez pour d\u00e9couvrir !","breadcrumb":{"@id":"https:\/\/meozen.com\/fr\/produit\/retraite-jeune-yoga-balades-8-jours-7-nuits-hautes-alpes\/#breadcrumb"},"inLanguage":"fr-FR","potentialAction":[{"@type":"ReadAction","target":["https:\/\/meozen.com\/fr\/produit\/retraite-jeune-yoga-balades-8-jours-7-nuits-hautes-alpes\/"]}]},{"@type":"ImageObject","inLanguage":"fr-FR","@id":"https:\/\/meozen.com\/fr\/produit\/retraite-jeune-yoga-balades-8-jours-7-nuits-hautes-alpes\/#primaryimage","url":"https:\/\/meozen.com\/fr\/wp-content\/uploads\/sites\/2\/2023\/08\/retraite-yoga-jeune-balades-fontaine-en-jeune-1.jpg","contentUrl":"https:\/\/meozen.com\/fr\/wp-content\/uploads\/sites\/2\/2023\/08\/retraite-yoga-jeune-balades-fontaine-en-jeune-1.jpg","width":1000,"height":750},{"@type":"BreadcrumbList","@id":"https:\/\/meozen.com\/fr\/produit\/retraite-jeune-yoga-balades-8-jours-7-nuits-hautes-alpes\/#breadcrumb","itemListElement":[{"@type":"ListItem","position":1,"name":"Accueil","item":"https:\/\/meozen.com\/fr\/"},{"@type":"ListItem","position":2,"name":"Boutique","item":"https:\/\/meozen.com\/fr\/boutique\/"},{"@type":"ListItem","position":3,"name":"Retraite Je\u00fbne, Yoga &#038; Balades &#8211; 8 jours \/ 7 nuits dans les Hautes-Alpes (23 au 30 Septembre 2023)"}]},{"@type":"WebSite","@id":"https:\/\/meozen.com\/fr\/#website","url":"https:\/\/meozen.com\/fr\/","name":"Meozen - Votre portail bien-\u00eatre","description":"D\u00e9couvrez tout l&#039;univers du bien-\u00eatre, yoga, m\u00e9ditation, trouvez les meilleures retraites et formations bien-\u00eatre","publisher":{"@id":"https:\/\/meozen.com\/fr\/#organization"},"potentialAction":[{"@type":"SearchAction","target":{"@type":"EntryPoint","urlTemplate":"https:\/\/meozen.com\/fr\/?s={search_term_string}"},"query-input":{"@type":"PropertyValueSpecification","valueRequired":true,"valueName":"search_term_string"}}],"inLanguage":"fr-FR"},{"@type":"Organization","@id":"https:\/\/meozen.com\/fr\/#organization","name":"Meozen","url":"https:\/\/meozen.com\/fr\/","logo":{"@type":"ImageObject","inLanguage":"fr-FR","@id":"https:\/\/meozen.com\/fr\/#\/schema\/logo\/image\/","url":"https:\/\/meozen.com\/fr\/wp-content\/uploads\/sites\/2\/2021\/06\/logo-meozen-push.jpg","contentUrl":"https:\/\/meozen.com\/fr\/wp-content\/uploads\/sites\/2\/2021\/06\/logo-meozen-push.jpg","width":384,"height":384,"caption":"Meozen"},"image":{"@id":"https:\/\/meozen.com\/fr\/#\/schema\/logo\/image\/"},"sameAs":["https:\/\/www.facebook.com\/MeozenFr\/","https:\/\/www.pinterest.fr\/meozen_officiel\/","https:\/\/www.instagram.com\/meozen_officiel\/"]}]}},"_links":{"self":[{"href":"https:\/\/meozen.com\/fr\/wp-json\/wp\/v2\/product\/6484","targetHints":{"allow":["GET"]}}],"collection":[{"href":"https:\/\/meozen.com\/fr\/wp-json\/wp\/v2\/product"}],"about":[{"href":"https:\/\/meozen.com\/fr\/wp-json\/wp\/v2\/types\/product"}],"replies":[{"embeddable":true,"href":"https:\/\/meozen.com\/fr\/wp-json\/wp\/v2\/comments?post=6484"}],"wp:featuredmedia":[{"embeddable":true,"href":"https:\/\/meozen.com\/fr\/wp-json\/wp\/v2\/media\/6485"}],"wp:attachment":[{"href":"https:\/\/meozen.com\/fr\/wp-json\/wp\/v2\/media?parent=6484"}],"wp:term":[{"taxonomy":"product_brand","embeddable":true,"href":"https:\/\/meozen.com\/fr\/wp-json\/wp\/v2\/product_brand?post=6484"},{"taxonomy":"product_cat","embeddable":true,"href":"https:\/\/meozen.com\/fr\/wp-json\/wp\/v2\/product_cat?post=6484"},{"taxonomy":"product_tag","embeddable":true,"href":"https:\/\/meozen.com\/fr\/wp-json\/wp\/v2\/product_tag?post=6484"}],"curies":[{"name":"wp","href":"https:\/\/api.w.org\/{rel}","templated":true}]}}