{"id":7530,"date":"2023-10-11T22:39:49","date_gmt":"2023-10-11T20:39:49","guid":{"rendered":"https:\/\/meozen.com\/fr\/?post_type=product&#038;p=7530"},"modified":"2023-10-17T21:34:46","modified_gmt":"2023-10-17T19:34:46","slug":"sejour-bien-etre-yoga-massage-8-jours-7-nuits-maroc","status":"publish","type":"product","link":"https:\/\/meozen.com\/fr\/produit\/sejour-bien-etre-yoga-massage-8-jours-7-nuits-maroc\/","title":{"rendered":"S\u00e9jour Bien-\u00eatre, Yoga &#038; Massage &#8211; 8 jours \/ 7 nuits au Maroc (4 au 11 d\u00e9cembre 2023)"},"content":{"rendered":"\n<ul class=\"wp-block-list\">\n<li>S\u00e9jour ouvert \u00e0 tous niveaux<\/li>\n\n\n\n<li>Capacit\u00e9 de 36 personnes r\u00e9partie sur 15 chambres spacieuses, confortables \u00e0 la d\u00e9coration originale.<\/li>\n\n\n\n<li>Deux professeurs certifi\u00e9s pour animer les cours<\/li>\n\n\n\n<li>Une ambiance conviviale et de partage en r\u00e9unissant des personnes d&rsquo;horizons diff\u00e9rents autour de diff\u00e9rentes pratiques et intentions qui nous tiennent \u00e0 c\u0153ur : le yoga, le massage, le bien-\u00eatre, le sport et l&rsquo;alimentation.<\/li>\n\n\n\n<li>LE RIAD*** LES TERRASSES D\u2019ESSAOUIRA&nbsp; : au sein du Riad, retrouvez un univers fait de couleurs et de joie de vivre. Nos salons calme invite \u00e0 un moment de d\u00e9tente et de m\u00e9ditation. Notre terrasse donne acc\u00e8s \u00e0 une vue imprenable sur la m\u00e9dina d\u2019Essaouira et sur la vielle ville.<\/li>\n\n\n\n<li>Les couch\u00e9s et lev\u00e9s de soleil y sont particuli\u00e8rement beaux et source de toutes les inspirations.<\/li>\n\n\n\n<li>Vous vous impr\u00e9gnez de la magie des espaces o\u00f9 le design contemporain \u00e9pouse avec subtilit\u00e9 le raffinement de l\u2019art de vivre \u00e0 la marocaine.<\/li>\n<\/ul>\n","protected":false},"excerpt":{"rendered":"<p><strong style=\"font-size: 22px;\"><strong>Un s\u00e9jour Yoga &amp; Massage\ud83d\udccd \u00e0 Essaouira au Maroc.<\/strong><\/strong><\/p>\n<p>\u2600\ufe0f Profitez d&rsquo;une semaine pour prendre soin de vous dans la M\u00e9dina d&rsquo;Essaouira ! Petit coin de paradis \u00e0 5 minutes de la mer, le Riad de charme *** Les Terrasses d\u2019Essaouira est un r\u00e9el havre de paix qui surplombe l&rsquo;oc\u00e9an et la M\u00e9dina.<\/p>\n<p class=\"p1\">\ud83e\uddd8\u200d\u2640\ufe0f Ce s\u00e9jour yoga est ouvert \u00e0 tous, quel que soit votre niveau. Les cours et les ateliers sont construits de mani\u00e8re \u00e0 ce qu&rsquo;ils soient \u00e9volutifs et adapt\u00e9s aussi bien \u00e0 des d\u00e9butants qu&rsquo;\u00e0 des personnes ayant de nombreuses ann\u00e9es de pratique.<\/p>\n<p class=\"p1\">\u2728 Port\u00e9 par l&rsquo;\u00e9nergie et la bienveillance du groupe, la beaut\u00e9 des paysages, et de puissants partages, ce s\u00e9jour de yoga- massage vous offre une occasion unique de vous ressourcer et d&rsquo;approfondir votre pratique !<\/p>\n<p>\u00a0 <strong><b>\ud83d\uddd3\ufe0f\u00a0<\/b>Date :<\/strong><\/p>\n<ul>\n<li>Du 4 au 11 d\u00e9cembre 2023<\/li>\n<\/ul>\n<p>\u00a0 <strong>\ud83d\udfe1 Tarifs (par personne) &amp; options h\u00e9bergement \ud83c\udfe0 :<\/strong><\/p>\n<ul>\n<li>1000 euros pour chambre triple partag\u00e9e<\/li>\n<li>1049 euros pour une chambre double<\/li>\n<li>1099 euros pour une chambre individuelle<\/li>\n<\/ul>\n<p>\u00a0 \ud83d\udca1<em> Pour r\u00e9server, un acompte correspondant \u00e0 15% du prix total est requis. Celui-ci est non-remboursable si vous annulez votre r\u00e9servation. Le reste du paiement d\u00fb (85%) se fera directement aupr\u00e8s de l&rsquo;organisateur \u00e0 votre arriv\u00e9e.<\/em> \u00a0<\/p>\n<p class=\"p1\"><strong>Comment r\u00e9server mon s\u00e9jour sur Meozen ?<\/strong><\/p>\n<p>1\ufe0f\u20e3 Je fais ma demande de r\u00e9servation sur le formulaire en cliquant sur le bouton \u00ab R\u00e9server d\u00e8s maintenant \u00bb 2\ufe0f\u20e3 Meozen prend contact avec l\u2019organisateur du s\u00e9jour et v\u00e9rifie le nombre de places disponibles 3\ufe0f\u20e3 Meozen revient vers vous pour vous donner une r\u00e9ponse. Si celle-ci est favorable, un lien de paiement correspondant \u00e0 un acompte de 15% vous sera envoy\u00e9 pour r\u00e9server votre place. 4\ufe0f\u20e3 Une fois le paiement de 15% r\u00e9alis\u00e9 aupr\u00e8s de Meozen, vous serez redirig\u00e9 vers l\u2019organisateur du s\u00e9jour et nous vous communiquerons l\u2019ensemble de ses coordonn\u00e9es. L\u2019organisateur sera ensuite votre interlocuteur principal pour finaliser l\u2019organisation de votre voyage et poser vos questions. 5\ufe0f\u20e3 Vous r\u00e9glez la somme restante due (85%) directement aupr\u00e8s de l&rsquo;organisateur selon ses modalit\u00e9s (avant votre arriv\u00e9e ou \u00e0 votre arriv\u00e9e).<\/p>\n","protected":false},"featured_media":7531,"comment_status":"open","ping_status":"closed","template":"","meta":{"_mo_disable_npp":""},"product_brand":[],"product_cat":[48,120,107],"product_tag":[],"class_list":{"0":"post-7530","1":"product","2":"type-product","3":"status-publish","4":"has-post-thumbnail","6":"product_cat-retraite-8-jours-yoga","7":"product_cat-retraite-yoga","8":"product_cat-retraite-yoga-maroc","10":"first","11":"instock","12":"taxable","13":"shipping-taxable","14":"product-type-external"},"yoast_head":"<!-- This site is optimized with the Yoast SEO plugin v26.8 - https:\/\/yoast.com\/product\/yoast-seo-wordpress\/ -->\n<title>S\u00e9jour Bien-\u00eatre, Yoga &amp; Massage - 8 jours \/ 7 nuits au Maroc (4 au 11 d\u00e9cembre 2023) - Meozen - Votre portail bien-\u00eatre<\/title>\n<meta name=\"description\" content=\"R\u00e9servez d\u00e8s maintenant votre S\u00e9jour Bien-\u00eatre, Yoga &amp; Massage - 8 jours \/ 7 nuits au Maroc (4 au 11 d\u00e9cembre 2023) avec Meozen. \u00c9vadez-vous du quotidien avec ce s\u00e9jour unique. Dur\u00e9e, conditions, prix... Cliquez pour d\u00e9couvrir !\" \/>\n<meta name=\"robots\" content=\"index, follow, max-snippet:-1, max-image-preview:large, max-video-preview:-1\" \/>\n<link rel=\"canonical\" href=\"https:\/\/meozen.com\/fr\/produit\/sejour-bien-etre-yoga-massage-8-jours-7-nuits-maroc\/\" \/>\n<meta property=\"og:locale\" content=\"fr_FR\" \/>\n<meta property=\"og:type\" content=\"article\" \/>\n<meta property=\"og:title\" content=\"S\u00e9jour Bien-\u00eatre, Yoga &amp; Massage - 8 jours \/ 7 nuits au Maroc (4 au 11 d\u00e9cembre 2023) - Meozen - Votre portail bien-\u00eatre\" \/>\n<meta property=\"og:description\" content=\"R\u00e9servez d\u00e8s maintenant votre S\u00e9jour Bien-\u00eatre, Yoga &amp; Massage - 8 jours \/ 7 nuits au Maroc (4 au 11 d\u00e9cembre 2023) avec Meozen. \u00c9vadez-vous du quotidien avec ce s\u00e9jour unique. Dur\u00e9e, conditions, prix... Cliquez pour d\u00e9couvrir !\" \/>\n<meta property=\"og:url\" content=\"https:\/\/meozen.com\/fr\/produit\/sejour-bien-etre-yoga-massage-8-jours-7-nuits-maroc\/\" \/>\n<meta property=\"og:site_name\" content=\"Meozen - Votre portail bien-\u00eatre\" \/>\n<meta property=\"article:publisher\" content=\"https:\/\/www.facebook.com\/MeozenFr\/\" \/>\n<meta property=\"article:modified_time\" content=\"2023-10-17T19:34:46+00:00\" \/>\n<meta property=\"og:image\" content=\"https:\/\/meozen.com\/fr\/wp-content\/uploads\/sites\/2\/2023\/10\/retraite-yoga-massage-essaouira-maroc-1.jpg\" \/>\n\t<meta property=\"og:image:width\" content=\"1125\" \/>\n\t<meta property=\"og:image:height\" content=\"586\" \/>\n\t<meta property=\"og:image:type\" content=\"image\/jpeg\" \/>\n<meta name=\"twitter:card\" content=\"summary_large_image\" \/>\n<meta name=\"twitter:label1\" content=\"Dur\u00e9e de lecture estim\u00e9e\" \/>\n\t<meta name=\"twitter:data1\" content=\"1 minute\" \/>\n<script type=\"application\/ld+json\" class=\"yoast-schema-graph\">{\"@context\":\"https:\/\/schema.org\",\"@graph\":[{\"@type\":\"WebPage\",\"@id\":\"https:\/\/meozen.com\/fr\/produit\/sejour-bien-etre-yoga-massage-8-jours-7-nuits-maroc\/\",\"url\":\"https:\/\/meozen.com\/fr\/produit\/sejour-bien-etre-yoga-massage-8-jours-7-nuits-maroc\/\",\"name\":\"S\u00e9jour Bien-\u00eatre, Yoga & Massage - 8 jours \/ 7 nuits au Maroc (4 au 11 d\u00e9cembre 2023) - Meozen - Votre portail bien-\u00eatre\",\"isPartOf\":{\"@id\":\"https:\/\/meozen.com\/fr\/#website\"},\"primaryImageOfPage\":{\"@id\":\"https:\/\/meozen.com\/fr\/produit\/sejour-bien-etre-yoga-massage-8-jours-7-nuits-maroc\/#primaryimage\"},\"image\":{\"@id\":\"https:\/\/meozen.com\/fr\/produit\/sejour-bien-etre-yoga-massage-8-jours-7-nuits-maroc\/#primaryimage\"},\"thumbnailUrl\":\"https:\/\/meozen.com\/fr\/wp-content\/uploads\/sites\/2\/2023\/10\/retraite-yoga-massage-essaouira-maroc-1.jpg\",\"datePublished\":\"2023-10-11T20:39:49+00:00\",\"dateModified\":\"2023-10-17T19:34:46+00:00\",\"description\":\"R\u00e9servez d\u00e8s maintenant votre S\u00e9jour Bien-\u00eatre, Yoga & Massage - 8 jours \/ 7 nuits au Maroc (4 au 11 d\u00e9cembre 2023) avec Meozen. \u00c9vadez-vous du quotidien avec ce s\u00e9jour unique. Dur\u00e9e, conditions, prix... Cliquez pour d\u00e9couvrir !\",\"breadcrumb\":{\"@id\":\"https:\/\/meozen.com\/fr\/produit\/sejour-bien-etre-yoga-massage-8-jours-7-nuits-maroc\/#breadcrumb\"},\"inLanguage\":\"fr-FR\",\"potentialAction\":[{\"@type\":\"ReadAction\",\"target\":[\"https:\/\/meozen.com\/fr\/produit\/sejour-bien-etre-yoga-massage-8-jours-7-nuits-maroc\/\"]}]},{\"@type\":\"ImageObject\",\"inLanguage\":\"fr-FR\",\"@id\":\"https:\/\/meozen.com\/fr\/produit\/sejour-bien-etre-yoga-massage-8-jours-7-nuits-maroc\/#primaryimage\",\"url\":\"https:\/\/meozen.com\/fr\/wp-content\/uploads\/sites\/2\/2023\/10\/retraite-yoga-massage-essaouira-maroc-1.jpg\",\"contentUrl\":\"https:\/\/meozen.com\/fr\/wp-content\/uploads\/sites\/2\/2023\/10\/retraite-yoga-massage-essaouira-maroc-1.jpg\",\"width\":1125,\"height\":586},{\"@type\":\"BreadcrumbList\",\"@id\":\"https:\/\/meozen.com\/fr\/produit\/sejour-bien-etre-yoga-massage-8-jours-7-nuits-maroc\/#breadcrumb\",\"itemListElement\":[{\"@type\":\"ListItem\",\"position\":1,\"name\":\"Accueil\",\"item\":\"https:\/\/meozen.com\/fr\/\"},{\"@type\":\"ListItem\",\"position\":2,\"name\":\"Boutique\",\"item\":\"https:\/\/meozen.com\/fr\/boutique\/\"},{\"@type\":\"ListItem\",\"position\":3,\"name\":\"S\u00e9jour Bien-\u00eatre, Yoga &#038; Massage &#8211; 8 jours \/ 7 nuits au Maroc (4 au 11 d\u00e9cembre 2023)\"}]},{\"@type\":\"WebSite\",\"@id\":\"https:\/\/meozen.com\/fr\/#website\",\"url\":\"https:\/\/meozen.com\/fr\/\",\"name\":\"Meozen - Votre portail bien-\u00eatre\",\"description\":\"D\u00e9couvrez tout l&#039;univers du bien-\u00eatre, yoga, m\u00e9ditation, trouvez les meilleures retraites et formations bien-\u00eatre\",\"publisher\":{\"@id\":\"https:\/\/meozen.com\/fr\/#organization\"},\"potentialAction\":[{\"@type\":\"SearchAction\",\"target\":{\"@type\":\"EntryPoint\",\"urlTemplate\":\"https:\/\/meozen.com\/fr\/?s={search_term_string}\"},\"query-input\":{\"@type\":\"PropertyValueSpecification\",\"valueRequired\":true,\"valueName\":\"search_term_string\"}}],\"inLanguage\":\"fr-FR\"},{\"@type\":\"Organization\",\"@id\":\"https:\/\/meozen.com\/fr\/#organization\",\"name\":\"Meozen\",\"url\":\"https:\/\/meozen.com\/fr\/\",\"logo\":{\"@type\":\"ImageObject\",\"inLanguage\":\"fr-FR\",\"@id\":\"https:\/\/meozen.com\/fr\/#\/schema\/logo\/image\/\",\"url\":\"https:\/\/meozen.com\/fr\/wp-content\/uploads\/sites\/2\/2021\/06\/logo-meozen-push.jpg\",\"contentUrl\":\"https:\/\/meozen.com\/fr\/wp-content\/uploads\/sites\/2\/2021\/06\/logo-meozen-push.jpg\",\"width\":384,\"height\":384,\"caption\":\"Meozen\"},\"image\":{\"@id\":\"https:\/\/meozen.com\/fr\/#\/schema\/logo\/image\/\"},\"sameAs\":[\"https:\/\/www.facebook.com\/MeozenFr\/\",\"https:\/\/www.pinterest.fr\/meozen_officiel\/\",\"https:\/\/www.instagram.com\/meozen_officiel\/\"]}]}<\/script>\n<!-- \/ Yoast SEO plugin. -->","yoast_head_json":{"title":"S\u00e9jour Bien-\u00eatre, Yoga & Massage - 8 jours \/ 7 nuits au Maroc (4 au 11 d\u00e9cembre 2023) - Meozen - Votre portail bien-\u00eatre","description":"R\u00e9servez d\u00e8s maintenant votre S\u00e9jour Bien-\u00eatre, Yoga & Massage - 8 jours \/ 7 nuits au Maroc (4 au 11 d\u00e9cembre 2023) avec Meozen. \u00c9vadez-vous du quotidien avec ce s\u00e9jour unique. Dur\u00e9e, conditions, prix... Cliquez pour d\u00e9couvrir !","robots":{"index":"index","follow":"follow","max-snippet":"max-snippet:-1","max-image-preview":"max-image-preview:large","max-video-preview":"max-video-preview:-1"},"canonical":"https:\/\/meozen.com\/fr\/produit\/sejour-bien-etre-yoga-massage-8-jours-7-nuits-maroc\/","og_locale":"fr_FR","og_type":"article","og_title":"S\u00e9jour Bien-\u00eatre, Yoga & Massage - 8 jours \/ 7 nuits au Maroc (4 au 11 d\u00e9cembre 2023) - Meozen - Votre portail bien-\u00eatre","og_description":"R\u00e9servez d\u00e8s maintenant votre S\u00e9jour Bien-\u00eatre, Yoga & Massage - 8 jours \/ 7 nuits au Maroc (4 au 11 d\u00e9cembre 2023) avec Meozen. \u00c9vadez-vous du quotidien avec ce s\u00e9jour unique. Dur\u00e9e, conditions, prix... Cliquez pour d\u00e9couvrir !","og_url":"https:\/\/meozen.com\/fr\/produit\/sejour-bien-etre-yoga-massage-8-jours-7-nuits-maroc\/","og_site_name":"Meozen - Votre portail bien-\u00eatre","article_publisher":"https:\/\/www.facebook.com\/MeozenFr\/","article_modified_time":"2023-10-17T19:34:46+00:00","og_image":[{"width":1125,"height":586,"url":"https:\/\/meozen.com\/fr\/wp-content\/uploads\/sites\/2\/2023\/10\/retraite-yoga-massage-essaouira-maroc-1.jpg","type":"image\/jpeg"}],"twitter_card":"summary_large_image","twitter_misc":{"Dur\u00e9e de lecture estim\u00e9e":"1 minute"},"schema":{"@context":"https:\/\/schema.org","@graph":[{"@type":"WebPage","@id":"https:\/\/meozen.com\/fr\/produit\/sejour-bien-etre-yoga-massage-8-jours-7-nuits-maroc\/","url":"https:\/\/meozen.com\/fr\/produit\/sejour-bien-etre-yoga-massage-8-jours-7-nuits-maroc\/","name":"S\u00e9jour Bien-\u00eatre, Yoga & Massage - 8 jours \/ 7 nuits au Maroc (4 au 11 d\u00e9cembre 2023) - Meozen - Votre portail bien-\u00eatre","isPartOf":{"@id":"https:\/\/meozen.com\/fr\/#website"},"primaryImageOfPage":{"@id":"https:\/\/meozen.com\/fr\/produit\/sejour-bien-etre-yoga-massage-8-jours-7-nuits-maroc\/#primaryimage"},"image":{"@id":"https:\/\/meozen.com\/fr\/produit\/sejour-bien-etre-yoga-massage-8-jours-7-nuits-maroc\/#primaryimage"},"thumbnailUrl":"https:\/\/meozen.com\/fr\/wp-content\/uploads\/sites\/2\/2023\/10\/retraite-yoga-massage-essaouira-maroc-1.jpg","datePublished":"2023-10-11T20:39:49+00:00","dateModified":"2023-10-17T19:34:46+00:00","description":"R\u00e9servez d\u00e8s maintenant votre S\u00e9jour Bien-\u00eatre, Yoga & Massage - 8 jours \/ 7 nuits au Maroc (4 au 11 d\u00e9cembre 2023) avec Meozen. \u00c9vadez-vous du quotidien avec ce s\u00e9jour unique. Dur\u00e9e, conditions, prix... Cliquez pour d\u00e9couvrir !","breadcrumb":{"@id":"https:\/\/meozen.com\/fr\/produit\/sejour-bien-etre-yoga-massage-8-jours-7-nuits-maroc\/#breadcrumb"},"inLanguage":"fr-FR","potentialAction":[{"@type":"ReadAction","target":["https:\/\/meozen.com\/fr\/produit\/sejour-bien-etre-yoga-massage-8-jours-7-nuits-maroc\/"]}]},{"@type":"ImageObject","inLanguage":"fr-FR","@id":"https:\/\/meozen.com\/fr\/produit\/sejour-bien-etre-yoga-massage-8-jours-7-nuits-maroc\/#primaryimage","url":"https:\/\/meozen.com\/fr\/wp-content\/uploads\/sites\/2\/2023\/10\/retraite-yoga-massage-essaouira-maroc-1.jpg","contentUrl":"https:\/\/meozen.com\/fr\/wp-content\/uploads\/sites\/2\/2023\/10\/retraite-yoga-massage-essaouira-maroc-1.jpg","width":1125,"height":586},{"@type":"BreadcrumbList","@id":"https:\/\/meozen.com\/fr\/produit\/sejour-bien-etre-yoga-massage-8-jours-7-nuits-maroc\/#breadcrumb","itemListElement":[{"@type":"ListItem","position":1,"name":"Accueil","item":"https:\/\/meozen.com\/fr\/"},{"@type":"ListItem","position":2,"name":"Boutique","item":"https:\/\/meozen.com\/fr\/boutique\/"},{"@type":"ListItem","position":3,"name":"S\u00e9jour Bien-\u00eatre, Yoga &#038; Massage &#8211; 8 jours \/ 7 nuits au Maroc (4 au 11 d\u00e9cembre 2023)"}]},{"@type":"WebSite","@id":"https:\/\/meozen.com\/fr\/#website","url":"https:\/\/meozen.com\/fr\/","name":"Meozen - Votre portail bien-\u00eatre","description":"D\u00e9couvrez tout l&#039;univers du bien-\u00eatre, yoga, m\u00e9ditation, trouvez les meilleures retraites et formations bien-\u00eatre","publisher":{"@id":"https:\/\/meozen.com\/fr\/#organization"},"potentialAction":[{"@type":"SearchAction","target":{"@type":"EntryPoint","urlTemplate":"https:\/\/meozen.com\/fr\/?s={search_term_string}"},"query-input":{"@type":"PropertyValueSpecification","valueRequired":true,"valueName":"search_term_string"}}],"inLanguage":"fr-FR"},{"@type":"Organization","@id":"https:\/\/meozen.com\/fr\/#organization","name":"Meozen","url":"https:\/\/meozen.com\/fr\/","logo":{"@type":"ImageObject","inLanguage":"fr-FR","@id":"https:\/\/meozen.com\/fr\/#\/schema\/logo\/image\/","url":"https:\/\/meozen.com\/fr\/wp-content\/uploads\/sites\/2\/2021\/06\/logo-meozen-push.jpg","contentUrl":"https:\/\/meozen.com\/fr\/wp-content\/uploads\/sites\/2\/2021\/06\/logo-meozen-push.jpg","width":384,"height":384,"caption":"Meozen"},"image":{"@id":"https:\/\/meozen.com\/fr\/#\/schema\/logo\/image\/"},"sameAs":["https:\/\/www.facebook.com\/MeozenFr\/","https:\/\/www.pinterest.fr\/meozen_officiel\/","https:\/\/www.instagram.com\/meozen_officiel\/"]}]}},"_links":{"self":[{"href":"https:\/\/meozen.com\/fr\/wp-json\/wp\/v2\/product\/7530","targetHints":{"allow":["GET"]}}],"collection":[{"href":"https:\/\/meozen.com\/fr\/wp-json\/wp\/v2\/product"}],"about":[{"href":"https:\/\/meozen.com\/fr\/wp-json\/wp\/v2\/types\/product"}],"replies":[{"embeddable":true,"href":"https:\/\/meozen.com\/fr\/wp-json\/wp\/v2\/comments?post=7530"}],"wp:featuredmedia":[{"embeddable":true,"href":"https:\/\/meozen.com\/fr\/wp-json\/wp\/v2\/media\/7531"}],"wp:attachment":[{"href":"https:\/\/meozen.com\/fr\/wp-json\/wp\/v2\/media?parent=7530"}],"wp:term":[{"taxonomy":"product_brand","embeddable":true,"href":"https:\/\/meozen.com\/fr\/wp-json\/wp\/v2\/product_brand?post=7530"},{"taxonomy":"product_cat","embeddable":true,"href":"https:\/\/meozen.com\/fr\/wp-json\/wp\/v2\/product_cat?post=7530"},{"taxonomy":"product_tag","embeddable":true,"href":"https:\/\/meozen.com\/fr\/wp-json\/wp\/v2\/product_tag?post=7530"}],"curies":[{"name":"wp","href":"https:\/\/api.w.org\/{rel}","templated":true}]}}