{"id":7605,"date":"2023-10-18T16:41:30","date_gmt":"2023-10-18T14:41:30","guid":{"rendered":"https:\/\/meozen.com\/fr\/?post_type=product&#038;p=7605"},"modified":"2023-10-18T17:29:51","modified_gmt":"2023-10-18T15:29:51","slug":"retraite-yoga-4-jours-alpes-francaises","status":"publish","type":"product","link":"https:\/\/meozen.com\/fr\/produit\/retraite-yoga-4-jours-alpes-francaises\/","title":{"rendered":"Retraite Yoga de 4 jours dans les Alpes fran\u00e7aises"},"content":{"rendered":"\n<p>S\u00e9ances de yoga quotidiennes avec des professeurs exp\u00e9riment\u00e9s.<\/p>\n\n\n\n<ul class=\"wp-block-list\">\n<li>S\u00e9ances de m\u00e9ditation pour approfondir votre pratique.<\/li>\n\n\n\n<li>Gu\u00e9rison en for\u00eat, baignades rafra\u00eechissantes dans les rivi\u00e8res et exploration des montagnes.<\/li>\n\n\n\n<li>Repas v\u00e9g\u00e9tariens, biologiques et faits maison servis deux fois par jour.<\/li>\n\n\n\n<li>Temps libre pour la relaxation ou la d\u00e9couverte de la r\u00e9gion.<\/li>\n\n\n\n<li>Acc\u00e8s au jardin zen, \u00e0 la rivi\u00e8re, \u00e0 la salle de pratique ext\u00e9rieure et \u00e0 la for\u00eat.<\/li>\n\n\n\n<li>Possibilit\u00e9 de massages ayurv\u00e9diques et autres (non inclus dans le prix).<\/li>\n\n\n\n<li>H\u00e9bergement pour 3 nuits dans des chambres confortables.<\/li>\n\n\n\n<li>Cours disponibles en fran\u00e7ais, anglais et hindi.<\/li>\n\n\n\n<li>Taille du groupe limit\u00e9e \u00e0 15 participants pour une exp\u00e9rience plus intime.<\/li>\n\n\n\n<li>Transferts depuis et vers l&rsquo;a\u00e9roport de Gen\u00e8ve disponibles (en suppl\u00e9ment).<\/li>\n<\/ul>\n\n\n\n<p>Ce programme offre une flexibilit\u00e9 totale, permettant aux participants d&rsquo;arriver \u00e0 des jours diff\u00e9rents et de choisir parmi la s\u00e9lection de cours quotidiens propos\u00e9s. C&rsquo;est l&rsquo;occasion id\u00e9ale pour ceux qui cherchent \u00e0 combiner libert\u00e9 et structure dans leur s\u00e9jour de yoga.<\/p>\n","protected":false},"excerpt":{"rendered":"<p>Plongez-vous dans un s\u00e9jour de yoga unique de 4 jours au c\u0153ur des majestueuses Alpes fran\u00e7aises. Situ\u00e9 \u00e0 Scionzier, le Centre Sanskriti vous offre une exp\u00e9rience inoubliable. Avec des s\u00e9ances de yoga et de m\u00e9ditation quotidiennes, ce s\u00e9jour est l&rsquo;un des plus populaires en France. <\/p>\n<p>Le centre, ouvert toute l&rsquo;ann\u00e9e, est nich\u00e9 dans un cadre naturel \u00e9poustouflant, entre for\u00eat et rivi\u00e8re, offrant une vue imprenable sur les Alpes. Les cours, dispens\u00e9s par les exp\u00e9riment\u00e9s Prachi &#038; Beno\u00eet, sont disponibles en anglais et en fran\u00e7ais. L&rsquo;h\u00e9bergement est assur\u00e9 dans des chambres confortables, r\u00e9cemment r\u00e9nov\u00e9es, inspir\u00e9es de l&rsquo;Inde et du mode de vie yogique. <\/p>\n<p>Sanskriti ne se limite pas \u00e0 la pratique du yoga. Vous pourrez \u00e9galement vous ressourcer dans le jardin zen, d\u00e9guster des repas v\u00e9g\u00e9tariens faits maison au caf\u00e9 \u00ab\u00a0Le Yogi affam\u00e9\u00a0\u00bb, ou encore vous aventurer dans les montagnes environnantes. Le centre est id\u00e9alement situ\u00e9 entre Gen\u00e8ve et Chamonix, rendant l&rsquo;acc\u00e8s facile que ce soit par avion ou par train.<\/p>\n<p><strong>Prix \u00e0 partir de 440\u20ac.<\/strong><\/p>\n","protected":false},"featured_media":7606,"comment_status":"open","ping_status":"closed","template":"","meta":{"_mo_disable_npp":""},"product_brand":[],"product_cat":[44,138,120,43],"product_tag":[],"class_list":{"0":"post-7605","1":"product","2":"type-product","3":"status-publish","4":"has-post-thumbnail","6":"product_cat-retraite-4-jours-yoga","7":"product_cat-retraite-bien-etre-france","8":"product_cat-retraite-yoga","9":"product_cat-retraite-yoga-france","11":"first","12":"instock","13":"taxable","14":"shipping-taxable","15":"product-type-external"},"yoast_head":"<!-- This site is optimized with the Yoast SEO plugin v26.8 - https:\/\/yoast.com\/product\/yoast-seo-wordpress\/ -->\n<title>Retraite Yoga de 4 jours dans les Alpes fran\u00e7aises - Meozen - Votre portail bien-\u00eatre<\/title>\n<meta name=\"description\" content=\"R\u00e9servez d\u00e8s maintenant votre Retraite Yoga de 4 jours dans les Alpes fran\u00e7aises avec Meozen. \u00c9vadez-vous du quotidien avec ce s\u00e9jour unique. Dur\u00e9e, conditions, prix... Cliquez pour d\u00e9couvrir !\" \/>\n<meta name=\"robots\" content=\"index, follow, max-snippet:-1, max-image-preview:large, max-video-preview:-1\" \/>\n<link rel=\"canonical\" href=\"https:\/\/meozen.com\/fr\/produit\/retraite-yoga-4-jours-alpes-francaises\/\" \/>\n<meta property=\"og:locale\" content=\"fr_FR\" \/>\n<meta property=\"og:type\" content=\"article\" \/>\n<meta property=\"og:title\" content=\"Retraite Yoga de 4 jours dans les Alpes fran\u00e7aises - Meozen - Votre portail bien-\u00eatre\" \/>\n<meta property=\"og:description\" content=\"R\u00e9servez d\u00e8s maintenant votre Retraite Yoga de 4 jours dans les Alpes fran\u00e7aises avec Meozen. \u00c9vadez-vous du quotidien avec ce s\u00e9jour unique. Dur\u00e9e, conditions, prix... Cliquez pour d\u00e9couvrir !\" \/>\n<meta property=\"og:url\" content=\"https:\/\/meozen.com\/fr\/produit\/retraite-yoga-4-jours-alpes-francaises\/\" \/>\n<meta property=\"og:site_name\" content=\"Meozen - Votre portail bien-\u00eatre\" \/>\n<meta property=\"article:publisher\" content=\"https:\/\/www.facebook.com\/MeozenFr\/\" \/>\n<meta property=\"article:modified_time\" content=\"2023-10-18T15:29:51+00:00\" \/>\n<meta property=\"og:image\" content=\"https:\/\/meozen.com\/fr\/wp-content\/uploads\/sites\/2\/2023\/10\/vacances-yoga-de-4-jours-au-centre-sanskriti-scionzier-alpes-francaises-1.jpeg\" \/>\n\t<meta property=\"og:image:width\" content=\"653\" \/>\n\t<meta property=\"og:image:height\" content=\"490\" \/>\n\t<meta property=\"og:image:type\" content=\"image\/jpeg\" \/>\n<meta name=\"twitter:card\" content=\"summary_large_image\" \/>\n<meta name=\"twitter:label1\" content=\"Dur\u00e9e de lecture estim\u00e9e\" \/>\n\t<meta name=\"twitter:data1\" content=\"1 minute\" \/>\n<script type=\"application\/ld+json\" class=\"yoast-schema-graph\">{\"@context\":\"https:\/\/schema.org\",\"@graph\":[{\"@type\":\"WebPage\",\"@id\":\"https:\/\/meozen.com\/fr\/produit\/retraite-yoga-4-jours-alpes-francaises\/\",\"url\":\"https:\/\/meozen.com\/fr\/produit\/retraite-yoga-4-jours-alpes-francaises\/\",\"name\":\"Retraite Yoga de 4 jours dans les Alpes fran\u00e7aises - Meozen - Votre portail bien-\u00eatre\",\"isPartOf\":{\"@id\":\"https:\/\/meozen.com\/fr\/#website\"},\"primaryImageOfPage\":{\"@id\":\"https:\/\/meozen.com\/fr\/produit\/retraite-yoga-4-jours-alpes-francaises\/#primaryimage\"},\"image\":{\"@id\":\"https:\/\/meozen.com\/fr\/produit\/retraite-yoga-4-jours-alpes-francaises\/#primaryimage\"},\"thumbnailUrl\":\"https:\/\/meozen.com\/fr\/wp-content\/uploads\/sites\/2\/2023\/10\/vacances-yoga-de-4-jours-au-centre-sanskriti-scionzier-alpes-francaises-1.jpeg\",\"datePublished\":\"2023-10-18T14:41:30+00:00\",\"dateModified\":\"2023-10-18T15:29:51+00:00\",\"description\":\"R\u00e9servez d\u00e8s maintenant votre Retraite Yoga de 4 jours dans les Alpes fran\u00e7aises avec Meozen. \u00c9vadez-vous du quotidien avec ce s\u00e9jour unique. Dur\u00e9e, conditions, prix... Cliquez pour d\u00e9couvrir !\",\"breadcrumb\":{\"@id\":\"https:\/\/meozen.com\/fr\/produit\/retraite-yoga-4-jours-alpes-francaises\/#breadcrumb\"},\"inLanguage\":\"fr-FR\",\"potentialAction\":[{\"@type\":\"ReadAction\",\"target\":[\"https:\/\/meozen.com\/fr\/produit\/retraite-yoga-4-jours-alpes-francaises\/\"]}]},{\"@type\":\"ImageObject\",\"inLanguage\":\"fr-FR\",\"@id\":\"https:\/\/meozen.com\/fr\/produit\/retraite-yoga-4-jours-alpes-francaises\/#primaryimage\",\"url\":\"https:\/\/meozen.com\/fr\/wp-content\/uploads\/sites\/2\/2023\/10\/vacances-yoga-de-4-jours-au-centre-sanskriti-scionzier-alpes-francaises-1.jpeg\",\"contentUrl\":\"https:\/\/meozen.com\/fr\/wp-content\/uploads\/sites\/2\/2023\/10\/vacances-yoga-de-4-jours-au-centre-sanskriti-scionzier-alpes-francaises-1.jpeg\",\"width\":653,\"height\":490},{\"@type\":\"BreadcrumbList\",\"@id\":\"https:\/\/meozen.com\/fr\/produit\/retraite-yoga-4-jours-alpes-francaises\/#breadcrumb\",\"itemListElement\":[{\"@type\":\"ListItem\",\"position\":1,\"name\":\"Accueil\",\"item\":\"https:\/\/meozen.com\/fr\/\"},{\"@type\":\"ListItem\",\"position\":2,\"name\":\"Boutique\",\"item\":\"https:\/\/meozen.com\/fr\/boutique\/\"},{\"@type\":\"ListItem\",\"position\":3,\"name\":\"Retraite Yoga de 4 jours dans les Alpes fran\u00e7aises\"}]},{\"@type\":\"WebSite\",\"@id\":\"https:\/\/meozen.com\/fr\/#website\",\"url\":\"https:\/\/meozen.com\/fr\/\",\"name\":\"Meozen - Votre portail bien-\u00eatre\",\"description\":\"D\u00e9couvrez tout l&#039;univers du bien-\u00eatre, yoga, m\u00e9ditation, trouvez les meilleures retraites et formations bien-\u00eatre\",\"publisher\":{\"@id\":\"https:\/\/meozen.com\/fr\/#organization\"},\"potentialAction\":[{\"@type\":\"SearchAction\",\"target\":{\"@type\":\"EntryPoint\",\"urlTemplate\":\"https:\/\/meozen.com\/fr\/?s={search_term_string}\"},\"query-input\":{\"@type\":\"PropertyValueSpecification\",\"valueRequired\":true,\"valueName\":\"search_term_string\"}}],\"inLanguage\":\"fr-FR\"},{\"@type\":\"Organization\",\"@id\":\"https:\/\/meozen.com\/fr\/#organization\",\"name\":\"Meozen\",\"url\":\"https:\/\/meozen.com\/fr\/\",\"logo\":{\"@type\":\"ImageObject\",\"inLanguage\":\"fr-FR\",\"@id\":\"https:\/\/meozen.com\/fr\/#\/schema\/logo\/image\/\",\"url\":\"https:\/\/meozen.com\/fr\/wp-content\/uploads\/sites\/2\/2021\/06\/logo-meozen-push.jpg\",\"contentUrl\":\"https:\/\/meozen.com\/fr\/wp-content\/uploads\/sites\/2\/2021\/06\/logo-meozen-push.jpg\",\"width\":384,\"height\":384,\"caption\":\"Meozen\"},\"image\":{\"@id\":\"https:\/\/meozen.com\/fr\/#\/schema\/logo\/image\/\"},\"sameAs\":[\"https:\/\/www.facebook.com\/MeozenFr\/\",\"https:\/\/www.pinterest.fr\/meozen_officiel\/\",\"https:\/\/www.instagram.com\/meozen_officiel\/\"]}]}<\/script>\n<!-- \/ Yoast SEO plugin. -->","yoast_head_json":{"title":"Retraite Yoga de 4 jours dans les Alpes fran\u00e7aises - Meozen - Votre portail bien-\u00eatre","description":"R\u00e9servez d\u00e8s maintenant votre Retraite Yoga de 4 jours dans les Alpes fran\u00e7aises avec Meozen. \u00c9vadez-vous du quotidien avec ce s\u00e9jour unique. Dur\u00e9e, conditions, prix... Cliquez pour d\u00e9couvrir !","robots":{"index":"index","follow":"follow","max-snippet":"max-snippet:-1","max-image-preview":"max-image-preview:large","max-video-preview":"max-video-preview:-1"},"canonical":"https:\/\/meozen.com\/fr\/produit\/retraite-yoga-4-jours-alpes-francaises\/","og_locale":"fr_FR","og_type":"article","og_title":"Retraite Yoga de 4 jours dans les Alpes fran\u00e7aises - Meozen - Votre portail bien-\u00eatre","og_description":"R\u00e9servez d\u00e8s maintenant votre Retraite Yoga de 4 jours dans les Alpes fran\u00e7aises avec Meozen. \u00c9vadez-vous du quotidien avec ce s\u00e9jour unique. Dur\u00e9e, conditions, prix... Cliquez pour d\u00e9couvrir !","og_url":"https:\/\/meozen.com\/fr\/produit\/retraite-yoga-4-jours-alpes-francaises\/","og_site_name":"Meozen - Votre portail bien-\u00eatre","article_publisher":"https:\/\/www.facebook.com\/MeozenFr\/","article_modified_time":"2023-10-18T15:29:51+00:00","og_image":[{"width":653,"height":490,"url":"https:\/\/meozen.com\/fr\/wp-content\/uploads\/sites\/2\/2023\/10\/vacances-yoga-de-4-jours-au-centre-sanskriti-scionzier-alpes-francaises-1.jpeg","type":"image\/jpeg"}],"twitter_card":"summary_large_image","twitter_misc":{"Dur\u00e9e de lecture estim\u00e9e":"1 minute"},"schema":{"@context":"https:\/\/schema.org","@graph":[{"@type":"WebPage","@id":"https:\/\/meozen.com\/fr\/produit\/retraite-yoga-4-jours-alpes-francaises\/","url":"https:\/\/meozen.com\/fr\/produit\/retraite-yoga-4-jours-alpes-francaises\/","name":"Retraite Yoga de 4 jours dans les Alpes fran\u00e7aises - Meozen - Votre portail bien-\u00eatre","isPartOf":{"@id":"https:\/\/meozen.com\/fr\/#website"},"primaryImageOfPage":{"@id":"https:\/\/meozen.com\/fr\/produit\/retraite-yoga-4-jours-alpes-francaises\/#primaryimage"},"image":{"@id":"https:\/\/meozen.com\/fr\/produit\/retraite-yoga-4-jours-alpes-francaises\/#primaryimage"},"thumbnailUrl":"https:\/\/meozen.com\/fr\/wp-content\/uploads\/sites\/2\/2023\/10\/vacances-yoga-de-4-jours-au-centre-sanskriti-scionzier-alpes-francaises-1.jpeg","datePublished":"2023-10-18T14:41:30+00:00","dateModified":"2023-10-18T15:29:51+00:00","description":"R\u00e9servez d\u00e8s maintenant votre Retraite Yoga de 4 jours dans les Alpes fran\u00e7aises avec Meozen. \u00c9vadez-vous du quotidien avec ce s\u00e9jour unique. Dur\u00e9e, conditions, prix... Cliquez pour d\u00e9couvrir !","breadcrumb":{"@id":"https:\/\/meozen.com\/fr\/produit\/retraite-yoga-4-jours-alpes-francaises\/#breadcrumb"},"inLanguage":"fr-FR","potentialAction":[{"@type":"ReadAction","target":["https:\/\/meozen.com\/fr\/produit\/retraite-yoga-4-jours-alpes-francaises\/"]}]},{"@type":"ImageObject","inLanguage":"fr-FR","@id":"https:\/\/meozen.com\/fr\/produit\/retraite-yoga-4-jours-alpes-francaises\/#primaryimage","url":"https:\/\/meozen.com\/fr\/wp-content\/uploads\/sites\/2\/2023\/10\/vacances-yoga-de-4-jours-au-centre-sanskriti-scionzier-alpes-francaises-1.jpeg","contentUrl":"https:\/\/meozen.com\/fr\/wp-content\/uploads\/sites\/2\/2023\/10\/vacances-yoga-de-4-jours-au-centre-sanskriti-scionzier-alpes-francaises-1.jpeg","width":653,"height":490},{"@type":"BreadcrumbList","@id":"https:\/\/meozen.com\/fr\/produit\/retraite-yoga-4-jours-alpes-francaises\/#breadcrumb","itemListElement":[{"@type":"ListItem","position":1,"name":"Accueil","item":"https:\/\/meozen.com\/fr\/"},{"@type":"ListItem","position":2,"name":"Boutique","item":"https:\/\/meozen.com\/fr\/boutique\/"},{"@type":"ListItem","position":3,"name":"Retraite Yoga de 4 jours dans les Alpes fran\u00e7aises"}]},{"@type":"WebSite","@id":"https:\/\/meozen.com\/fr\/#website","url":"https:\/\/meozen.com\/fr\/","name":"Meozen - Votre portail bien-\u00eatre","description":"D\u00e9couvrez tout l&#039;univers du bien-\u00eatre, yoga, m\u00e9ditation, trouvez les meilleures retraites et formations bien-\u00eatre","publisher":{"@id":"https:\/\/meozen.com\/fr\/#organization"},"potentialAction":[{"@type":"SearchAction","target":{"@type":"EntryPoint","urlTemplate":"https:\/\/meozen.com\/fr\/?s={search_term_string}"},"query-input":{"@type":"PropertyValueSpecification","valueRequired":true,"valueName":"search_term_string"}}],"inLanguage":"fr-FR"},{"@type":"Organization","@id":"https:\/\/meozen.com\/fr\/#organization","name":"Meozen","url":"https:\/\/meozen.com\/fr\/","logo":{"@type":"ImageObject","inLanguage":"fr-FR","@id":"https:\/\/meozen.com\/fr\/#\/schema\/logo\/image\/","url":"https:\/\/meozen.com\/fr\/wp-content\/uploads\/sites\/2\/2021\/06\/logo-meozen-push.jpg","contentUrl":"https:\/\/meozen.com\/fr\/wp-content\/uploads\/sites\/2\/2021\/06\/logo-meozen-push.jpg","width":384,"height":384,"caption":"Meozen"},"image":{"@id":"https:\/\/meozen.com\/fr\/#\/schema\/logo\/image\/"},"sameAs":["https:\/\/www.facebook.com\/MeozenFr\/","https:\/\/www.pinterest.fr\/meozen_officiel\/","https:\/\/www.instagram.com\/meozen_officiel\/"]}]}},"_links":{"self":[{"href":"https:\/\/meozen.com\/fr\/wp-json\/wp\/v2\/product\/7605","targetHints":{"allow":["GET"]}}],"collection":[{"href":"https:\/\/meozen.com\/fr\/wp-json\/wp\/v2\/product"}],"about":[{"href":"https:\/\/meozen.com\/fr\/wp-json\/wp\/v2\/types\/product"}],"replies":[{"embeddable":true,"href":"https:\/\/meozen.com\/fr\/wp-json\/wp\/v2\/comments?post=7605"}],"wp:featuredmedia":[{"embeddable":true,"href":"https:\/\/meozen.com\/fr\/wp-json\/wp\/v2\/media\/7606"}],"wp:attachment":[{"href":"https:\/\/meozen.com\/fr\/wp-json\/wp\/v2\/media?parent=7605"}],"wp:term":[{"taxonomy":"product_brand","embeddable":true,"href":"https:\/\/meozen.com\/fr\/wp-json\/wp\/v2\/product_brand?post=7605"},{"taxonomy":"product_cat","embeddable":true,"href":"https:\/\/meozen.com\/fr\/wp-json\/wp\/v2\/product_cat?post=7605"},{"taxonomy":"product_tag","embeddable":true,"href":"https:\/\/meozen.com\/fr\/wp-json\/wp\/v2\/product_tag?post=7605"}],"curies":[{"name":"wp","href":"https:\/\/api.w.org\/{rel}","templated":true}]}}